{"id":1026,"date":"2016-10-05T17:45:28","date_gmt":"2016-10-05T15:45:28","guid":{"rendered":"http:\/\/www.tcsl.fr\/?page_id=1026"},"modified":"2016-10-16T15:10:47","modified_gmt":"2016-10-16T13:10:47","slug":"pistolet-revolver","status":"publish","type":"page","link":"http:\/\/www.tcsl.fr\/index.php\/les-disciplines\/le-t-a-r\/pistolet-revolver\/","title":{"rendered":"Pistolet \/ Revolver"},"content":{"rendered":"<p>Dans la nomenclature FFTir, cette discipline porte le num\u00e9ro 830.<\/p>\n<p>Elle se tire avec des armes standard, organes de vis\u00e9e fixes et ouverts. Calibres r\u00e9glementaires de 7,62 \u00e0 11,60.<br \/>\nElle se passe en deux parties :<br \/>\n\u2013 pr\u00e9cision<br \/>\n\u2013 vitesse<\/p>\n<p><strong>D\u00e9tail des tirs pour cette \u00e9preuve :<\/strong><\/p>\n<p><em>Pr\u00e9cision :<\/em><br \/>\n5 coups d\u2019essai \u00e0 25 m\u00e8tres, \u00e0 1 ou 2 mains sur C50 (3mn).<br \/>\n10 coups (2 approvisionnements de 5 cartouches) en pr\u00e9cision, 1 main \u00e0 bras franc (7mn) sur C50.<\/p>\n<p style=\"text-align: justify;\"><em>Vitesse :<\/em><br \/>\n10 coups en vitesse sur gongs m\u00e9talliques \u00e0 1 ou 2 mains en 2 s\u00e9ries de 5 cartouches chacune, la 1\u00e8re en 20 secondes et la 2\u00e8me en 10 secondes. Chaque gong tomb\u00e9 vaut 10 points. La dimension des gongs est de 20cm X 20cm (oui c\u2019est petit) et lorsque le contraste ou la lumi\u00e8re sont mauvais, et bien cela se corse.<\/p>\n<p><a href=\"http:\/\/www.tcsl.fr\/wp-content\/uploads\/2016\/10\/PN-Gongs-2.jpg\" target=\"_blank\"><img loading=\"lazy\" decoding=\"async\" class=\"aligncenter wp-image-815 size-large\" src=\"http:\/\/www.tcsl.fr\/wp-content\/uploads\/2016\/10\/PN-Gongs-1-1024x681.jpg\" alt=\"pn-gongs-1\" width=\"640\" height=\"426\" srcset=\"http:\/\/www.tcsl.fr\/wp-content\/uploads\/2016\/10\/PN-Gongs-1-1024x681.jpg 1024w, http:\/\/www.tcsl.fr\/wp-content\/uploads\/2016\/10\/PN-Gongs-1-300x200.jpg 300w, http:\/\/www.tcsl.fr\/wp-content\/uploads\/2016\/10\/PN-Gongs-1-768x511.jpg 768w, http:\/\/www.tcsl.fr\/wp-content\/uploads\/2016\/10\/PN-Gongs-1.jpg 1623w\" sizes=\"auto, (max-width: 640px) 100vw, 640px\" \/><img loading=\"lazy\" decoding=\"async\" class=\"aligncenter wp-image-816 size-large\" src=\"http:\/\/www.tcsl.fr\/wp-content\/uploads\/2016\/10\/PN-Gongs-2-1024x681.jpg\" alt=\"pn-gongs-2\" width=\"640\" height=\"426\" srcset=\"http:\/\/www.tcsl.fr\/wp-content\/uploads\/2016\/10\/PN-Gongs-2-1024x681.jpg 1024w, http:\/\/www.tcsl.fr\/wp-content\/uploads\/2016\/10\/PN-Gongs-2-300x200.jpg 300w, http:\/\/www.tcsl.fr\/wp-content\/uploads\/2016\/10\/PN-Gongs-2-768x511.jpg 768w, http:\/\/www.tcsl.fr\/wp-content\/uploads\/2016\/10\/PN-Gongs-2.jpg 1623w\" sizes=\"auto, (max-width: 640px) 100vw, 640px\" \/><\/a><\/p>\n<p>&nbsp;<\/p>\n","protected":false},"excerpt":{"rendered":"<p>Dans la nomenclature FFTir, cette discipline porte le num\u00e9ro 830. Elle se tire avec des armes standard, organes de vis\u00e9e fixes et ouverts. Calibres r\u00e9glementaires de 7,62 \u00e0 11,60. Elle se passe en deux parties : \u2013 pr\u00e9cision \u2013 vitesse D\u00e9tail des tirs pour cette \u00e9preuve : Pr\u00e9cision : 5 coups d\u2019essai \u00e0 25 m\u00e8tres, [&hellip;]<\/p>\n","protected":false},"author":1,"featured_media":0,"parent":989,"menu_order":0,"comment_status":"closed","ping_status":"closed","template":"","meta":{"footnotes":""},"class_list":["post-1026","page","type-page","status-publish","hentry"],"yoast_head":"<!-- This site is optimized with the Yoast SEO plugin v27.3 - https:\/\/yoast.com\/product\/yoast-seo-wordpress\/ -->\n<title>Pistolet \/ Revolver - TCSL<\/title>\n<meta name=\"robots\" content=\"index, follow, max-snippet:-1, max-image-preview:large, max-video-preview:-1\" \/>\n<link rel=\"canonical\" href=\"https:\/\/www.tcsl.fr\/index.php\/les-disciplines\/le-t-a-r\/pistolet-revolver\/\" \/>\n<meta property=\"og:locale\" content=\"fr_FR\" \/>\n<meta property=\"og:type\" content=\"article\" \/>\n<meta property=\"og:title\" content=\"Pistolet \/ Revolver - TCSL\" \/>\n<meta property=\"og:description\" content=\"Dans la nomenclature FFTir, cette discipline porte le num\u00e9ro 830. Elle se tire avec des armes standard, organes de vis\u00e9e fixes et ouverts. Calibres r\u00e9glementaires de 7,62 \u00e0 11,60. Elle se passe en deux parties : \u2013 pr\u00e9cision \u2013 vitesse D\u00e9tail des tirs pour cette \u00e9preuve : Pr\u00e9cision : 5 coups d\u2019essai \u00e0 25 m\u00e8tres, [&hellip;]\" \/>\n<meta property=\"og:url\" content=\"https:\/\/www.tcsl.fr\/index.php\/les-disciplines\/le-t-a-r\/pistolet-revolver\/\" \/>\n<meta property=\"og:site_name\" content=\"TCSL\" \/>\n<meta property=\"article:modified_time\" content=\"2016-10-16T13:10:47+00:00\" \/>\n<meta property=\"og:image\" content=\"http:\/\/www.tcsl.fr\/wp-content\/uploads\/2016\/10\/PN-Gongs-1-1024x681.jpg\" \/>\n<meta name=\"twitter:card\" content=\"summary_large_image\" \/>\n<meta name=\"twitter:label1\" content=\"Dur\u00e9e de lecture estim\u00e9e\" \/>\n\t<meta name=\"twitter:data1\" content=\"1 minute\" \/>\n<script type=\"application\/ld+json\" class=\"yoast-schema-graph\">{\"@context\":\"https:\\\/\\\/schema.org\",\"@graph\":[{\"@type\":\"WebPage\",\"@id\":\"https:\\\/\\\/www.tcsl.fr\\\/index.php\\\/les-disciplines\\\/le-t-a-r\\\/pistolet-revolver\\\/\",\"url\":\"https:\\\/\\\/www.tcsl.fr\\\/index.php\\\/les-disciplines\\\/le-t-a-r\\\/pistolet-revolver\\\/\",\"name\":\"Pistolet \\\/ Revolver - TCSL\",\"isPartOf\":{\"@id\":\"http:\\\/\\\/www.tcsl.fr\\\/#website\"},\"primaryImageOfPage\":{\"@id\":\"https:\\\/\\\/www.tcsl.fr\\\/index.php\\\/les-disciplines\\\/le-t-a-r\\\/pistolet-revolver\\\/#primaryimage\"},\"image\":{\"@id\":\"https:\\\/\\\/www.tcsl.fr\\\/index.php\\\/les-disciplines\\\/le-t-a-r\\\/pistolet-revolver\\\/#primaryimage\"},\"thumbnailUrl\":\"http:\\\/\\\/www.tcsl.fr\\\/wp-content\\\/uploads\\\/2016\\\/10\\\/PN-Gongs-1-1024x681.jpg\",\"datePublished\":\"2016-10-05T15:45:28+00:00\",\"dateModified\":\"2016-10-16T13:10:47+00:00\",\"breadcrumb\":{\"@id\":\"https:\\\/\\\/www.tcsl.fr\\\/index.php\\\/les-disciplines\\\/le-t-a-r\\\/pistolet-revolver\\\/#breadcrumb\"},\"inLanguage\":\"fr-FR\",\"potentialAction\":[{\"@type\":\"ReadAction\",\"target\":[\"https:\\\/\\\/www.tcsl.fr\\\/index.php\\\/les-disciplines\\\/le-t-a-r\\\/pistolet-revolver\\\/\"]}]},{\"@type\":\"ImageObject\",\"inLanguage\":\"fr-FR\",\"@id\":\"https:\\\/\\\/www.tcsl.fr\\\/index.php\\\/les-disciplines\\\/le-t-a-r\\\/pistolet-revolver\\\/#primaryimage\",\"url\":\"http:\\\/\\\/www.tcsl.fr\\\/wp-content\\\/uploads\\\/2016\\\/10\\\/PN-Gongs-1.jpg\",\"contentUrl\":\"http:\\\/\\\/www.tcsl.fr\\\/wp-content\\\/uploads\\\/2016\\\/10\\\/PN-Gongs-1.jpg\",\"width\":1623,\"height\":1080},{\"@type\":\"BreadcrumbList\",\"@id\":\"https:\\\/\\\/www.tcsl.fr\\\/index.php\\\/les-disciplines\\\/le-t-a-r\\\/pistolet-revolver\\\/#breadcrumb\",\"itemListElement\":[{\"@type\":\"ListItem\",\"position\":1,\"name\":\"Accueil\",\"item\":\"http:\\\/\\\/www.tcsl.fr\\\/\"},{\"@type\":\"ListItem\",\"position\":2,\"name\":\"Les Disciplines\",\"item\":\"https:\\\/\\\/www.tcsl.fr\\\/index.php\\\/les-disciplines\\\/\"},{\"@type\":\"ListItem\",\"position\":3,\"name\":\"Le T.A.R.\",\"item\":\"https:\\\/\\\/www.tcsl.fr\\\/index.php\\\/les-disciplines\\\/le-t-a-r\\\/\"},{\"@type\":\"ListItem\",\"position\":4,\"name\":\"Pistolet \\\/ Revolver\"}]},{\"@type\":\"WebSite\",\"@id\":\"http:\\\/\\\/www.tcsl.fr\\\/#website\",\"url\":\"http:\\\/\\\/www.tcsl.fr\\\/\",\"name\":\"TCSL\",\"description\":\"Le site du Tir Club Stade Laurentin\",\"publisher\":{\"@id\":\"http:\\\/\\\/www.tcsl.fr\\\/#organization\"},\"potentialAction\":[{\"@type\":\"SearchAction\",\"target\":{\"@type\":\"EntryPoint\",\"urlTemplate\":\"http:\\\/\\\/www.tcsl.fr\\\/?s={search_term_string}\"},\"query-input\":{\"@type\":\"PropertyValueSpecification\",\"valueRequired\":true,\"valueName\":\"search_term_string\"}}],\"inLanguage\":\"fr-FR\"},{\"@type\":\"Organization\",\"@id\":\"http:\\\/\\\/www.tcsl.fr\\\/#organization\",\"name\":\"TCSL\",\"url\":\"http:\\\/\\\/www.tcsl.fr\\\/\",\"logo\":{\"@type\":\"ImageObject\",\"inLanguage\":\"fr-FR\",\"@id\":\"http:\\\/\\\/www.tcsl.fr\\\/#\\\/schema\\\/logo\\\/image\\\/\",\"url\":\"http:\\\/\\\/www.tcsl.fr\\\/wp-content\\\/uploads\\\/2024\\\/10\\\/cropped-cropped-cropped-cropped-cropped-logo-lettrage-degrade-rouge-et-blanc-fond-bleu-300x123-1.jpg\",\"contentUrl\":\"http:\\\/\\\/www.tcsl.fr\\\/wp-content\\\/uploads\\\/2024\\\/10\\\/cropped-cropped-cropped-cropped-cropped-logo-lettrage-degrade-rouge-et-blanc-fond-bleu-300x123-1.jpg\",\"width\":240,\"height\":98,\"caption\":\"TCSL\"},\"image\":{\"@id\":\"http:\\\/\\\/www.tcsl.fr\\\/#\\\/schema\\\/logo\\\/image\\\/\"}}]}<\/script>\n<!-- \/ Yoast SEO plugin. -->","yoast_head_json":{"title":"Pistolet \/ Revolver - TCSL","robots":{"index":"index","follow":"follow","max-snippet":"max-snippet:-1","max-image-preview":"max-image-preview:large","max-video-preview":"max-video-preview:-1"},"canonical":"https:\/\/www.tcsl.fr\/index.php\/les-disciplines\/le-t-a-r\/pistolet-revolver\/","og_locale":"fr_FR","og_type":"article","og_title":"Pistolet \/ Revolver - TCSL","og_description":"Dans la nomenclature FFTir, cette discipline porte le num\u00e9ro 830. Elle se tire avec des armes standard, organes de vis\u00e9e fixes et ouverts. Calibres r\u00e9glementaires de 7,62 \u00e0 11,60. Elle se passe en deux parties : \u2013 pr\u00e9cision \u2013 vitesse D\u00e9tail des tirs pour cette \u00e9preuve : Pr\u00e9cision : 5 coups d\u2019essai \u00e0 25 m\u00e8tres, [&hellip;]","og_url":"https:\/\/www.tcsl.fr\/index.php\/les-disciplines\/le-t-a-r\/pistolet-revolver\/","og_site_name":"TCSL","article_modified_time":"2016-10-16T13:10:47+00:00","og_image":[{"url":"http:\/\/www.tcsl.fr\/wp-content\/uploads\/2016\/10\/PN-Gongs-1-1024x681.jpg","type":"","width":"","height":""}],"twitter_card":"summary_large_image","twitter_misc":{"Dur\u00e9e de lecture estim\u00e9e":"1 minute"},"schema":{"@context":"https:\/\/schema.org","@graph":[{"@type":"WebPage","@id":"https:\/\/www.tcsl.fr\/index.php\/les-disciplines\/le-t-a-r\/pistolet-revolver\/","url":"https:\/\/www.tcsl.fr\/index.php\/les-disciplines\/le-t-a-r\/pistolet-revolver\/","name":"Pistolet \/ Revolver - TCSL","isPartOf":{"@id":"http:\/\/www.tcsl.fr\/#website"},"primaryImageOfPage":{"@id":"https:\/\/www.tcsl.fr\/index.php\/les-disciplines\/le-t-a-r\/pistolet-revolver\/#primaryimage"},"image":{"@id":"https:\/\/www.tcsl.fr\/index.php\/les-disciplines\/le-t-a-r\/pistolet-revolver\/#primaryimage"},"thumbnailUrl":"http:\/\/www.tcsl.fr\/wp-content\/uploads\/2016\/10\/PN-Gongs-1-1024x681.jpg","datePublished":"2016-10-05T15:45:28+00:00","dateModified":"2016-10-16T13:10:47+00:00","breadcrumb":{"@id":"https:\/\/www.tcsl.fr\/index.php\/les-disciplines\/le-t-a-r\/pistolet-revolver\/#breadcrumb"},"inLanguage":"fr-FR","potentialAction":[{"@type":"ReadAction","target":["https:\/\/www.tcsl.fr\/index.php\/les-disciplines\/le-t-a-r\/pistolet-revolver\/"]}]},{"@type":"ImageObject","inLanguage":"fr-FR","@id":"https:\/\/www.tcsl.fr\/index.php\/les-disciplines\/le-t-a-r\/pistolet-revolver\/#primaryimage","url":"http:\/\/www.tcsl.fr\/wp-content\/uploads\/2016\/10\/PN-Gongs-1.jpg","contentUrl":"http:\/\/www.tcsl.fr\/wp-content\/uploads\/2016\/10\/PN-Gongs-1.jpg","width":1623,"height":1080},{"@type":"BreadcrumbList","@id":"https:\/\/www.tcsl.fr\/index.php\/les-disciplines\/le-t-a-r\/pistolet-revolver\/#breadcrumb","itemListElement":[{"@type":"ListItem","position":1,"name":"Accueil","item":"http:\/\/www.tcsl.fr\/"},{"@type":"ListItem","position":2,"name":"Les Disciplines","item":"https:\/\/www.tcsl.fr\/index.php\/les-disciplines\/"},{"@type":"ListItem","position":3,"name":"Le T.A.R.","item":"https:\/\/www.tcsl.fr\/index.php\/les-disciplines\/le-t-a-r\/"},{"@type":"ListItem","position":4,"name":"Pistolet \/ Revolver"}]},{"@type":"WebSite","@id":"http:\/\/www.tcsl.fr\/#website","url":"http:\/\/www.tcsl.fr\/","name":"TCSL","description":"Le site du Tir Club Stade Laurentin","publisher":{"@id":"http:\/\/www.tcsl.fr\/#organization"},"potentialAction":[{"@type":"SearchAction","target":{"@type":"EntryPoint","urlTemplate":"http:\/\/www.tcsl.fr\/?s={search_term_string}"},"query-input":{"@type":"PropertyValueSpecification","valueRequired":true,"valueName":"search_term_string"}}],"inLanguage":"fr-FR"},{"@type":"Organization","@id":"http:\/\/www.tcsl.fr\/#organization","name":"TCSL","url":"http:\/\/www.tcsl.fr\/","logo":{"@type":"ImageObject","inLanguage":"fr-FR","@id":"http:\/\/www.tcsl.fr\/#\/schema\/logo\/image\/","url":"http:\/\/www.tcsl.fr\/wp-content\/uploads\/2024\/10\/cropped-cropped-cropped-cropped-cropped-logo-lettrage-degrade-rouge-et-blanc-fond-bleu-300x123-1.jpg","contentUrl":"http:\/\/www.tcsl.fr\/wp-content\/uploads\/2024\/10\/cropped-cropped-cropped-cropped-cropped-logo-lettrage-degrade-rouge-et-blanc-fond-bleu-300x123-1.jpg","width":240,"height":98,"caption":"TCSL"},"image":{"@id":"http:\/\/www.tcsl.fr\/#\/schema\/logo\/image\/"}}]}},"_links":{"self":[{"href":"http:\/\/www.tcsl.fr\/index.php\/wp-json\/wp\/v2\/pages\/1026","targetHints":{"allow":["GET"]}}],"collection":[{"href":"http:\/\/www.tcsl.fr\/index.php\/wp-json\/wp\/v2\/pages"}],"about":[{"href":"http:\/\/www.tcsl.fr\/index.php\/wp-json\/wp\/v2\/types\/page"}],"author":[{"embeddable":true,"href":"http:\/\/www.tcsl.fr\/index.php\/wp-json\/wp\/v2\/users\/1"}],"replies":[{"embeddable":true,"href":"http:\/\/www.tcsl.fr\/index.php\/wp-json\/wp\/v2\/comments?post=1026"}],"version-history":[{"count":5,"href":"http:\/\/www.tcsl.fr\/index.php\/wp-json\/wp\/v2\/pages\/1026\/revisions"}],"predecessor-version":[{"id":1362,"href":"http:\/\/www.tcsl.fr\/index.php\/wp-json\/wp\/v2\/pages\/1026\/revisions\/1362"}],"up":[{"embeddable":true,"href":"http:\/\/www.tcsl.fr\/index.php\/wp-json\/wp\/v2\/pages\/989"}],"wp:attachment":[{"href":"http:\/\/www.tcsl.fr\/index.php\/wp-json\/wp\/v2\/media?parent=1026"}],"curies":[{"name":"wp","href":"https:\/\/api.w.org\/{rel}","templated":true}]}}