{"id":1036,"date":"2016-10-05T18:13:20","date_gmt":"2016-10-05T16:13:20","guid":{"rendered":"http:\/\/www.tcsl.fr\/?page_id=1036"},"modified":"2024-10-12T17:56:52","modified_gmt":"2024-10-12T15:56:52","slug":"resultats-10m","status":"publish","type":"page","link":"http:\/\/www.tcsl.fr\/index.php\/competitions\/resultats-10m\/","title":{"rendered":"R\u00e9sultats 10m"},"content":{"rendered":"<ul>\n<li><a href=\"https:\/\/www.tcsl.fr\/wp-content\/uploads\/2024\/10\/2024-Amical-10m-TCSL.pdf\">2024-2025 Match amical 10m TCS<\/a><a href=\"https:\/\/www.tcsl.fr\/wp-content\/uploads\/2024\/10\/2024-Amical-10m-TCSL.pdf\" target=\"_blank\" rel=\"noreferrer noopener\">L<\/a><\/li>\n<li><a href=\"http:\/\/www.tcsl.fr\/wp-content\/uploads\/2022\/12\/2022-2023-Resultats-Championnats-de-France-10-m-Carabine.xlsx\" target=\"_blank\" rel=\"noopener\">2022-2023 France 10mCarabines<\/a><\/li>\n<li><a href=\"http:\/\/www.tcsl.fr\/wp-content\/uploads\/2022\/12\/2022-2023-Resultats-Championnats-de-France-10-m-Pistolet.xlsx\" target=\"_blank\" rel=\"noopener\">2022-2023 France 10m pistolets<\/a><\/li>\n<li><a href=\"http:\/\/www.tcsl.fr\/wp-content\/uploads\/2019\/12\/2019-Amical-10m-EdTir.pdf\" target=\"_blank\" rel=\"noopener noreferrer\">2019 12 14 Match amical \u00c9cole de Tir TCSL<\/a><\/li>\n<li><a href=\"http:\/\/www.tcsl.fr\/wp-content\/uploads\/2019\/09\/2019-Amical-10m-TCSL.pdf\" target=\"_blank\" rel=\"noopener noreferrer\">2019 09 29 Match amical 10m au TCSL<\/a><\/li>\n<li><a href=\"http:\/\/www.tcsl.fr\/wp-content\/uploads\/2019\/07\/2019-Challenge-10-m-TCSL-Classement.pdf\" target=\"_blank\" rel=\"noopener noreferrer\">2019 07 13 Finale Challenge 10m TCSL<\/a><\/li>\n<li><a href=\"http:\/\/www.tcsl.fr\/wp-content\/uploads\/2019\/05\/2019-05-01-Classement-final-apr\u00e8s-s\u00e9lection-des-4-meilleures-r\u00e9sultats.pdf\" target=\"_blank\" rel=\"noopener noreferrer\">2019 05 04 Classement Challenge 10m TCSL<\/a><\/li>\n<li><a href=\"http:\/\/www.tcsl.fr\/wp-content\/uploads\/2019\/04\/2019-03-31-Classement-provisoire-Challenge-TCSL-10m.pdf\" target=\"_blank\" rel=\"noopener noreferrer\">2019 03 31 Classement Challenge 10m TCSL<\/a><\/li>\n<li><a href=\"http:\/\/www.tcsl.fr\/wp-content\/uploads\/2019\/03\/2019-03-17-Classement-provisoire-Challenge-TCSL-10m.pdf\" target=\"_blank\" rel=\"noopener noreferrer\">2019 03 17 Classement Challenge\u00a0 10m TCSL<\/a><\/li>\n<li><a href=\"http:\/\/www.tcsl.fr\/wp-content\/uploads\/2019\/01\/2018-Amical-10m-EdTir.pdf\" target=\"_blank\" rel=\"noopener noreferrer\">2019 01 19 Match amical \u00c9cole de tir <\/a><\/li>\n<li><a href=\"http:\/\/www.tcsl.fr\/wp-content\/uploads\/2019\/03\/2019-01-20-Classement-provisoire-Challenge-TCSL-10m.pdf\" target=\"_blank\" rel=\"noopener noreferrer\">2019 01 20 Classement Challenge 10m TCSL<\/a><\/li>\n<li><a href=\"http:\/\/www.tcsl.fr\/wp-content\/uploads\/2018\/09\/2018-Amical-10m-TCSL.pdf\" target=\"_blank\" rel=\"noopener noreferrer\">30\/09\/2018 Match amical 10m au TCSL<\/a><\/li>\n<li><a href=\"http:\/\/www.tcsl.fr\/wp-content\/uploads\/2017\/10\/Match-amical-10m-TCSL-2017-Palmares.pdf\" target=\"_blank\" rel=\"noopener noreferrer\">15\/10\/2017 Match amical 10m au TCSL<\/a><\/li>\n<li><a href=\"http:\/\/www.tcsl.fr\/wp-content\/uploads\/2016\/10\/2016-10-16-Match-amical-10m-TCSL.pdf\" target=\"_blank\" rel=\"noopener noreferrer\">16\/10\/2016 Match amical 10m au TCSL<\/a><\/li>\n<li><a href=\"http:\/\/www.tcsl.fr\/wp-content\/uploads\/2016\/10\/10m-2015-10-03-Match-Amical-TCSL.pdf\" target=\"_blank\" rel=\"noopener noreferrer\">03\/10\/2015 Match amical 10m au TCSL<\/a><\/li>\n<li><a href=\"http:\/\/www.tcsl.fr\/wp-content\/uploads\/2016\/10\/10m-2014-10-11-Match-Amical-TCSL.pdf\" target=\"_blank\" rel=\"noopener noreferrer\">11\/10\/2014 Match amical 10m auTCSL<\/a><\/li>\n<li><a href=\"http:\/\/www.tcsl.fr\/wp-content\/uploads\/2016\/10\/10m-2013-11-24-Match-Amical-TCSL.pdf\" target=\"_blank\" rel=\"noopener noreferrer\">24\/11\/2013 Match amical 10m au TCSL<\/a><\/li>\n<\/ul>\n","protected":false},"excerpt":{"rendered":"<p>2024-2025 Match amical 10m TCSL 2022-2023 France 10mCarabines 2022-2023 France 10m pistolets 2019 12 14 Match amical \u00c9cole de Tir TCSL 2019 09 29 Match amical 10m au TCSL 2019 07 13 Finale Challenge 10m TCSL 2019 05 04 Classement Challenge 10m TCSL 2019 03 31 Classement Challenge 10m TCSL 2019 03 17 Classement Challenge\u00a0 [&hellip;]<\/p>\n","protected":false},"author":1,"featured_media":0,"parent":1038,"menu_order":0,"comment_status":"closed","ping_status":"closed","template":"","meta":{"footnotes":""},"class_list":["post-1036","page","type-page","status-publish","hentry"],"yoast_head":"<!-- This site is optimized with the Yoast SEO plugin v27.4 - https:\/\/yoast.com\/product\/yoast-seo-wordpress\/ -->\n<title>R\u00e9sultats 10m - TCSL<\/title>\n<meta name=\"robots\" content=\"index, follow, max-snippet:-1, max-image-preview:large, max-video-preview:-1\" \/>\n<link rel=\"canonical\" href=\"https:\/\/www.tcsl.fr\/index.php\/competitions\/resultats-10m\/\" \/>\n<meta property=\"og:locale\" content=\"fr_FR\" \/>\n<meta property=\"og:type\" content=\"article\" \/>\n<meta property=\"og:title\" content=\"R\u00e9sultats 10m - TCSL\" \/>\n<meta property=\"og:description\" content=\"2024-2025 Match amical 10m TCSL 2022-2023 France 10mCarabines 2022-2023 France 10m pistolets 2019 12 14 Match amical \u00c9cole de Tir TCSL 2019 09 29 Match amical 10m au TCSL 2019 07 13 Finale Challenge 10m TCSL 2019 05 04 Classement Challenge 10m TCSL 2019 03 31 Classement Challenge 10m TCSL 2019 03 17 Classement Challenge\u00a0 [&hellip;]\" \/>\n<meta property=\"og:url\" content=\"https:\/\/www.tcsl.fr\/index.php\/competitions\/resultats-10m\/\" \/>\n<meta property=\"og:site_name\" content=\"TCSL\" \/>\n<meta property=\"article:modified_time\" content=\"2024-10-12T15:56:52+00:00\" \/>\n<meta name=\"twitter:card\" content=\"summary_large_image\" \/>\n<meta name=\"twitter:label1\" content=\"Dur\u00e9e de lecture estim\u00e9e\" \/>\n\t<meta name=\"twitter:data1\" content=\"1 minute\" \/>\n<script type=\"application\/ld+json\" class=\"yoast-schema-graph\">{\"@context\":\"https:\\\/\\\/schema.org\",\"@graph\":[{\"@type\":\"WebPage\",\"@id\":\"https:\\\/\\\/www.tcsl.fr\\\/index.php\\\/competitions\\\/resultats-10m\\\/\",\"url\":\"https:\\\/\\\/www.tcsl.fr\\\/index.php\\\/competitions\\\/resultats-10m\\\/\",\"name\":\"R\u00e9sultats 10m - TCSL\",\"isPartOf\":{\"@id\":\"https:\\\/\\\/www.tcsl.fr\\\/#website\"},\"datePublished\":\"2016-10-05T16:13:20+00:00\",\"dateModified\":\"2024-10-12T15:56:52+00:00\",\"breadcrumb\":{\"@id\":\"https:\\\/\\\/www.tcsl.fr\\\/index.php\\\/competitions\\\/resultats-10m\\\/#breadcrumb\"},\"inLanguage\":\"fr-FR\",\"potentialAction\":[{\"@type\":\"ReadAction\",\"target\":[\"https:\\\/\\\/www.tcsl.fr\\\/index.php\\\/competitions\\\/resultats-10m\\\/\"]}]},{\"@type\":\"BreadcrumbList\",\"@id\":\"https:\\\/\\\/www.tcsl.fr\\\/index.php\\\/competitions\\\/resultats-10m\\\/#breadcrumb\",\"itemListElement\":[{\"@type\":\"ListItem\",\"position\":1,\"name\":\"Accueil\",\"item\":\"https:\\\/\\\/www.tcsl.fr\\\/\"},{\"@type\":\"ListItem\",\"position\":2,\"name\":\"Comp\u00e9titions\",\"item\":\"http:\\\/\\\/www.tcsl.fr\\\/index.php\\\/competitions\\\/\"},{\"@type\":\"ListItem\",\"position\":3,\"name\":\"R\u00e9sultats 10m\"}]},{\"@type\":\"WebSite\",\"@id\":\"https:\\\/\\\/www.tcsl.fr\\\/#website\",\"url\":\"https:\\\/\\\/www.tcsl.fr\\\/\",\"name\":\"TCSL\",\"description\":\"Le site du Tir Club Stade Laurentin\",\"publisher\":{\"@id\":\"https:\\\/\\\/www.tcsl.fr\\\/#organization\"},\"potentialAction\":[{\"@type\":\"SearchAction\",\"target\":{\"@type\":\"EntryPoint\",\"urlTemplate\":\"https:\\\/\\\/www.tcsl.fr\\\/?s={search_term_string}\"},\"query-input\":{\"@type\":\"PropertyValueSpecification\",\"valueRequired\":true,\"valueName\":\"search_term_string\"}}],\"inLanguage\":\"fr-FR\"},{\"@type\":\"Organization\",\"@id\":\"https:\\\/\\\/www.tcsl.fr\\\/#organization\",\"name\":\"TCSL\",\"url\":\"https:\\\/\\\/www.tcsl.fr\\\/\",\"logo\":{\"@type\":\"ImageObject\",\"inLanguage\":\"fr-FR\",\"@id\":\"https:\\\/\\\/www.tcsl.fr\\\/#\\\/schema\\\/logo\\\/image\\\/\",\"url\":\"http:\\\/\\\/www.tcsl.fr\\\/wp-content\\\/uploads\\\/2024\\\/10\\\/cropped-cropped-cropped-cropped-cropped-logo-lettrage-degrade-rouge-et-blanc-fond-bleu-300x123-1.jpg\",\"contentUrl\":\"http:\\\/\\\/www.tcsl.fr\\\/wp-content\\\/uploads\\\/2024\\\/10\\\/cropped-cropped-cropped-cropped-cropped-logo-lettrage-degrade-rouge-et-blanc-fond-bleu-300x123-1.jpg\",\"width\":240,\"height\":98,\"caption\":\"TCSL\"},\"image\":{\"@id\":\"https:\\\/\\\/www.tcsl.fr\\\/#\\\/schema\\\/logo\\\/image\\\/\"}}]}<\/script>\n<!-- \/ Yoast SEO plugin. -->","yoast_head_json":{"title":"R\u00e9sultats 10m - TCSL","robots":{"index":"index","follow":"follow","max-snippet":"max-snippet:-1","max-image-preview":"max-image-preview:large","max-video-preview":"max-video-preview:-1"},"canonical":"https:\/\/www.tcsl.fr\/index.php\/competitions\/resultats-10m\/","og_locale":"fr_FR","og_type":"article","og_title":"R\u00e9sultats 10m - TCSL","og_description":"2024-2025 Match amical 10m TCSL 2022-2023 France 10mCarabines 2022-2023 France 10m pistolets 2019 12 14 Match amical \u00c9cole de Tir TCSL 2019 09 29 Match amical 10m au TCSL 2019 07 13 Finale Challenge 10m TCSL 2019 05 04 Classement Challenge 10m TCSL 2019 03 31 Classement Challenge 10m TCSL 2019 03 17 Classement Challenge\u00a0 [&hellip;]","og_url":"https:\/\/www.tcsl.fr\/index.php\/competitions\/resultats-10m\/","og_site_name":"TCSL","article_modified_time":"2024-10-12T15:56:52+00:00","twitter_card":"summary_large_image","twitter_misc":{"Dur\u00e9e de lecture estim\u00e9e":"1 minute"},"schema":{"@context":"https:\/\/schema.org","@graph":[{"@type":"WebPage","@id":"https:\/\/www.tcsl.fr\/index.php\/competitions\/resultats-10m\/","url":"https:\/\/www.tcsl.fr\/index.php\/competitions\/resultats-10m\/","name":"R\u00e9sultats 10m - TCSL","isPartOf":{"@id":"https:\/\/www.tcsl.fr\/#website"},"datePublished":"2016-10-05T16:13:20+00:00","dateModified":"2024-10-12T15:56:52+00:00","breadcrumb":{"@id":"https:\/\/www.tcsl.fr\/index.php\/competitions\/resultats-10m\/#breadcrumb"},"inLanguage":"fr-FR","potentialAction":[{"@type":"ReadAction","target":["https:\/\/www.tcsl.fr\/index.php\/competitions\/resultats-10m\/"]}]},{"@type":"BreadcrumbList","@id":"https:\/\/www.tcsl.fr\/index.php\/competitions\/resultats-10m\/#breadcrumb","itemListElement":[{"@type":"ListItem","position":1,"name":"Accueil","item":"https:\/\/www.tcsl.fr\/"},{"@type":"ListItem","position":2,"name":"Comp\u00e9titions","item":"http:\/\/www.tcsl.fr\/index.php\/competitions\/"},{"@type":"ListItem","position":3,"name":"R\u00e9sultats 10m"}]},{"@type":"WebSite","@id":"https:\/\/www.tcsl.fr\/#website","url":"https:\/\/www.tcsl.fr\/","name":"TCSL","description":"Le site du Tir Club Stade Laurentin","publisher":{"@id":"https:\/\/www.tcsl.fr\/#organization"},"potentialAction":[{"@type":"SearchAction","target":{"@type":"EntryPoint","urlTemplate":"https:\/\/www.tcsl.fr\/?s={search_term_string}"},"query-input":{"@type":"PropertyValueSpecification","valueRequired":true,"valueName":"search_term_string"}}],"inLanguage":"fr-FR"},{"@type":"Organization","@id":"https:\/\/www.tcsl.fr\/#organization","name":"TCSL","url":"https:\/\/www.tcsl.fr\/","logo":{"@type":"ImageObject","inLanguage":"fr-FR","@id":"https:\/\/www.tcsl.fr\/#\/schema\/logo\/image\/","url":"http:\/\/www.tcsl.fr\/wp-content\/uploads\/2024\/10\/cropped-cropped-cropped-cropped-cropped-logo-lettrage-degrade-rouge-et-blanc-fond-bleu-300x123-1.jpg","contentUrl":"http:\/\/www.tcsl.fr\/wp-content\/uploads\/2024\/10\/cropped-cropped-cropped-cropped-cropped-logo-lettrage-degrade-rouge-et-blanc-fond-bleu-300x123-1.jpg","width":240,"height":98,"caption":"TCSL"},"image":{"@id":"https:\/\/www.tcsl.fr\/#\/schema\/logo\/image\/"}}]}},"_links":{"self":[{"href":"http:\/\/www.tcsl.fr\/index.php\/wp-json\/wp\/v2\/pages\/1036","targetHints":{"allow":["GET"]}}],"collection":[{"href":"http:\/\/www.tcsl.fr\/index.php\/wp-json\/wp\/v2\/pages"}],"about":[{"href":"http:\/\/www.tcsl.fr\/index.php\/wp-json\/wp\/v2\/types\/page"}],"author":[{"embeddable":true,"href":"http:\/\/www.tcsl.fr\/index.php\/wp-json\/wp\/v2\/users\/1"}],"replies":[{"embeddable":true,"href":"http:\/\/www.tcsl.fr\/index.php\/wp-json\/wp\/v2\/comments?post=1036"}],"version-history":[{"count":34,"href":"http:\/\/www.tcsl.fr\/index.php\/wp-json\/wp\/v2\/pages\/1036\/revisions"}],"predecessor-version":[{"id":7746,"href":"http:\/\/www.tcsl.fr\/index.php\/wp-json\/wp\/v2\/pages\/1036\/revisions\/7746"}],"up":[{"embeddable":true,"href":"http:\/\/www.tcsl.fr\/index.php\/wp-json\/wp\/v2\/pages\/1038"}],"wp:attachment":[{"href":"http:\/\/www.tcsl.fr\/index.php\/wp-json\/wp\/v2\/media?parent=1036"}],"curies":[{"name":"wp","href":"https:\/\/api.w.org\/{rel}","templated":true}]}}