{"id":1048,"date":"2016-10-05T18:16:15","date_gmt":"2016-10-05T16:16:15","guid":{"rendered":"http:\/\/www.tcsl.fr\/?page_id=1048"},"modified":"2019-10-13T15:40:46","modified_gmt":"2019-10-13T13:40:46","slug":"resultats-22-hunter","status":"publish","type":"page","link":"http:\/\/www.tcsl.fr\/index.php\/competitions\/resultats-22-hunter\/","title":{"rendered":"R\u00e9sultats 22 Hunter"},"content":{"rendered":"<ul>\n<li><a href=\"http:\/\/www.tcsl.fr\/wp-content\/uploads\/2019\/10\/Resultats-Match-StLaurent-du-Var-13-10-2019.pdf\" target=\"_blank\" rel=\"noopener noreferrer\">13 octobre 2019 CN 22 Hunter Saint Laurent du Var Classement\u00a0 Individuel<\/a><\/li>\n<li><a href=\"http:\/\/www.tcsl.fr\/wp-content\/uploads\/2019\/10\/Resultats-par-Club-du-Match-StLaurent-du-Var-13-10-2019.pdf\" target=\"_blank\" rel=\"noopener noreferrer\">13 octobre 2019 CN 22 Hunter Saint Laurent du Var Classement\u00a0 par \u00e9quipe<\/a><\/li>\n<li><a href=\"http:\/\/www.tcsl.fr\/wp-content\/uploads\/2019\/10\/Resultats-Match-StLaurent-du-Var-12-10-2019.pdf\" target=\"_blank\" rel=\"noopener noreferrer\">12 octobre 2019 CN 22 Hunter Saint Laurent du Var Classement\u00a0 Individuel<\/a><\/li>\n<li><a href=\"http:\/\/www.tcsl.fr\/wp-content\/uploads\/2019\/10\/Resultats-par-Club-du-Match-StLaurent-du-Var-12-10-2019.pdf\" target=\"_blank\" rel=\"noopener noreferrer\">12 octobre 2019 CN 22 Hunter Saint Laurent du Var Classement\u00a0 par \u00e9quipe<\/a><\/li>\n<li><a href=\"http:\/\/www.tcsl.fr\/wp-content\/uploads\/2019\/07\/2019-CN-22H-Classt-G\u00e9n\u00e9ral-3-sur-3M-2018-2019-Points-Match.pdf\" target=\"_blank\" rel=\"noopener noreferrer\">20 juillet 2019 r\u00e9sultats Troph\u00e9e 22 HUNTER Loisir 2018\/2019<\/a><\/li>\n<li><a href=\"http:\/\/www.tcsl.fr\/wp-content\/uploads\/2019\/07\/2019-22H-SL-Classt1-2019-07-20-St-LAURENT-du-VAR.pdf\" target=\"_blank\" rel=\"noopener noreferrer\">20 juillet 2019 Match Amical 22 HUNTER Loisir au TCSL<\/a><\/li>\n<li><a href=\"http:\/\/www.tcsl.fr\/wp-content\/uploads\/2019\/02\/2019-02-23-Challange-22-Hunter-loisir.pdf\" target=\"_blank\" rel=\"noopener noreferrer\">23 f\u00e9vrier 2019 Match Amical 22 HUNTER Loisir au TCSL<\/a><\/li>\n<li><a href=\"http:\/\/www.tcsl.fr\/wp-content\/uploads\/2018\/12\/22Hunter-Classt1-2018-12-22-TIR-CLUB-STADE-LAURENTIN.pdf\" target=\"_blank\" rel=\"noopener noreferrer\">22 d\u00e9cembre 2018 Match Amical 22 HUNTER Loisir au TCSL <\/a><\/li>\n<li><a href=\"http:\/\/www.tcsl.fr\/wp-content\/uploads\/2018\/10\/Resultats-Match-SAINT-LAURENT-DU-VAR-20-10-2018.pdf\" target=\"_blank\" rel=\"noopener noreferrer\">20 octobre 2018 CN 22 Hunter Saint Laurent du Var Classement individuel<\/a><\/li>\n<li><a href=\"http:\/\/www.tcsl.fr\/wp-content\/uploads\/2018\/10\/Resultats-par-Club-du-Match-SAINT-LAURENT-DU-VAR-20-10-2018.pdf\" target=\"_blank\" rel=\"noopener noreferrer\">20 octobre 2018 CN 22 Hunter Saint Laurent du Var Classement par \u00e9quipes<\/a><\/li>\n<li><a href=\"http:\/\/www.tcsl.fr\/wp-content\/uploads\/2018\/10\/Resultats-Match-SAINT-LAURENT-DU-VAR-21-10-2018.pdf\" target=\"_blank\" rel=\"noopener noreferrer\">21 octobre 2018 CN 22 Hunter Saint Laurent du Var Classement individuel<\/a><\/li>\n<li><a href=\"http:\/\/www.tcsl.fr\/wp-content\/uploads\/2018\/10\/Resultats-par-Club-du-Match-SAINT-LAURENT-DU-VAR-21-10-2018.pdf\" target=\"_blank\" rel=\"noopener noreferrer\">21 octobre 2018 CN 22 Hunter Saint Laurent du Var Classement par \u00e9quipes<\/a><\/li>\n<li><a href=\"http:\/\/www.tcsl.fr\/wp-content\/uploads\/2017\/10\/22Hunter-Classt1-2017-10-22-TIR-CLUB-STADE-LAURENTIN.pdf\" target=\"_blank\" rel=\"noopener noreferrer\">22 octobre 2017 CN 22 Hunter Saint Laurent du Var Classement individuel<\/a><\/li>\n<li><a href=\"http:\/\/www.tcsl.fr\/wp-content\/uploads\/2017\/10\/22Hunter-Classt-Club-2017-10-22-TIR-CLUB-STADE-LAURENTIN.pdf\" target=\"_blank\" rel=\"noopener noreferrer\">22 octobre 2017 CN 22 Hunter Saint Laurent du Var Classement par \u00e9quipes<\/a><\/li>\n<li><a href=\"http:\/\/www.tcsl.fr\/wp-content\/uploads\/2017\/10\/22Hunter-Classt1-2017-10-21-TIR-CLUB-STADE-LAURENTIN.pdf\" target=\"_blank\" rel=\"noopener noreferrer\">21 octobre 2017 CN 22 Hunter Saint Laurent du Var Classement individuel<\/a><\/li>\n<li><a href=\"http:\/\/www.tcsl.fr\/wp-content\/uploads\/2017\/10\/22Hunter-Classt-Club-2017-10-21-TIR-CLUB-STADE-LAURENTIN.pdf\" target=\"_blank\" rel=\"noopener noreferrer\">21 octobre 2017 CN 22 Hunter Saint Laurent du Var Classement par \u00e9quipes<\/a><\/li>\n<li><a href=\"http:\/\/www.tcsl.fr\/wp-content\/uploads\/2017\/01\/22Hunter-Classt1-2017-01-22-TIR-CLUB-STADE-LAURENTIN.pdf\" target=\"_blank\" rel=\"noopener noreferrer\">22 janvier 2017 CN 22 Hunter Saint Laurent du Var Classement individuel<\/a><\/li>\n<li><a href=\"http:\/\/www.tcsl.fr\/wp-content\/uploads\/2017\/01\/22Hunter-Classt-Club-2017-01-22-TIR-CLUB-STADE-LAURENTIN.pdf\" target=\"_blank\" rel=\"noopener noreferrer\">22 janvier 2017 CN 22 Hunter Saint Laurent du Var Classement par \u00e9quipes<\/a><\/li>\n<li><a href=\"http:\/\/www.tcsl.fr\/wp-content\/uploads\/2017\/01\/22Hunter-Classt1-2017-01-21-TIR-CLUB-STADE-LAURENTIN.pdf\" target=\"_blank\" rel=\"noopener noreferrer\">21 janvier 2017 CN 22 Hunter Saint Laurent du Var Classement individuel<\/a><\/li>\n<li><a href=\"http:\/\/www.tcsl.fr\/wp-content\/uploads\/2017\/01\/22Hunter-Classt-Club-2017-01-21-TIR-CLUB-STADE-LAURENTIN.pdf\" target=\"_blank\" rel=\"noopener noreferrer\">21 janvier 2017 CN 22 Hunter Saint Laurent du Var Classement par \u00e9quipes<\/a><\/li>\n<li><a href=\"http:\/\/www.tcsl.fr\/wp-content\/uploads\/2016\/10\/20160917-18-22Hunter-International-de-Barcelone.pdf\" target=\"_blank\" rel=\"noopener noreferrer\">17 et 18 09\/2016 22 Hunter International de Barcelone (Espagne)<\/a><\/li>\n<li><a href=\"http:\/\/www.tcsl.fr\/wp-content\/uploads\/2016\/10\/22-Hunter-2016-04-10-TCSL-Individuel.pdf\" target=\"_blank\" rel=\"noopener noreferrer\">10\/04\/2016 Circuit National 22 Hunter au TCSL Classement Individuel<\/a><\/li>\n<li><a href=\"http:\/\/www.tcsl.fr\/wp-content\/uploads\/2016\/10\/22-Hunter-2016-04-10-TCSL-Par-Equipes.pdf\" target=\"_blank\" rel=\"noopener noreferrer\">10\/04\/2016 Circuit National 22 Hunter au TCSL Classement par \u00e9quipes<\/a><\/li>\n<li><a href=\"http:\/\/www.tcsl.fr\/wp-content\/uploads\/2016\/10\/22-Hunter-2016-01-24-TCSL-Individuel.pdf\" target=\"_blank\" rel=\"noopener noreferrer\">24\/01\/2016 Match 22 Hunter au TCSL Classement individuel<\/a><\/li>\n<li><a href=\"http:\/\/www.tcsl.fr\/wp-content\/uploads\/2016\/10\/22-Hunter-2016-01-24-TCSL-Equipes.pdf\" target=\"_blank\" rel=\"noopener noreferrer\">24\/01\/2016 Match 22 Hunter au TCSL Classement par \u00e9quipes<\/a><\/li>\n<li><a href=\"http:\/\/www.tcsl.fr\/wp-content\/uploads\/2016\/10\/22-Hunter-2016-01-23-TCSL-Individuel.pdf\" target=\"_blank\" rel=\"noopener noreferrer\">23\/01\/2016 Match 22 Hunter au TCSL Classement individuel<\/a><\/li>\n<li><a href=\"http:\/\/www.tcsl.fr\/wp-content\/uploads\/2016\/10\/22-Hunter-2016-01-23-TCSL-Equipes.pdf\" target=\"_blank\" rel=\"noopener noreferrer\">23\/01\/2016 Match 22 Hunter au TCSL Classement par \u00e9quipes<\/a><\/li>\n<li><a href=\"http:\/\/www.tcsl.fr\/wp-content\/uploads\/2016\/10\/22-Hunter-2015-12-05-individuel.pdf\" target=\"_blank\" rel=\"noopener noreferrer\">05 \/12\/2015 Match 22 Hunter au TCSL Classement individuel<\/a><\/li>\n<li><a href=\"http:\/\/www.tcsl.fr\/wp-content\/uploads\/2016\/10\/22-Hunter-2015-12-06-individuel.pdf\" target=\"_blank\" rel=\"noopener noreferrer\">06\/12\/2015 Match 22 Hunter au TCSL Classement individuel<\/a><\/li>\n<li><a href=\"http:\/\/www.tcsl.fr\/wp-content\/uploads\/2016\/10\/22-Hunter-2015-12-05-et-06-par-equipes.pdf\" target=\"_blank\" rel=\"noopener noreferrer\">5 et 6 12\/2015 Match 22 Hunter au TCSL Classement par \u00e9quipes<\/a><\/li>\n<li><a href=\"http:\/\/www.tcsl.fr\/wp-content\/uploads\/2016\/10\/22-Hunter-2015-12-05-et-06-final.pdf\" target=\"_blank\" rel=\"noopener noreferrer\">5 et 6 12\/2015Match 22 Hunter au TCSL Classement final individuel<\/a><\/li>\n<li><a href=\"http:\/\/www.tcsl.fr\/wp-content\/uploads\/2016\/10\/22-Hunter-2015-04-11-TCSL-Individuel.pdf\" target=\"_blank\" rel=\"noopener noreferrer\">11\/04\/2015 Match 22 Hunter au TCSL Classement individuel<\/a><\/li>\n<li><a href=\"http:\/\/www.tcsl.fr\/wp-content\/uploads\/2016\/10\/22-Hunter-2015-04-11-TCSL-par-equipes.pdf\" target=\"_blank\" rel=\"noopener noreferrer\">11\/04\/2015 Match 22 Hunter au TCSL Classement par \u00e9quipes<\/a><\/li>\n<li><a href=\"http:\/\/www.tcsl.fr\/wp-content\/uploads\/2016\/10\/22-Hunter-2015-01-25-TCSL-individuel.pdf\" target=\"_blank\" rel=\"noopener noreferrer\">25\/01\/2015 Match 22 Hunter au TCSL Classement individuel<\/a><\/li>\n<li><a href=\"http:\/\/www.tcsl.fr\/wp-content\/uploads\/2016\/10\/22-Hunter-2015-01-25-TCSL-par-equipes.pdf\" target=\"_blank\" rel=\"noopener noreferrer\">25\/01\/2015 Match 22 Hunter au TCSL Classement par \u00e9quipes<\/a><\/li>\n<li><a href=\"http:\/\/www.tcsl.fr\/wp-content\/uploads\/2016\/10\/22-Hunter-2015-01-24-TCSL-individuel.pdf\" target=\"_blank\" rel=\"noopener noreferrer\">24\/01\/2015 Match 22 Hunter au TCSL Classement individuel<\/a><\/li>\n<li><a href=\"http:\/\/www.tcsl.fr\/wp-content\/uploads\/2016\/10\/22-Hunter-2015-01-24-TCSL-par-equipes.pdf\" target=\"_blank\" rel=\"noopener noreferrer\">24\/01\/2015 Match 22 Hunter au TCSL Classement par \u00e9quipes<\/a><\/li>\n<li><a href=\"http:\/\/www.tcsl.fr\/wp-content\/uploads\/2016\/10\/22-Hunter-2014-05-31-12H-TCSL-Individuel.pdf\" target=\"_blank\" rel=\"noopener noreferrer\">31\/05\/2014 Match 22 Hunter au TCSL Classement individuel<\/a><\/li>\n<li><a href=\"http:\/\/www.tcsl.fr\/wp-content\/uploads\/2016\/10\/22-Hunter-2014-05-31-12H-TCSL-par-equipes.pdf\" target=\"_blank\" rel=\"noopener noreferrer\">31\/05\/2014 Match 22 Hunter au TCSL Classement par \u00e9quipes<\/a><\/li>\n<li><a href=\"http:\/\/www.tcsl.fr\/wp-content\/uploads\/2016\/10\/22-Hunter-2014-04-13-Dijon.pdf\" target=\"_blank\" rel=\"noopener noreferrer\">13\/04\/2014 Match 22 Hunter \u00e0 Dijon Classement individuel<\/a><\/li>\n<li><a href=\"http:\/\/www.tcsl.fr\/wp-content\/uploads\/2016\/10\/22-Hunter-2014-04-12-Chatenoy.pdf\" target=\"_blank\" rel=\"noopener noreferrer\">12\/04\/2014 Match 22 Hunter \u00e0 Chatenoy le Royal Classement individuel<\/a><\/li>\n<li><a href=\"http:\/\/www.tcsl.fr\/wp-content\/uploads\/2016\/10\/22-Hunter-2014-01-18-TCSL-individuel.pdf\" target=\"_blank\" rel=\"noopener noreferrer\">18\/01\/2014 Match 22 Hunter au TCSL Classement individuel<\/a><\/li>\n<li><a href=\"http:\/\/www.tcsl.fr\/wp-content\/uploads\/2016\/10\/22-Hunter-2014-01-18-TCSL-par-equipes.pdf\" target=\"_blank\" rel=\"noopener noreferrer\">18\/01\/2014 Match 22 Hunter au TCSL Classement par \u00e9quipes<\/a><\/li>\n<li><a href=\"http:\/\/www.tcsl.fr\/wp-content\/uploads\/2016\/10\/22-Hunter-2014-01-19-TCSL-individuel.pdf\" target=\"_blank\" rel=\"noopener noreferrer\">19\/01\/2014 Match 22 Hunter au TCSL Classement individuel<\/a><\/li>\n<li><a href=\"http:\/\/www.tcsl.fr\/wp-content\/uploads\/2016\/10\/22-Hunter-2014-01-19-TCSL-par-equipes.pdf\" target=\"_blank\" rel=\"noopener noreferrer\">19\/01\/2014 Match 22 Hunter au TCSL Classement par \u00e9quipes<\/a><\/li>\n<li>28\/04\/2013 Match 22 Hunter au TCSL Classement individuel<\/li>\n<li>27\/04\/2013 Match 22 Hunter au TCSL Classement individuel<\/li>\n<li><a href=\"http:\/\/www.tcsl.fr\/wp-content\/uploads\/2016\/10\/22-Hunter-2013-04-27-et-28-TCSL-individuel.pdf\" target=\"_blank\" rel=\"noopener noreferrer\">27 et 28 04\/2013 Match 22 Hunter au TCSL Classement individuel<\/a><\/li>\n<li><a href=\"http:\/\/www.tcsl.fr\/wp-content\/uploads\/2016\/10\/22-Hunter-2013-04-27-et-28-TCSL-par-equipe.pdf\" target=\"_blank\" rel=\"noopener noreferrer\">27 et 28 04\/2013 Match 22 Hunter au TCSL Classement par \u00e9quipes<\/a><\/li>\n<li><a href=\"http:\/\/www.tcsl.fr\/wp-content\/uploads\/2016\/10\/22-Hunter-2013-03-Match-Postal-TCSL.pdf\" target=\"_blank\" rel=\"noopener noreferrer\">03\/2013 Match 22 Postal au TCSL<\/a><\/li>\n<li><a href=\"http:\/\/www.tcsl.fr\/wp-content\/uploads\/2016\/10\/22-Hunter-2013-01-27-TCSL-individuel.pdf\" target=\"_blank\" rel=\"noopener noreferrer\">27\/01\/2013 Match 22 Hunter au TCSL Classement individuel<\/a><\/li>\n<li><a href=\"http:\/\/www.tcsl.fr\/wp-content\/uploads\/2016\/10\/22-Hunter-2013-01-27-TCSL-par-equipes.pdf\" target=\"_blank\" rel=\"noopener noreferrer\">27\/01\/2013 Match 22 Hunter au TCSL Classement par \u00e9quipes<\/a><\/li>\n<li><a href=\"http:\/\/www.tcsl.fr\/wp-content\/uploads\/2016\/10\/22-Hunter-2012-06-30-TCSL-individuel.pdf\" target=\"_blank\" rel=\"noopener noreferrer\">30\/06\/2012 Match 22 Hunter au TCSL Classement individuel<\/a><\/li>\n<li><a href=\"http:\/\/www.tcsl.fr\/wp-content\/uploads\/2016\/10\/22-Hunter-2012-06-30-TCSL-par-equipes.pdf\" target=\"_blank\" rel=\"noopener noreferrer\">30\/06\/2012 Match 22 Hunter au TCSL Classement par \u00e9quipes<\/a><\/li>\n<\/ul>\n","protected":false},"excerpt":{"rendered":"<p>13 octobre 2019 CN 22 Hunter Saint Laurent du Var Classement\u00a0 Individuel 13 octobre 2019 CN 22 Hunter Saint Laurent du Var Classement\u00a0 par \u00e9quipe 12 octobre 2019 CN 22 Hunter Saint Laurent du Var Classement\u00a0 Individuel 12 octobre 2019 CN 22 Hunter Saint Laurent du Var Classement\u00a0 par \u00e9quipe 20 juillet 2019 r\u00e9sultats Troph\u00e9e [&hellip;]<\/p>\n","protected":false},"author":1,"featured_media":0,"parent":1038,"menu_order":0,"comment_status":"closed","ping_status":"closed","template":"","meta":{"footnotes":""},"class_list":["post-1048","page","type-page","status-publish","hentry"],"yoast_head":"<!-- This site is optimized with the Yoast SEO plugin v27.3 - https:\/\/yoast.com\/product\/yoast-seo-wordpress\/ -->\n<title>R\u00e9sultats 22 Hunter - TCSL<\/title>\n<meta name=\"robots\" content=\"index, follow, max-snippet:-1, max-image-preview:large, max-video-preview:-1\" \/>\n<link rel=\"canonical\" href=\"http:\/\/www.tcsl.fr\/index.php\/competitions\/resultats-22-hunter\/\" \/>\n<meta property=\"og:locale\" content=\"fr_FR\" \/>\n<meta property=\"og:type\" content=\"article\" \/>\n<meta property=\"og:title\" content=\"R\u00e9sultats 22 Hunter - TCSL\" \/>\n<meta property=\"og:description\" content=\"13 octobre 2019 CN 22 Hunter Saint Laurent du Var Classement\u00a0 Individuel 13 octobre 2019 CN 22 Hunter Saint Laurent du Var Classement\u00a0 par \u00e9quipe 12 octobre 2019 CN 22 Hunter Saint Laurent du Var Classement\u00a0 Individuel 12 octobre 2019 CN 22 Hunter Saint Laurent du Var Classement\u00a0 par \u00e9quipe 20 juillet 2019 r\u00e9sultats Troph\u00e9e [&hellip;]\" \/>\n<meta property=\"og:url\" content=\"http:\/\/www.tcsl.fr\/index.php\/competitions\/resultats-22-hunter\/\" \/>\n<meta property=\"og:site_name\" content=\"TCSL\" \/>\n<meta property=\"article:modified_time\" content=\"2019-10-13T13:40:46+00:00\" \/>\n<meta name=\"twitter:card\" content=\"summary_large_image\" \/>\n<meta name=\"twitter:label1\" content=\"Dur\u00e9e de lecture estim\u00e9e\" \/>\n\t<meta name=\"twitter:data1\" content=\"2 minutes\" \/>\n<script type=\"application\/ld+json\" class=\"yoast-schema-graph\">{\"@context\":\"https:\\\/\\\/schema.org\",\"@graph\":[{\"@type\":\"WebPage\",\"@id\":\"http:\\\/\\\/www.tcsl.fr\\\/index.php\\\/competitions\\\/resultats-22-hunter\\\/\",\"url\":\"http:\\\/\\\/www.tcsl.fr\\\/index.php\\\/competitions\\\/resultats-22-hunter\\\/\",\"name\":\"R\u00e9sultats 22 Hunter - TCSL\",\"isPartOf\":{\"@id\":\"https:\\\/\\\/www.tcsl.fr\\\/#website\"},\"datePublished\":\"2016-10-05T16:16:15+00:00\",\"dateModified\":\"2019-10-13T13:40:46+00:00\",\"breadcrumb\":{\"@id\":\"http:\\\/\\\/www.tcsl.fr\\\/index.php\\\/competitions\\\/resultats-22-hunter\\\/#breadcrumb\"},\"inLanguage\":\"fr-FR\",\"potentialAction\":[{\"@type\":\"ReadAction\",\"target\":[\"http:\\\/\\\/www.tcsl.fr\\\/index.php\\\/competitions\\\/resultats-22-hunter\\\/\"]}]},{\"@type\":\"BreadcrumbList\",\"@id\":\"http:\\\/\\\/www.tcsl.fr\\\/index.php\\\/competitions\\\/resultats-22-hunter\\\/#breadcrumb\",\"itemListElement\":[{\"@type\":\"ListItem\",\"position\":1,\"name\":\"Accueil\",\"item\":\"https:\\\/\\\/www.tcsl.fr\\\/\"},{\"@type\":\"ListItem\",\"position\":2,\"name\":\"Comp\u00e9titions\",\"item\":\"https:\\\/\\\/www.tcsl.fr\\\/index.php\\\/competitions\\\/\"},{\"@type\":\"ListItem\",\"position\":3,\"name\":\"R\u00e9sultats 22 Hunter\"}]},{\"@type\":\"WebSite\",\"@id\":\"https:\\\/\\\/www.tcsl.fr\\\/#website\",\"url\":\"https:\\\/\\\/www.tcsl.fr\\\/\",\"name\":\"TCSL\",\"description\":\"Le site du Tir Club Stade Laurentin\",\"publisher\":{\"@id\":\"https:\\\/\\\/www.tcsl.fr\\\/#organization\"},\"potentialAction\":[{\"@type\":\"SearchAction\",\"target\":{\"@type\":\"EntryPoint\",\"urlTemplate\":\"https:\\\/\\\/www.tcsl.fr\\\/?s={search_term_string}\"},\"query-input\":{\"@type\":\"PropertyValueSpecification\",\"valueRequired\":true,\"valueName\":\"search_term_string\"}}],\"inLanguage\":\"fr-FR\"},{\"@type\":\"Organization\",\"@id\":\"https:\\\/\\\/www.tcsl.fr\\\/#organization\",\"name\":\"TCSL\",\"url\":\"https:\\\/\\\/www.tcsl.fr\\\/\",\"logo\":{\"@type\":\"ImageObject\",\"inLanguage\":\"fr-FR\",\"@id\":\"https:\\\/\\\/www.tcsl.fr\\\/#\\\/schema\\\/logo\\\/image\\\/\",\"url\":\"http:\\\/\\\/www.tcsl.fr\\\/wp-content\\\/uploads\\\/2024\\\/10\\\/cropped-cropped-cropped-cropped-cropped-logo-lettrage-degrade-rouge-et-blanc-fond-bleu-300x123-1.jpg\",\"contentUrl\":\"http:\\\/\\\/www.tcsl.fr\\\/wp-content\\\/uploads\\\/2024\\\/10\\\/cropped-cropped-cropped-cropped-cropped-logo-lettrage-degrade-rouge-et-blanc-fond-bleu-300x123-1.jpg\",\"width\":240,\"height\":98,\"caption\":\"TCSL\"},\"image\":{\"@id\":\"https:\\\/\\\/www.tcsl.fr\\\/#\\\/schema\\\/logo\\\/image\\\/\"}}]}<\/script>\n<!-- \/ Yoast SEO plugin. -->","yoast_head_json":{"title":"R\u00e9sultats 22 Hunter - TCSL","robots":{"index":"index","follow":"follow","max-snippet":"max-snippet:-1","max-image-preview":"max-image-preview:large","max-video-preview":"max-video-preview:-1"},"canonical":"http:\/\/www.tcsl.fr\/index.php\/competitions\/resultats-22-hunter\/","og_locale":"fr_FR","og_type":"article","og_title":"R\u00e9sultats 22 Hunter - TCSL","og_description":"13 octobre 2019 CN 22 Hunter Saint Laurent du Var Classement\u00a0 Individuel 13 octobre 2019 CN 22 Hunter Saint Laurent du Var Classement\u00a0 par \u00e9quipe 12 octobre 2019 CN 22 Hunter Saint Laurent du Var Classement\u00a0 Individuel 12 octobre 2019 CN 22 Hunter Saint Laurent du Var Classement\u00a0 par \u00e9quipe 20 juillet 2019 r\u00e9sultats Troph\u00e9e [&hellip;]","og_url":"http:\/\/www.tcsl.fr\/index.php\/competitions\/resultats-22-hunter\/","og_site_name":"TCSL","article_modified_time":"2019-10-13T13:40:46+00:00","twitter_card":"summary_large_image","twitter_misc":{"Dur\u00e9e de lecture estim\u00e9e":"2 minutes"},"schema":{"@context":"https:\/\/schema.org","@graph":[{"@type":"WebPage","@id":"http:\/\/www.tcsl.fr\/index.php\/competitions\/resultats-22-hunter\/","url":"http:\/\/www.tcsl.fr\/index.php\/competitions\/resultats-22-hunter\/","name":"R\u00e9sultats 22 Hunter - TCSL","isPartOf":{"@id":"https:\/\/www.tcsl.fr\/#website"},"datePublished":"2016-10-05T16:16:15+00:00","dateModified":"2019-10-13T13:40:46+00:00","breadcrumb":{"@id":"http:\/\/www.tcsl.fr\/index.php\/competitions\/resultats-22-hunter\/#breadcrumb"},"inLanguage":"fr-FR","potentialAction":[{"@type":"ReadAction","target":["http:\/\/www.tcsl.fr\/index.php\/competitions\/resultats-22-hunter\/"]}]},{"@type":"BreadcrumbList","@id":"http:\/\/www.tcsl.fr\/index.php\/competitions\/resultats-22-hunter\/#breadcrumb","itemListElement":[{"@type":"ListItem","position":1,"name":"Accueil","item":"https:\/\/www.tcsl.fr\/"},{"@type":"ListItem","position":2,"name":"Comp\u00e9titions","item":"https:\/\/www.tcsl.fr\/index.php\/competitions\/"},{"@type":"ListItem","position":3,"name":"R\u00e9sultats 22 Hunter"}]},{"@type":"WebSite","@id":"https:\/\/www.tcsl.fr\/#website","url":"https:\/\/www.tcsl.fr\/","name":"TCSL","description":"Le site du Tir Club Stade Laurentin","publisher":{"@id":"https:\/\/www.tcsl.fr\/#organization"},"potentialAction":[{"@type":"SearchAction","target":{"@type":"EntryPoint","urlTemplate":"https:\/\/www.tcsl.fr\/?s={search_term_string}"},"query-input":{"@type":"PropertyValueSpecification","valueRequired":true,"valueName":"search_term_string"}}],"inLanguage":"fr-FR"},{"@type":"Organization","@id":"https:\/\/www.tcsl.fr\/#organization","name":"TCSL","url":"https:\/\/www.tcsl.fr\/","logo":{"@type":"ImageObject","inLanguage":"fr-FR","@id":"https:\/\/www.tcsl.fr\/#\/schema\/logo\/image\/","url":"http:\/\/www.tcsl.fr\/wp-content\/uploads\/2024\/10\/cropped-cropped-cropped-cropped-cropped-logo-lettrage-degrade-rouge-et-blanc-fond-bleu-300x123-1.jpg","contentUrl":"http:\/\/www.tcsl.fr\/wp-content\/uploads\/2024\/10\/cropped-cropped-cropped-cropped-cropped-logo-lettrage-degrade-rouge-et-blanc-fond-bleu-300x123-1.jpg","width":240,"height":98,"caption":"TCSL"},"image":{"@id":"https:\/\/www.tcsl.fr\/#\/schema\/logo\/image\/"}}]}},"_links":{"self":[{"href":"http:\/\/www.tcsl.fr\/index.php\/wp-json\/wp\/v2\/pages\/1048","targetHints":{"allow":["GET"]}}],"collection":[{"href":"http:\/\/www.tcsl.fr\/index.php\/wp-json\/wp\/v2\/pages"}],"about":[{"href":"http:\/\/www.tcsl.fr\/index.php\/wp-json\/wp\/v2\/types\/page"}],"author":[{"embeddable":true,"href":"http:\/\/www.tcsl.fr\/index.php\/wp-json\/wp\/v2\/users\/1"}],"replies":[{"embeddable":true,"href":"http:\/\/www.tcsl.fr\/index.php\/wp-json\/wp\/v2\/comments?post=1048"}],"version-history":[{"count":39,"href":"http:\/\/www.tcsl.fr\/index.php\/wp-json\/wp\/v2\/pages\/1048\/revisions"}],"predecessor-version":[{"id":5566,"href":"http:\/\/www.tcsl.fr\/index.php\/wp-json\/wp\/v2\/pages\/1048\/revisions\/5566"}],"up":[{"embeddable":true,"href":"http:\/\/www.tcsl.fr\/index.php\/wp-json\/wp\/v2\/pages\/1038"}],"wp:attachment":[{"href":"http:\/\/www.tcsl.fr\/index.php\/wp-json\/wp\/v2\/media?parent=1048"}],"curies":[{"name":"wp","href":"https:\/\/api.w.org\/{rel}","templated":true}]}}