{"id":1082,"date":"2016-10-05T18:41:20","date_gmt":"2016-10-05T16:41:20","guid":{"rendered":"http:\/\/www.tcsl.fr\/?page_id=1082"},"modified":"2019-05-05T19:55:20","modified_gmt":"2019-05-05T17:55:20","slug":"la-gazette-de-lecole-de-tir","status":"publish","type":"page","link":"http:\/\/www.tcsl.fr\/index.php\/la-gazette\/la-gazette-de-lecole-de-tir\/","title":{"rendered":"La Gazette de l\u2019\u00c9cole de Tir"},"content":{"rendered":"<ul>\n<li><a href=\"http:\/\/www.tcsl.fr\/wp-content\/uploads\/2019\/05\/2019-Regionaux-EDT_Toulon_28-04-2019.pdf\" target=\"_blank\" rel=\"noopener noreferrer\">28\/04\/2019 R\u00e9gionaux \u00c9coles de tir Toulon<\/a><\/li>\n<li><a href=\"http:\/\/www.tcsl.fr\/wp-content\/uploads\/2019\/04\/2019-Dept-EDT_Antibes.pdf\" target=\"_blank\" rel=\"noopener noreferrer\">31\/03\/2019 D\u00e9partementaux \u00c9cole de Tir Antibes<\/a><\/li>\n<li><a href=\"http:\/\/www.tcsl.fr\/wp-content\/uploads\/2017\/10\/Vercelli-23-24-sep-2017.pdf\" target=\"_blank\" rel=\"noopener noreferrer\">23 et 24\/09\/2017 L\u2019\u00e9cole de Tir \u00e0 Vercelli (Italie)<\/a><\/li>\n<li><a href=\"http:\/\/www.tcsl.fr\/wp-content\/uploads\/2017\/04\/Carnaval-2017.pdf\" target=\"_blank\" rel=\"noopener noreferrer\">19\/03\/2017 Match amical Ecole de Tir Carnaval<\/a><\/li>\n<li><a href=\"http:\/\/www.tcsl.fr\/wp-content\/uploads\/2016\/10\/2016-09-24-Match-amical-Ecole-de-Tir-TCSL-TSN-Vercelli.pdf\" target=\"_blank\" rel=\"noopener noreferrer\">24\/09\/2016 Match amical \u00c9cole de Tir TCSL TSN Vercelli (Italie)<\/a><\/li>\n<li><a href=\"http:\/\/www.tcsl.fr\/wp-content\/uploads\/2016\/10\/Bilan-Ecole-de-Tir-2015-2016.pdf\" target=\"_blank\" rel=\"noopener noreferrer\">2016 Bilan de la saison 2015\/2016<\/a><\/li>\n<li><a href=\"http:\/\/www.tcsl.fr\/wp-content\/uploads\/2016\/10\/INITIATION-AUX-PREMIERS-SECOURS.pdf\" target=\"_blank\" rel=\"noopener noreferrer\">24\/06\/2016 Initiation aux premiers secours<\/a><\/li>\n<li><a href=\"http:\/\/www.tcsl.fr\/wp-content\/uploads\/2016\/10\/Bilan-Ecole-de-Tir-2014-2015.pdf\" target=\"_blank\" rel=\"noopener noreferrer\">2015 Bilan de la saison 2014\/2015<\/a><\/li>\n<li><a href=\"http:\/\/www.tcsl.fr\/wp-content\/uploads\/2016\/10\/2014-07-03-au-06-France-Ecoles-de-Tir-Agen.pdf\" target=\"_blank\" rel=\"noopener noreferrer\">3 au 6 07\/2014 Championnat de France des \u00c9coles de Tir \u00e0 Agen<\/a><\/li>\n<li><a href=\"http:\/\/www.tcsl.fr\/wp-content\/uploads\/2016\/10\/2014-05-11-Departementaux-Ecole-deTir-Antibes.pdf\" target=\"_blank\" rel=\"noopener noreferrer\">11\/05\/2014 Championnat D\u00e9partemental des \u00c9coles de Tir \u00e0 Antibes<\/a><\/li>\n<li><a href=\"http:\/\/www.tcsl.fr\/wp-content\/uploads\/2016\/10\/2013-07-07-France-Ecole-de-Tir-Montlucon.pdf\" target=\"_blank\" rel=\"noopener noreferrer\">07\/07\/2013 Championnat de France des \u00c9coles de tir \u00e0 Montlu\u00e7on<\/a><\/li>\n<li><a href=\"http:\/\/www.tcsl.fr\/wp-content\/uploads\/2016\/10\/2013-06-02-Regionaux-Ecole-de-Tir-Toulon.pdf\" target=\"_blank\" rel=\"noopener noreferrer\">02\/06\/2013 Championnat R\u00e9gional \u00c9coles de Tir \u00e0 Toulon<\/a><\/li>\n<li><a href=\"http:\/\/www.tcsl.fr\/wp-content\/uploads\/2016\/10\/2013-05-19-Departementaux-Ecole-de-Tir-Antibes.pdf\" target=\"_blank\" rel=\"noopener noreferrer\">19\/05\/2013 Championnat D\u00e9partemental des \u00c9coles de Tir \u00e0 Antibes<\/a><\/li>\n<\/ul>\n","protected":false},"excerpt":{"rendered":"<p>28\/04\/2019 R\u00e9gionaux \u00c9coles de tir Toulon 31\/03\/2019 D\u00e9partementaux \u00c9cole de Tir Antibes 23 et 24\/09\/2017 L\u2019\u00e9cole de Tir \u00e0 Vercelli (Italie) 19\/03\/2017 Match amical Ecole de Tir Carnaval 24\/09\/2016 Match amical \u00c9cole de Tir TCSL TSN Vercelli (Italie) 2016 Bilan de la saison 2015\/2016 24\/06\/2016 Initiation aux premiers secours 2015 Bilan de la saison 2014\/2015 [&hellip;]<\/p>\n","protected":false},"author":1,"featured_media":0,"parent":1080,"menu_order":0,"comment_status":"closed","ping_status":"closed","template":"","meta":{"footnotes":""},"class_list":["post-1082","page","type-page","status-publish","hentry"],"yoast_head":"<!-- This site is optimized with the Yoast SEO plugin v27.3 - https:\/\/yoast.com\/product\/yoast-seo-wordpress\/ -->\n<title>La Gazette de l\u2019\u00c9cole de Tir - TCSL<\/title>\n<meta name=\"robots\" content=\"index, follow, max-snippet:-1, max-image-preview:large, max-video-preview:-1\" \/>\n<link rel=\"canonical\" href=\"https:\/\/www.tcsl.fr\/index.php\/la-gazette\/la-gazette-de-lecole-de-tir\/\" \/>\n<meta property=\"og:locale\" content=\"fr_FR\" \/>\n<meta property=\"og:type\" content=\"article\" \/>\n<meta property=\"og:title\" content=\"La Gazette de l\u2019\u00c9cole de Tir - TCSL\" \/>\n<meta property=\"og:description\" content=\"28\/04\/2019 R\u00e9gionaux \u00c9coles de tir Toulon 31\/03\/2019 D\u00e9partementaux \u00c9cole de Tir Antibes 23 et 24\/09\/2017 L\u2019\u00e9cole de Tir \u00e0 Vercelli (Italie) 19\/03\/2017 Match amical Ecole de Tir Carnaval 24\/09\/2016 Match amical \u00c9cole de Tir TCSL TSN Vercelli (Italie) 2016 Bilan de la saison 2015\/2016 24\/06\/2016 Initiation aux premiers secours 2015 Bilan de la saison 2014\/2015 [&hellip;]\" \/>\n<meta property=\"og:url\" content=\"https:\/\/www.tcsl.fr\/index.php\/la-gazette\/la-gazette-de-lecole-de-tir\/\" \/>\n<meta property=\"og:site_name\" content=\"TCSL\" \/>\n<meta property=\"article:modified_time\" content=\"2019-05-05T17:55:20+00:00\" \/>\n<meta name=\"twitter:card\" content=\"summary_large_image\" \/>\n<script type=\"application\/ld+json\" class=\"yoast-schema-graph\">{\"@context\":\"https:\\\/\\\/schema.org\",\"@graph\":[{\"@type\":\"WebPage\",\"@id\":\"https:\\\/\\\/www.tcsl.fr\\\/index.php\\\/la-gazette\\\/la-gazette-de-lecole-de-tir\\\/\",\"url\":\"https:\\\/\\\/www.tcsl.fr\\\/index.php\\\/la-gazette\\\/la-gazette-de-lecole-de-tir\\\/\",\"name\":\"La Gazette de l\u2019\u00c9cole de Tir - TCSL\",\"isPartOf\":{\"@id\":\"https:\\\/\\\/www.tcsl.fr\\\/#website\"},\"datePublished\":\"2016-10-05T16:41:20+00:00\",\"dateModified\":\"2019-05-05T17:55:20+00:00\",\"breadcrumb\":{\"@id\":\"https:\\\/\\\/www.tcsl.fr\\\/index.php\\\/la-gazette\\\/la-gazette-de-lecole-de-tir\\\/#breadcrumb\"},\"inLanguage\":\"fr-FR\",\"potentialAction\":[{\"@type\":\"ReadAction\",\"target\":[\"https:\\\/\\\/www.tcsl.fr\\\/index.php\\\/la-gazette\\\/la-gazette-de-lecole-de-tir\\\/\"]}]},{\"@type\":\"BreadcrumbList\",\"@id\":\"https:\\\/\\\/www.tcsl.fr\\\/index.php\\\/la-gazette\\\/la-gazette-de-lecole-de-tir\\\/#breadcrumb\",\"itemListElement\":[{\"@type\":\"ListItem\",\"position\":1,\"name\":\"Accueil\",\"item\":\"https:\\\/\\\/www.tcsl.fr\\\/\"},{\"@type\":\"ListItem\",\"position\":2,\"name\":\"La Gazette\",\"item\":\"http:\\\/\\\/www.tcsl.fr\\\/index.php\\\/la-gazette\\\/\"},{\"@type\":\"ListItem\",\"position\":3,\"name\":\"La Gazette de l\u2019\u00c9cole de Tir\"}]},{\"@type\":\"WebSite\",\"@id\":\"https:\\\/\\\/www.tcsl.fr\\\/#website\",\"url\":\"https:\\\/\\\/www.tcsl.fr\\\/\",\"name\":\"TCSL\",\"description\":\"Le site du Tir Club Stade Laurentin\",\"publisher\":{\"@id\":\"https:\\\/\\\/www.tcsl.fr\\\/#organization\"},\"potentialAction\":[{\"@type\":\"SearchAction\",\"target\":{\"@type\":\"EntryPoint\",\"urlTemplate\":\"https:\\\/\\\/www.tcsl.fr\\\/?s={search_term_string}\"},\"query-input\":{\"@type\":\"PropertyValueSpecification\",\"valueRequired\":true,\"valueName\":\"search_term_string\"}}],\"inLanguage\":\"fr-FR\"},{\"@type\":\"Organization\",\"@id\":\"https:\\\/\\\/www.tcsl.fr\\\/#organization\",\"name\":\"TCSL\",\"url\":\"https:\\\/\\\/www.tcsl.fr\\\/\",\"logo\":{\"@type\":\"ImageObject\",\"inLanguage\":\"fr-FR\",\"@id\":\"https:\\\/\\\/www.tcsl.fr\\\/#\\\/schema\\\/logo\\\/image\\\/\",\"url\":\"http:\\\/\\\/www.tcsl.fr\\\/wp-content\\\/uploads\\\/2024\\\/10\\\/cropped-cropped-cropped-cropped-cropped-logo-lettrage-degrade-rouge-et-blanc-fond-bleu-300x123-1.jpg\",\"contentUrl\":\"http:\\\/\\\/www.tcsl.fr\\\/wp-content\\\/uploads\\\/2024\\\/10\\\/cropped-cropped-cropped-cropped-cropped-logo-lettrage-degrade-rouge-et-blanc-fond-bleu-300x123-1.jpg\",\"width\":240,\"height\":98,\"caption\":\"TCSL\"},\"image\":{\"@id\":\"https:\\\/\\\/www.tcsl.fr\\\/#\\\/schema\\\/logo\\\/image\\\/\"}}]}<\/script>\n<!-- \/ Yoast SEO plugin. -->","yoast_head_json":{"title":"La Gazette de l\u2019\u00c9cole de Tir - TCSL","robots":{"index":"index","follow":"follow","max-snippet":"max-snippet:-1","max-image-preview":"max-image-preview:large","max-video-preview":"max-video-preview:-1"},"canonical":"https:\/\/www.tcsl.fr\/index.php\/la-gazette\/la-gazette-de-lecole-de-tir\/","og_locale":"fr_FR","og_type":"article","og_title":"La Gazette de l\u2019\u00c9cole de Tir - TCSL","og_description":"28\/04\/2019 R\u00e9gionaux \u00c9coles de tir Toulon 31\/03\/2019 D\u00e9partementaux \u00c9cole de Tir Antibes 23 et 24\/09\/2017 L\u2019\u00e9cole de Tir \u00e0 Vercelli (Italie) 19\/03\/2017 Match amical Ecole de Tir Carnaval 24\/09\/2016 Match amical \u00c9cole de Tir TCSL TSN Vercelli (Italie) 2016 Bilan de la saison 2015\/2016 24\/06\/2016 Initiation aux premiers secours 2015 Bilan de la saison 2014\/2015 [&hellip;]","og_url":"https:\/\/www.tcsl.fr\/index.php\/la-gazette\/la-gazette-de-lecole-de-tir\/","og_site_name":"TCSL","article_modified_time":"2019-05-05T17:55:20+00:00","twitter_card":"summary_large_image","schema":{"@context":"https:\/\/schema.org","@graph":[{"@type":"WebPage","@id":"https:\/\/www.tcsl.fr\/index.php\/la-gazette\/la-gazette-de-lecole-de-tir\/","url":"https:\/\/www.tcsl.fr\/index.php\/la-gazette\/la-gazette-de-lecole-de-tir\/","name":"La Gazette de l\u2019\u00c9cole de Tir - TCSL","isPartOf":{"@id":"https:\/\/www.tcsl.fr\/#website"},"datePublished":"2016-10-05T16:41:20+00:00","dateModified":"2019-05-05T17:55:20+00:00","breadcrumb":{"@id":"https:\/\/www.tcsl.fr\/index.php\/la-gazette\/la-gazette-de-lecole-de-tir\/#breadcrumb"},"inLanguage":"fr-FR","potentialAction":[{"@type":"ReadAction","target":["https:\/\/www.tcsl.fr\/index.php\/la-gazette\/la-gazette-de-lecole-de-tir\/"]}]},{"@type":"BreadcrumbList","@id":"https:\/\/www.tcsl.fr\/index.php\/la-gazette\/la-gazette-de-lecole-de-tir\/#breadcrumb","itemListElement":[{"@type":"ListItem","position":1,"name":"Accueil","item":"https:\/\/www.tcsl.fr\/"},{"@type":"ListItem","position":2,"name":"La Gazette","item":"http:\/\/www.tcsl.fr\/index.php\/la-gazette\/"},{"@type":"ListItem","position":3,"name":"La Gazette de l\u2019\u00c9cole de Tir"}]},{"@type":"WebSite","@id":"https:\/\/www.tcsl.fr\/#website","url":"https:\/\/www.tcsl.fr\/","name":"TCSL","description":"Le site du Tir Club Stade Laurentin","publisher":{"@id":"https:\/\/www.tcsl.fr\/#organization"},"potentialAction":[{"@type":"SearchAction","target":{"@type":"EntryPoint","urlTemplate":"https:\/\/www.tcsl.fr\/?s={search_term_string}"},"query-input":{"@type":"PropertyValueSpecification","valueRequired":true,"valueName":"search_term_string"}}],"inLanguage":"fr-FR"},{"@type":"Organization","@id":"https:\/\/www.tcsl.fr\/#organization","name":"TCSL","url":"https:\/\/www.tcsl.fr\/","logo":{"@type":"ImageObject","inLanguage":"fr-FR","@id":"https:\/\/www.tcsl.fr\/#\/schema\/logo\/image\/","url":"http:\/\/www.tcsl.fr\/wp-content\/uploads\/2024\/10\/cropped-cropped-cropped-cropped-cropped-logo-lettrage-degrade-rouge-et-blanc-fond-bleu-300x123-1.jpg","contentUrl":"http:\/\/www.tcsl.fr\/wp-content\/uploads\/2024\/10\/cropped-cropped-cropped-cropped-cropped-logo-lettrage-degrade-rouge-et-blanc-fond-bleu-300x123-1.jpg","width":240,"height":98,"caption":"TCSL"},"image":{"@id":"https:\/\/www.tcsl.fr\/#\/schema\/logo\/image\/"}}]}},"_links":{"self":[{"href":"http:\/\/www.tcsl.fr\/index.php\/wp-json\/wp\/v2\/pages\/1082","targetHints":{"allow":["GET"]}}],"collection":[{"href":"http:\/\/www.tcsl.fr\/index.php\/wp-json\/wp\/v2\/pages"}],"about":[{"href":"http:\/\/www.tcsl.fr\/index.php\/wp-json\/wp\/v2\/types\/page"}],"author":[{"embeddable":true,"href":"http:\/\/www.tcsl.fr\/index.php\/wp-json\/wp\/v2\/users\/1"}],"replies":[{"embeddable":true,"href":"http:\/\/www.tcsl.fr\/index.php\/wp-json\/wp\/v2\/comments?post=1082"}],"version-history":[{"count":19,"href":"http:\/\/www.tcsl.fr\/index.php\/wp-json\/wp\/v2\/pages\/1082\/revisions"}],"predecessor-version":[{"id":5103,"href":"http:\/\/www.tcsl.fr\/index.php\/wp-json\/wp\/v2\/pages\/1082\/revisions\/5103"}],"up":[{"embeddable":true,"href":"http:\/\/www.tcsl.fr\/index.php\/wp-json\/wp\/v2\/pages\/1080"}],"wp:attachment":[{"href":"http:\/\/www.tcsl.fr\/index.php\/wp-json\/wp\/v2\/media?parent=1082"}],"curies":[{"name":"wp","href":"https:\/\/api.w.org\/{rel}","templated":true}]}}