{"id":1084,"date":"2016-10-05T18:41:41","date_gmt":"2016-10-05T16:41:41","guid":{"rendered":"http:\/\/www.tcsl.fr\/?page_id=1084"},"modified":"2024-04-19T11:44:08","modified_gmt":"2024-04-19T09:44:08","slug":"la-gazette-du-tcsl","status":"publish","type":"page","link":"http:\/\/www.tcsl.fr\/index.php\/la-gazette\/la-gazette-du-tcsl\/","title":{"rendered":"La Gazette du TCSL"},"content":{"rendered":"<hr \/>\n<ul>\n<li><a href=\"http:\/\/www.tcsl.fr\/wp-content\/uploads\/2024\/04\/2024-ID-TAR_Frejus_13-et-14-04-2024.pdf\">13 et 14 avril 2024 Inter-D\u00e9partementaux TAR Fr\u00e9jus<\/a><\/li>\n<li><a href=\"http:\/\/www.tcsl.fr\/wp-content\/uploads\/2023\/08\/2023-France-TAR_Volmerange-_20-au-22-07-2023.pdf\" target=\"_blank\" rel=\"noreferrer noopener\">20 au 27 07 2023 France TAR \u00e0 Volmerange<\/a><\/li>\n<li><a href=\"http:\/\/www.tcsl.fr\/wp-content\/uploads\/2023\/07\/2023-Regionaux-Tar-Frejus_13-et-14-05-2023.pdf\" target=\"_blank\" rel=\"noreferrer noopener\">13 et 14\/05\/2023 R\u00e9gionaux TAR\u00a0 \u00e0 Fr\u00e9jus<\/a><\/li>\n<li><a href=\"http:\/\/www.tcsl.fr\/wp-content\/uploads\/2023\/06\/2023_Regionaux-Armes-Anciennes_TCSL_30-04-2023.pdf\" target=\"_blank\" rel=\"noreferrer noopener\">30\/04\/2023 R\u00e9gionaux Armes Anciennes au TCSL<\/a><\/li>\n<li><a href=\"http:\/\/www.tcsl.fr\/wp-content\/uploads\/2023\/05\/2023-Dept-TAR_Frejus_22-au-23-05-2023.pdf\" target=\"_blank\" rel=\"noreferrer noopener\">22 et 23 04\/2023 Inter-d\u00e9partementaux TAR \u00e0 Fr\u00e9jus<\/a><\/li>\n<li><a href=\"http:\/\/www.tcsl.fr\/wp-content\/uploads\/2023\/04\/2023_Dept-Armes-Anciennes_TCSL_02-04-2023.pdf\" target=\"_blank\" rel=\"noreferrer noopener\">02 04 2023 D\u00e9partementaux Armes Anciennes au TCSL<\/a><\/li>\n<li><a href=\"http:\/\/www.tcsl.fr\/wp-content\/uploads\/2022\/09\/2022_Regionaux-TAR_Frejus_05-06-06-22.pdf\" target=\"_blank\" rel=\"noopener\">05 et 0606\/2022 R\u00e9gionaux TAR \u00e0 Fr\u00e9jus<\/a><\/li>\n<li><a href=\"http:\/\/www.tcsl.fr\/wp-content\/uploads\/2022\/06\/2022_Departementaux-TAR_Frejus_07-08-05-22.pdf\" target=\"_blank\" rel=\"noopener\">07 et 08\/05\/2022 D\u00e9partementaux TAR \u00e0 Fr\u00e9jus<\/a><\/li>\n<li><a href=\"http:\/\/www.tcsl.fr\/wp-content\/uploads\/2022\/06\/2022_Regionaux-AA_St-Laurent_30-04_01-05-22.pdf\" target=\"_blank\" rel=\"noopener\">30\/04 et 01\/05 2022R\u00e9gionaux Armes Anciennes au TCSL<\/a><\/li>\n<li><a href=\"http:\/\/www.tcsl.fr\/wp-content\/uploads\/2022\/04\/2022_Departementaux-Armes-Anciennes_TCSL_2-3-04-2022.pdf\" target=\"_blank\" rel=\"noopener\">2 et 3 avril 2022 D\u00e9partementaux Armes Anciennes au TCSL<\/a><\/li>\n<li><a href=\"http:\/\/www.tcsl.fr\/wp-content\/uploads\/2022\/02\/2022-Tour-Regional-Clubs-10m_Toulon_30-01-2022.pdf\">30 janvier 2022 Tour R\u00e9gional 10m \u00e0 Toulon<\/a><\/li>\n<li><a href=\"http:\/\/www.tcsl.fr\/wp-content\/uploads\/2021\/01\/2021-Tombola_TCSL_16-01-2021.pdf\" target=\"_blank\" rel=\"noopener\">16 janvier 2021 Tirage de la tombola au profit des sinistr\u00e9s des vall\u00e9es<\/a><\/li>\n<li><a href=\"http:\/\/www.tcsl.fr\/wp-content\/uploads\/2020\/03\/2020-France-10M_Niort_10-au-15-02-2020.pdf\" target=\"_blank\" rel=\"noopener noreferrer\">10 au 15 f\u00e9vrier 2020 France 10m \u00e0 Niort<\/a><\/li>\n<li><a href=\"http:\/\/www.tcsl.fr\/wp-content\/uploads\/2020\/01\/2020-Tour-Regional-France-Clubs-10M_Antibes_19-01-2020.pdf\" target=\"_blank\" rel=\"noopener noreferrer\">19 janvier 2020 Tour R\u00e9gional des Championnat de France Clubs 10m<\/a><\/li>\n<li><a href=\"http:\/\/www.tcsl.fr\/wp-content\/uploads\/2019\/10\/2019-10-26-journ\u00e9e-de-travail.pdf\" target=\"_blank\" rel=\"noopener noreferrer\">26 octobre 2019 Journ\u00e9e de Travail<\/a><\/li>\n<li><a href=\"http:\/\/www.tcsl.fr\/wp-content\/uploads\/2019\/04\/2019_03_24-France-Clubs-10-m-Carcassonne.pdf\" target=\"_blank\" rel=\"noopener noreferrer\">24 mars 2019 France des Clubs 10m Carcassonne<\/a><\/li>\n<li><a href=\"http:\/\/www.tcsl.fr\/wp-content\/uploads\/2019\/12\/2019-Regionaux-10M_Toulon_07-et-08-12-2019.pdf\" target=\"_blank\" rel=\"noopener noreferrer\">7 et 8 D\u00e9cembre 2019 R\u00e9gionaux 10m Toulon<\/a><\/li>\n<li><a href=\"http:\/\/www.tcsl.fr\/wp-content\/uploads\/2019\/02\/2019_28-01-2-02-19_CDF-10m-Lorient.pdf\" target=\"_blank\" rel=\"noopener noreferrer\">28\/01 au 02\/02\/2019 France 10m Lorient<\/a><\/li>\n<li><a href=\"http:\/\/www.tcsl.fr\/wp-content\/uploads\/2018\/12\/R\u00e9gionaux-10M-2018.pdf\" target=\"_blank\" rel=\"noopener noreferrer\">1 et 2 d\u00e9cembre 2018 R\u00e9gionaux 10m Toulon<\/a><\/li>\n<li><a href=\"http:\/\/www.tcsl.fr\/wp-content\/uploads\/2020\/01\/2018-D\u00e9partementaux-10M_Antibes_Nov-2018.pdf\" target=\"_blank\" rel=\"noopener noreferrer\">17 et 18 novembre 2018 D\u00e9partementaux 10m Antibes<\/a><\/li>\n<li><a href=\"http:\/\/www.tcsl.fr\/wp-content\/uploads\/2017\/06\/2017-3-4-06_TAR-Regionaux_Fr\u00e9jus.pdf\" target=\"_blank\" rel=\"noopener noreferrer\">3 et 4 juin 2017 R\u00e9gionaux TAR \u00e0 Fr\u00e9jus<\/a><\/li>\n<li><a href=\"http:\/\/www.tcsl.fr\/wp-content\/uploads\/2017\/06\/2017-Juin-15-au-18-FRANCE-AA-Vitrolles.pdf\" target=\"_blank\" rel=\"noopener noreferrer\">15 au 18 juin 2017 France Armes Anciennes \u00e0 Vitrolles<\/a><\/li>\n<li><a href=\"http:\/\/www.tcsl.fr\/wp-content\/uploads\/2017\/02\/2017_10m-France_Montlucon_Fevrier.pdf\" target=\"_blank\" rel=\"noopener noreferrer\">31 janvier au 5 f\u00e9vrier 2017 Championnat de France 10m \u00e0 Montlu\u00e7on<\/a><\/li>\n<li><a href=\"http:\/\/www.tcsl.fr\/wp-content\/uploads\/2016\/12\/2016-12_10-et-11-10m-Regionaux_Toulon.pdf\" target=\"_blank\" rel=\"noopener noreferrer\">10 et 11\/12\/2016 R\u00e9gionaux 10m \u00e0 Toulon<\/a><\/li>\n<li><a href=\"http:\/\/www.tcsl.fr\/wp-content\/uploads\/2016\/11\/2016-11_11-au-13_Dept-10m_Antibes.pdf\" target=\"_blank\" rel=\"noopener noreferrer\">11 au 13\/11\/2016 D\u00e9partementaux 10m \u00e0 Antibes<\/a><\/li>\n<li><a href=\"http:\/\/www.tcsl.fr\/wp-content\/uploads\/2016\/10\/2015-10-03-Match-amical-10m-TCSL.pdf\" target=\"_blank\" rel=\"noopener noreferrer\">03\/10\/2015 Match amical 10m au TCSL<\/a><\/li>\n<li><a href=\"http:\/\/www.tcsl.fr\/wp-content\/uploads\/2016\/10\/2015-07-13-au-18-France-25-50-Moulins.pdf\" target=\"_blank\" rel=\"noopener noreferrer\">13 au 18 07\/2015 Championnat de France 25\/50 \u00e0 Moulins<\/a><\/li>\n<li><a href=\"http:\/\/www.tcsl.fr\/wp-content\/uploads\/2016\/10\/2015-06-25-au-28-France-TAR-Uzes.pdf\" target=\"_blank\" rel=\"noopener noreferrer\">25 au 28 06\/2015 Championnat de France TAR \u00e0 Uz\u00e8s<\/a><\/li>\n<li><a href=\"http:\/\/www.tcsl.fr\/wp-content\/uploads\/2016\/10\/2015-06-11-au-14-France-AA-Vitrolles.pdf\" target=\"_blank\" rel=\"noopener noreferrer\">11 au 14 06\/2015 Championnat de France Armes Anciennes \u00e0 Vitrolles<\/a><\/li>\n<li><a href=\"http:\/\/www.tcsl.fr\/wp-content\/uploads\/2016\/10\/2015-05-22-Departementaux-25-50m-Antibes.pdf\" target=\"_blank\" rel=\"noopener noreferrer\">22\/05\/2015 Championnat D\u00e9partemental 25\/50 \u00e0 Antibes<\/a><\/li>\n<li><a href=\"http:\/\/www.tcsl.fr\/wp-content\/uploads\/2016\/10\/2015-05-22-Challenge-interclubs-AA-La-Barasse.pdf\" target=\"_blank\" rel=\"noopener noreferrer\">22\/05\/2015 Challenge interclubs Armes Anciennes \u00e0 La Barasse<\/a><\/li>\n<li><a href=\"http:\/\/www.tcsl.fr\/wp-content\/uploads\/2016\/10\/2015-05-16-H-plus-L-TCSL.pdf\" target=\"_blank\" rel=\"noopener noreferrer\">16\/05\/2015 Match H plus L au TCSL<\/a><\/li>\n<li><a href=\"http:\/\/www.tcsl.fr\/wp-content\/uploads\/2016\/10\/2015-05-10-Regionaux-AA-TCSL.pdf\" target=\"_blank\" rel=\"noopener noreferrer\">10\/05\/2015 Championnat R\u00e9gional Armes Anciennes au TCSL<\/a><\/li>\n<li><a href=\"http:\/\/www.tcsl.fr\/wp-content\/uploads\/2016\/10\/2015-05-03-Regionaux-TAR-Frejus.pdf\" target=\"_blank\" rel=\"noopener noreferrer\">03\/05\/2015 Championnat R\u00e9gional TAR \u00e0 Fr\u00e9jus<\/a><\/li>\n<li><a href=\"http:\/\/www.tcsl.fr\/wp-content\/uploads\/2016\/10\/2015-04-19-Inter-Dept-TAR-Frejus.pdf\" target=\"_blank\" rel=\"noopener noreferrer\">19\/04\/2015 Championnat Inter-D\u00e9partementaux TAR \u00e0 Fr\u00e9jus<\/a><\/li>\n<li><a href=\"http:\/\/www.tcsl.fr\/wp-content\/uploads\/2016\/10\/2015-04-12-Departementaux-Armes-Anciennes-TCSL.pdf\" target=\"_blank\" rel=\"noopener noreferrer\">12\/04\/2015 Championnats D\u00e9partemental Armes Anciennes au TCSL<\/a><\/li>\n<li><a href=\"http:\/\/www.tcsl.fr\/wp-content\/uploads\/2016\/10\/2015-02-03-au-07-France-10-m-Agen.pdf\" target=\"_blank\" rel=\"noopener noreferrer\">3 au 7 02\/2015 Championnat de France 10m \u00e0 Agen<\/a><\/li>\n<li><a href=\"http:\/\/www.tcsl.fr\/wp-content\/uploads\/2016\/10\/2014-11-21-au-23-Departementaux-10-m-Antibes.pdf\" target=\"_blank\" rel=\"noopener noreferrer\">21 au 23 11\/2014 Championnat D\u00e9partemental 10m \u00e0 Antibes<\/a><\/li>\n<li><a href=\"http:\/\/www.tcsl.fr\/wp-content\/uploads\/2016\/10\/2014-09-20-et-21-22-Hunter-Match-International-BIPM-TCSL.pdf\" target=\"_blank\" rel=\"noopener noreferrer\">2014-09-20 et 21 09\/2014 Match International BIPM 22 Hunter au TCSL<\/a><\/li>\n<li><a href=\"http:\/\/www.tcsl.fr\/wp-content\/uploads\/2016\/10\/2014-07-22-Hunter-Championnat-du-Monde-Volmerange.pdf\" target=\"_blank\" rel=\"noopener noreferrer\">22\/07\/2014 Championnat du Monde 22 Hunter \u00e0 Volmerange<\/a><\/li>\n<li><a href=\"http:\/\/www.tcsl.fr\/wp-content\/uploads\/2016\/10\/2014-07-12-Challenge-22LR-TCSL-.pdf\" target=\"_blank\" rel=\"noopener noreferrer\">12\/07\/2014 Challenge 22LR au TCSL<\/a><\/li>\n<li><a href=\"http:\/\/www.tcsl.fr\/wp-content\/uploads\/2016\/10\/2014-07-03-au-06-TAR-France-Vitrolles.pdf\" target=\"_blank\" rel=\"noopener noreferrer\">3 au 6 07\/2014 Championnat de France TAR \u00e0 Vitrolles<\/a><\/li>\n<li><a href=\"http:\/\/www.tcsl.fr\/wp-content\/uploads\/2016\/10\/2014-06-20-et-21-22-Hunter-CriteriumNational-LaFare.pdf\" target=\"_blank\" rel=\"noopener noreferrer\">2020 et 21 06\/2014 22 Hunter Criterium National \u00e0 La Fare les Oliviers<\/a><\/li>\n<li><a href=\"http:\/\/www.tcsl.fr\/wp-content\/uploads\/2016\/10\/2014-06-11-au-16-France-Armes-Anciennes-Volmerange.pdf\" target=\"_blank\" rel=\"noopener noreferrer\">11 au 16\/06\/2014\/ Championnat de France Armes Anciennes Volmerange<\/a><\/li>\n<li><a href=\"http:\/\/www.tcsl.fr\/wp-content\/uploads\/2016\/10\/2014-06-08-Regionaux-25-50-Toulon.pdf\" target=\"_blank\" rel=\"noopener noreferrer\">08\/06\/2014 Championnat R\u00e9gional 25\/50 \u00e0 Toulonn<\/a><\/li>\n<li><a href=\"http:\/\/www.tcsl.fr\/wp-content\/uploads\/2016\/10\/2014-05-31-12h-22-Hunter-TCSL.pdf\" target=\"_blank\" rel=\"noopener noreferrer\">31\/05\/2014 22 Hunter 12 Heures du TCSL<\/a><\/li>\n<li><a href=\"http:\/\/www.tcsl.fr\/wp-content\/uploads\/2016\/10\/2014-05-25-TAR-Regionaux-Frejus.pdf\" target=\"_blank\" rel=\"noopener noreferrer\">25\/05\/2014 Championnat R\u00e9gional TAR \u00e0 Fr\u00e9jus<\/a><\/li>\n<li><a href=\"http:\/\/www.tcsl.fr\/wp-content\/uploads\/2016\/10\/2014-05-17-et-18-Departementaux-25-50-Antibes.pdf\" target=\"_blank\" rel=\"noopener noreferrer\">17\/05\/2014 Championnat D\u00e9partemental 25\/50 \u00e0 Antibes<\/a><\/li>\n<li>08\/05\/2014 Championnat R\u00e9gional Armes Anciennes au TCSL<\/li>\n<li><a href=\"http:\/\/www.tcsl.fr\/wp-content\/uploads\/2016\/10\/2014-04-27-TAR-InterDepartementaux-Frejus.pdf\" target=\"_blank\" rel=\"noopener noreferrer\">27\/04\/2014 Championnat Inter-d\u00e9partemental TAR \u00e0 Frejus<\/a><\/li>\n<li><a href=\"http:\/\/www.tcsl.fr\/wp-content\/uploads\/2016\/10\/2014-04-19-JourneedeTravail.pdf\" target=\"_blank\" rel=\"noopener noreferrer\">19\/04\/2014 Journ\u00e9e de Travail au TCSL<\/a><\/li>\n<li><a href=\"http:\/\/www.tcsl.fr\/wp-content\/uploads\/2016\/10\/2014-04-12-et-13-22-Hunter-DijonChatenoy.pdf\" target=\"_blank\" rel=\"noopener noreferrer\">13\/04\/2014 Championnat D\u00e9partementaux Armes Anciennes au TCSL<\/a><\/li>\n<li><a href=\"http:\/\/www.tcsl.fr\/wp-content\/uploads\/2016\/10\/2014-04-12-et-13-22-Hunter-DijonChatenoy.pdf\" target=\"_blank\" rel=\"noopener noreferrer\">12 et 13 04\/2014 Circuit National 22 Hunter \u00e0 Chatenoy le Royal<\/a><\/li>\n<li><a href=\"http:\/\/www.tcsl.fr\/wp-content\/uploads\/2016\/10\/2014-03-Armes-Anciennes-Seillons-Toulon-LaBarasse.pdf\" target=\"_blank\" rel=\"noopener noreferrer\">8 et 9 03\/2014 Match amical Armes Anciennes \u00e0 Seillons<\/a><\/li>\n<li><a href=\"http:\/\/www.tcsl.fr\/wp-content\/uploads\/2016\/10\/2014-03-29-TAR-Inter-Clubs-TCSL.pdf\" target=\"_blank\" rel=\"noopener noreferrer\">29\/03\/2014 Match Amical TAR au TCSL<\/a><\/li>\n<li><a href=\"http:\/\/www.tcsl.fr\/wp-content\/uploads\/2016\/10\/2014-03-15-Coupe-9PARA-45ACP-TCSL.pdf\" target=\"_blank\" rel=\"noopener noreferrer\">15\/03\/2014 Challenge 9 Para 45 ACP au TCSL<\/a><\/li>\n<li><a href=\"http:\/\/www.tcsl.fr\/wp-content\/uploads\/2016\/10\/2013-07-Silhouettes-MetalliquesTCSL.pdf\" target=\"_blank\" rel=\"noopener noreferrer\">07\/2013 Les Silhouettes M\u00e9talliques au TCSL<\/a><\/li>\n<li><a href=\"http:\/\/www.tcsl.fr\/wp-content\/uploads\/2016\/10\/2013-06-22-Challenge-4eme-Categorie-TCSL.pdf\" target=\"_blank\" rel=\"noopener noreferrer\">22\/06\/2013 Challenge 4\u00e8me cat\u00e9gorie au TCSL<\/a><\/li>\n<li><a href=\"http:\/\/www.tcsl.fr\/wp-content\/uploads\/2016\/10\/2013-06-21-et-22-22-Hunter-Criterium-Volmeranges-1.pdf\" target=\"_blank\" rel=\"noopener noreferrer\">21 et 22 06\/2013 Criterium 22 Hunter \u00e0 Volmerange<\/a><\/li>\n<li><a href=\"http:\/\/www.tcsl.fr\/wp-content\/uploads\/2016\/10\/2013-06-21-et-22-22-Hunter-Criterium-Volmeranges-2.pdf\" target=\"_blank\" rel=\"noopener noreferrer\">221 et 22 06\/2013 Criterium 22 Hunter \u00e0 Volmerange (suite)<\/a><\/li>\n<li><a href=\"http:\/\/www.tcsl.fr\/wp-content\/uploads\/2016\/10\/2013-06-16-TAR-Regionaux-Frejus.pdf\" target=\"_blank\" rel=\"noopener noreferrer\">16\/06\/2013 Championnat R\u00e9gional TAR \u00e0 Frejus<\/a><\/li>\n<li><a href=\"http:\/\/www.tcsl.fr\/wp-content\/uploads\/2016\/10\/2013-06-08-et-09-Regionaux-25-50-Antibes-.pdf\" target=\"_blank\" rel=\"noopener noreferrer\">8 et 9 06\/2013 Championnat R\u00e9gional 25\/50 \u00e0 Antibes<\/a><\/li>\n<li><a href=\"http:\/\/www.tcsl.fr\/wp-content\/uploads\/2016\/10\/2013-06-01-22-Hunter-12h-de-Chatenoy.pdf\" target=\"_blank\" rel=\"noopener noreferrer\">01\/06\/2013 22 Hunter 12 Heures de Chatenoy le royal<\/a><\/li>\n<li>05\/2013 Infos Club TCSL<\/li>\n<li><a href=\"http:\/\/www.tcsl.fr\/wp-content\/uploads\/2016\/10\/2013-05-25-22-Hunter-Match-Postal-Mondial-TCSL.pdf\" target=\"_blank\" rel=\"noopener noreferrer\">25\/05\/2013 22 Hunter Match Postal Mondial au TCSL<\/a><\/li>\n<li><a href=\"http:\/\/www.tcsl.fr\/wp-content\/uploads\/2016\/10\/2013-05-23-au-26-France-Armes-Anciennes-La-Canourgue.pdf\" target=\"_blank\" rel=\"noopener noreferrer\">23 au 26 05\/2013 Championnat de France Armes Anciennes \u00e0 La Canourgue<\/a><\/li>\n<li><a href=\"http:\/\/www.tcsl.fr\/wp-content\/uploads\/2016\/10\/2013-05-20-TAR-Departementaux-Frejus.pdf\" target=\"_blank\" rel=\"noopener noreferrer\">20\/05\/2013 Championnat D\u00e9partemental TAR \u00e0 Fr\u00e9jus<\/a><\/li>\n<li><a href=\"http:\/\/www.tcsl.fr\/wp-content\/uploads\/2016\/10\/2013-05-04-et-05-Departementaux-25-50-Antibes-.pdf\" target=\"_blank\" rel=\"noopener noreferrer\">4 et 5 05\/2013 Championnat D\u00e9partementaux 25\/50 \u00e0 Antibes<\/a><\/li>\n<li><a href=\"http:\/\/www.tcsl.fr\/wp-content\/uploads\/2016\/10\/2013-04-27-et-28-22-Hunter-TCSL.pdf\" target=\"_blank\" rel=\"noopener noreferrer\">27 et 28 04\/2013 Circuit National 22 Hunter au TCSL<\/a><\/li>\n<li><a href=\"http:\/\/www.tcsl.fr\/wp-content\/uploads\/2016\/10\/2013-04-20-et-21-22-Hunter-Dijon.pdf\" target=\"_blank\" rel=\"noopener noreferrer\">20 et 21 04\/2013 Circuit National 22 Hunter \u00e0 Dijon et Gevrey Chambertin<\/a><\/li>\n<li><a href=\"http:\/\/www.tcsl.fr\/wp-content\/uploads\/2016\/10\/2013-04-20-et-21-Regionaux-Armes-Anciennes-Les-Maures.pdf\" target=\"_blank\" rel=\"noopener noreferrer\">2013-020 et 21 04\/2013 Championnat R\u00e9gional Armes Anciennes \u00e0 La M\u00f4le<\/a><\/li>\n<li><a href=\"http:\/\/www.tcsl.fr\/wp-content\/uploads\/2016\/10\/2013-04-13-TAR-Inter-Clubs-TCSL.pdf\" target=\"_blank\" rel=\"noopener noreferrer\">13\/04\/2013 Match amical TAR au TCSL<\/a><\/li>\n<li><a href=\"http:\/\/www.tcsl.fr\/wp-content\/uploads\/2016\/11\/Journ\u00e9e-JAPON-au-TCSL.pdf\" target=\"_blank\" rel=\"noopener noreferrer\">15\/12\/2012 Un Samoura\u00ef au TCSL<\/a><\/li>\n<\/ul>\n","protected":false},"excerpt":{"rendered":"<p>13 et 14 avril 2024 Inter-D\u00e9partementaux TAR Fr\u00e9jus 20 au 27 07 2023 France TAR \u00e0 Volmerange 13 et 14\/05\/2023 R\u00e9gionaux TAR\u00a0 \u00e0 Fr\u00e9jus 30\/04\/2023 R\u00e9gionaux Armes Anciennes au TCSL 22 et 23 04\/2023 Inter-d\u00e9partementaux TAR \u00e0 Fr\u00e9jus 02 04 2023 D\u00e9partementaux Armes Anciennes au TCSL 05 et 0606\/2022 R\u00e9gionaux TAR \u00e0 Fr\u00e9jus 07 et [&hellip;]<\/p>\n","protected":false},"author":1,"featured_media":0,"parent":1080,"menu_order":0,"comment_status":"closed","ping_status":"closed","template":"","meta":{"footnotes":""},"class_list":["post-1084","page","type-page","status-publish","hentry"],"yoast_head":"<!-- This site is optimized with the Yoast SEO plugin v27.3 - https:\/\/yoast.com\/product\/yoast-seo-wordpress\/ -->\n<title>La Gazette du TCSL - TCSL<\/title>\n<meta name=\"robots\" content=\"index, follow, max-snippet:-1, max-image-preview:large, max-video-preview:-1\" \/>\n<link rel=\"canonical\" href=\"https:\/\/www.tcsl.fr\/index.php\/la-gazette\/la-gazette-du-tcsl\/\" \/>\n<meta property=\"og:locale\" content=\"fr_FR\" \/>\n<meta property=\"og:type\" content=\"article\" \/>\n<meta property=\"og:title\" content=\"La Gazette du TCSL - TCSL\" \/>\n<meta property=\"og:description\" content=\"13 et 14 avril 2024 Inter-D\u00e9partementaux TAR Fr\u00e9jus 20 au 27 07 2023 France TAR \u00e0 Volmerange 13 et 14\/05\/2023 R\u00e9gionaux TAR\u00a0 \u00e0 Fr\u00e9jus 30\/04\/2023 R\u00e9gionaux Armes Anciennes au TCSL 22 et 23 04\/2023 Inter-d\u00e9partementaux TAR \u00e0 Fr\u00e9jus 02 04 2023 D\u00e9partementaux Armes Anciennes au TCSL 05 et 0606\/2022 R\u00e9gionaux TAR \u00e0 Fr\u00e9jus 07 et [&hellip;]\" \/>\n<meta property=\"og:url\" content=\"https:\/\/www.tcsl.fr\/index.php\/la-gazette\/la-gazette-du-tcsl\/\" \/>\n<meta property=\"og:site_name\" content=\"TCSL\" \/>\n<meta property=\"article:modified_time\" content=\"2024-04-19T09:44:08+00:00\" \/>\n<meta name=\"twitter:card\" content=\"summary_large_image\" \/>\n<meta name=\"twitter:label1\" content=\"Dur\u00e9e de lecture estim\u00e9e\" \/>\n\t<meta name=\"twitter:data1\" content=\"4 minutes\" \/>\n<script type=\"application\/ld+json\" class=\"yoast-schema-graph\">{\"@context\":\"https:\\\/\\\/schema.org\",\"@graph\":[{\"@type\":\"WebPage\",\"@id\":\"https:\\\/\\\/www.tcsl.fr\\\/index.php\\\/la-gazette\\\/la-gazette-du-tcsl\\\/\",\"url\":\"https:\\\/\\\/www.tcsl.fr\\\/index.php\\\/la-gazette\\\/la-gazette-du-tcsl\\\/\",\"name\":\"La Gazette du TCSL - TCSL\",\"isPartOf\":{\"@id\":\"https:\\\/\\\/www.tcsl.fr\\\/#website\"},\"datePublished\":\"2016-10-05T16:41:41+00:00\",\"dateModified\":\"2024-04-19T09:44:08+00:00\",\"breadcrumb\":{\"@id\":\"https:\\\/\\\/www.tcsl.fr\\\/index.php\\\/la-gazette\\\/la-gazette-du-tcsl\\\/#breadcrumb\"},\"inLanguage\":\"fr-FR\",\"potentialAction\":[{\"@type\":\"ReadAction\",\"target\":[\"https:\\\/\\\/www.tcsl.fr\\\/index.php\\\/la-gazette\\\/la-gazette-du-tcsl\\\/\"]}]},{\"@type\":\"BreadcrumbList\",\"@id\":\"https:\\\/\\\/www.tcsl.fr\\\/index.php\\\/la-gazette\\\/la-gazette-du-tcsl\\\/#breadcrumb\",\"itemListElement\":[{\"@type\":\"ListItem\",\"position\":1,\"name\":\"Accueil\",\"item\":\"https:\\\/\\\/www.tcsl.fr\\\/\"},{\"@type\":\"ListItem\",\"position\":2,\"name\":\"La Gazette\",\"item\":\"https:\\\/\\\/www.tcsl.fr\\\/index.php\\\/la-gazette\\\/\"},{\"@type\":\"ListItem\",\"position\":3,\"name\":\"La Gazette du TCSL\"}]},{\"@type\":\"WebSite\",\"@id\":\"https:\\\/\\\/www.tcsl.fr\\\/#website\",\"url\":\"https:\\\/\\\/www.tcsl.fr\\\/\",\"name\":\"TCSL\",\"description\":\"Le site du Tir Club Stade Laurentin\",\"publisher\":{\"@id\":\"https:\\\/\\\/www.tcsl.fr\\\/#organization\"},\"potentialAction\":[{\"@type\":\"SearchAction\",\"target\":{\"@type\":\"EntryPoint\",\"urlTemplate\":\"https:\\\/\\\/www.tcsl.fr\\\/?s={search_term_string}\"},\"query-input\":{\"@type\":\"PropertyValueSpecification\",\"valueRequired\":true,\"valueName\":\"search_term_string\"}}],\"inLanguage\":\"fr-FR\"},{\"@type\":\"Organization\",\"@id\":\"https:\\\/\\\/www.tcsl.fr\\\/#organization\",\"name\":\"TCSL\",\"url\":\"https:\\\/\\\/www.tcsl.fr\\\/\",\"logo\":{\"@type\":\"ImageObject\",\"inLanguage\":\"fr-FR\",\"@id\":\"https:\\\/\\\/www.tcsl.fr\\\/#\\\/schema\\\/logo\\\/image\\\/\",\"url\":\"http:\\\/\\\/www.tcsl.fr\\\/wp-content\\\/uploads\\\/2024\\\/10\\\/cropped-cropped-cropped-cropped-cropped-logo-lettrage-degrade-rouge-et-blanc-fond-bleu-300x123-1.jpg\",\"contentUrl\":\"http:\\\/\\\/www.tcsl.fr\\\/wp-content\\\/uploads\\\/2024\\\/10\\\/cropped-cropped-cropped-cropped-cropped-logo-lettrage-degrade-rouge-et-blanc-fond-bleu-300x123-1.jpg\",\"width\":240,\"height\":98,\"caption\":\"TCSL\"},\"image\":{\"@id\":\"https:\\\/\\\/www.tcsl.fr\\\/#\\\/schema\\\/logo\\\/image\\\/\"}}]}<\/script>\n<!-- \/ Yoast SEO plugin. -->","yoast_head_json":{"title":"La Gazette du TCSL - TCSL","robots":{"index":"index","follow":"follow","max-snippet":"max-snippet:-1","max-image-preview":"max-image-preview:large","max-video-preview":"max-video-preview:-1"},"canonical":"https:\/\/www.tcsl.fr\/index.php\/la-gazette\/la-gazette-du-tcsl\/","og_locale":"fr_FR","og_type":"article","og_title":"La Gazette du TCSL - TCSL","og_description":"13 et 14 avril 2024 Inter-D\u00e9partementaux TAR Fr\u00e9jus 20 au 27 07 2023 France TAR \u00e0 Volmerange 13 et 14\/05\/2023 R\u00e9gionaux TAR\u00a0 \u00e0 Fr\u00e9jus 30\/04\/2023 R\u00e9gionaux Armes Anciennes au TCSL 22 et 23 04\/2023 Inter-d\u00e9partementaux TAR \u00e0 Fr\u00e9jus 02 04 2023 D\u00e9partementaux Armes Anciennes au TCSL 05 et 0606\/2022 R\u00e9gionaux TAR \u00e0 Fr\u00e9jus 07 et [&hellip;]","og_url":"https:\/\/www.tcsl.fr\/index.php\/la-gazette\/la-gazette-du-tcsl\/","og_site_name":"TCSL","article_modified_time":"2024-04-19T09:44:08+00:00","twitter_card":"summary_large_image","twitter_misc":{"Dur\u00e9e de lecture estim\u00e9e":"4 minutes"},"schema":{"@context":"https:\/\/schema.org","@graph":[{"@type":"WebPage","@id":"https:\/\/www.tcsl.fr\/index.php\/la-gazette\/la-gazette-du-tcsl\/","url":"https:\/\/www.tcsl.fr\/index.php\/la-gazette\/la-gazette-du-tcsl\/","name":"La Gazette du TCSL - TCSL","isPartOf":{"@id":"https:\/\/www.tcsl.fr\/#website"},"datePublished":"2016-10-05T16:41:41+00:00","dateModified":"2024-04-19T09:44:08+00:00","breadcrumb":{"@id":"https:\/\/www.tcsl.fr\/index.php\/la-gazette\/la-gazette-du-tcsl\/#breadcrumb"},"inLanguage":"fr-FR","potentialAction":[{"@type":"ReadAction","target":["https:\/\/www.tcsl.fr\/index.php\/la-gazette\/la-gazette-du-tcsl\/"]}]},{"@type":"BreadcrumbList","@id":"https:\/\/www.tcsl.fr\/index.php\/la-gazette\/la-gazette-du-tcsl\/#breadcrumb","itemListElement":[{"@type":"ListItem","position":1,"name":"Accueil","item":"https:\/\/www.tcsl.fr\/"},{"@type":"ListItem","position":2,"name":"La Gazette","item":"https:\/\/www.tcsl.fr\/index.php\/la-gazette\/"},{"@type":"ListItem","position":3,"name":"La Gazette du TCSL"}]},{"@type":"WebSite","@id":"https:\/\/www.tcsl.fr\/#website","url":"https:\/\/www.tcsl.fr\/","name":"TCSL","description":"Le site du Tir Club Stade Laurentin","publisher":{"@id":"https:\/\/www.tcsl.fr\/#organization"},"potentialAction":[{"@type":"SearchAction","target":{"@type":"EntryPoint","urlTemplate":"https:\/\/www.tcsl.fr\/?s={search_term_string}"},"query-input":{"@type":"PropertyValueSpecification","valueRequired":true,"valueName":"search_term_string"}}],"inLanguage":"fr-FR"},{"@type":"Organization","@id":"https:\/\/www.tcsl.fr\/#organization","name":"TCSL","url":"https:\/\/www.tcsl.fr\/","logo":{"@type":"ImageObject","inLanguage":"fr-FR","@id":"https:\/\/www.tcsl.fr\/#\/schema\/logo\/image\/","url":"http:\/\/www.tcsl.fr\/wp-content\/uploads\/2024\/10\/cropped-cropped-cropped-cropped-cropped-logo-lettrage-degrade-rouge-et-blanc-fond-bleu-300x123-1.jpg","contentUrl":"http:\/\/www.tcsl.fr\/wp-content\/uploads\/2024\/10\/cropped-cropped-cropped-cropped-cropped-logo-lettrage-degrade-rouge-et-blanc-fond-bleu-300x123-1.jpg","width":240,"height":98,"caption":"TCSL"},"image":{"@id":"https:\/\/www.tcsl.fr\/#\/schema\/logo\/image\/"}}]}},"_links":{"self":[{"href":"http:\/\/www.tcsl.fr\/index.php\/wp-json\/wp\/v2\/pages\/1084","targetHints":{"allow":["GET"]}}],"collection":[{"href":"http:\/\/www.tcsl.fr\/index.php\/wp-json\/wp\/v2\/pages"}],"about":[{"href":"http:\/\/www.tcsl.fr\/index.php\/wp-json\/wp\/v2\/types\/page"}],"author":[{"embeddable":true,"href":"http:\/\/www.tcsl.fr\/index.php\/wp-json\/wp\/v2\/users\/1"}],"replies":[{"embeddable":true,"href":"http:\/\/www.tcsl.fr\/index.php\/wp-json\/wp\/v2\/comments?post=1084"}],"version-history":[{"count":66,"href":"http:\/\/www.tcsl.fr\/index.php\/wp-json\/wp\/v2\/pages\/1084\/revisions"}],"predecessor-version":[{"id":7612,"href":"http:\/\/www.tcsl.fr\/index.php\/wp-json\/wp\/v2\/pages\/1084\/revisions\/7612"}],"up":[{"embeddable":true,"href":"http:\/\/www.tcsl.fr\/index.php\/wp-json\/wp\/v2\/pages\/1080"}],"wp:attachment":[{"href":"http:\/\/www.tcsl.fr\/index.php\/wp-json\/wp\/v2\/media?parent=1084"}],"curies":[{"name":"wp","href":"https:\/\/api.w.org\/{rel}","templated":true}]}}