{"id":1093,"date":"2016-10-05T18:47:16","date_gmt":"2016-10-05T16:47:16","guid":{"rendered":"http:\/\/www.tcsl.fr\/?page_id=1093"},"modified":"2022-04-24T09:57:58","modified_gmt":"2022-04-24T07:57:58","slug":"liens-pratiques","status":"publish","type":"page","link":"http:\/\/www.tcsl.fr\/index.php\/divers\/liens-pratiques\/","title":{"rendered":"Liens pratiques"},"content":{"rendered":"<div class=\"entry-text\">\n<p><a href=\"https:\/\/www.service-public.fr\/particuliers\/vosdroits\/F2252\" target=\"_blank\" rel=\"noopener\" data-slimstat-clicked=\"false\" data-slimstat-type=\"0\" data-slimstat-tracking=\"true\" data-slimstat-async=\"true\" data-slimstat-callback=\"false\">Transport des armes.<\/a><\/p>\n<p><a href=\"https:\/\/www.cjn.justice.gouv.fr\/cjn\/b3\/eje20\" target=\"_blank\" rel=\"noopener\" data-slimstat-clicked=\"false\" data-slimstat-type=\"0\" data-slimstat-tracking=\"true\" data-slimstat-async=\"true\" data-slimstat-callback=\"false\">Demande d\u2019extrait de casier judiciaire<\/a>.<\/p>\n<p><a href=\"https:\/\/mdel.mon.service-public.fr\/acte-etat-civil.html\" target=\"_blank\" rel=\"noopener\" data-slimstat-clicked=\"false\" data-slimstat-type=\"0\" data-slimstat-tracking=\"true\" data-slimstat-async=\"true\" data-slimstat-callback=\"false\">Demande d\u2019extrait de naissance<\/a><\/p>\n<p><a href=\"http:\/\/www.cdtam.fr\/\" data-slimstat-clicked=\"false\" data-slimstat-type=\"0\" data-slimstat-tracking=\"true\" data-slimstat-async=\"false\" data-slimstat-callback=\"true\">Comit\u00e9 D\u00e9partemental de Tir des Alpes Maritimes (CDTAM)<\/a><\/p>\n<p><a href=\"http:\/\/www.ligue-tir-cotedazur.com\/accueil.php\" data-slimstat-clicked=\"false\" data-slimstat-type=\"0\" data-slimstat-tracking=\"true\" data-slimstat-async=\"false\" data-slimstat-callback=\"true\">Ligue R\u00e9gionale de Tir de la Cote d\u2019Azur<\/a><\/p>\n<p><a href=\"http:\/\/www.fftir.org\" data-slimstat-clicked=\"false\" data-slimstat-type=\"0\" data-slimstat-tracking=\"true\" data-slimstat-async=\"false\" data-slimstat-callback=\"true\">F\u00e9d\u00e9ration Fran\u00e7aise de Tir<\/a><\/p>\n<p><a href=\"https:\/\/www.tcsl.fr\/index.php\/2022-alain-bacchi\/\" target=\"_blank\" rel=\"noopener\">test<\/a><\/p>\n<\/div>\n","protected":false},"excerpt":{"rendered":"<p>Transport des armes. Demande d\u2019extrait de casier judiciaire. Demande d\u2019extrait de naissance Comit\u00e9 D\u00e9partemental de Tir des Alpes Maritimes (CDTAM) Ligue R\u00e9gionale de Tir de la Cote d\u2019Azur F\u00e9d\u00e9ration Fran\u00e7aise de Tir test<\/p>\n","protected":false},"author":1,"featured_media":0,"parent":1091,"menu_order":0,"comment_status":"closed","ping_status":"closed","template":"","meta":{"footnotes":""},"class_list":["post-1093","page","type-page","status-publish","hentry"],"yoast_head":"<!-- This site is optimized with the Yoast SEO plugin v27.3 - https:\/\/yoast.com\/product\/yoast-seo-wordpress\/ -->\n<title>Liens pratiques - TCSL<\/title>\n<meta name=\"robots\" content=\"index, follow, max-snippet:-1, max-image-preview:large, max-video-preview:-1\" \/>\n<link rel=\"canonical\" href=\"http:\/\/www.tcsl.fr\/index.php\/divers\/liens-pratiques\/\" \/>\n<meta property=\"og:locale\" content=\"fr_FR\" \/>\n<meta property=\"og:type\" content=\"article\" \/>\n<meta property=\"og:title\" content=\"Liens pratiques - TCSL\" \/>\n<meta property=\"og:description\" content=\"Transport des armes. Demande d\u2019extrait de casier judiciaire. Demande d\u2019extrait de naissance Comit\u00e9 D\u00e9partemental de Tir des Alpes Maritimes (CDTAM) Ligue R\u00e9gionale de Tir de la Cote d\u2019Azur F\u00e9d\u00e9ration Fran\u00e7aise de Tir test\" \/>\n<meta property=\"og:url\" content=\"http:\/\/www.tcsl.fr\/index.php\/divers\/liens-pratiques\/\" \/>\n<meta property=\"og:site_name\" content=\"TCSL\" \/>\n<meta property=\"article:modified_time\" content=\"2022-04-24T07:57:58+00:00\" \/>\n<meta name=\"twitter:card\" content=\"summary_large_image\" \/>\n<meta name=\"twitter:label1\" content=\"Dur\u00e9e de lecture estim\u00e9e\" \/>\n\t<meta name=\"twitter:data1\" content=\"1 minute\" \/>\n<script type=\"application\/ld+json\" class=\"yoast-schema-graph\">{\"@context\":\"https:\\\/\\\/schema.org\",\"@graph\":[{\"@type\":\"WebPage\",\"@id\":\"http:\\\/\\\/www.tcsl.fr\\\/index.php\\\/divers\\\/liens-pratiques\\\/\",\"url\":\"http:\\\/\\\/www.tcsl.fr\\\/index.php\\\/divers\\\/liens-pratiques\\\/\",\"name\":\"Liens pratiques - TCSL\",\"isPartOf\":{\"@id\":\"https:\\\/\\\/www.tcsl.fr\\\/#website\"},\"datePublished\":\"2016-10-05T16:47:16+00:00\",\"dateModified\":\"2022-04-24T07:57:58+00:00\",\"breadcrumb\":{\"@id\":\"http:\\\/\\\/www.tcsl.fr\\\/index.php\\\/divers\\\/liens-pratiques\\\/#breadcrumb\"},\"inLanguage\":\"fr-FR\",\"potentialAction\":[{\"@type\":\"ReadAction\",\"target\":[\"http:\\\/\\\/www.tcsl.fr\\\/index.php\\\/divers\\\/liens-pratiques\\\/\"]}]},{\"@type\":\"BreadcrumbList\",\"@id\":\"http:\\\/\\\/www.tcsl.fr\\\/index.php\\\/divers\\\/liens-pratiques\\\/#breadcrumb\",\"itemListElement\":[{\"@type\":\"ListItem\",\"position\":1,\"name\":\"Accueil\",\"item\":\"https:\\\/\\\/www.tcsl.fr\\\/\"},{\"@type\":\"ListItem\",\"position\":2,\"name\":\"Divers\",\"item\":\"http:\\\/\\\/www.tcsl.fr\\\/index.php\\\/divers\\\/\"},{\"@type\":\"ListItem\",\"position\":3,\"name\":\"Liens pratiques\"}]},{\"@type\":\"WebSite\",\"@id\":\"https:\\\/\\\/www.tcsl.fr\\\/#website\",\"url\":\"https:\\\/\\\/www.tcsl.fr\\\/\",\"name\":\"TCSL\",\"description\":\"Le site du Tir Club Stade Laurentin\",\"publisher\":{\"@id\":\"https:\\\/\\\/www.tcsl.fr\\\/#organization\"},\"potentialAction\":[{\"@type\":\"SearchAction\",\"target\":{\"@type\":\"EntryPoint\",\"urlTemplate\":\"https:\\\/\\\/www.tcsl.fr\\\/?s={search_term_string}\"},\"query-input\":{\"@type\":\"PropertyValueSpecification\",\"valueRequired\":true,\"valueName\":\"search_term_string\"}}],\"inLanguage\":\"fr-FR\"},{\"@type\":\"Organization\",\"@id\":\"https:\\\/\\\/www.tcsl.fr\\\/#organization\",\"name\":\"TCSL\",\"url\":\"https:\\\/\\\/www.tcsl.fr\\\/\",\"logo\":{\"@type\":\"ImageObject\",\"inLanguage\":\"fr-FR\",\"@id\":\"https:\\\/\\\/www.tcsl.fr\\\/#\\\/schema\\\/logo\\\/image\\\/\",\"url\":\"http:\\\/\\\/www.tcsl.fr\\\/wp-content\\\/uploads\\\/2024\\\/10\\\/cropped-cropped-cropped-cropped-cropped-logo-lettrage-degrade-rouge-et-blanc-fond-bleu-300x123-1.jpg\",\"contentUrl\":\"http:\\\/\\\/www.tcsl.fr\\\/wp-content\\\/uploads\\\/2024\\\/10\\\/cropped-cropped-cropped-cropped-cropped-logo-lettrage-degrade-rouge-et-blanc-fond-bleu-300x123-1.jpg\",\"width\":240,\"height\":98,\"caption\":\"TCSL\"},\"image\":{\"@id\":\"https:\\\/\\\/www.tcsl.fr\\\/#\\\/schema\\\/logo\\\/image\\\/\"}}]}<\/script>\n<!-- \/ Yoast SEO plugin. -->","yoast_head_json":{"title":"Liens pratiques - TCSL","robots":{"index":"index","follow":"follow","max-snippet":"max-snippet:-1","max-image-preview":"max-image-preview:large","max-video-preview":"max-video-preview:-1"},"canonical":"http:\/\/www.tcsl.fr\/index.php\/divers\/liens-pratiques\/","og_locale":"fr_FR","og_type":"article","og_title":"Liens pratiques - TCSL","og_description":"Transport des armes. Demande d\u2019extrait de casier judiciaire. Demande d\u2019extrait de naissance Comit\u00e9 D\u00e9partemental de Tir des Alpes Maritimes (CDTAM) Ligue R\u00e9gionale de Tir de la Cote d\u2019Azur F\u00e9d\u00e9ration Fran\u00e7aise de Tir test","og_url":"http:\/\/www.tcsl.fr\/index.php\/divers\/liens-pratiques\/","og_site_name":"TCSL","article_modified_time":"2022-04-24T07:57:58+00:00","twitter_card":"summary_large_image","twitter_misc":{"Dur\u00e9e de lecture estim\u00e9e":"1 minute"},"schema":{"@context":"https:\/\/schema.org","@graph":[{"@type":"WebPage","@id":"http:\/\/www.tcsl.fr\/index.php\/divers\/liens-pratiques\/","url":"http:\/\/www.tcsl.fr\/index.php\/divers\/liens-pratiques\/","name":"Liens pratiques - TCSL","isPartOf":{"@id":"https:\/\/www.tcsl.fr\/#website"},"datePublished":"2016-10-05T16:47:16+00:00","dateModified":"2022-04-24T07:57:58+00:00","breadcrumb":{"@id":"http:\/\/www.tcsl.fr\/index.php\/divers\/liens-pratiques\/#breadcrumb"},"inLanguage":"fr-FR","potentialAction":[{"@type":"ReadAction","target":["http:\/\/www.tcsl.fr\/index.php\/divers\/liens-pratiques\/"]}]},{"@type":"BreadcrumbList","@id":"http:\/\/www.tcsl.fr\/index.php\/divers\/liens-pratiques\/#breadcrumb","itemListElement":[{"@type":"ListItem","position":1,"name":"Accueil","item":"https:\/\/www.tcsl.fr\/"},{"@type":"ListItem","position":2,"name":"Divers","item":"http:\/\/www.tcsl.fr\/index.php\/divers\/"},{"@type":"ListItem","position":3,"name":"Liens pratiques"}]},{"@type":"WebSite","@id":"https:\/\/www.tcsl.fr\/#website","url":"https:\/\/www.tcsl.fr\/","name":"TCSL","description":"Le site du Tir Club Stade Laurentin","publisher":{"@id":"https:\/\/www.tcsl.fr\/#organization"},"potentialAction":[{"@type":"SearchAction","target":{"@type":"EntryPoint","urlTemplate":"https:\/\/www.tcsl.fr\/?s={search_term_string}"},"query-input":{"@type":"PropertyValueSpecification","valueRequired":true,"valueName":"search_term_string"}}],"inLanguage":"fr-FR"},{"@type":"Organization","@id":"https:\/\/www.tcsl.fr\/#organization","name":"TCSL","url":"https:\/\/www.tcsl.fr\/","logo":{"@type":"ImageObject","inLanguage":"fr-FR","@id":"https:\/\/www.tcsl.fr\/#\/schema\/logo\/image\/","url":"http:\/\/www.tcsl.fr\/wp-content\/uploads\/2024\/10\/cropped-cropped-cropped-cropped-cropped-logo-lettrage-degrade-rouge-et-blanc-fond-bleu-300x123-1.jpg","contentUrl":"http:\/\/www.tcsl.fr\/wp-content\/uploads\/2024\/10\/cropped-cropped-cropped-cropped-cropped-logo-lettrage-degrade-rouge-et-blanc-fond-bleu-300x123-1.jpg","width":240,"height":98,"caption":"TCSL"},"image":{"@id":"https:\/\/www.tcsl.fr\/#\/schema\/logo\/image\/"}}]}},"_links":{"self":[{"href":"http:\/\/www.tcsl.fr\/index.php\/wp-json\/wp\/v2\/pages\/1093","targetHints":{"allow":["GET"]}}],"collection":[{"href":"http:\/\/www.tcsl.fr\/index.php\/wp-json\/wp\/v2\/pages"}],"about":[{"href":"http:\/\/www.tcsl.fr\/index.php\/wp-json\/wp\/v2\/types\/page"}],"author":[{"embeddable":true,"href":"http:\/\/www.tcsl.fr\/index.php\/wp-json\/wp\/v2\/users\/1"}],"replies":[{"embeddable":true,"href":"http:\/\/www.tcsl.fr\/index.php\/wp-json\/wp\/v2\/comments?post=1093"}],"version-history":[{"count":3,"href":"http:\/\/www.tcsl.fr\/index.php\/wp-json\/wp\/v2\/pages\/1093\/revisions"}],"predecessor-version":[{"id":6690,"href":"http:\/\/www.tcsl.fr\/index.php\/wp-json\/wp\/v2\/pages\/1093\/revisions\/6690"}],"up":[{"embeddable":true,"href":"http:\/\/www.tcsl.fr\/index.php\/wp-json\/wp\/v2\/pages\/1091"}],"wp:attachment":[{"href":"http:\/\/www.tcsl.fr\/index.php\/wp-json\/wp\/v2\/media?parent=1093"}],"curies":[{"name":"wp","href":"https:\/\/api.w.org\/{rel}","templated":true}]}}