{"id":1124,"date":"2016-10-05T19:01:13","date_gmt":"2016-10-05T17:01:13","guid":{"rendered":"http:\/\/www.tcsl.fr\/?page_id=1124"},"modified":"2016-10-16T14:30:55","modified_gmt":"2016-10-16T12:30:55","slug":"techniques-du-tireur","status":"publish","type":"page","link":"http:\/\/www.tcsl.fr\/index.php\/divers\/techniques\/techniques-du-tireur\/","title":{"rendered":"Techniques du tireur"},"content":{"rendered":"<p style=\"text-align: justify;\">Que l\u2019on soit tireur de comp\u00e9tition ou tireur de loisir, faire un beau 10 reste toujours un plaisir ! Ce beau 10 n\u2019est malheureusement pas syst\u00e9matique et d\u00e9pend de l\u2019exp\u00e9rience, de la pratique, mais aussi et surtout de l\u2019entra\u00eenement.<\/p>\n<p style=\"text-align: justify;\">Pour vous aider \u00e0 r\u00e9ussir, nous avons fait quelques fiches qui permettent un entra\u00eenement sur les fonctions basiques et essentielles du tir. Ces exercices sont bas\u00e9s sur la pratique du tir \u00e0 10m avec un pistolet ou une carabine \u00e0 plombs mais, ils sont transposables \u00e0 pas mal de disciplines. De toute fa\u00e7on, si vous ne comprenez pas un exercice, n\u2019h\u00e9sitez pas \u00e0 demander conseil aupr\u00e8s d\u2019un Animateur ou d\u2019un Initiateur du club (ils sont nombreux).<\/p>\n<p style=\"text-align: justify;\">Au fil du temps, nous esp\u00e9rons enrichir cette rubrique avec d\u2019autres fiches sur l\u2019\u00e9chauffement, la pr\u00e9paration mentale ou le perfectionnement.<\/p>\n<p>St\u00e9phane M.<\/p>\n<ul>\n<li><a href=\"http:\/\/www.tcsl.fr\/wp-content\/uploads\/2016\/10\/la-position.pdf\" target=\"_blank\">La Position<\/a><\/li>\n<li><a href=\"http:\/\/www.tcsl.fr\/wp-content\/uploads\/2016\/10\/la-visee.pdf\" target=\"_blank\">La Vis\u00e9e<\/a><\/li>\n<li><a href=\"http:\/\/www.tcsl.fr\/wp-content\/uploads\/2016\/10\/le-lacher.pdf\" target=\"_blank\">Le L\u00e2cher<\/a><\/li>\n<li><a href=\"http:\/\/www.tcsl.fr\/wp-content\/uploads\/2016\/10\/le-trac.pdf\" target=\"_blank\">Le Trac<\/a><\/li>\n<li><a href=\"http:\/\/www.tcsl.fr\/wp-content\/uploads\/2016\/10\/sequence-de-tir.pdf\" target=\"_blank\">La S\u00e9quence de Tir<\/a><\/li>\n<\/ul>\n","protected":false},"excerpt":{"rendered":"<p>Que l\u2019on soit tireur de comp\u00e9tition ou tireur de loisir, faire un beau 10 reste toujours un plaisir ! Ce beau 10 n\u2019est malheureusement pas syst\u00e9matique et d\u00e9pend de l\u2019exp\u00e9rience, de la pratique, mais aussi et surtout de l\u2019entra\u00eenement. Pour vous aider \u00e0 r\u00e9ussir, nous avons fait quelques fiches qui permettent un entra\u00eenement sur les [&hellip;]<\/p>\n","protected":false},"author":1,"featured_media":0,"parent":1114,"menu_order":0,"comment_status":"closed","ping_status":"closed","template":"","meta":{"footnotes":""},"class_list":["post-1124","page","type-page","status-publish","hentry"],"yoast_head":"<!-- This site is optimized with the Yoast SEO plugin v27.5 - https:\/\/yoast.com\/product\/yoast-seo-wordpress\/ -->\n<title>Techniques du tireur - TCSL<\/title>\n<meta name=\"robots\" content=\"index, follow, max-snippet:-1, max-image-preview:large, max-video-preview:-1\" \/>\n<link rel=\"canonical\" href=\"http:\/\/www.tcsl.fr\/index.php\/divers\/techniques\/techniques-du-tireur\/\" \/>\n<meta property=\"og:locale\" content=\"fr_FR\" \/>\n<meta property=\"og:type\" content=\"article\" \/>\n<meta property=\"og:title\" content=\"Techniques du tireur - TCSL\" \/>\n<meta property=\"og:description\" content=\"Que l\u2019on soit tireur de comp\u00e9tition ou tireur de loisir, faire un beau 10 reste toujours un plaisir ! Ce beau 10 n\u2019est malheureusement pas syst\u00e9matique et d\u00e9pend de l\u2019exp\u00e9rience, de la pratique, mais aussi et surtout de l\u2019entra\u00eenement. Pour vous aider \u00e0 r\u00e9ussir, nous avons fait quelques fiches qui permettent un entra\u00eenement sur les [&hellip;]\" \/>\n<meta property=\"og:url\" content=\"http:\/\/www.tcsl.fr\/index.php\/divers\/techniques\/techniques-du-tireur\/\" \/>\n<meta property=\"og:site_name\" content=\"TCSL\" \/>\n<meta property=\"article:modified_time\" content=\"2016-10-16T12:30:55+00:00\" \/>\n<meta name=\"twitter:card\" content=\"summary_large_image\" \/>\n<meta name=\"twitter:label1\" content=\"Dur\u00e9e de lecture estim\u00e9e\" \/>\n\t<meta name=\"twitter:data1\" content=\"1 minute\" \/>\n<script type=\"application\/ld+json\" class=\"yoast-schema-graph\">{\"@context\":\"https:\\\/\\\/schema.org\",\"@graph\":[{\"@type\":\"WebPage\",\"@id\":\"http:\\\/\\\/www.tcsl.fr\\\/index.php\\\/divers\\\/techniques\\\/techniques-du-tireur\\\/\",\"url\":\"http:\\\/\\\/www.tcsl.fr\\\/index.php\\\/divers\\\/techniques\\\/techniques-du-tireur\\\/\",\"name\":\"Techniques du tireur - TCSL\",\"isPartOf\":{\"@id\":\"http:\\\/\\\/www.tcsl.fr\\\/#website\"},\"datePublished\":\"2016-10-05T17:01:13+00:00\",\"dateModified\":\"2016-10-16T12:30:55+00:00\",\"breadcrumb\":{\"@id\":\"http:\\\/\\\/www.tcsl.fr\\\/index.php\\\/divers\\\/techniques\\\/techniques-du-tireur\\\/#breadcrumb\"},\"inLanguage\":\"fr-FR\",\"potentialAction\":[{\"@type\":\"ReadAction\",\"target\":[\"http:\\\/\\\/www.tcsl.fr\\\/index.php\\\/divers\\\/techniques\\\/techniques-du-tireur\\\/\"]}]},{\"@type\":\"BreadcrumbList\",\"@id\":\"http:\\\/\\\/www.tcsl.fr\\\/index.php\\\/divers\\\/techniques\\\/techniques-du-tireur\\\/#breadcrumb\",\"itemListElement\":[{\"@type\":\"ListItem\",\"position\":1,\"name\":\"Accueil\",\"item\":\"http:\\\/\\\/www.tcsl.fr\\\/\"},{\"@type\":\"ListItem\",\"position\":2,\"name\":\"Divers\",\"item\":\"https:\\\/\\\/www.tcsl.fr\\\/index.php\\\/divers\\\/\"},{\"@type\":\"ListItem\",\"position\":3,\"name\":\"Techniques\",\"item\":\"https:\\\/\\\/www.tcsl.fr\\\/index.php\\\/divers\\\/techniques\\\/\"},{\"@type\":\"ListItem\",\"position\":4,\"name\":\"Techniques du tireur\"}]},{\"@type\":\"WebSite\",\"@id\":\"http:\\\/\\\/www.tcsl.fr\\\/#website\",\"url\":\"http:\\\/\\\/www.tcsl.fr\\\/\",\"name\":\"TCSL\",\"description\":\"Le site du Tir Club Stade Laurentin\",\"publisher\":{\"@id\":\"http:\\\/\\\/www.tcsl.fr\\\/#organization\"},\"potentialAction\":[{\"@type\":\"SearchAction\",\"target\":{\"@type\":\"EntryPoint\",\"urlTemplate\":\"http:\\\/\\\/www.tcsl.fr\\\/?s={search_term_string}\"},\"query-input\":{\"@type\":\"PropertyValueSpecification\",\"valueRequired\":true,\"valueName\":\"search_term_string\"}}],\"inLanguage\":\"fr-FR\"},{\"@type\":\"Organization\",\"@id\":\"http:\\\/\\\/www.tcsl.fr\\\/#organization\",\"name\":\"TCSL\",\"url\":\"http:\\\/\\\/www.tcsl.fr\\\/\",\"logo\":{\"@type\":\"ImageObject\",\"inLanguage\":\"fr-FR\",\"@id\":\"http:\\\/\\\/www.tcsl.fr\\\/#\\\/schema\\\/logo\\\/image\\\/\",\"url\":\"http:\\\/\\\/www.tcsl.fr\\\/wp-content\\\/uploads\\\/2024\\\/10\\\/cropped-cropped-cropped-cropped-cropped-logo-lettrage-degrade-rouge-et-blanc-fond-bleu-300x123-1.jpg\",\"contentUrl\":\"http:\\\/\\\/www.tcsl.fr\\\/wp-content\\\/uploads\\\/2024\\\/10\\\/cropped-cropped-cropped-cropped-cropped-logo-lettrage-degrade-rouge-et-blanc-fond-bleu-300x123-1.jpg\",\"width\":240,\"height\":98,\"caption\":\"TCSL\"},\"image\":{\"@id\":\"http:\\\/\\\/www.tcsl.fr\\\/#\\\/schema\\\/logo\\\/image\\\/\"}}]}<\/script>\n<!-- \/ Yoast SEO plugin. -->","yoast_head_json":{"title":"Techniques du tireur - TCSL","robots":{"index":"index","follow":"follow","max-snippet":"max-snippet:-1","max-image-preview":"max-image-preview:large","max-video-preview":"max-video-preview:-1"},"canonical":"http:\/\/www.tcsl.fr\/index.php\/divers\/techniques\/techniques-du-tireur\/","og_locale":"fr_FR","og_type":"article","og_title":"Techniques du tireur - TCSL","og_description":"Que l\u2019on soit tireur de comp\u00e9tition ou tireur de loisir, faire un beau 10 reste toujours un plaisir ! Ce beau 10 n\u2019est malheureusement pas syst\u00e9matique et d\u00e9pend de l\u2019exp\u00e9rience, de la pratique, mais aussi et surtout de l\u2019entra\u00eenement. Pour vous aider \u00e0 r\u00e9ussir, nous avons fait quelques fiches qui permettent un entra\u00eenement sur les [&hellip;]","og_url":"http:\/\/www.tcsl.fr\/index.php\/divers\/techniques\/techniques-du-tireur\/","og_site_name":"TCSL","article_modified_time":"2016-10-16T12:30:55+00:00","twitter_card":"summary_large_image","twitter_misc":{"Dur\u00e9e de lecture estim\u00e9e":"1 minute"},"schema":{"@context":"https:\/\/schema.org","@graph":[{"@type":"WebPage","@id":"http:\/\/www.tcsl.fr\/index.php\/divers\/techniques\/techniques-du-tireur\/","url":"http:\/\/www.tcsl.fr\/index.php\/divers\/techniques\/techniques-du-tireur\/","name":"Techniques du tireur - TCSL","isPartOf":{"@id":"http:\/\/www.tcsl.fr\/#website"},"datePublished":"2016-10-05T17:01:13+00:00","dateModified":"2016-10-16T12:30:55+00:00","breadcrumb":{"@id":"http:\/\/www.tcsl.fr\/index.php\/divers\/techniques\/techniques-du-tireur\/#breadcrumb"},"inLanguage":"fr-FR","potentialAction":[{"@type":"ReadAction","target":["http:\/\/www.tcsl.fr\/index.php\/divers\/techniques\/techniques-du-tireur\/"]}]},{"@type":"BreadcrumbList","@id":"http:\/\/www.tcsl.fr\/index.php\/divers\/techniques\/techniques-du-tireur\/#breadcrumb","itemListElement":[{"@type":"ListItem","position":1,"name":"Accueil","item":"http:\/\/www.tcsl.fr\/"},{"@type":"ListItem","position":2,"name":"Divers","item":"https:\/\/www.tcsl.fr\/index.php\/divers\/"},{"@type":"ListItem","position":3,"name":"Techniques","item":"https:\/\/www.tcsl.fr\/index.php\/divers\/techniques\/"},{"@type":"ListItem","position":4,"name":"Techniques du tireur"}]},{"@type":"WebSite","@id":"http:\/\/www.tcsl.fr\/#website","url":"http:\/\/www.tcsl.fr\/","name":"TCSL","description":"Le site du Tir Club Stade Laurentin","publisher":{"@id":"http:\/\/www.tcsl.fr\/#organization"},"potentialAction":[{"@type":"SearchAction","target":{"@type":"EntryPoint","urlTemplate":"http:\/\/www.tcsl.fr\/?s={search_term_string}"},"query-input":{"@type":"PropertyValueSpecification","valueRequired":true,"valueName":"search_term_string"}}],"inLanguage":"fr-FR"},{"@type":"Organization","@id":"http:\/\/www.tcsl.fr\/#organization","name":"TCSL","url":"http:\/\/www.tcsl.fr\/","logo":{"@type":"ImageObject","inLanguage":"fr-FR","@id":"http:\/\/www.tcsl.fr\/#\/schema\/logo\/image\/","url":"http:\/\/www.tcsl.fr\/wp-content\/uploads\/2024\/10\/cropped-cropped-cropped-cropped-cropped-logo-lettrage-degrade-rouge-et-blanc-fond-bleu-300x123-1.jpg","contentUrl":"http:\/\/www.tcsl.fr\/wp-content\/uploads\/2024\/10\/cropped-cropped-cropped-cropped-cropped-logo-lettrage-degrade-rouge-et-blanc-fond-bleu-300x123-1.jpg","width":240,"height":98,"caption":"TCSL"},"image":{"@id":"http:\/\/www.tcsl.fr\/#\/schema\/logo\/image\/"}}]}},"_links":{"self":[{"href":"http:\/\/www.tcsl.fr\/index.php\/wp-json\/wp\/v2\/pages\/1124","targetHints":{"allow":["GET"]}}],"collection":[{"href":"http:\/\/www.tcsl.fr\/index.php\/wp-json\/wp\/v2\/pages"}],"about":[{"href":"http:\/\/www.tcsl.fr\/index.php\/wp-json\/wp\/v2\/types\/page"}],"author":[{"embeddable":true,"href":"http:\/\/www.tcsl.fr\/index.php\/wp-json\/wp\/v2\/users\/1"}],"replies":[{"embeddable":true,"href":"http:\/\/www.tcsl.fr\/index.php\/wp-json\/wp\/v2\/comments?post=1124"}],"version-history":[{"count":7,"href":"http:\/\/www.tcsl.fr\/index.php\/wp-json\/wp\/v2\/pages\/1124\/revisions"}],"predecessor-version":[{"id":1356,"href":"http:\/\/www.tcsl.fr\/index.php\/wp-json\/wp\/v2\/pages\/1124\/revisions\/1356"}],"up":[{"embeddable":true,"href":"http:\/\/www.tcsl.fr\/index.php\/wp-json\/wp\/v2\/pages\/1114"}],"wp:attachment":[{"href":"http:\/\/www.tcsl.fr\/index.php\/wp-json\/wp\/v2\/media?parent=1124"}],"curies":[{"name":"wp","href":"https:\/\/api.w.org\/{rel}","templated":true}]}}