{"id":1298,"date":"2016-10-12T14:28:05","date_gmt":"2016-10-12T12:28:05","guid":{"rendered":"http:\/\/www.tcsl.fr\/?page_id=1298"},"modified":"2024-06-06T09:27:55","modified_gmt":"2024-06-06T07:27:55","slug":"protocole-davant-match","status":"publish","type":"page","link":"http:\/\/www.tcsl.fr\/index.php\/les-disciplines\/lecole-de-tir\/protocole-davant-match\/","title":{"rendered":"Protocole d\u2019avant-match"},"content":{"rendered":"<p>Arriv\u00e9e sur les lieux du match 1\/2 h avant l\u2019heure de contr\u00f4le des armes afin de bien se pr\u00e9parer, physiquement, psychologiquement (stress).<\/p>\n<p><strong><u>Ne pas oublier\u00a0:<br \/>\n<\/u><\/strong><\/p>\n<p>Sa licence en cours de validit\u00e9 <strong><u>certificat m\u00e9dical \u00e0 jour<\/u><\/strong><del><u><\/u><\/del><\/p>\n<p>Sa bo\u00eete de plombs avec le sch\u00e9ma de r\u00e9glage des instruments de vis\u00e9e<\/p>\n<ul>\n<li>Carabinier, gant, veste, chaussures, carabine dans sa bo\u00eete de protection<\/li>\n<li>Pistolier, potence (fixe, Poussin), (mobile, Benjamin) , son pistolet dans sa mallette<\/li>\n<li>Sa bouteille d\u2019eau<\/li>\n<li>Sa barre de c\u00e9r\u00e9ales<\/li>\n<li>Son stylo<\/li>\n<li>Son carnet de tir<\/li>\n<li>Sa montre (temps de match pour tir sur cible papier). Eviter le chronom\u00e8tre de son portable<\/li>\n<li>Son bandeau, cache \u0153il ou lunettes<\/li>\n<\/ul>\n<p>A l\u2019arriv\u00e9e, prendre sa fiche planning au tableau et la remplir\u00a0:<\/p>\n<p><strong>V\u00e9rifier<\/strong> le nom, pr\u00e9nom, n\u00b0 de licence sa cat\u00e9gorie (Poussin, Benjamin ou Minime) et sa discipline (carabine, pistolet, pr\u00e9cision ou vitesse, \u2026)<\/p>\n<p><strong>Inscrire<\/strong> le n\u00b0 de l\u2019arme, la marque, le mod\u00e8le et le calibre<\/p>\n<p><strong><u>Contr\u00f4le des armes\u00a0:<\/u><\/strong><\/p>\n<p><strong>1\/<\/strong> se pr\u00e9senter \u00e0 la table de contr\u00f4le avec\u00a0:<\/p>\n<p>Sa licence <strong>\/<\/strong> Sa fiche planning remplie <strong>\/ <\/strong>Son arme dans sa bo\u00eete<strong><br \/>\n<\/strong><\/p>\n<p><strong>2\/ <\/strong>sortir son arme de sa bo\u00eete de transport, la pr\u00e9senter \u00e0 l\u2019arbitre en s\u00e9curit\u00e9 pour le contr\u00f4le\u00a0:<\/p>\n<p><strong>Pistolet <\/strong>(culasse ouverte, canon vers le haut, enlever le drapeau)<\/p>\n<p>Contr\u00f4le du poids de d\u00e9tente, longueur, largeur et \u00e9paisseur et poids de l\u2019arme<\/p>\n<p><strong>Carabine <\/strong>(culasse ouverte, enlever le drapeau)<\/p>\n<p>Contr\u00f4le des dimensions et du poids de l\u2019arme<\/p>\n<p><strong><u>Si tir sur cible carton\u00a0:<\/u><\/strong><\/p>\n<p>Remise des 30 ou 40 cibles + 2 \u00a0d\u2019essais (barr\u00e9es d\u2019un trait ou d\u2019un coin noir en haut \u00e0 droite).<\/p>\n<p>Apr\u00e8s l\u2019enregistrement de son arme et l\u2019attribution d\u2019un poste de tir, remettre son arme dans sa bo\u00eete de protection et rejoindre le pas-de-tir.<\/p>\n<p><strong>A son arriv\u00e9e, sur le pas-de-tir attendre d\u2019\u00eatre invit\u00e9 par l\u2019arbitre pour s\u2019installer \u00e0 son poste de tir respectif.<\/strong><\/p>\n","protected":false},"excerpt":{"rendered":"<p>Arriv\u00e9e sur les lieux du match 1\/2 h avant l\u2019heure de contr\u00f4le des armes afin de bien se pr\u00e9parer, physiquement, psychologiquement (stress). Ne pas oublier\u00a0: Sa licence en cours de validit\u00e9 certificat m\u00e9dical \u00e0 jour Sa bo\u00eete de plombs avec le sch\u00e9ma de r\u00e9glage des instruments de vis\u00e9e Carabinier, gant, veste, chaussures, carabine dans sa [&hellip;]<\/p>\n","protected":false},"author":1,"featured_media":0,"parent":977,"menu_order":0,"comment_status":"closed","ping_status":"closed","template":"","meta":{"footnotes":""},"class_list":["post-1298","page","type-page","status-publish","hentry"],"yoast_head":"<!-- This site is optimized with the Yoast SEO plugin v27.4 - https:\/\/yoast.com\/product\/yoast-seo-wordpress\/ -->\n<title>Protocole d\u2019avant-match - TCSL<\/title>\n<meta name=\"robots\" content=\"index, follow, max-snippet:-1, max-image-preview:large, max-video-preview:-1\" \/>\n<link rel=\"canonical\" href=\"https:\/\/www.tcsl.fr\/index.php\/les-disciplines\/lecole-de-tir\/protocole-davant-match\/\" \/>\n<meta property=\"og:locale\" content=\"fr_FR\" \/>\n<meta property=\"og:type\" content=\"article\" \/>\n<meta property=\"og:title\" content=\"Protocole d\u2019avant-match - TCSL\" \/>\n<meta property=\"og:description\" content=\"Arriv\u00e9e sur les lieux du match 1\/2 h avant l\u2019heure de contr\u00f4le des armes afin de bien se pr\u00e9parer, physiquement, psychologiquement (stress). Ne pas oublier\u00a0: Sa licence en cours de validit\u00e9 certificat m\u00e9dical \u00e0 jour Sa bo\u00eete de plombs avec le sch\u00e9ma de r\u00e9glage des instruments de vis\u00e9e Carabinier, gant, veste, chaussures, carabine dans sa [&hellip;]\" \/>\n<meta property=\"og:url\" content=\"https:\/\/www.tcsl.fr\/index.php\/les-disciplines\/lecole-de-tir\/protocole-davant-match\/\" \/>\n<meta property=\"og:site_name\" content=\"TCSL\" \/>\n<meta property=\"article:modified_time\" content=\"2024-06-06T07:27:55+00:00\" \/>\n<meta name=\"twitter:card\" content=\"summary_large_image\" \/>\n<meta name=\"twitter:label1\" content=\"Dur\u00e9e de lecture estim\u00e9e\" \/>\n\t<meta name=\"twitter:data1\" content=\"2 minutes\" \/>\n<script type=\"application\/ld+json\" class=\"yoast-schema-graph\">{\"@context\":\"https:\\\/\\\/schema.org\",\"@graph\":[{\"@type\":\"WebPage\",\"@id\":\"https:\\\/\\\/www.tcsl.fr\\\/index.php\\\/les-disciplines\\\/lecole-de-tir\\\/protocole-davant-match\\\/\",\"url\":\"https:\\\/\\\/www.tcsl.fr\\\/index.php\\\/les-disciplines\\\/lecole-de-tir\\\/protocole-davant-match\\\/\",\"name\":\"Protocole d\u2019avant-match - TCSL\",\"isPartOf\":{\"@id\":\"https:\\\/\\\/www.tcsl.fr\\\/#website\"},\"datePublished\":\"2016-10-12T12:28:05+00:00\",\"dateModified\":\"2024-06-06T07:27:55+00:00\",\"breadcrumb\":{\"@id\":\"https:\\\/\\\/www.tcsl.fr\\\/index.php\\\/les-disciplines\\\/lecole-de-tir\\\/protocole-davant-match\\\/#breadcrumb\"},\"inLanguage\":\"fr-FR\",\"potentialAction\":[{\"@type\":\"ReadAction\",\"target\":[\"https:\\\/\\\/www.tcsl.fr\\\/index.php\\\/les-disciplines\\\/lecole-de-tir\\\/protocole-davant-match\\\/\"]}]},{\"@type\":\"BreadcrumbList\",\"@id\":\"https:\\\/\\\/www.tcsl.fr\\\/index.php\\\/les-disciplines\\\/lecole-de-tir\\\/protocole-davant-match\\\/#breadcrumb\",\"itemListElement\":[{\"@type\":\"ListItem\",\"position\":1,\"name\":\"Accueil\",\"item\":\"https:\\\/\\\/www.tcsl.fr\\\/\"},{\"@type\":\"ListItem\",\"position\":2,\"name\":\"Les Disciplines\",\"item\":\"https:\\\/\\\/www.tcsl.fr\\\/index.php\\\/les-disciplines\\\/\"},{\"@type\":\"ListItem\",\"position\":3,\"name\":\"\u00c9cole de Tir\",\"item\":\"https:\\\/\\\/www.tcsl.fr\\\/index.php\\\/les-disciplines\\\/lecole-de-tir\\\/\"},{\"@type\":\"ListItem\",\"position\":4,\"name\":\"Protocole d\u2019avant-match\"}]},{\"@type\":\"WebSite\",\"@id\":\"https:\\\/\\\/www.tcsl.fr\\\/#website\",\"url\":\"https:\\\/\\\/www.tcsl.fr\\\/\",\"name\":\"TCSL\",\"description\":\"Le site du Tir Club Stade Laurentin\",\"publisher\":{\"@id\":\"https:\\\/\\\/www.tcsl.fr\\\/#organization\"},\"potentialAction\":[{\"@type\":\"SearchAction\",\"target\":{\"@type\":\"EntryPoint\",\"urlTemplate\":\"https:\\\/\\\/www.tcsl.fr\\\/?s={search_term_string}\"},\"query-input\":{\"@type\":\"PropertyValueSpecification\",\"valueRequired\":true,\"valueName\":\"search_term_string\"}}],\"inLanguage\":\"fr-FR\"},{\"@type\":\"Organization\",\"@id\":\"https:\\\/\\\/www.tcsl.fr\\\/#organization\",\"name\":\"TCSL\",\"url\":\"https:\\\/\\\/www.tcsl.fr\\\/\",\"logo\":{\"@type\":\"ImageObject\",\"inLanguage\":\"fr-FR\",\"@id\":\"https:\\\/\\\/www.tcsl.fr\\\/#\\\/schema\\\/logo\\\/image\\\/\",\"url\":\"http:\\\/\\\/www.tcsl.fr\\\/wp-content\\\/uploads\\\/2024\\\/10\\\/cropped-cropped-cropped-cropped-cropped-logo-lettrage-degrade-rouge-et-blanc-fond-bleu-300x123-1.jpg\",\"contentUrl\":\"http:\\\/\\\/www.tcsl.fr\\\/wp-content\\\/uploads\\\/2024\\\/10\\\/cropped-cropped-cropped-cropped-cropped-logo-lettrage-degrade-rouge-et-blanc-fond-bleu-300x123-1.jpg\",\"width\":240,\"height\":98,\"caption\":\"TCSL\"},\"image\":{\"@id\":\"https:\\\/\\\/www.tcsl.fr\\\/#\\\/schema\\\/logo\\\/image\\\/\"}}]}<\/script>\n<!-- \/ Yoast SEO plugin. -->","yoast_head_json":{"title":"Protocole d\u2019avant-match - TCSL","robots":{"index":"index","follow":"follow","max-snippet":"max-snippet:-1","max-image-preview":"max-image-preview:large","max-video-preview":"max-video-preview:-1"},"canonical":"https:\/\/www.tcsl.fr\/index.php\/les-disciplines\/lecole-de-tir\/protocole-davant-match\/","og_locale":"fr_FR","og_type":"article","og_title":"Protocole d\u2019avant-match - TCSL","og_description":"Arriv\u00e9e sur les lieux du match 1\/2 h avant l\u2019heure de contr\u00f4le des armes afin de bien se pr\u00e9parer, physiquement, psychologiquement (stress). Ne pas oublier\u00a0: Sa licence en cours de validit\u00e9 certificat m\u00e9dical \u00e0 jour Sa bo\u00eete de plombs avec le sch\u00e9ma de r\u00e9glage des instruments de vis\u00e9e Carabinier, gant, veste, chaussures, carabine dans sa [&hellip;]","og_url":"https:\/\/www.tcsl.fr\/index.php\/les-disciplines\/lecole-de-tir\/protocole-davant-match\/","og_site_name":"TCSL","article_modified_time":"2024-06-06T07:27:55+00:00","twitter_card":"summary_large_image","twitter_misc":{"Dur\u00e9e de lecture estim\u00e9e":"2 minutes"},"schema":{"@context":"https:\/\/schema.org","@graph":[{"@type":"WebPage","@id":"https:\/\/www.tcsl.fr\/index.php\/les-disciplines\/lecole-de-tir\/protocole-davant-match\/","url":"https:\/\/www.tcsl.fr\/index.php\/les-disciplines\/lecole-de-tir\/protocole-davant-match\/","name":"Protocole d\u2019avant-match - TCSL","isPartOf":{"@id":"https:\/\/www.tcsl.fr\/#website"},"datePublished":"2016-10-12T12:28:05+00:00","dateModified":"2024-06-06T07:27:55+00:00","breadcrumb":{"@id":"https:\/\/www.tcsl.fr\/index.php\/les-disciplines\/lecole-de-tir\/protocole-davant-match\/#breadcrumb"},"inLanguage":"fr-FR","potentialAction":[{"@type":"ReadAction","target":["https:\/\/www.tcsl.fr\/index.php\/les-disciplines\/lecole-de-tir\/protocole-davant-match\/"]}]},{"@type":"BreadcrumbList","@id":"https:\/\/www.tcsl.fr\/index.php\/les-disciplines\/lecole-de-tir\/protocole-davant-match\/#breadcrumb","itemListElement":[{"@type":"ListItem","position":1,"name":"Accueil","item":"https:\/\/www.tcsl.fr\/"},{"@type":"ListItem","position":2,"name":"Les Disciplines","item":"https:\/\/www.tcsl.fr\/index.php\/les-disciplines\/"},{"@type":"ListItem","position":3,"name":"\u00c9cole de Tir","item":"https:\/\/www.tcsl.fr\/index.php\/les-disciplines\/lecole-de-tir\/"},{"@type":"ListItem","position":4,"name":"Protocole d\u2019avant-match"}]},{"@type":"WebSite","@id":"https:\/\/www.tcsl.fr\/#website","url":"https:\/\/www.tcsl.fr\/","name":"TCSL","description":"Le site du Tir Club Stade Laurentin","publisher":{"@id":"https:\/\/www.tcsl.fr\/#organization"},"potentialAction":[{"@type":"SearchAction","target":{"@type":"EntryPoint","urlTemplate":"https:\/\/www.tcsl.fr\/?s={search_term_string}"},"query-input":{"@type":"PropertyValueSpecification","valueRequired":true,"valueName":"search_term_string"}}],"inLanguage":"fr-FR"},{"@type":"Organization","@id":"https:\/\/www.tcsl.fr\/#organization","name":"TCSL","url":"https:\/\/www.tcsl.fr\/","logo":{"@type":"ImageObject","inLanguage":"fr-FR","@id":"https:\/\/www.tcsl.fr\/#\/schema\/logo\/image\/","url":"http:\/\/www.tcsl.fr\/wp-content\/uploads\/2024\/10\/cropped-cropped-cropped-cropped-cropped-logo-lettrage-degrade-rouge-et-blanc-fond-bleu-300x123-1.jpg","contentUrl":"http:\/\/www.tcsl.fr\/wp-content\/uploads\/2024\/10\/cropped-cropped-cropped-cropped-cropped-logo-lettrage-degrade-rouge-et-blanc-fond-bleu-300x123-1.jpg","width":240,"height":98,"caption":"TCSL"},"image":{"@id":"https:\/\/www.tcsl.fr\/#\/schema\/logo\/image\/"}}]}},"_links":{"self":[{"href":"http:\/\/www.tcsl.fr\/index.php\/wp-json\/wp\/v2\/pages\/1298","targetHints":{"allow":["GET"]}}],"collection":[{"href":"http:\/\/www.tcsl.fr\/index.php\/wp-json\/wp\/v2\/pages"}],"about":[{"href":"http:\/\/www.tcsl.fr\/index.php\/wp-json\/wp\/v2\/types\/page"}],"author":[{"embeddable":true,"href":"http:\/\/www.tcsl.fr\/index.php\/wp-json\/wp\/v2\/users\/1"}],"replies":[{"embeddable":true,"href":"http:\/\/www.tcsl.fr\/index.php\/wp-json\/wp\/v2\/comments?post=1298"}],"version-history":[{"count":4,"href":"http:\/\/www.tcsl.fr\/index.php\/wp-json\/wp\/v2\/pages\/1298\/revisions"}],"predecessor-version":[{"id":7525,"href":"http:\/\/www.tcsl.fr\/index.php\/wp-json\/wp\/v2\/pages\/1298\/revisions\/7525"}],"up":[{"embeddable":true,"href":"http:\/\/www.tcsl.fr\/index.php\/wp-json\/wp\/v2\/pages\/977"}],"wp:attachment":[{"href":"http:\/\/www.tcsl.fr\/index.php\/wp-json\/wp\/v2\/media?parent=1298"}],"curies":[{"name":"wp","href":"https:\/\/api.w.org\/{rel}","templated":true}]}}