{"id":1304,"date":"2016-10-12T14:30:11","date_gmt":"2016-10-12T12:30:11","guid":{"rendered":"http:\/\/www.tcsl.fr\/?page_id=1304"},"modified":"2016-10-14T10:52:17","modified_gmt":"2016-10-14T08:52:17","slug":"protocole-vestimentaire-ecole-de-tir","status":"publish","type":"page","link":"http:\/\/www.tcsl.fr\/index.php\/les-disciplines\/lecole-de-tir\/protocole-vestimentaire-ecole-de-tir\/","title":{"rendered":"Code vestimentaire \u00c9cole de tir"},"content":{"rendered":"<p><strong><u>Au C<\/u><\/strong><strong><u>lub<\/u><\/strong><\/p>\n<p>Pas d\u2019obligation particuli\u00e8re :<\/p>\n<ul>\n<li>Conseill\u00e9 :Tennis pour pistolier ou carabiniers Poussin et Benjamin<\/li>\n<li>Basket ou tennis pour Minime<\/li>\n<\/ul>\n<p><strong><u>En comp\u00e9tition officielle<\/u><\/strong><\/p>\n<p>Le code vestimentaire de la FFTir s\u2019applique int\u00e9gralement aux Ecoles de tir :<\/p>\n<ul>\n<li>Une tenue appropri\u00e9e devra \u00eatre observ\u00e9e sur les pas-de-tir et lors des c\u00e9r\u00e9monies de remise des m\u00e9dailles.<\/li>\n<li>Elle doit \u00e9galement permettre l&rsquo;identification du club. Au TCSL, tous les comp\u00e9titeurs sont dot\u00e9s gratuitement d\u2019un tee-shirt du Club.<\/li>\n<li>Le port du jean est accept\u00e9 sous r\u00e9serve qu\u2019il soit de couleur uniforme, sans trous et sans d\u00e9coupes effiloch\u00e9es.<\/li>\n<li>Les sandales (d\u00e9conseill\u00e9es), les \u00e9paules nues sont autoris\u00e9es. Les tongues sont interdites.<\/li>\n<li>Les shorts et jupes sont autoris\u00e9s \u00e0 condition que leur longueur ne soit pas inf\u00e9rieure aux doigts tendus le long du corps.<\/li>\n<\/ul>\n","protected":false},"excerpt":{"rendered":"<p>Au Club Pas d\u2019obligation particuli\u00e8re : Conseill\u00e9 :Tennis pour pistolier ou carabiniers Poussin et Benjamin Basket ou tennis pour Minime En comp\u00e9tition officielle Le code vestimentaire de la FFTir s\u2019applique int\u00e9gralement aux Ecoles de tir : Une tenue appropri\u00e9e devra \u00eatre observ\u00e9e sur les pas-de-tir et lors des c\u00e9r\u00e9monies de remise des m\u00e9dailles. Elle doit [&hellip;]<\/p>\n","protected":false},"author":1,"featured_media":0,"parent":977,"menu_order":0,"comment_status":"closed","ping_status":"closed","template":"","meta":{"footnotes":""},"class_list":["post-1304","page","type-page","status-publish","hentry"],"yoast_head":"<!-- This site is optimized with the Yoast SEO plugin v27.5 - https:\/\/yoast.com\/product\/yoast-seo-wordpress\/ -->\n<title>Code vestimentaire \u00c9cole de tir - TCSL<\/title>\n<meta name=\"robots\" content=\"index, follow, max-snippet:-1, max-image-preview:large, max-video-preview:-1\" \/>\n<link rel=\"canonical\" href=\"http:\/\/www.tcsl.fr\/index.php\/les-disciplines\/lecole-de-tir\/protocole-vestimentaire-ecole-de-tir\/\" \/>\n<meta property=\"og:locale\" content=\"fr_FR\" \/>\n<meta property=\"og:type\" content=\"article\" \/>\n<meta property=\"og:title\" content=\"Code vestimentaire \u00c9cole de tir - TCSL\" \/>\n<meta property=\"og:description\" content=\"Au Club Pas d\u2019obligation particuli\u00e8re : Conseill\u00e9 :Tennis pour pistolier ou carabiniers Poussin et Benjamin Basket ou tennis pour Minime En comp\u00e9tition officielle Le code vestimentaire de la FFTir s\u2019applique int\u00e9gralement aux Ecoles de tir : Une tenue appropri\u00e9e devra \u00eatre observ\u00e9e sur les pas-de-tir et lors des c\u00e9r\u00e9monies de remise des m\u00e9dailles. Elle doit [&hellip;]\" \/>\n<meta property=\"og:url\" content=\"http:\/\/www.tcsl.fr\/index.php\/les-disciplines\/lecole-de-tir\/protocole-vestimentaire-ecole-de-tir\/\" \/>\n<meta property=\"og:site_name\" content=\"TCSL\" \/>\n<meta property=\"article:modified_time\" content=\"2016-10-14T08:52:17+00:00\" \/>\n<meta name=\"twitter:card\" content=\"summary_large_image\" \/>\n<meta name=\"twitter:label1\" content=\"Dur\u00e9e de lecture estim\u00e9e\" \/>\n\t<meta name=\"twitter:data1\" content=\"1 minute\" \/>\n<script type=\"application\/ld+json\" class=\"yoast-schema-graph\">{\"@context\":\"https:\\\/\\\/schema.org\",\"@graph\":[{\"@type\":\"WebPage\",\"@id\":\"http:\\\/\\\/www.tcsl.fr\\\/index.php\\\/les-disciplines\\\/lecole-de-tir\\\/protocole-vestimentaire-ecole-de-tir\\\/\",\"url\":\"http:\\\/\\\/www.tcsl.fr\\\/index.php\\\/les-disciplines\\\/lecole-de-tir\\\/protocole-vestimentaire-ecole-de-tir\\\/\",\"name\":\"Code vestimentaire \u00c9cole de tir - TCSL\",\"isPartOf\":{\"@id\":\"http:\\\/\\\/www.tcsl.fr\\\/#website\"},\"datePublished\":\"2016-10-12T12:30:11+00:00\",\"dateModified\":\"2016-10-14T08:52:17+00:00\",\"breadcrumb\":{\"@id\":\"http:\\\/\\\/www.tcsl.fr\\\/index.php\\\/les-disciplines\\\/lecole-de-tir\\\/protocole-vestimentaire-ecole-de-tir\\\/#breadcrumb\"},\"inLanguage\":\"fr-FR\",\"potentialAction\":[{\"@type\":\"ReadAction\",\"target\":[\"http:\\\/\\\/www.tcsl.fr\\\/index.php\\\/les-disciplines\\\/lecole-de-tir\\\/protocole-vestimentaire-ecole-de-tir\\\/\"]}]},{\"@type\":\"BreadcrumbList\",\"@id\":\"http:\\\/\\\/www.tcsl.fr\\\/index.php\\\/les-disciplines\\\/lecole-de-tir\\\/protocole-vestimentaire-ecole-de-tir\\\/#breadcrumb\",\"itemListElement\":[{\"@type\":\"ListItem\",\"position\":1,\"name\":\"Accueil\",\"item\":\"http:\\\/\\\/www.tcsl.fr\\\/\"},{\"@type\":\"ListItem\",\"position\":2,\"name\":\"Les Disciplines\",\"item\":\"http:\\\/\\\/www.tcsl.fr\\\/index.php\\\/les-disciplines\\\/\"},{\"@type\":\"ListItem\",\"position\":3,\"name\":\"\u00c9cole de Tir\",\"item\":\"https:\\\/\\\/www.tcsl.fr\\\/index.php\\\/les-disciplines\\\/lecole-de-tir\\\/\"},{\"@type\":\"ListItem\",\"position\":4,\"name\":\"Code vestimentaire \u00c9cole de tir\"}]},{\"@type\":\"WebSite\",\"@id\":\"http:\\\/\\\/www.tcsl.fr\\\/#website\",\"url\":\"http:\\\/\\\/www.tcsl.fr\\\/\",\"name\":\"TCSL\",\"description\":\"Le site du Tir Club Stade Laurentin\",\"publisher\":{\"@id\":\"http:\\\/\\\/www.tcsl.fr\\\/#organization\"},\"potentialAction\":[{\"@type\":\"SearchAction\",\"target\":{\"@type\":\"EntryPoint\",\"urlTemplate\":\"http:\\\/\\\/www.tcsl.fr\\\/?s={search_term_string}\"},\"query-input\":{\"@type\":\"PropertyValueSpecification\",\"valueRequired\":true,\"valueName\":\"search_term_string\"}}],\"inLanguage\":\"fr-FR\"},{\"@type\":\"Organization\",\"@id\":\"http:\\\/\\\/www.tcsl.fr\\\/#organization\",\"name\":\"TCSL\",\"url\":\"http:\\\/\\\/www.tcsl.fr\\\/\",\"logo\":{\"@type\":\"ImageObject\",\"inLanguage\":\"fr-FR\",\"@id\":\"http:\\\/\\\/www.tcsl.fr\\\/#\\\/schema\\\/logo\\\/image\\\/\",\"url\":\"http:\\\/\\\/www.tcsl.fr\\\/wp-content\\\/uploads\\\/2024\\\/10\\\/cropped-cropped-cropped-cropped-cropped-logo-lettrage-degrade-rouge-et-blanc-fond-bleu-300x123-1.jpg\",\"contentUrl\":\"http:\\\/\\\/www.tcsl.fr\\\/wp-content\\\/uploads\\\/2024\\\/10\\\/cropped-cropped-cropped-cropped-cropped-logo-lettrage-degrade-rouge-et-blanc-fond-bleu-300x123-1.jpg\",\"width\":240,\"height\":98,\"caption\":\"TCSL\"},\"image\":{\"@id\":\"http:\\\/\\\/www.tcsl.fr\\\/#\\\/schema\\\/logo\\\/image\\\/\"}}]}<\/script>\n<!-- \/ Yoast SEO plugin. -->","yoast_head_json":{"title":"Code vestimentaire \u00c9cole de tir - TCSL","robots":{"index":"index","follow":"follow","max-snippet":"max-snippet:-1","max-image-preview":"max-image-preview:large","max-video-preview":"max-video-preview:-1"},"canonical":"http:\/\/www.tcsl.fr\/index.php\/les-disciplines\/lecole-de-tir\/protocole-vestimentaire-ecole-de-tir\/","og_locale":"fr_FR","og_type":"article","og_title":"Code vestimentaire \u00c9cole de tir - TCSL","og_description":"Au Club Pas d\u2019obligation particuli\u00e8re : Conseill\u00e9 :Tennis pour pistolier ou carabiniers Poussin et Benjamin Basket ou tennis pour Minime En comp\u00e9tition officielle Le code vestimentaire de la FFTir s\u2019applique int\u00e9gralement aux Ecoles de tir : Une tenue appropri\u00e9e devra \u00eatre observ\u00e9e sur les pas-de-tir et lors des c\u00e9r\u00e9monies de remise des m\u00e9dailles. Elle doit [&hellip;]","og_url":"http:\/\/www.tcsl.fr\/index.php\/les-disciplines\/lecole-de-tir\/protocole-vestimentaire-ecole-de-tir\/","og_site_name":"TCSL","article_modified_time":"2016-10-14T08:52:17+00:00","twitter_card":"summary_large_image","twitter_misc":{"Dur\u00e9e de lecture estim\u00e9e":"1 minute"},"schema":{"@context":"https:\/\/schema.org","@graph":[{"@type":"WebPage","@id":"http:\/\/www.tcsl.fr\/index.php\/les-disciplines\/lecole-de-tir\/protocole-vestimentaire-ecole-de-tir\/","url":"http:\/\/www.tcsl.fr\/index.php\/les-disciplines\/lecole-de-tir\/protocole-vestimentaire-ecole-de-tir\/","name":"Code vestimentaire \u00c9cole de tir - TCSL","isPartOf":{"@id":"http:\/\/www.tcsl.fr\/#website"},"datePublished":"2016-10-12T12:30:11+00:00","dateModified":"2016-10-14T08:52:17+00:00","breadcrumb":{"@id":"http:\/\/www.tcsl.fr\/index.php\/les-disciplines\/lecole-de-tir\/protocole-vestimentaire-ecole-de-tir\/#breadcrumb"},"inLanguage":"fr-FR","potentialAction":[{"@type":"ReadAction","target":["http:\/\/www.tcsl.fr\/index.php\/les-disciplines\/lecole-de-tir\/protocole-vestimentaire-ecole-de-tir\/"]}]},{"@type":"BreadcrumbList","@id":"http:\/\/www.tcsl.fr\/index.php\/les-disciplines\/lecole-de-tir\/protocole-vestimentaire-ecole-de-tir\/#breadcrumb","itemListElement":[{"@type":"ListItem","position":1,"name":"Accueil","item":"http:\/\/www.tcsl.fr\/"},{"@type":"ListItem","position":2,"name":"Les Disciplines","item":"http:\/\/www.tcsl.fr\/index.php\/les-disciplines\/"},{"@type":"ListItem","position":3,"name":"\u00c9cole de Tir","item":"https:\/\/www.tcsl.fr\/index.php\/les-disciplines\/lecole-de-tir\/"},{"@type":"ListItem","position":4,"name":"Code vestimentaire \u00c9cole de tir"}]},{"@type":"WebSite","@id":"http:\/\/www.tcsl.fr\/#website","url":"http:\/\/www.tcsl.fr\/","name":"TCSL","description":"Le site du Tir Club Stade Laurentin","publisher":{"@id":"http:\/\/www.tcsl.fr\/#organization"},"potentialAction":[{"@type":"SearchAction","target":{"@type":"EntryPoint","urlTemplate":"http:\/\/www.tcsl.fr\/?s={search_term_string}"},"query-input":{"@type":"PropertyValueSpecification","valueRequired":true,"valueName":"search_term_string"}}],"inLanguage":"fr-FR"},{"@type":"Organization","@id":"http:\/\/www.tcsl.fr\/#organization","name":"TCSL","url":"http:\/\/www.tcsl.fr\/","logo":{"@type":"ImageObject","inLanguage":"fr-FR","@id":"http:\/\/www.tcsl.fr\/#\/schema\/logo\/image\/","url":"http:\/\/www.tcsl.fr\/wp-content\/uploads\/2024\/10\/cropped-cropped-cropped-cropped-cropped-logo-lettrage-degrade-rouge-et-blanc-fond-bleu-300x123-1.jpg","contentUrl":"http:\/\/www.tcsl.fr\/wp-content\/uploads\/2024\/10\/cropped-cropped-cropped-cropped-cropped-logo-lettrage-degrade-rouge-et-blanc-fond-bleu-300x123-1.jpg","width":240,"height":98,"caption":"TCSL"},"image":{"@id":"http:\/\/www.tcsl.fr\/#\/schema\/logo\/image\/"}}]}},"_links":{"self":[{"href":"http:\/\/www.tcsl.fr\/index.php\/wp-json\/wp\/v2\/pages\/1304","targetHints":{"allow":["GET"]}}],"collection":[{"href":"http:\/\/www.tcsl.fr\/index.php\/wp-json\/wp\/v2\/pages"}],"about":[{"href":"http:\/\/www.tcsl.fr\/index.php\/wp-json\/wp\/v2\/types\/page"}],"author":[{"embeddable":true,"href":"http:\/\/www.tcsl.fr\/index.php\/wp-json\/wp\/v2\/users\/1"}],"replies":[{"embeddable":true,"href":"http:\/\/www.tcsl.fr\/index.php\/wp-json\/wp\/v2\/comments?post=1304"}],"version-history":[{"count":6,"href":"http:\/\/www.tcsl.fr\/index.php\/wp-json\/wp\/v2\/pages\/1304\/revisions"}],"predecessor-version":[{"id":1338,"href":"http:\/\/www.tcsl.fr\/index.php\/wp-json\/wp\/v2\/pages\/1304\/revisions\/1338"}],"up":[{"embeddable":true,"href":"http:\/\/www.tcsl.fr\/index.php\/wp-json\/wp\/v2\/pages\/977"}],"wp:attachment":[{"href":"http:\/\/www.tcsl.fr\/index.php\/wp-json\/wp\/v2\/media?parent=1304"}],"curies":[{"name":"wp","href":"https:\/\/api.w.org\/{rel}","templated":true}]}}