{"id":1370,"date":"2016-10-16T19:39:58","date_gmt":"2016-10-16T17:39:58","guid":{"rendered":"http:\/\/www.tcsl.fr\/?page_id=1370"},"modified":"2016-10-16T19:42:42","modified_gmt":"2016-10-16T17:42:42","slug":"22-hunter-loisir","status":"publish","type":"page","link":"http:\/\/www.tcsl.fr\/index.php\/les-disciplines\/le-tir-de-loisir\/22-hunter-loisir\/","title":{"rendered":"22 Hunter Loisir"},"content":{"rendered":"<p><i>REGLEMENT HUNTER LOISIR<br \/>\n( propos\u00e9 par Claude PENICHON. )<\/i><\/p>\n<p style=\"text-align: justify;\">Le but de cette discipline est de permettre au tireur de s\u2019initier au tir sur appui avec une arme simple, peu on\u00e9reuse, facile \u00e0 se procurer, \u00e9quip\u00e9e d\u2019une lunette \u00e0 grossissement moyen.<br \/>\nLe support avant doit \u00eatre des plus simples et des moins on\u00e9reux.<br \/>\nEn position de tir, la carabine doit demeurer ind\u00e9pendante des supports (sauf bipieds).<br \/>\nLes supports ne doivent pas \u00eatre fix\u00e9s \u00e0 la table.<\/p>\n<p style=\"text-align: justify;\">Tout type de carabine de loisir de calibre 22 LR , 22 Short, 22 Long<br \/>\nCrosse type sport telle que fournie \u00e0 l\u2019origine par le fabricant.<br \/>\nCanon de type sport tel que fourni \u00e0 l\u2019origine par le fabricant (interdit lourd et match)<br \/>\nPoids maximum de la carabine = 3,5 kg avec son optique.<br \/>\nPoids de la d\u00e9tente libre mais pas double.<br \/>\nOptique grossissement maximum x15 (dioptre autoris\u00e9).<br \/>\nF\u00fbt avant d\u2019origine (sans ajout )<br \/>\nSupport avant assur\u00e9 par sac de sable, bipied simple, tr\u00e9pied simple (poids maxi tr\u00e9pied 1,5kg)<br \/>\nSupport arri\u00e8re artificiel non autoris\u00e9<\/p>\n<p style=\"text-align: justify;\">Cible avec 3 blasons d\u2019essais sur le c\u00f4t\u00e9 gauche, et 9 blasons de match (3 lignes de 3 blasons).<br \/>\nDistance = 50 m.<br \/>\nEssais illimit\u00e9s sur les blasons d\u2019essais \u00e0 tout moment du match.<br \/>\n25 coups de match \u00e0 raison de 3 coups sur 8 blasons de match, et 1 coup sur 1 blason au choix.<br \/>\nTemps : 20 minutes pour les 25 coups de match + les essais.<br \/>\nL\u2019\u00e9preuve se tire sur 2 cartons de 25 coups de match. (1 s\u00e9rie entre chaque carton).<br \/>\nLes chargeurs peuvent \u00eatre pr\u00e9par\u00e9s pendant l\u2019installation, mais pas engag\u00e9s.<\/p>\n<p style=\"text-align: justify;\">Commandements de tir :<br \/>\n&#8211; S\u00e9rie n\u00b0 : tireurs installez-vous. Vous avez 10 mn d\u2019installation\/pr\u00e9paration (girouettes).<br \/>\n&#8211; V\u00e9rifiez que vos num\u00e9ros de poste et de cible correspondent<br \/>\n&#8211; Pour un tir de 9 blasons de match en 20 mn, tireurs pr\u00e9parez-vous.<br \/>\n&#8211; Tireurs \u00eates-vous pr\u00eats ? (5s). Si pas pr\u00eat, laisser 10s de plus, puis commandement suivant.<br \/>\n&#8211; Engagez les verrous de culasse. (ou les chargeurs)<br \/>\n&#8211; CHARGEZ (5s)<br \/>\n&#8211; COMMENCEZ LE TIR.<br \/>\n&#8211; 10 minutes \u2026.. 5 minutes \u2026.. 2 minutes \u2026.. 1 minute \u2026.. 30 secondes\u2026.. 5 .. 4 .. 3 .. 2 .. 1<br \/>\n&#8211; STOP, TIR TERMINE, enlevez les verrous de culasse (les chargeurs), assurez vos armes.<br \/>\n&#8211; Contr\u00f4le par l\u2019arbitre et rangement des armes.<br \/>\n&#8211; Lib\u00e9rez les postes de tir.<br \/>\n&#8211; RESULTATS.<\/p>\n<p style=\"text-align: justify;\"><i>D\u00e9compte des points et incidents .<br \/>\nLe d\u00e9compte des points se fait sur les 9 blasons de match soit 250 points. Les mouches ne servent que pour d\u00e9partager les \u00e9galit\u00e9s. Le match de 2 cartons se fait donc sur 500 points.<br \/>\nEn cas d\u2019\u00e9galit\u00e9, application du comptage invers\u00e9 ( mouches\u202610\u20269\u20268\u2026)<br \/>\nLa valeur des points correspond \u00e0 la zone touch\u00e9e. Les cordons sont compt\u00e9s positifs.<br \/>\nPour attribuer 1 impact dans un cadre, il suffit qu\u2019il soit \u00e0 plus de 50% dans le cadre.<br \/>\nSi plus de 3 impacts dans un cadre, le(s) meilleurs(s) annul\u00e9(s), et p\u00e9nalit\u00e9 de 1 point sur le score du blason.<br \/>\nTir crois\u00e9 : le tireur effectuant ou recevant un tir crois\u00e9 doit le signaler imm\u00e9diatement ;<br \/>\nLe tireur effectuant un tir crois\u00e9 compl\u00e8tera le nombre restant de coups dans sa cible. Le tir crois\u00e9 signal\u00e9 sera transf\u00e9r\u00e9 sur la bonne cible et inclus dans le score du match. Une p\u00e9nalit\u00e9 de 2 points sera appliqu\u00e9e pour chaque tir crois\u00e9.<br \/>\nPour le tireur \u00ab receveur \u00bb, si l\u2019impact crois\u00e9 ne peut \u00eatre identifi\u00e9 , l\u2019impact le plus faible sera annul\u00e9.<br \/>\nAucun temps additionnel ne sera accord\u00e9 \u00e0 un tireur ayant effectu\u00e9 un tir crois\u00e9.<br \/>\nUn tireur dissimulant volontairement un tir crois\u00e9 sera disqualifi\u00e9 sur le carton en cours<\/i><\/p>\n<p style=\"text-align: justify;\">Merci \u00e0 <strong>maratopa06<\/strong><\/p>\n","protected":false},"excerpt":{"rendered":"<p>REGLEMENT HUNTER LOISIR ( propos\u00e9 par Claude PENICHON. ) Le but de cette discipline est de permettre au tireur de s\u2019initier au tir sur appui avec une arme simple, peu on\u00e9reuse, facile \u00e0 se procurer, \u00e9quip\u00e9e d\u2019une lunette \u00e0 grossissement moyen. Le support avant doit \u00eatre des plus simples et des moins on\u00e9reux. En position [&hellip;]<\/p>\n","protected":false},"author":1,"featured_media":0,"parent":999,"menu_order":0,"comment_status":"closed","ping_status":"closed","template":"","meta":{"footnotes":""},"class_list":["post-1370","page","type-page","status-publish","hentry"],"yoast_head":"<!-- This site is optimized with the Yoast SEO plugin v27.4 - https:\/\/yoast.com\/product\/yoast-seo-wordpress\/ -->\n<title>22 Hunter Loisir - TCSL<\/title>\n<meta name=\"robots\" content=\"index, follow, max-snippet:-1, max-image-preview:large, max-video-preview:-1\" \/>\n<link rel=\"canonical\" href=\"https:\/\/www.tcsl.fr\/index.php\/les-disciplines\/le-tir-de-loisir\/22-hunter-loisir\/\" \/>\n<meta property=\"og:locale\" content=\"fr_FR\" \/>\n<meta property=\"og:type\" content=\"article\" \/>\n<meta property=\"og:title\" content=\"22 Hunter Loisir - TCSL\" \/>\n<meta property=\"og:description\" content=\"REGLEMENT HUNTER LOISIR ( propos\u00e9 par Claude PENICHON. ) Le but de cette discipline est de permettre au tireur de s\u2019initier au tir sur appui avec une arme simple, peu on\u00e9reuse, facile \u00e0 se procurer, \u00e9quip\u00e9e d\u2019une lunette \u00e0 grossissement moyen. Le support avant doit \u00eatre des plus simples et des moins on\u00e9reux. En position [&hellip;]\" \/>\n<meta property=\"og:url\" content=\"https:\/\/www.tcsl.fr\/index.php\/les-disciplines\/le-tir-de-loisir\/22-hunter-loisir\/\" \/>\n<meta property=\"og:site_name\" content=\"TCSL\" \/>\n<meta property=\"article:modified_time\" content=\"2016-10-16T17:42:42+00:00\" \/>\n<meta name=\"twitter:card\" content=\"summary_large_image\" \/>\n<meta name=\"twitter:label1\" content=\"Dur\u00e9e de lecture estim\u00e9e\" \/>\n\t<meta name=\"twitter:data1\" content=\"3 minutes\" \/>\n<script type=\"application\/ld+json\" class=\"yoast-schema-graph\">{\"@context\":\"https:\\\/\\\/schema.org\",\"@graph\":[{\"@type\":\"WebPage\",\"@id\":\"https:\\\/\\\/www.tcsl.fr\\\/index.php\\\/les-disciplines\\\/le-tir-de-loisir\\\/22-hunter-loisir\\\/\",\"url\":\"https:\\\/\\\/www.tcsl.fr\\\/index.php\\\/les-disciplines\\\/le-tir-de-loisir\\\/22-hunter-loisir\\\/\",\"name\":\"22 Hunter Loisir - TCSL\",\"isPartOf\":{\"@id\":\"https:\\\/\\\/www.tcsl.fr\\\/#website\"},\"datePublished\":\"2016-10-16T17:39:58+00:00\",\"dateModified\":\"2016-10-16T17:42:42+00:00\",\"breadcrumb\":{\"@id\":\"https:\\\/\\\/www.tcsl.fr\\\/index.php\\\/les-disciplines\\\/le-tir-de-loisir\\\/22-hunter-loisir\\\/#breadcrumb\"},\"inLanguage\":\"fr-FR\",\"potentialAction\":[{\"@type\":\"ReadAction\",\"target\":[\"https:\\\/\\\/www.tcsl.fr\\\/index.php\\\/les-disciplines\\\/le-tir-de-loisir\\\/22-hunter-loisir\\\/\"]}]},{\"@type\":\"BreadcrumbList\",\"@id\":\"https:\\\/\\\/www.tcsl.fr\\\/index.php\\\/les-disciplines\\\/le-tir-de-loisir\\\/22-hunter-loisir\\\/#breadcrumb\",\"itemListElement\":[{\"@type\":\"ListItem\",\"position\":1,\"name\":\"Accueil\",\"item\":\"https:\\\/\\\/www.tcsl.fr\\\/\"},{\"@type\":\"ListItem\",\"position\":2,\"name\":\"Les Disciplines\",\"item\":\"https:\\\/\\\/www.tcsl.fr\\\/index.php\\\/les-disciplines\\\/\"},{\"@type\":\"ListItem\",\"position\":3,\"name\":\"Le Tir de Loisir\",\"item\":\"https:\\\/\\\/www.tcsl.fr\\\/index.php\\\/les-disciplines\\\/le-tir-de-loisir\\\/\"},{\"@type\":\"ListItem\",\"position\":4,\"name\":\"22 Hunter Loisir\"}]},{\"@type\":\"WebSite\",\"@id\":\"https:\\\/\\\/www.tcsl.fr\\\/#website\",\"url\":\"https:\\\/\\\/www.tcsl.fr\\\/\",\"name\":\"TCSL\",\"description\":\"Le site du Tir Club Stade Laurentin\",\"publisher\":{\"@id\":\"https:\\\/\\\/www.tcsl.fr\\\/#organization\"},\"potentialAction\":[{\"@type\":\"SearchAction\",\"target\":{\"@type\":\"EntryPoint\",\"urlTemplate\":\"https:\\\/\\\/www.tcsl.fr\\\/?s={search_term_string}\"},\"query-input\":{\"@type\":\"PropertyValueSpecification\",\"valueRequired\":true,\"valueName\":\"search_term_string\"}}],\"inLanguage\":\"fr-FR\"},{\"@type\":\"Organization\",\"@id\":\"https:\\\/\\\/www.tcsl.fr\\\/#organization\",\"name\":\"TCSL\",\"url\":\"https:\\\/\\\/www.tcsl.fr\\\/\",\"logo\":{\"@type\":\"ImageObject\",\"inLanguage\":\"fr-FR\",\"@id\":\"https:\\\/\\\/www.tcsl.fr\\\/#\\\/schema\\\/logo\\\/image\\\/\",\"url\":\"http:\\\/\\\/www.tcsl.fr\\\/wp-content\\\/uploads\\\/2024\\\/10\\\/cropped-cropped-cropped-cropped-cropped-logo-lettrage-degrade-rouge-et-blanc-fond-bleu-300x123-1.jpg\",\"contentUrl\":\"http:\\\/\\\/www.tcsl.fr\\\/wp-content\\\/uploads\\\/2024\\\/10\\\/cropped-cropped-cropped-cropped-cropped-logo-lettrage-degrade-rouge-et-blanc-fond-bleu-300x123-1.jpg\",\"width\":240,\"height\":98,\"caption\":\"TCSL\"},\"image\":{\"@id\":\"https:\\\/\\\/www.tcsl.fr\\\/#\\\/schema\\\/logo\\\/image\\\/\"}}]}<\/script>\n<!-- \/ Yoast SEO plugin. -->","yoast_head_json":{"title":"22 Hunter Loisir - TCSL","robots":{"index":"index","follow":"follow","max-snippet":"max-snippet:-1","max-image-preview":"max-image-preview:large","max-video-preview":"max-video-preview:-1"},"canonical":"https:\/\/www.tcsl.fr\/index.php\/les-disciplines\/le-tir-de-loisir\/22-hunter-loisir\/","og_locale":"fr_FR","og_type":"article","og_title":"22 Hunter Loisir - TCSL","og_description":"REGLEMENT HUNTER LOISIR ( propos\u00e9 par Claude PENICHON. ) Le but de cette discipline est de permettre au tireur de s\u2019initier au tir sur appui avec une arme simple, peu on\u00e9reuse, facile \u00e0 se procurer, \u00e9quip\u00e9e d\u2019une lunette \u00e0 grossissement moyen. Le support avant doit \u00eatre des plus simples et des moins on\u00e9reux. En position [&hellip;]","og_url":"https:\/\/www.tcsl.fr\/index.php\/les-disciplines\/le-tir-de-loisir\/22-hunter-loisir\/","og_site_name":"TCSL","article_modified_time":"2016-10-16T17:42:42+00:00","twitter_card":"summary_large_image","twitter_misc":{"Dur\u00e9e de lecture estim\u00e9e":"3 minutes"},"schema":{"@context":"https:\/\/schema.org","@graph":[{"@type":"WebPage","@id":"https:\/\/www.tcsl.fr\/index.php\/les-disciplines\/le-tir-de-loisir\/22-hunter-loisir\/","url":"https:\/\/www.tcsl.fr\/index.php\/les-disciplines\/le-tir-de-loisir\/22-hunter-loisir\/","name":"22 Hunter Loisir - TCSL","isPartOf":{"@id":"https:\/\/www.tcsl.fr\/#website"},"datePublished":"2016-10-16T17:39:58+00:00","dateModified":"2016-10-16T17:42:42+00:00","breadcrumb":{"@id":"https:\/\/www.tcsl.fr\/index.php\/les-disciplines\/le-tir-de-loisir\/22-hunter-loisir\/#breadcrumb"},"inLanguage":"fr-FR","potentialAction":[{"@type":"ReadAction","target":["https:\/\/www.tcsl.fr\/index.php\/les-disciplines\/le-tir-de-loisir\/22-hunter-loisir\/"]}]},{"@type":"BreadcrumbList","@id":"https:\/\/www.tcsl.fr\/index.php\/les-disciplines\/le-tir-de-loisir\/22-hunter-loisir\/#breadcrumb","itemListElement":[{"@type":"ListItem","position":1,"name":"Accueil","item":"https:\/\/www.tcsl.fr\/"},{"@type":"ListItem","position":2,"name":"Les Disciplines","item":"https:\/\/www.tcsl.fr\/index.php\/les-disciplines\/"},{"@type":"ListItem","position":3,"name":"Le Tir de Loisir","item":"https:\/\/www.tcsl.fr\/index.php\/les-disciplines\/le-tir-de-loisir\/"},{"@type":"ListItem","position":4,"name":"22 Hunter Loisir"}]},{"@type":"WebSite","@id":"https:\/\/www.tcsl.fr\/#website","url":"https:\/\/www.tcsl.fr\/","name":"TCSL","description":"Le site du Tir Club Stade Laurentin","publisher":{"@id":"https:\/\/www.tcsl.fr\/#organization"},"potentialAction":[{"@type":"SearchAction","target":{"@type":"EntryPoint","urlTemplate":"https:\/\/www.tcsl.fr\/?s={search_term_string}"},"query-input":{"@type":"PropertyValueSpecification","valueRequired":true,"valueName":"search_term_string"}}],"inLanguage":"fr-FR"},{"@type":"Organization","@id":"https:\/\/www.tcsl.fr\/#organization","name":"TCSL","url":"https:\/\/www.tcsl.fr\/","logo":{"@type":"ImageObject","inLanguage":"fr-FR","@id":"https:\/\/www.tcsl.fr\/#\/schema\/logo\/image\/","url":"http:\/\/www.tcsl.fr\/wp-content\/uploads\/2024\/10\/cropped-cropped-cropped-cropped-cropped-logo-lettrage-degrade-rouge-et-blanc-fond-bleu-300x123-1.jpg","contentUrl":"http:\/\/www.tcsl.fr\/wp-content\/uploads\/2024\/10\/cropped-cropped-cropped-cropped-cropped-logo-lettrage-degrade-rouge-et-blanc-fond-bleu-300x123-1.jpg","width":240,"height":98,"caption":"TCSL"},"image":{"@id":"https:\/\/www.tcsl.fr\/#\/schema\/logo\/image\/"}}]}},"_links":{"self":[{"href":"http:\/\/www.tcsl.fr\/index.php\/wp-json\/wp\/v2\/pages\/1370","targetHints":{"allow":["GET"]}}],"collection":[{"href":"http:\/\/www.tcsl.fr\/index.php\/wp-json\/wp\/v2\/pages"}],"about":[{"href":"http:\/\/www.tcsl.fr\/index.php\/wp-json\/wp\/v2\/types\/page"}],"author":[{"embeddable":true,"href":"http:\/\/www.tcsl.fr\/index.php\/wp-json\/wp\/v2\/users\/1"}],"replies":[{"embeddable":true,"href":"http:\/\/www.tcsl.fr\/index.php\/wp-json\/wp\/v2\/comments?post=1370"}],"version-history":[{"count":3,"href":"http:\/\/www.tcsl.fr\/index.php\/wp-json\/wp\/v2\/pages\/1370\/revisions"}],"predecessor-version":[{"id":1374,"href":"http:\/\/www.tcsl.fr\/index.php\/wp-json\/wp\/v2\/pages\/1370\/revisions\/1374"}],"up":[{"embeddable":true,"href":"http:\/\/www.tcsl.fr\/index.php\/wp-json\/wp\/v2\/pages\/999"}],"wp:attachment":[{"href":"http:\/\/www.tcsl.fr\/index.php\/wp-json\/wp\/v2\/media?parent=1370"}],"curies":[{"name":"wp","href":"https:\/\/api.w.org\/{rel}","templated":true}]}}