{"id":1611,"date":"2016-11-16T18:24:06","date_gmt":"2016-11-16T17:24:06","guid":{"rendered":"http:\/\/www.tcsl.fr\/?page_id=1611"},"modified":"2024-12-16T17:03:45","modified_gmt":"2024-12-16T16:03:45","slug":"albums-photos","status":"publish","type":"page","link":"http:\/\/www.tcsl.fr\/index.php\/albums-photos\/","title":{"rendered":"Albums Photos"},"content":{"rendered":"\t\t<div id=\"instagram-gallery-feed-qligg-11\" class=\"instagram-gallery-feed\" data-feed=\"{&quot;id&quot;:&quot;qligg-11&quot;,&quot;account_id&quot;:&quot;8388567684583429&quot;,&quot;source&quot;:&quot;username&quot;,&quot;tag&quot;:&quot;wordpress&quot;,&quot;order_by&quot;:&quot;top_media&quot;,&quot;layout&quot;:&quot;gallery&quot;,&quot;limit&quot;:12,&quot;columns&quot;:3,&quot;spacing&quot;:10,&quot;lazy&quot;:false,&quot;responsive&quot;:{&quot;desktop&quot;:{&quot;columns&quot;:3,&quot;spacing&quot;:10},&quot;tablet&quot;:{&quot;columns&quot;:2,&quot;spacing&quot;:8},&quot;mobile&quot;:{&quot;columns&quot;:1,&quot;spacing&quot;:6},&quot;breakpoints&quot;:{&quot;tablet&quot;:768,&quot;mobile&quot;:480}},&quot;aspect_ratio&quot;:{&quot;width&quot;:1,&quot;height&quot;:1},&quot;highlight&quot;:{&quot;tag&quot;:&quot;&quot;,&quot;id&quot;:&quot;&quot;,&quot;position&quot;:&quot;1,3,5&quot;},&quot;reel&quot;:{&quot;hide&quot;:false},&quot;copyright&quot;:{&quot;hide&quot;:false,&quot;placeholder&quot;:&quot;&quot;},&quot;profile&quot;:{&quot;display&quot;:false,&quot;username&quot;:&quot;&quot;,&quot;nickname&quot;:&quot;&quot;,&quot;website&quot;:&quot;&quot;,&quot;biography&quot;:&quot;&quot;,&quot;link_text&quot;:&quot;Follow&quot;,&quot;website_text&quot;:&quot;Website&quot;,&quot;avatar&quot;:&quot;&quot;},&quot;box&quot;:{&quot;display&quot;:false,&quot;padding&quot;:1,&quot;radius&quot;:0,&quot;background&quot;:&quot;#fefefe&quot;,&quot;profile&quot;:false,&quot;desc&quot;:&quot;&quot;,&quot;text_color&quot;:&quot;#000000&quot;},&quot;mask&quot;:{&quot;display&quot;:true,&quot;background&quot;:&quot;#000000&quot;,&quot;icon_color&quot;:&quot;#ffffff&quot;,&quot;likes_count&quot;:true,&quot;comments_count&quot;:true},&quot;card&quot;:{&quot;display&quot;:false,&quot;radius&quot;:1,&quot;font_size&quot;:12,&quot;background&quot;:&quot;#ffffff&quot;,&quot;background_hover&quot;:&quot;&quot;,&quot;text_color&quot;:&quot;#000000&quot;,&quot;padding&quot;:5,&quot;likes_count&quot;:true,&quot;text_length&quot;:10,&quot;comments_count&quot;:true,&quot;text_align&quot;:&quot;left&quot;},&quot;carousel&quot;:{&quot;centered_slides&quot;:false,&quot;autoplay&quot;:false,&quot;autoplay_interval&quot;:3000,&quot;navarrows&quot;:true,&quot;navarrows_color&quot;:&quot;&quot;,&quot;pagination&quot;:true,&quot;pagination_color&quot;:&quot;&quot;},&quot;modal&quot;:{&quot;display&quot;:true,&quot;profile&quot;:true,&quot;media_description&quot;:true,&quot;likes_count&quot;:true,&quot;comments_count&quot;:true,&quot;comments_list&quot;:false,&quot;text_align&quot;:&quot;left&quot;,&quot;modal_align&quot;:&quot;right&quot;,&quot;text_length&quot;:10000,&quot;font_size&quot;:12},&quot;button&quot;:{&quot;display&quot;:true,&quot;text&quot;:&quot;View on Instagram&quot;,&quot;text_color&quot;:&quot;#ffff&quot;,&quot;background&quot;:&quot;&quot;,&quot;background_hover&quot;:&quot;&quot;},&quot;button_load&quot;:{&quot;display&quot;:false,&quot;text&quot;:&quot;Load more...&quot;,&quot;text_color&quot;:&quot;#ffff&quot;,&quot;background&quot;:&quot;&quot;,&quot;background_hover&quot;:&quot;&quot;},&quot;openPopupId&quot;:&quot;&quot;}\">\n\t\t<!-- <FeedContainer\/> -->\n\t\t<\/div>\n\t\t\n\n<hr \/>\n<ul>\n<li><a href=\"http:\/\/www.tcsl.fr\/index.php\/album-photos-2019-championnat-regionaux-armes-anciennes-au-tcsl\/\" target=\"_blank\" rel=\"noopener noreferrer\">12\/05\/2019 R\u00e9gionaux Armes Anciennes au TCSL<\/a><\/li>\n<li><a href=\"http:\/\/www.tcsl.fr\/index.php\/2019-regionaux-ecole-de-tir-toulon\/\" target=\"_blank\" rel=\"noopener noreferrer\">28\/04\/2019 R\u00e9gionaux \u00c9coles de Tir Toulon<\/a><\/li>\n<li><a href=\"http:\/\/www.tcsl.fr\/index.php\/album-photos-2019-departementaux-ecole-de-tir-antibes\/\" target=\"_blank\" rel=\"noopener noreferrer\">31\/03\/2019 D\u00e9partementaux \u00c9coles de Tir Antibes<\/a><\/li>\n<li><a href=\"http:\/\/www.tcsl.fr\/index.php\/album-photos-2019-championnat-de-france-clubs-10m\/\" target=\"_blank\" rel=\"noopener noreferrer\">24\/03\/2019 Championnat de France des Clubs 10m Carcassonne <\/a><\/li>\n<li><a href=\"http:\/\/www.tcsl.fr\/index.php\/album-photos-2019-championnat-regional-des-clubs-10m\/\">13\/01\/2019 Championnat R\u00e9gional des Clubs 10m Toulon<\/a><\/li>\n<li><a href=\"http:\/\/www.tcsl.fr\/index.php\/2018-interdepartementaux-tar-a-frejus\/\" target=\"_blank\" rel=\"noopener noreferrer\">21 et 22\/04\/2018 Interd\u00e9partementaux TAR \u00e0 Fr\u00e9jus<\/a><\/li>\n<li><a href=\"http:\/\/www.tcsl.fr\/index.php\/album-photos-2018-04-15-departementaux-armes-anciennes-au-tcsl\/\" target=\"_blank\" rel=\"noopener noreferrer\">15 avril 2018 D\u00e9partementaux Armes Anciennes au TCSL<\/a><\/li>\n<li><a href=\"http:\/\/www.tcsl.fr\/index.php\/album-photos-2017-france-armes-anciennes\/\" target=\"_blank\" rel=\"noopener noreferrer\">15 au 18 juin 2017 France Armes Anciennes<\/a><\/li>\n<li><a href=\"http:\/\/www.tcsl.fr\/index.php\/album-photos-2017-05-14-regionaux-armes-anciennes-au-tcsl\/\" target=\"_blank\" rel=\"noopener noreferrer\">14 mai 2017 R\u00e9gionaux Armes Anciennes au TCSL<\/a><\/li>\n<li><a href=\"http:\/\/www.tcsl.fr\/index.php\/album-photos-2017-03-11-cn-tar-au-tcsl\/\" target=\"_blank\" rel=\"noopener noreferrer\">11 mars 2017 Circuit National TAR au TCSL<\/a><\/li>\n<li><a href=\"http:\/\/www.tcsl.fr\/index.php\/album-photos-28012017-match-ecole-de-tir-cdtam\/\" target=\"_blank\" rel=\"noopener noreferrer\">28 janvier 2017 Match \u00c9cole de Tir CDTAM<\/a><\/li>\n<li><a href=\"http:\/\/www.tcsl.fr\/index.php\/album-photos-2017-01-21-et-22-cn-22-hunter-au-tcsl\/\" target=\"_blank\" rel=\"noopener noreferrer\">21 et 22 janvier 2017 CN 22 Hunter au TCSL<\/a><\/li>\n<li><a href=\"http:\/\/www.tcsl.fr\/index.php\/albums-photos-ag-20152016\/\" target=\"_blank\" rel=\"noopener noreferrer\">10 janvier 2017 Assembl\u00e9e G\u00e9n\u00e9rale 2015\/2016<\/a><\/li>\n<li><a href=\"http:\/\/www.tcsl.fr\/index.php\/album-photos-telethon-2016-3-decembre\/\">3 d\u00e9cembre 2016 T\u00e9l\u00e9thon au TCSL<\/a><\/li>\n<li><a href=\"http:\/\/www.tcsl.fr\/index.php\/album-photos-2016-11-au-13-11-dep-10m-antibes\/\" target=\"_blank\" rel=\"noopener noreferrer\">11 au 13 11 2016 D\u00e9partementaux 10m Antibes<\/a><\/li>\n<\/ul>","protected":false},"excerpt":{"rendered":"<p>12\/05\/2019 R\u00e9gionaux Armes Anciennes au TCSL 28\/04\/2019 R\u00e9gionaux \u00c9coles de Tir Toulon 31\/03\/2019 D\u00e9partementaux \u00c9coles de Tir Antibes 24\/03\/2019 Championnat de France des Clubs 10m Carcassonne 13\/01\/2019 Championnat R\u00e9gional des Clubs 10m Toulon 21 et 22\/04\/2018 Interd\u00e9partementaux TAR \u00e0 Fr\u00e9jus 15 avril 2018 D\u00e9partementaux Armes Anciennes au TCSL 15 au 18 juin 2017 France Armes [&hellip;]<\/p>\n","protected":false},"author":1,"featured_media":0,"parent":0,"menu_order":0,"comment_status":"closed","ping_status":"closed","template":"","meta":{"footnotes":""},"class_list":["post-1611","page","type-page","status-publish","hentry"],"yoast_head":"<!-- This site is optimized with the Yoast SEO plugin v27.3 - https:\/\/yoast.com\/product\/yoast-seo-wordpress\/ -->\n<title>Albums Photos - TCSL<\/title>\n<meta name=\"robots\" content=\"index, follow, max-snippet:-1, max-image-preview:large, max-video-preview:-1\" \/>\n<link rel=\"canonical\" href=\"https:\/\/www.tcsl.fr\/index.php\/albums-photos\/\" \/>\n<meta property=\"og:locale\" content=\"fr_FR\" \/>\n<meta property=\"og:type\" content=\"article\" \/>\n<meta property=\"og:title\" content=\"Albums Photos - TCSL\" \/>\n<meta property=\"og:description\" content=\"12\/05\/2019 R\u00e9gionaux Armes Anciennes au TCSL 28\/04\/2019 R\u00e9gionaux \u00c9coles de Tir Toulon 31\/03\/2019 D\u00e9partementaux \u00c9coles de Tir Antibes 24\/03\/2019 Championnat de France des Clubs 10m Carcassonne 13\/01\/2019 Championnat R\u00e9gional des Clubs 10m Toulon 21 et 22\/04\/2018 Interd\u00e9partementaux TAR \u00e0 Fr\u00e9jus 15 avril 2018 D\u00e9partementaux Armes Anciennes au TCSL 15 au 18 juin 2017 France Armes [&hellip;]\" \/>\n<meta property=\"og:url\" content=\"https:\/\/www.tcsl.fr\/index.php\/albums-photos\/\" \/>\n<meta property=\"og:site_name\" content=\"TCSL\" \/>\n<meta property=\"article:modified_time\" content=\"2024-12-16T16:03:45+00:00\" \/>\n<meta name=\"twitter:card\" content=\"summary_large_image\" \/>\n<meta name=\"twitter:label1\" content=\"Dur\u00e9e de lecture estim\u00e9e\" \/>\n\t<meta name=\"twitter:data1\" content=\"1 minute\" \/>\n<script type=\"application\/ld+json\" class=\"yoast-schema-graph\">{\"@context\":\"https:\\\/\\\/schema.org\",\"@graph\":[{\"@type\":\"WebPage\",\"@id\":\"https:\\\/\\\/www.tcsl.fr\\\/index.php\\\/albums-photos\\\/\",\"url\":\"https:\\\/\\\/www.tcsl.fr\\\/index.php\\\/albums-photos\\\/\",\"name\":\"Albums Photos - TCSL\",\"isPartOf\":{\"@id\":\"https:\\\/\\\/www.tcsl.fr\\\/#website\"},\"datePublished\":\"2016-11-16T17:24:06+00:00\",\"dateModified\":\"2024-12-16T16:03:45+00:00\",\"breadcrumb\":{\"@id\":\"https:\\\/\\\/www.tcsl.fr\\\/index.php\\\/albums-photos\\\/#breadcrumb\"},\"inLanguage\":\"fr-FR\",\"potentialAction\":[{\"@type\":\"ReadAction\",\"target\":[\"https:\\\/\\\/www.tcsl.fr\\\/index.php\\\/albums-photos\\\/\"]}]},{\"@type\":\"BreadcrumbList\",\"@id\":\"https:\\\/\\\/www.tcsl.fr\\\/index.php\\\/albums-photos\\\/#breadcrumb\",\"itemListElement\":[{\"@type\":\"ListItem\",\"position\":1,\"name\":\"Accueil\",\"item\":\"https:\\\/\\\/www.tcsl.fr\\\/\"},{\"@type\":\"ListItem\",\"position\":2,\"name\":\"Albums Photos\"}]},{\"@type\":\"WebSite\",\"@id\":\"https:\\\/\\\/www.tcsl.fr\\\/#website\",\"url\":\"https:\\\/\\\/www.tcsl.fr\\\/\",\"name\":\"TCSL\",\"description\":\"Le site du Tir Club Stade Laurentin\",\"publisher\":{\"@id\":\"https:\\\/\\\/www.tcsl.fr\\\/#organization\"},\"potentialAction\":[{\"@type\":\"SearchAction\",\"target\":{\"@type\":\"EntryPoint\",\"urlTemplate\":\"https:\\\/\\\/www.tcsl.fr\\\/?s={search_term_string}\"},\"query-input\":{\"@type\":\"PropertyValueSpecification\",\"valueRequired\":true,\"valueName\":\"search_term_string\"}}],\"inLanguage\":\"fr-FR\"},{\"@type\":\"Organization\",\"@id\":\"https:\\\/\\\/www.tcsl.fr\\\/#organization\",\"name\":\"TCSL\",\"url\":\"https:\\\/\\\/www.tcsl.fr\\\/\",\"logo\":{\"@type\":\"ImageObject\",\"inLanguage\":\"fr-FR\",\"@id\":\"https:\\\/\\\/www.tcsl.fr\\\/#\\\/schema\\\/logo\\\/image\\\/\",\"url\":\"http:\\\/\\\/www.tcsl.fr\\\/wp-content\\\/uploads\\\/2024\\\/10\\\/cropped-cropped-cropped-cropped-cropped-logo-lettrage-degrade-rouge-et-blanc-fond-bleu-300x123-1.jpg\",\"contentUrl\":\"http:\\\/\\\/www.tcsl.fr\\\/wp-content\\\/uploads\\\/2024\\\/10\\\/cropped-cropped-cropped-cropped-cropped-logo-lettrage-degrade-rouge-et-blanc-fond-bleu-300x123-1.jpg\",\"width\":240,\"height\":98,\"caption\":\"TCSL\"},\"image\":{\"@id\":\"https:\\\/\\\/www.tcsl.fr\\\/#\\\/schema\\\/logo\\\/image\\\/\"}}]}<\/script>\n<!-- \/ Yoast SEO plugin. -->","yoast_head_json":{"title":"Albums Photos - TCSL","robots":{"index":"index","follow":"follow","max-snippet":"max-snippet:-1","max-image-preview":"max-image-preview:large","max-video-preview":"max-video-preview:-1"},"canonical":"https:\/\/www.tcsl.fr\/index.php\/albums-photos\/","og_locale":"fr_FR","og_type":"article","og_title":"Albums Photos - TCSL","og_description":"12\/05\/2019 R\u00e9gionaux Armes Anciennes au TCSL 28\/04\/2019 R\u00e9gionaux \u00c9coles de Tir Toulon 31\/03\/2019 D\u00e9partementaux \u00c9coles de Tir Antibes 24\/03\/2019 Championnat de France des Clubs 10m Carcassonne 13\/01\/2019 Championnat R\u00e9gional des Clubs 10m Toulon 21 et 22\/04\/2018 Interd\u00e9partementaux TAR \u00e0 Fr\u00e9jus 15 avril 2018 D\u00e9partementaux Armes Anciennes au TCSL 15 au 18 juin 2017 France Armes [&hellip;]","og_url":"https:\/\/www.tcsl.fr\/index.php\/albums-photos\/","og_site_name":"TCSL","article_modified_time":"2024-12-16T16:03:45+00:00","twitter_card":"summary_large_image","twitter_misc":{"Dur\u00e9e de lecture estim\u00e9e":"1 minute"},"schema":{"@context":"https:\/\/schema.org","@graph":[{"@type":"WebPage","@id":"https:\/\/www.tcsl.fr\/index.php\/albums-photos\/","url":"https:\/\/www.tcsl.fr\/index.php\/albums-photos\/","name":"Albums Photos - TCSL","isPartOf":{"@id":"https:\/\/www.tcsl.fr\/#website"},"datePublished":"2016-11-16T17:24:06+00:00","dateModified":"2024-12-16T16:03:45+00:00","breadcrumb":{"@id":"https:\/\/www.tcsl.fr\/index.php\/albums-photos\/#breadcrumb"},"inLanguage":"fr-FR","potentialAction":[{"@type":"ReadAction","target":["https:\/\/www.tcsl.fr\/index.php\/albums-photos\/"]}]},{"@type":"BreadcrumbList","@id":"https:\/\/www.tcsl.fr\/index.php\/albums-photos\/#breadcrumb","itemListElement":[{"@type":"ListItem","position":1,"name":"Accueil","item":"https:\/\/www.tcsl.fr\/"},{"@type":"ListItem","position":2,"name":"Albums Photos"}]},{"@type":"WebSite","@id":"https:\/\/www.tcsl.fr\/#website","url":"https:\/\/www.tcsl.fr\/","name":"TCSL","description":"Le site du Tir Club Stade Laurentin","publisher":{"@id":"https:\/\/www.tcsl.fr\/#organization"},"potentialAction":[{"@type":"SearchAction","target":{"@type":"EntryPoint","urlTemplate":"https:\/\/www.tcsl.fr\/?s={search_term_string}"},"query-input":{"@type":"PropertyValueSpecification","valueRequired":true,"valueName":"search_term_string"}}],"inLanguage":"fr-FR"},{"@type":"Organization","@id":"https:\/\/www.tcsl.fr\/#organization","name":"TCSL","url":"https:\/\/www.tcsl.fr\/","logo":{"@type":"ImageObject","inLanguage":"fr-FR","@id":"https:\/\/www.tcsl.fr\/#\/schema\/logo\/image\/","url":"http:\/\/www.tcsl.fr\/wp-content\/uploads\/2024\/10\/cropped-cropped-cropped-cropped-cropped-logo-lettrage-degrade-rouge-et-blanc-fond-bleu-300x123-1.jpg","contentUrl":"http:\/\/www.tcsl.fr\/wp-content\/uploads\/2024\/10\/cropped-cropped-cropped-cropped-cropped-logo-lettrage-degrade-rouge-et-blanc-fond-bleu-300x123-1.jpg","width":240,"height":98,"caption":"TCSL"},"image":{"@id":"https:\/\/www.tcsl.fr\/#\/schema\/logo\/image\/"}}]}},"_links":{"self":[{"href":"http:\/\/www.tcsl.fr\/index.php\/wp-json\/wp\/v2\/pages\/1611","targetHints":{"allow":["GET"]}}],"collection":[{"href":"http:\/\/www.tcsl.fr\/index.php\/wp-json\/wp\/v2\/pages"}],"about":[{"href":"http:\/\/www.tcsl.fr\/index.php\/wp-json\/wp\/v2\/types\/page"}],"author":[{"embeddable":true,"href":"http:\/\/www.tcsl.fr\/index.php\/wp-json\/wp\/v2\/users\/1"}],"replies":[{"embeddable":true,"href":"http:\/\/www.tcsl.fr\/index.php\/wp-json\/wp\/v2\/comments?post=1611"}],"version-history":[{"count":32,"href":"http:\/\/www.tcsl.fr\/index.php\/wp-json\/wp\/v2\/pages\/1611\/revisions"}],"predecessor-version":[{"id":7962,"href":"http:\/\/www.tcsl.fr\/index.php\/wp-json\/wp\/v2\/pages\/1611\/revisions\/7962"}],"wp:attachment":[{"href":"http:\/\/www.tcsl.fr\/index.php\/wp-json\/wp\/v2\/media?parent=1611"}],"curies":[{"name":"wp","href":"https:\/\/api.w.org\/{rel}","templated":true}]}}