{"id":3155,"date":"2017-09-21T15:36:49","date_gmt":"2017-09-21T13:36:49","guid":{"rendered":"http:\/\/www.tcsl.fr\/?page_id=3155"},"modified":"2024-10-15T17:36:01","modified_gmt":"2024-10-15T15:36:01","slug":"entrainements","status":"publish","type":"page","link":"http:\/\/www.tcsl.fr\/index.php\/competitions\/entrainements\/","title":{"rendered":"Entrainements"},"content":{"rendered":"<p>ORGANISATION DES ENTRAINEMENTS 2024\/2025<\/p>\n<p>\u2022 Les entra\u00eenements sont d\u00e9di\u00e9s aux tireurs participants aux comp\u00e9titions officielles.<br \/>\n\u2022 Le Directeur sportif et les Entra\u00eeneurs ont l\u2019exclusivit\u00e9 de la conduite et de l\u2019organisation des entra\u00eenements.<br \/>\n\u2022 Horaires th\u00e9oriques : du lundi au vendredi de 18 \u00e0 20h.<br \/>\n\u2022 Horaires pratiques consultables <a href=\"https:\/\/calendar.google.com\/calendar\/u\/0\/embed?src=6rc4dnvv0bv4u7op4sf25dm0kg@group.calendar.google.com&amp;ctz=Europe\/Paris&amp;pli=1\" target=\"_blank\" rel=\"noopener\"><strong>ICI<\/strong><\/a><br \/>\n\u2022 Les Tireurs d\u00e9sireux de participer aux entra\u00eenements sont pri\u00e9s de contacter auparavant un des Entra\u00eeneurs.<br \/>\n\u2022 Pour participer aux entra\u00eenements et comp\u00e9titions, sous certaines conditions, les Tireurs peuvent emprunter des armes au club*. Cette disposition est une aide temporaire facilitant l\u2019acc\u00e8s \u00e0 la comp\u00e9tition. Cependant, il est de l\u2019int\u00e9r\u00eat du tireur d\u2019acqu\u00e9rir son arme personnelle r\u00e9gl\u00e9e pour et par lui.<br \/>\n\u2022 Les cibles sont fournies par le club.<br \/>\n\u2022 Les munitions sont \u00e0 la charge du Tireur.<br \/>\n\u2022 Les disciplines pratiqu\u00e9es \u00e0 l\u2019entra\u00eenement sont :<br \/>\no L\u2019ISSF 10\/25\/50 m<br \/>\no L\u2019Arme Ancienne 25\/50 m<br \/>\no Le TAR 25\/50 m<br \/>\n\u2022 Vous trouverez <a href=\"http:\/\/www.tcsl.fr\/wp-content\/uploads\/2021\/09\/contrat-matcheur-21-22.pdf\" target=\"_blank\" rel=\"noopener\"><strong>ICI<\/strong><\/a> le contrat \u00ab Matcheur \u00bb<\/p>\n","protected":false},"excerpt":{"rendered":"<p>ORGANISATION DES ENTRAINEMENTS 2024\/2025 \u2022 Les entra\u00eenements sont d\u00e9di\u00e9s aux tireurs participants aux comp\u00e9titions officielles. \u2022 Le Directeur sportif et les Entra\u00eeneurs ont l\u2019exclusivit\u00e9 de la conduite et de l\u2019organisation des entra\u00eenements. \u2022 Horaires th\u00e9oriques : du lundi au vendredi de 18 \u00e0 20h. \u2022 Horaires pratiques consultables ICI \u2022 Les Tireurs d\u00e9sireux de participer [&hellip;]<\/p>\n","protected":false},"author":1,"featured_media":0,"parent":1038,"menu_order":0,"comment_status":"closed","ping_status":"closed","template":"","meta":{"footnotes":""},"class_list":["post-3155","page","type-page","status-publish","hentry"],"yoast_head":"<!-- This site is optimized with the Yoast SEO plugin v27.3 - https:\/\/yoast.com\/product\/yoast-seo-wordpress\/ -->\n<title>Entrainements - TCSL<\/title>\n<meta name=\"robots\" content=\"index, follow, max-snippet:-1, max-image-preview:large, max-video-preview:-1\" \/>\n<link rel=\"canonical\" href=\"https:\/\/www.tcsl.fr\/index.php\/competitions\/entrainements\/\" \/>\n<meta property=\"og:locale\" content=\"fr_FR\" \/>\n<meta property=\"og:type\" content=\"article\" \/>\n<meta property=\"og:title\" content=\"Entrainements - TCSL\" \/>\n<meta property=\"og:description\" content=\"ORGANISATION DES ENTRAINEMENTS 2024\/2025 \u2022 Les entra\u00eenements sont d\u00e9di\u00e9s aux tireurs participants aux comp\u00e9titions officielles. \u2022 Le Directeur sportif et les Entra\u00eeneurs ont l\u2019exclusivit\u00e9 de la conduite et de l\u2019organisation des entra\u00eenements. \u2022 Horaires th\u00e9oriques : du lundi au vendredi de 18 \u00e0 20h. \u2022 Horaires pratiques consultables ICI \u2022 Les Tireurs d\u00e9sireux de participer [&hellip;]\" \/>\n<meta property=\"og:url\" content=\"https:\/\/www.tcsl.fr\/index.php\/competitions\/entrainements\/\" \/>\n<meta property=\"og:site_name\" content=\"TCSL\" \/>\n<meta property=\"article:modified_time\" content=\"2024-10-15T15:36:01+00:00\" \/>\n<meta name=\"twitter:card\" content=\"summary_large_image\" \/>\n<meta name=\"twitter:label1\" content=\"Dur\u00e9e de lecture estim\u00e9e\" \/>\n\t<meta name=\"twitter:data1\" content=\"1 minute\" \/>\n<script type=\"application\/ld+json\" class=\"yoast-schema-graph\">{\"@context\":\"https:\\\/\\\/schema.org\",\"@graph\":[{\"@type\":\"WebPage\",\"@id\":\"https:\\\/\\\/www.tcsl.fr\\\/index.php\\\/competitions\\\/entrainements\\\/\",\"url\":\"https:\\\/\\\/www.tcsl.fr\\\/index.php\\\/competitions\\\/entrainements\\\/\",\"name\":\"Entrainements - TCSL\",\"isPartOf\":{\"@id\":\"https:\\\/\\\/www.tcsl.fr\\\/#website\"},\"datePublished\":\"2017-09-21T13:36:49+00:00\",\"dateModified\":\"2024-10-15T15:36:01+00:00\",\"breadcrumb\":{\"@id\":\"https:\\\/\\\/www.tcsl.fr\\\/index.php\\\/competitions\\\/entrainements\\\/#breadcrumb\"},\"inLanguage\":\"fr-FR\",\"potentialAction\":[{\"@type\":\"ReadAction\",\"target\":[\"https:\\\/\\\/www.tcsl.fr\\\/index.php\\\/competitions\\\/entrainements\\\/\"]}]},{\"@type\":\"BreadcrumbList\",\"@id\":\"https:\\\/\\\/www.tcsl.fr\\\/index.php\\\/competitions\\\/entrainements\\\/#breadcrumb\",\"itemListElement\":[{\"@type\":\"ListItem\",\"position\":1,\"name\":\"Accueil\",\"item\":\"https:\\\/\\\/www.tcsl.fr\\\/\"},{\"@type\":\"ListItem\",\"position\":2,\"name\":\"Comp\u00e9titions\",\"item\":\"http:\\\/\\\/www.tcsl.fr\\\/index.php\\\/competitions\\\/\"},{\"@type\":\"ListItem\",\"position\":3,\"name\":\"Entrainements\"}]},{\"@type\":\"WebSite\",\"@id\":\"https:\\\/\\\/www.tcsl.fr\\\/#website\",\"url\":\"https:\\\/\\\/www.tcsl.fr\\\/\",\"name\":\"TCSL\",\"description\":\"Le site du Tir Club Stade Laurentin\",\"publisher\":{\"@id\":\"https:\\\/\\\/www.tcsl.fr\\\/#organization\"},\"potentialAction\":[{\"@type\":\"SearchAction\",\"target\":{\"@type\":\"EntryPoint\",\"urlTemplate\":\"https:\\\/\\\/www.tcsl.fr\\\/?s={search_term_string}\"},\"query-input\":{\"@type\":\"PropertyValueSpecification\",\"valueRequired\":true,\"valueName\":\"search_term_string\"}}],\"inLanguage\":\"fr-FR\"},{\"@type\":\"Organization\",\"@id\":\"https:\\\/\\\/www.tcsl.fr\\\/#organization\",\"name\":\"TCSL\",\"url\":\"https:\\\/\\\/www.tcsl.fr\\\/\",\"logo\":{\"@type\":\"ImageObject\",\"inLanguage\":\"fr-FR\",\"@id\":\"https:\\\/\\\/www.tcsl.fr\\\/#\\\/schema\\\/logo\\\/image\\\/\",\"url\":\"http:\\\/\\\/www.tcsl.fr\\\/wp-content\\\/uploads\\\/2024\\\/10\\\/cropped-cropped-cropped-cropped-cropped-logo-lettrage-degrade-rouge-et-blanc-fond-bleu-300x123-1.jpg\",\"contentUrl\":\"http:\\\/\\\/www.tcsl.fr\\\/wp-content\\\/uploads\\\/2024\\\/10\\\/cropped-cropped-cropped-cropped-cropped-logo-lettrage-degrade-rouge-et-blanc-fond-bleu-300x123-1.jpg\",\"width\":240,\"height\":98,\"caption\":\"TCSL\"},\"image\":{\"@id\":\"https:\\\/\\\/www.tcsl.fr\\\/#\\\/schema\\\/logo\\\/image\\\/\"}}]}<\/script>\n<!-- \/ Yoast SEO plugin. -->","yoast_head_json":{"title":"Entrainements - TCSL","robots":{"index":"index","follow":"follow","max-snippet":"max-snippet:-1","max-image-preview":"max-image-preview:large","max-video-preview":"max-video-preview:-1"},"canonical":"https:\/\/www.tcsl.fr\/index.php\/competitions\/entrainements\/","og_locale":"fr_FR","og_type":"article","og_title":"Entrainements - TCSL","og_description":"ORGANISATION DES ENTRAINEMENTS 2024\/2025 \u2022 Les entra\u00eenements sont d\u00e9di\u00e9s aux tireurs participants aux comp\u00e9titions officielles. \u2022 Le Directeur sportif et les Entra\u00eeneurs ont l\u2019exclusivit\u00e9 de la conduite et de l\u2019organisation des entra\u00eenements. \u2022 Horaires th\u00e9oriques : du lundi au vendredi de 18 \u00e0 20h. \u2022 Horaires pratiques consultables ICI \u2022 Les Tireurs d\u00e9sireux de participer [&hellip;]","og_url":"https:\/\/www.tcsl.fr\/index.php\/competitions\/entrainements\/","og_site_name":"TCSL","article_modified_time":"2024-10-15T15:36:01+00:00","twitter_card":"summary_large_image","twitter_misc":{"Dur\u00e9e de lecture estim\u00e9e":"1 minute"},"schema":{"@context":"https:\/\/schema.org","@graph":[{"@type":"WebPage","@id":"https:\/\/www.tcsl.fr\/index.php\/competitions\/entrainements\/","url":"https:\/\/www.tcsl.fr\/index.php\/competitions\/entrainements\/","name":"Entrainements - TCSL","isPartOf":{"@id":"https:\/\/www.tcsl.fr\/#website"},"datePublished":"2017-09-21T13:36:49+00:00","dateModified":"2024-10-15T15:36:01+00:00","breadcrumb":{"@id":"https:\/\/www.tcsl.fr\/index.php\/competitions\/entrainements\/#breadcrumb"},"inLanguage":"fr-FR","potentialAction":[{"@type":"ReadAction","target":["https:\/\/www.tcsl.fr\/index.php\/competitions\/entrainements\/"]}]},{"@type":"BreadcrumbList","@id":"https:\/\/www.tcsl.fr\/index.php\/competitions\/entrainements\/#breadcrumb","itemListElement":[{"@type":"ListItem","position":1,"name":"Accueil","item":"https:\/\/www.tcsl.fr\/"},{"@type":"ListItem","position":2,"name":"Comp\u00e9titions","item":"http:\/\/www.tcsl.fr\/index.php\/competitions\/"},{"@type":"ListItem","position":3,"name":"Entrainements"}]},{"@type":"WebSite","@id":"https:\/\/www.tcsl.fr\/#website","url":"https:\/\/www.tcsl.fr\/","name":"TCSL","description":"Le site du Tir Club Stade Laurentin","publisher":{"@id":"https:\/\/www.tcsl.fr\/#organization"},"potentialAction":[{"@type":"SearchAction","target":{"@type":"EntryPoint","urlTemplate":"https:\/\/www.tcsl.fr\/?s={search_term_string}"},"query-input":{"@type":"PropertyValueSpecification","valueRequired":true,"valueName":"search_term_string"}}],"inLanguage":"fr-FR"},{"@type":"Organization","@id":"https:\/\/www.tcsl.fr\/#organization","name":"TCSL","url":"https:\/\/www.tcsl.fr\/","logo":{"@type":"ImageObject","inLanguage":"fr-FR","@id":"https:\/\/www.tcsl.fr\/#\/schema\/logo\/image\/","url":"http:\/\/www.tcsl.fr\/wp-content\/uploads\/2024\/10\/cropped-cropped-cropped-cropped-cropped-logo-lettrage-degrade-rouge-et-blanc-fond-bleu-300x123-1.jpg","contentUrl":"http:\/\/www.tcsl.fr\/wp-content\/uploads\/2024\/10\/cropped-cropped-cropped-cropped-cropped-logo-lettrage-degrade-rouge-et-blanc-fond-bleu-300x123-1.jpg","width":240,"height":98,"caption":"TCSL"},"image":{"@id":"https:\/\/www.tcsl.fr\/#\/schema\/logo\/image\/"}}]}},"_links":{"self":[{"href":"http:\/\/www.tcsl.fr\/index.php\/wp-json\/wp\/v2\/pages\/3155","targetHints":{"allow":["GET"]}}],"collection":[{"href":"http:\/\/www.tcsl.fr\/index.php\/wp-json\/wp\/v2\/pages"}],"about":[{"href":"http:\/\/www.tcsl.fr\/index.php\/wp-json\/wp\/v2\/types\/page"}],"author":[{"embeddable":true,"href":"http:\/\/www.tcsl.fr\/index.php\/wp-json\/wp\/v2\/users\/1"}],"replies":[{"embeddable":true,"href":"http:\/\/www.tcsl.fr\/index.php\/wp-json\/wp\/v2\/comments?post=3155"}],"version-history":[{"count":17,"href":"http:\/\/www.tcsl.fr\/index.php\/wp-json\/wp\/v2\/pages\/3155\/revisions"}],"predecessor-version":[{"id":7760,"href":"http:\/\/www.tcsl.fr\/index.php\/wp-json\/wp\/v2\/pages\/3155\/revisions\/7760"}],"up":[{"embeddable":true,"href":"http:\/\/www.tcsl.fr\/index.php\/wp-json\/wp\/v2\/pages\/1038"}],"wp:attachment":[{"href":"http:\/\/www.tcsl.fr\/index.php\/wp-json\/wp\/v2\/media?parent=3155"}],"curies":[{"name":"wp","href":"https:\/\/api.w.org\/{rel}","templated":true}]}}