{"id":3182,"date":"2017-09-26T17:01:06","date_gmt":"2017-09-26T15:01:06","guid":{"rendered":"http:\/\/www.tcsl.fr\/?page_id=3182"},"modified":"2019-09-14T16:49:34","modified_gmt":"2019-09-14T14:49:34","slug":"calendriers-des-competitions","status":"publish","type":"page","link":"http:\/\/www.tcsl.fr\/index.php\/competitions\/calendriers-des-competitions\/","title":{"rendered":"Calendriers des comp\u00e9titions"},"content":{"rendered":"<p><a href=\"http:\/\/www.cdtam.fr\/index_htm_files\/calendrier%20sportif%2020192020.pdf\" target=\"_blank\" rel=\"noopener noreferrer\">Calendrier Ligue de Tir C\u00f4te d&rsquo;Azur<\/a><\/p>\n<p><a href=\"http:\/\/www.ligue-tir-cotedazur.com\/20192020\/gestion%20sportive\/calendrier%20matchs%20amicaux%20et%20stages%20v1.pdf\" target=\"_blank\" rel=\"noopener noreferrer\">Calendrier CDTAM (Comit\u00e9 D\u00e9partemental de Tir des Alpes Maritimes)<\/a><\/p>\n\n\n<p><\/p>\n","protected":false},"excerpt":{"rendered":"<p>Calendrier Ligue de Tir C\u00f4te d&rsquo;Azur Calendrier CDTAM (Comit\u00e9 D\u00e9partemental de Tir des Alpes Maritimes)<\/p>\n","protected":false},"author":1,"featured_media":0,"parent":1038,"menu_order":0,"comment_status":"closed","ping_status":"closed","template":"","meta":{"footnotes":""},"class_list":["post-3182","page","type-page","status-publish","hentry"],"yoast_head":"<!-- This site is optimized with the Yoast SEO plugin v27.3 - https:\/\/yoast.com\/product\/yoast-seo-wordpress\/ -->\n<title>Calendriers des comp\u00e9titions - TCSL<\/title>\n<meta name=\"robots\" content=\"index, follow, max-snippet:-1, max-image-preview:large, max-video-preview:-1\" \/>\n<link rel=\"canonical\" href=\"http:\/\/www.tcsl.fr\/index.php\/competitions\/calendriers-des-competitions\/\" \/>\n<meta property=\"og:locale\" content=\"fr_FR\" \/>\n<meta property=\"og:type\" content=\"article\" \/>\n<meta property=\"og:title\" content=\"Calendriers des comp\u00e9titions - TCSL\" \/>\n<meta property=\"og:description\" content=\"Calendrier Ligue de Tir C\u00f4te d&rsquo;Azur Calendrier CDTAM (Comit\u00e9 D\u00e9partemental de Tir des Alpes Maritimes)\" \/>\n<meta property=\"og:url\" content=\"http:\/\/www.tcsl.fr\/index.php\/competitions\/calendriers-des-competitions\/\" \/>\n<meta property=\"og:site_name\" content=\"TCSL\" \/>\n<meta property=\"article:modified_time\" content=\"2019-09-14T14:49:34+00:00\" \/>\n<meta name=\"twitter:card\" content=\"summary_large_image\" \/>\n<script type=\"application\/ld+json\" class=\"yoast-schema-graph\">{\"@context\":\"https:\\\/\\\/schema.org\",\"@graph\":[{\"@type\":\"WebPage\",\"@id\":\"http:\\\/\\\/www.tcsl.fr\\\/index.php\\\/competitions\\\/calendriers-des-competitions\\\/\",\"url\":\"http:\\\/\\\/www.tcsl.fr\\\/index.php\\\/competitions\\\/calendriers-des-competitions\\\/\",\"name\":\"Calendriers des comp\u00e9titions - TCSL\",\"isPartOf\":{\"@id\":\"http:\\\/\\\/www.tcsl.fr\\\/#website\"},\"datePublished\":\"2017-09-26T15:01:06+00:00\",\"dateModified\":\"2019-09-14T14:49:34+00:00\",\"breadcrumb\":{\"@id\":\"http:\\\/\\\/www.tcsl.fr\\\/index.php\\\/competitions\\\/calendriers-des-competitions\\\/#breadcrumb\"},\"inLanguage\":\"fr-FR\",\"potentialAction\":[{\"@type\":\"ReadAction\",\"target\":[\"http:\\\/\\\/www.tcsl.fr\\\/index.php\\\/competitions\\\/calendriers-des-competitions\\\/\"]}]},{\"@type\":\"BreadcrumbList\",\"@id\":\"http:\\\/\\\/www.tcsl.fr\\\/index.php\\\/competitions\\\/calendriers-des-competitions\\\/#breadcrumb\",\"itemListElement\":[{\"@type\":\"ListItem\",\"position\":1,\"name\":\"Accueil\",\"item\":\"http:\\\/\\\/www.tcsl.fr\\\/\"},{\"@type\":\"ListItem\",\"position\":2,\"name\":\"Comp\u00e9titions\",\"item\":\"https:\\\/\\\/www.tcsl.fr\\\/index.php\\\/competitions\\\/\"},{\"@type\":\"ListItem\",\"position\":3,\"name\":\"Calendriers des comp\u00e9titions\"}]},{\"@type\":\"WebSite\",\"@id\":\"http:\\\/\\\/www.tcsl.fr\\\/#website\",\"url\":\"http:\\\/\\\/www.tcsl.fr\\\/\",\"name\":\"TCSL\",\"description\":\"Le site du Tir Club Stade Laurentin\",\"publisher\":{\"@id\":\"http:\\\/\\\/www.tcsl.fr\\\/#organization\"},\"potentialAction\":[{\"@type\":\"SearchAction\",\"target\":{\"@type\":\"EntryPoint\",\"urlTemplate\":\"http:\\\/\\\/www.tcsl.fr\\\/?s={search_term_string}\"},\"query-input\":{\"@type\":\"PropertyValueSpecification\",\"valueRequired\":true,\"valueName\":\"search_term_string\"}}],\"inLanguage\":\"fr-FR\"},{\"@type\":\"Organization\",\"@id\":\"http:\\\/\\\/www.tcsl.fr\\\/#organization\",\"name\":\"TCSL\",\"url\":\"http:\\\/\\\/www.tcsl.fr\\\/\",\"logo\":{\"@type\":\"ImageObject\",\"inLanguage\":\"fr-FR\",\"@id\":\"http:\\\/\\\/www.tcsl.fr\\\/#\\\/schema\\\/logo\\\/image\\\/\",\"url\":\"http:\\\/\\\/www.tcsl.fr\\\/wp-content\\\/uploads\\\/2024\\\/10\\\/cropped-cropped-cropped-cropped-cropped-logo-lettrage-degrade-rouge-et-blanc-fond-bleu-300x123-1.jpg\",\"contentUrl\":\"http:\\\/\\\/www.tcsl.fr\\\/wp-content\\\/uploads\\\/2024\\\/10\\\/cropped-cropped-cropped-cropped-cropped-logo-lettrage-degrade-rouge-et-blanc-fond-bleu-300x123-1.jpg\",\"width\":240,\"height\":98,\"caption\":\"TCSL\"},\"image\":{\"@id\":\"http:\\\/\\\/www.tcsl.fr\\\/#\\\/schema\\\/logo\\\/image\\\/\"}}]}<\/script>\n<!-- \/ Yoast SEO plugin. -->","yoast_head_json":{"title":"Calendriers des comp\u00e9titions - TCSL","robots":{"index":"index","follow":"follow","max-snippet":"max-snippet:-1","max-image-preview":"max-image-preview:large","max-video-preview":"max-video-preview:-1"},"canonical":"http:\/\/www.tcsl.fr\/index.php\/competitions\/calendriers-des-competitions\/","og_locale":"fr_FR","og_type":"article","og_title":"Calendriers des comp\u00e9titions - TCSL","og_description":"Calendrier Ligue de Tir C\u00f4te d&rsquo;Azur Calendrier CDTAM (Comit\u00e9 D\u00e9partemental de Tir des Alpes Maritimes)","og_url":"http:\/\/www.tcsl.fr\/index.php\/competitions\/calendriers-des-competitions\/","og_site_name":"TCSL","article_modified_time":"2019-09-14T14:49:34+00:00","twitter_card":"summary_large_image","schema":{"@context":"https:\/\/schema.org","@graph":[{"@type":"WebPage","@id":"http:\/\/www.tcsl.fr\/index.php\/competitions\/calendriers-des-competitions\/","url":"http:\/\/www.tcsl.fr\/index.php\/competitions\/calendriers-des-competitions\/","name":"Calendriers des comp\u00e9titions - TCSL","isPartOf":{"@id":"http:\/\/www.tcsl.fr\/#website"},"datePublished":"2017-09-26T15:01:06+00:00","dateModified":"2019-09-14T14:49:34+00:00","breadcrumb":{"@id":"http:\/\/www.tcsl.fr\/index.php\/competitions\/calendriers-des-competitions\/#breadcrumb"},"inLanguage":"fr-FR","potentialAction":[{"@type":"ReadAction","target":["http:\/\/www.tcsl.fr\/index.php\/competitions\/calendriers-des-competitions\/"]}]},{"@type":"BreadcrumbList","@id":"http:\/\/www.tcsl.fr\/index.php\/competitions\/calendriers-des-competitions\/#breadcrumb","itemListElement":[{"@type":"ListItem","position":1,"name":"Accueil","item":"http:\/\/www.tcsl.fr\/"},{"@type":"ListItem","position":2,"name":"Comp\u00e9titions","item":"https:\/\/www.tcsl.fr\/index.php\/competitions\/"},{"@type":"ListItem","position":3,"name":"Calendriers des comp\u00e9titions"}]},{"@type":"WebSite","@id":"http:\/\/www.tcsl.fr\/#website","url":"http:\/\/www.tcsl.fr\/","name":"TCSL","description":"Le site du Tir Club Stade Laurentin","publisher":{"@id":"http:\/\/www.tcsl.fr\/#organization"},"potentialAction":[{"@type":"SearchAction","target":{"@type":"EntryPoint","urlTemplate":"http:\/\/www.tcsl.fr\/?s={search_term_string}"},"query-input":{"@type":"PropertyValueSpecification","valueRequired":true,"valueName":"search_term_string"}}],"inLanguage":"fr-FR"},{"@type":"Organization","@id":"http:\/\/www.tcsl.fr\/#organization","name":"TCSL","url":"http:\/\/www.tcsl.fr\/","logo":{"@type":"ImageObject","inLanguage":"fr-FR","@id":"http:\/\/www.tcsl.fr\/#\/schema\/logo\/image\/","url":"http:\/\/www.tcsl.fr\/wp-content\/uploads\/2024\/10\/cropped-cropped-cropped-cropped-cropped-logo-lettrage-degrade-rouge-et-blanc-fond-bleu-300x123-1.jpg","contentUrl":"http:\/\/www.tcsl.fr\/wp-content\/uploads\/2024\/10\/cropped-cropped-cropped-cropped-cropped-logo-lettrage-degrade-rouge-et-blanc-fond-bleu-300x123-1.jpg","width":240,"height":98,"caption":"TCSL"},"image":{"@id":"http:\/\/www.tcsl.fr\/#\/schema\/logo\/image\/"}}]}},"_links":{"self":[{"href":"http:\/\/www.tcsl.fr\/index.php\/wp-json\/wp\/v2\/pages\/3182","targetHints":{"allow":["GET"]}}],"collection":[{"href":"http:\/\/www.tcsl.fr\/index.php\/wp-json\/wp\/v2\/pages"}],"about":[{"href":"http:\/\/www.tcsl.fr\/index.php\/wp-json\/wp\/v2\/types\/page"}],"author":[{"embeddable":true,"href":"http:\/\/www.tcsl.fr\/index.php\/wp-json\/wp\/v2\/users\/1"}],"replies":[{"embeddable":true,"href":"http:\/\/www.tcsl.fr\/index.php\/wp-json\/wp\/v2\/comments?post=3182"}],"version-history":[{"count":3,"href":"http:\/\/www.tcsl.fr\/index.php\/wp-json\/wp\/v2\/pages\/3182\/revisions"}],"predecessor-version":[{"id":5462,"href":"http:\/\/www.tcsl.fr\/index.php\/wp-json\/wp\/v2\/pages\/3182\/revisions\/5462"}],"up":[{"embeddable":true,"href":"http:\/\/www.tcsl.fr\/index.php\/wp-json\/wp\/v2\/pages\/1038"}],"wp:attachment":[{"href":"http:\/\/www.tcsl.fr\/index.php\/wp-json\/wp\/v2\/media?parent=3182"}],"curies":[{"name":"wp","href":"https:\/\/api.w.org\/{rel}","templated":true}]}}