{"id":3221,"date":"2017-10-15T11:30:34","date_gmt":"2017-10-15T09:30:34","guid":{"rendered":"http:\/\/www.tcsl.fr\/?page_id=3221"},"modified":"2018-10-21T16:14:50","modified_gmt":"2018-10-21T14:14:50","slug":"sanglier-courant-gros-calibre","status":"publish","type":"page","link":"http:\/\/www.tcsl.fr\/index.php\/sanglier-courant-gros-calibre\/","title":{"rendered":"Sanglier Courant  Gros Calibre"},"content":{"rendered":"<p><strong>Sanglier courant \u00a0Gros Calibre<\/strong><\/p>\n<p>Ouvert exclusivement \u00e0 tous les licenci\u00e9s du TCSL.<\/p>\n<p>&nbsp;<\/p>\n<p>&nbsp;<\/p>\n<h2><strong><u>\u00a0<\/u><\/strong><strong><u>LE SANGLIER COURANT<\/u><\/strong><\/h2>\n<p>Le Sanglier Courant est aussi appel\u00e9 \u00ab\u00a0cible mobile\u00a0\u00bb au sein de la F.F.Tir.<\/p>\n<p>C\u2019\u00e9tait une discipline olympique qui se tirait \u00e0 50 m.<\/p>\n<p>Aujourd\u2019hui, il a sa place dans quelques clubs dont le n\u00f4tre. On peut trouver sa r\u00e9glementation sur le site de la F.F.Tir.<\/p>\n<p>Dans quelques clubs, cette discipline existe au tir \u00e0 air comprim\u00e9 10 m et est g\u00e9r\u00e9e par la r\u00e9glementation de l\u2019ISSF. Les cibles sont des Sangliers Courants de taille r\u00e9duite.<\/p>\n<p>Les armes utilis\u00e9es sont des carabines \u00e0 air comprim\u00e9 avec une lunette de tir de faible grossissement. Nous n&rsquo;avons pas cet \u00e9quipement au TCSL.<\/p>\n<p>&nbsp;<\/p>\n<p>Nous sommes aujourd\u2019hui 3 personnes \u00e0 faire fonctionner ce pas-de-tir.<\/p>\n<p>Le responsable<strong>\u00a0<\/strong>est<strong> Alain MAGIORANI<\/strong>,\u00a0 initiateur et arbitre ISSF. Il anime le stand du sanglier courant.<\/p>\n<p><strong>\u00a0<\/strong><strong>Sandy GRIFFA<\/strong>, animatrice et<strong> \u00c9ric COUFOULIN, <\/strong>animateur en formation, sont ses deux assistants et animent le sanglier courant en fonction du planning.<\/p>\n<h2><strong>Fonctionnement<\/strong><\/h2>\n<p>Sur ce stand, la s\u00e9curit\u00e9 est mise en avant car nous utilisons des armes tr\u00e8s puissantes et nous sommes appel\u00e9s \u00e0 nous d\u00e9placer sur la zone de tir.<\/p>\n<p>Certains vont se poser la question\u00a0: quels calibres doit-on utiliser\u00a0?<\/p>\n<p>C\u2019est tr\u00e8s simple, nous utilisons tous les calibres des armes de cat\u00e9gorie C. Les d\u00e9butants peuvent s\u2019essayer au 22 LR.<\/p>\n<p>Les fusils de calibre 12, 16, 20 ou autres peuvent \u00eatre utilis\u00e9s, uniquement en balles plomb. Cependant, il est fr\u00e9quent de constater qu\u2019avec ce mat\u00e9riel, la pr\u00e9cision des tirs n\u2019est pas toujours au rendez-vous.<\/p>\n<p>Les armes \u00e0 levier de sous garde sont tr\u00e8s pratiques (Winchester, Marlin et autres).<\/p>\n<p>A mon avis, pour le tireur d\u00e9sirant \u00e9voluer dans cette discipline, le choix d\u2019une carabine \u00e0 verrou de calibre moyen (calibre 6, 7, 8 mm) reste un tr\u00e8s bon choix, \u00e9quip\u00e9e d\u2019une lunette \u00e0 faible grossissement (de 1,5 \u00e0 6) par exemple.<\/p>\n<p>Le jour des s\u00e9ances de tir, les tireurs vont effectuer 6 tirs\u00a0: 3 tirs de gauche \u00e0 droite et 3 tirs de droite \u00e0 gauche chacun son tour. Ces 6 tirs permettent une rotation rapide des tireurs et diminuent le temps d\u2019attente entre chaque tir.<\/p>\n<p>Les personnes qui d\u00e9sirent essayer ne doivent pas h\u00e9siter \u00e0 venir nous voir.<\/p>\n<p>Nous avons tous commenc\u00e9 le sanglier courant avec de tr\u00e8s mauvais r\u00e9sultats.<\/p>\n<p><strong>Une anecdote<\/strong>, quand j\u2019ai commenc\u00e9 cette discipline, je n\u2019arrivais pas \u00e0 toucher la cible \u2026\u2026\u00a0! Quand je parle de cible, je veux dire que je ne touchais ni le blanc ni le noir\u2026..\u00a0! Je peux le dire maintenant, j\u2019ai fait de grosses \u00e9conomies en gommettes\u00a0!!<\/p>\n<p>Enfin, je donne aussi des cours de perfectionnement, uniquement sur r\u00e9servation et avec un nombre de 4 tireurs maxi par s\u00e9ance afin de les corriger dans leur position et ainsi leur permettre d\u2019\u00e9voluer plus rapidement. Le jour est d\u00e9cid\u00e9 lorsque quelques tireurs en ont fait la demande.<\/p>\n<p>Si vous avez besoin de renseignements suppl\u00e9mentaires, n\u2019h\u00e9sitez pas \u00e0 me contacter.<\/p>\n<p><strong>BIENVENU(E) \u00a0ET\u00a0 BON\u00a0 TIR\u00a0 A\u00a0 TOUS<\/strong><\/p>\n<p>Alain MAGIORANI<\/p>\n<p><strong><u>\u00a0<\/u><\/strong><\/p>\n","protected":false},"excerpt":{"rendered":"<p>Sanglier courant \u00a0Gros Calibre Ouvert exclusivement \u00e0 tous les licenci\u00e9s du TCSL. &nbsp; &nbsp; \u00a0LE SANGLIER COURANT Le Sanglier Courant est aussi appel\u00e9 \u00ab\u00a0cible mobile\u00a0\u00bb au sein de la F.F.Tir. C\u2019\u00e9tait une discipline olympique qui se tirait \u00e0 50 m. Aujourd\u2019hui, il a sa place dans quelques clubs dont le n\u00f4tre. On peut trouver sa [&hellip;]<\/p>\n","protected":false},"author":1,"featured_media":0,"parent":0,"menu_order":0,"comment_status":"closed","ping_status":"closed","template":"","meta":{"footnotes":""},"class_list":["post-3221","page","type-page","status-publish","hentry"],"yoast_head":"<!-- This site is optimized with the Yoast SEO plugin v27.4 - https:\/\/yoast.com\/product\/yoast-seo-wordpress\/ -->\n<title>Sanglier Courant Gros Calibre - TCSL<\/title>\n<meta name=\"robots\" content=\"index, follow, max-snippet:-1, max-image-preview:large, max-video-preview:-1\" \/>\n<link rel=\"canonical\" href=\"http:\/\/www.tcsl.fr\/index.php\/sanglier-courant-gros-calibre\/\" \/>\n<meta property=\"og:locale\" content=\"fr_FR\" \/>\n<meta property=\"og:type\" content=\"article\" \/>\n<meta property=\"og:title\" content=\"Sanglier Courant Gros Calibre - TCSL\" \/>\n<meta property=\"og:description\" content=\"Sanglier courant \u00a0Gros Calibre Ouvert exclusivement \u00e0 tous les licenci\u00e9s du TCSL. &nbsp; &nbsp; \u00a0LE SANGLIER COURANT Le Sanglier Courant est aussi appel\u00e9 \u00ab\u00a0cible mobile\u00a0\u00bb au sein de la F.F.Tir. C\u2019\u00e9tait une discipline olympique qui se tirait \u00e0 50 m. Aujourd\u2019hui, il a sa place dans quelques clubs dont le n\u00f4tre. On peut trouver sa [&hellip;]\" \/>\n<meta property=\"og:url\" content=\"http:\/\/www.tcsl.fr\/index.php\/sanglier-courant-gros-calibre\/\" \/>\n<meta property=\"og:site_name\" content=\"TCSL\" \/>\n<meta property=\"article:modified_time\" content=\"2018-10-21T14:14:50+00:00\" \/>\n<meta name=\"twitter:card\" content=\"summary_large_image\" \/>\n<meta name=\"twitter:label1\" content=\"Dur\u00e9e de lecture estim\u00e9e\" \/>\n\t<meta name=\"twitter:data1\" content=\"3 minutes\" \/>\n<script type=\"application\/ld+json\" class=\"yoast-schema-graph\">{\"@context\":\"https:\\\/\\\/schema.org\",\"@graph\":[{\"@type\":\"WebPage\",\"@id\":\"http:\\\/\\\/www.tcsl.fr\\\/index.php\\\/sanglier-courant-gros-calibre\\\/\",\"url\":\"http:\\\/\\\/www.tcsl.fr\\\/index.php\\\/sanglier-courant-gros-calibre\\\/\",\"name\":\"Sanglier Courant Gros Calibre - TCSL\",\"isPartOf\":{\"@id\":\"https:\\\/\\\/www.tcsl.fr\\\/#website\"},\"datePublished\":\"2017-10-15T09:30:34+00:00\",\"dateModified\":\"2018-10-21T14:14:50+00:00\",\"breadcrumb\":{\"@id\":\"http:\\\/\\\/www.tcsl.fr\\\/index.php\\\/sanglier-courant-gros-calibre\\\/#breadcrumb\"},\"inLanguage\":\"fr-FR\",\"potentialAction\":[{\"@type\":\"ReadAction\",\"target\":[\"http:\\\/\\\/www.tcsl.fr\\\/index.php\\\/sanglier-courant-gros-calibre\\\/\"]}]},{\"@type\":\"BreadcrumbList\",\"@id\":\"http:\\\/\\\/www.tcsl.fr\\\/index.php\\\/sanglier-courant-gros-calibre\\\/#breadcrumb\",\"itemListElement\":[{\"@type\":\"ListItem\",\"position\":1,\"name\":\"Accueil\",\"item\":\"https:\\\/\\\/www.tcsl.fr\\\/\"},{\"@type\":\"ListItem\",\"position\":2,\"name\":\"Sanglier Courant Gros Calibre\"}]},{\"@type\":\"WebSite\",\"@id\":\"https:\\\/\\\/www.tcsl.fr\\\/#website\",\"url\":\"https:\\\/\\\/www.tcsl.fr\\\/\",\"name\":\"TCSL\",\"description\":\"Le site du Tir Club Stade Laurentin\",\"publisher\":{\"@id\":\"https:\\\/\\\/www.tcsl.fr\\\/#organization\"},\"potentialAction\":[{\"@type\":\"SearchAction\",\"target\":{\"@type\":\"EntryPoint\",\"urlTemplate\":\"https:\\\/\\\/www.tcsl.fr\\\/?s={search_term_string}\"},\"query-input\":{\"@type\":\"PropertyValueSpecification\",\"valueRequired\":true,\"valueName\":\"search_term_string\"}}],\"inLanguage\":\"fr-FR\"},{\"@type\":\"Organization\",\"@id\":\"https:\\\/\\\/www.tcsl.fr\\\/#organization\",\"name\":\"TCSL\",\"url\":\"https:\\\/\\\/www.tcsl.fr\\\/\",\"logo\":{\"@type\":\"ImageObject\",\"inLanguage\":\"fr-FR\",\"@id\":\"https:\\\/\\\/www.tcsl.fr\\\/#\\\/schema\\\/logo\\\/image\\\/\",\"url\":\"http:\\\/\\\/www.tcsl.fr\\\/wp-content\\\/uploads\\\/2024\\\/10\\\/cropped-cropped-cropped-cropped-cropped-logo-lettrage-degrade-rouge-et-blanc-fond-bleu-300x123-1.jpg\",\"contentUrl\":\"http:\\\/\\\/www.tcsl.fr\\\/wp-content\\\/uploads\\\/2024\\\/10\\\/cropped-cropped-cropped-cropped-cropped-logo-lettrage-degrade-rouge-et-blanc-fond-bleu-300x123-1.jpg\",\"width\":240,\"height\":98,\"caption\":\"TCSL\"},\"image\":{\"@id\":\"https:\\\/\\\/www.tcsl.fr\\\/#\\\/schema\\\/logo\\\/image\\\/\"}}]}<\/script>\n<!-- \/ Yoast SEO plugin. -->","yoast_head_json":{"title":"Sanglier Courant Gros Calibre - TCSL","robots":{"index":"index","follow":"follow","max-snippet":"max-snippet:-1","max-image-preview":"max-image-preview:large","max-video-preview":"max-video-preview:-1"},"canonical":"http:\/\/www.tcsl.fr\/index.php\/sanglier-courant-gros-calibre\/","og_locale":"fr_FR","og_type":"article","og_title":"Sanglier Courant Gros Calibre - TCSL","og_description":"Sanglier courant \u00a0Gros Calibre Ouvert exclusivement \u00e0 tous les licenci\u00e9s du TCSL. &nbsp; &nbsp; \u00a0LE SANGLIER COURANT Le Sanglier Courant est aussi appel\u00e9 \u00ab\u00a0cible mobile\u00a0\u00bb au sein de la F.F.Tir. C\u2019\u00e9tait une discipline olympique qui se tirait \u00e0 50 m. Aujourd\u2019hui, il a sa place dans quelques clubs dont le n\u00f4tre. On peut trouver sa [&hellip;]","og_url":"http:\/\/www.tcsl.fr\/index.php\/sanglier-courant-gros-calibre\/","og_site_name":"TCSL","article_modified_time":"2018-10-21T14:14:50+00:00","twitter_card":"summary_large_image","twitter_misc":{"Dur\u00e9e de lecture estim\u00e9e":"3 minutes"},"schema":{"@context":"https:\/\/schema.org","@graph":[{"@type":"WebPage","@id":"http:\/\/www.tcsl.fr\/index.php\/sanglier-courant-gros-calibre\/","url":"http:\/\/www.tcsl.fr\/index.php\/sanglier-courant-gros-calibre\/","name":"Sanglier Courant Gros Calibre - TCSL","isPartOf":{"@id":"https:\/\/www.tcsl.fr\/#website"},"datePublished":"2017-10-15T09:30:34+00:00","dateModified":"2018-10-21T14:14:50+00:00","breadcrumb":{"@id":"http:\/\/www.tcsl.fr\/index.php\/sanglier-courant-gros-calibre\/#breadcrumb"},"inLanguage":"fr-FR","potentialAction":[{"@type":"ReadAction","target":["http:\/\/www.tcsl.fr\/index.php\/sanglier-courant-gros-calibre\/"]}]},{"@type":"BreadcrumbList","@id":"http:\/\/www.tcsl.fr\/index.php\/sanglier-courant-gros-calibre\/#breadcrumb","itemListElement":[{"@type":"ListItem","position":1,"name":"Accueil","item":"https:\/\/www.tcsl.fr\/"},{"@type":"ListItem","position":2,"name":"Sanglier Courant Gros Calibre"}]},{"@type":"WebSite","@id":"https:\/\/www.tcsl.fr\/#website","url":"https:\/\/www.tcsl.fr\/","name":"TCSL","description":"Le site du Tir Club Stade Laurentin","publisher":{"@id":"https:\/\/www.tcsl.fr\/#organization"},"potentialAction":[{"@type":"SearchAction","target":{"@type":"EntryPoint","urlTemplate":"https:\/\/www.tcsl.fr\/?s={search_term_string}"},"query-input":{"@type":"PropertyValueSpecification","valueRequired":true,"valueName":"search_term_string"}}],"inLanguage":"fr-FR"},{"@type":"Organization","@id":"https:\/\/www.tcsl.fr\/#organization","name":"TCSL","url":"https:\/\/www.tcsl.fr\/","logo":{"@type":"ImageObject","inLanguage":"fr-FR","@id":"https:\/\/www.tcsl.fr\/#\/schema\/logo\/image\/","url":"http:\/\/www.tcsl.fr\/wp-content\/uploads\/2024\/10\/cropped-cropped-cropped-cropped-cropped-logo-lettrage-degrade-rouge-et-blanc-fond-bleu-300x123-1.jpg","contentUrl":"http:\/\/www.tcsl.fr\/wp-content\/uploads\/2024\/10\/cropped-cropped-cropped-cropped-cropped-logo-lettrage-degrade-rouge-et-blanc-fond-bleu-300x123-1.jpg","width":240,"height":98,"caption":"TCSL"},"image":{"@id":"https:\/\/www.tcsl.fr\/#\/schema\/logo\/image\/"}}]}},"_links":{"self":[{"href":"http:\/\/www.tcsl.fr\/index.php\/wp-json\/wp\/v2\/pages\/3221","targetHints":{"allow":["GET"]}}],"collection":[{"href":"http:\/\/www.tcsl.fr\/index.php\/wp-json\/wp\/v2\/pages"}],"about":[{"href":"http:\/\/www.tcsl.fr\/index.php\/wp-json\/wp\/v2\/types\/page"}],"author":[{"embeddable":true,"href":"http:\/\/www.tcsl.fr\/index.php\/wp-json\/wp\/v2\/users\/1"}],"replies":[{"embeddable":true,"href":"http:\/\/www.tcsl.fr\/index.php\/wp-json\/wp\/v2\/comments?post=3221"}],"version-history":[{"count":9,"href":"http:\/\/www.tcsl.fr\/index.php\/wp-json\/wp\/v2\/pages\/3221\/revisions"}],"predecessor-version":[{"id":4131,"href":"http:\/\/www.tcsl.fr\/index.php\/wp-json\/wp\/v2\/pages\/3221\/revisions\/4131"}],"wp:attachment":[{"href":"http:\/\/www.tcsl.fr\/index.php\/wp-json\/wp\/v2\/media?parent=3221"}],"curies":[{"name":"wp","href":"https:\/\/api.w.org\/{rel}","templated":true}]}}