{"id":3224,"date":"2017-10-15T11:34:56","date_gmt":"2017-10-15T09:34:56","guid":{"rendered":"http:\/\/www.tcsl.fr\/?page_id=3224"},"modified":"2018-10-21T16:14:05","modified_gmt":"2018-10-21T14:14:05","slug":"sanglier-courant-22-lr","status":"publish","type":"page","link":"http:\/\/www.tcsl.fr\/index.php\/sanglier-courant-22-lr\/","title":{"rendered":"Sanglier Courant 22 LR"},"content":{"rendered":"<p>R\u00e9f\u00e9rent\u00a0: Eric COUFOULIN<\/p>\n<p>Le sanglier courant, qui est propos\u00e9 le dimanche matin, est uniquement ouvert aux licenci\u00e9s du TCSL.<br \/>\nPour des raisons de s\u00e9curit\u00e9, aucune invitation n&rsquo;est possible.<br \/>\nCette activit\u00e9 est ouverte uniquement aux carabines 22 LR (mono-coup, armement par levier et Semi-auto avec possibilit\u00e9 de doubler le tir).<br \/>\nLa 22 LR permet d&rsquo;appr\u00e9hender cette discipline \u00e0 moindre co\u00fbt.<\/p>\n<p>Le sanglier courant est principalement destin\u00e9 \u00e0 l\u2019entra\u00eenement du tir \u00e0 balle avec des armes ray\u00e9es.<br \/>\nLes cibles en carton repr\u00e9sentent un sanglier, celles-ci sont fix\u00e9es sur un chariot qui se d\u00e9place \u00e0 diff\u00e9rentes allures dans une fen\u00eatre d\u2019environ 12 m\u00e8tres \u00e0 une trentaine de m\u00e8tres du tireur.<br \/>\nLes cibles figurent un sanglier courant qui se d\u00e9place de gauche \u00e0 droite et vice-versa.<br \/>\nUne discipline fun et sympa qui permet de passer un dimanche matin agr\u00e9able.<\/p>\n<p><!--more--><\/p>\n<p>&nbsp;<\/p>\n<p>&nbsp;<\/p>\n","protected":false},"excerpt":{"rendered":"<p>R\u00e9f\u00e9rent\u00a0: Eric COUFOULIN Le sanglier courant, qui est propos\u00e9 le dimanche matin, est uniquement ouvert aux licenci\u00e9s du TCSL. Pour des raisons de s\u00e9curit\u00e9, aucune invitation n&rsquo;est possible. Cette activit\u00e9 est ouverte uniquement aux carabines 22 LR (mono-coup, armement par levier et Semi-auto avec possibilit\u00e9 de doubler le tir). La 22 LR permet d&rsquo;appr\u00e9hender cette [&hellip;]<\/p>\n","protected":false},"author":1,"featured_media":0,"parent":0,"menu_order":0,"comment_status":"closed","ping_status":"closed","template":"","meta":{"footnotes":""},"class_list":["post-3224","page","type-page","status-publish","hentry"],"yoast_head":"<!-- This site is optimized with the Yoast SEO plugin v27.3 - https:\/\/yoast.com\/product\/yoast-seo-wordpress\/ -->\n<title>Sanglier Courant 22 LR - TCSL<\/title>\n<meta name=\"robots\" content=\"index, follow, max-snippet:-1, max-image-preview:large, max-video-preview:-1\" \/>\n<link rel=\"canonical\" href=\"https:\/\/www.tcsl.fr\/index.php\/sanglier-courant-22-lr\/\" \/>\n<meta property=\"og:locale\" content=\"fr_FR\" \/>\n<meta property=\"og:type\" content=\"article\" \/>\n<meta property=\"og:title\" content=\"Sanglier Courant 22 LR - TCSL\" \/>\n<meta property=\"og:description\" content=\"R\u00e9f\u00e9rent\u00a0: Eric COUFOULIN Le sanglier courant, qui est propos\u00e9 le dimanche matin, est uniquement ouvert aux licenci\u00e9s du TCSL. Pour des raisons de s\u00e9curit\u00e9, aucune invitation n&rsquo;est possible. Cette activit\u00e9 est ouverte uniquement aux carabines 22 LR (mono-coup, armement par levier et Semi-auto avec possibilit\u00e9 de doubler le tir). La 22 LR permet d&rsquo;appr\u00e9hender cette [&hellip;]\" \/>\n<meta property=\"og:url\" content=\"https:\/\/www.tcsl.fr\/index.php\/sanglier-courant-22-lr\/\" \/>\n<meta property=\"og:site_name\" content=\"TCSL\" \/>\n<meta property=\"article:modified_time\" content=\"2018-10-21T14:14:05+00:00\" \/>\n<meta name=\"twitter:card\" content=\"summary_large_image\" \/>\n<meta name=\"twitter:label1\" content=\"Dur\u00e9e de lecture estim\u00e9e\" \/>\n\t<meta name=\"twitter:data1\" content=\"1 minute\" \/>\n<script type=\"application\/ld+json\" class=\"yoast-schema-graph\">{\"@context\":\"https:\\\/\\\/schema.org\",\"@graph\":[{\"@type\":\"WebPage\",\"@id\":\"https:\\\/\\\/www.tcsl.fr\\\/index.php\\\/sanglier-courant-22-lr\\\/\",\"url\":\"https:\\\/\\\/www.tcsl.fr\\\/index.php\\\/sanglier-courant-22-lr\\\/\",\"name\":\"Sanglier Courant 22 LR - TCSL\",\"isPartOf\":{\"@id\":\"https:\\\/\\\/www.tcsl.fr\\\/#website\"},\"datePublished\":\"2017-10-15T09:34:56+00:00\",\"dateModified\":\"2018-10-21T14:14:05+00:00\",\"breadcrumb\":{\"@id\":\"https:\\\/\\\/www.tcsl.fr\\\/index.php\\\/sanglier-courant-22-lr\\\/#breadcrumb\"},\"inLanguage\":\"fr-FR\",\"potentialAction\":[{\"@type\":\"ReadAction\",\"target\":[\"https:\\\/\\\/www.tcsl.fr\\\/index.php\\\/sanglier-courant-22-lr\\\/\"]}]},{\"@type\":\"BreadcrumbList\",\"@id\":\"https:\\\/\\\/www.tcsl.fr\\\/index.php\\\/sanglier-courant-22-lr\\\/#breadcrumb\",\"itemListElement\":[{\"@type\":\"ListItem\",\"position\":1,\"name\":\"Accueil\",\"item\":\"https:\\\/\\\/www.tcsl.fr\\\/\"},{\"@type\":\"ListItem\",\"position\":2,\"name\":\"Sanglier Courant 22 LR\"}]},{\"@type\":\"WebSite\",\"@id\":\"https:\\\/\\\/www.tcsl.fr\\\/#website\",\"url\":\"https:\\\/\\\/www.tcsl.fr\\\/\",\"name\":\"TCSL\",\"description\":\"Le site du Tir Club Stade Laurentin\",\"publisher\":{\"@id\":\"https:\\\/\\\/www.tcsl.fr\\\/#organization\"},\"potentialAction\":[{\"@type\":\"SearchAction\",\"target\":{\"@type\":\"EntryPoint\",\"urlTemplate\":\"https:\\\/\\\/www.tcsl.fr\\\/?s={search_term_string}\"},\"query-input\":{\"@type\":\"PropertyValueSpecification\",\"valueRequired\":true,\"valueName\":\"search_term_string\"}}],\"inLanguage\":\"fr-FR\"},{\"@type\":\"Organization\",\"@id\":\"https:\\\/\\\/www.tcsl.fr\\\/#organization\",\"name\":\"TCSL\",\"url\":\"https:\\\/\\\/www.tcsl.fr\\\/\",\"logo\":{\"@type\":\"ImageObject\",\"inLanguage\":\"fr-FR\",\"@id\":\"https:\\\/\\\/www.tcsl.fr\\\/#\\\/schema\\\/logo\\\/image\\\/\",\"url\":\"http:\\\/\\\/www.tcsl.fr\\\/wp-content\\\/uploads\\\/2024\\\/10\\\/cropped-cropped-cropped-cropped-cropped-logo-lettrage-degrade-rouge-et-blanc-fond-bleu-300x123-1.jpg\",\"contentUrl\":\"http:\\\/\\\/www.tcsl.fr\\\/wp-content\\\/uploads\\\/2024\\\/10\\\/cropped-cropped-cropped-cropped-cropped-logo-lettrage-degrade-rouge-et-blanc-fond-bleu-300x123-1.jpg\",\"width\":240,\"height\":98,\"caption\":\"TCSL\"},\"image\":{\"@id\":\"https:\\\/\\\/www.tcsl.fr\\\/#\\\/schema\\\/logo\\\/image\\\/\"}}]}<\/script>\n<!-- \/ Yoast SEO plugin. -->","yoast_head_json":{"title":"Sanglier Courant 22 LR - TCSL","robots":{"index":"index","follow":"follow","max-snippet":"max-snippet:-1","max-image-preview":"max-image-preview:large","max-video-preview":"max-video-preview:-1"},"canonical":"https:\/\/www.tcsl.fr\/index.php\/sanglier-courant-22-lr\/","og_locale":"fr_FR","og_type":"article","og_title":"Sanglier Courant 22 LR - TCSL","og_description":"R\u00e9f\u00e9rent\u00a0: Eric COUFOULIN Le sanglier courant, qui est propos\u00e9 le dimanche matin, est uniquement ouvert aux licenci\u00e9s du TCSL. Pour des raisons de s\u00e9curit\u00e9, aucune invitation n&rsquo;est possible. Cette activit\u00e9 est ouverte uniquement aux carabines 22 LR (mono-coup, armement par levier et Semi-auto avec possibilit\u00e9 de doubler le tir). La 22 LR permet d&rsquo;appr\u00e9hender cette [&hellip;]","og_url":"https:\/\/www.tcsl.fr\/index.php\/sanglier-courant-22-lr\/","og_site_name":"TCSL","article_modified_time":"2018-10-21T14:14:05+00:00","twitter_card":"summary_large_image","twitter_misc":{"Dur\u00e9e de lecture estim\u00e9e":"1 minute"},"schema":{"@context":"https:\/\/schema.org","@graph":[{"@type":"WebPage","@id":"https:\/\/www.tcsl.fr\/index.php\/sanglier-courant-22-lr\/","url":"https:\/\/www.tcsl.fr\/index.php\/sanglier-courant-22-lr\/","name":"Sanglier Courant 22 LR - TCSL","isPartOf":{"@id":"https:\/\/www.tcsl.fr\/#website"},"datePublished":"2017-10-15T09:34:56+00:00","dateModified":"2018-10-21T14:14:05+00:00","breadcrumb":{"@id":"https:\/\/www.tcsl.fr\/index.php\/sanglier-courant-22-lr\/#breadcrumb"},"inLanguage":"fr-FR","potentialAction":[{"@type":"ReadAction","target":["https:\/\/www.tcsl.fr\/index.php\/sanglier-courant-22-lr\/"]}]},{"@type":"BreadcrumbList","@id":"https:\/\/www.tcsl.fr\/index.php\/sanglier-courant-22-lr\/#breadcrumb","itemListElement":[{"@type":"ListItem","position":1,"name":"Accueil","item":"https:\/\/www.tcsl.fr\/"},{"@type":"ListItem","position":2,"name":"Sanglier Courant 22 LR"}]},{"@type":"WebSite","@id":"https:\/\/www.tcsl.fr\/#website","url":"https:\/\/www.tcsl.fr\/","name":"TCSL","description":"Le site du Tir Club Stade Laurentin","publisher":{"@id":"https:\/\/www.tcsl.fr\/#organization"},"potentialAction":[{"@type":"SearchAction","target":{"@type":"EntryPoint","urlTemplate":"https:\/\/www.tcsl.fr\/?s={search_term_string}"},"query-input":{"@type":"PropertyValueSpecification","valueRequired":true,"valueName":"search_term_string"}}],"inLanguage":"fr-FR"},{"@type":"Organization","@id":"https:\/\/www.tcsl.fr\/#organization","name":"TCSL","url":"https:\/\/www.tcsl.fr\/","logo":{"@type":"ImageObject","inLanguage":"fr-FR","@id":"https:\/\/www.tcsl.fr\/#\/schema\/logo\/image\/","url":"http:\/\/www.tcsl.fr\/wp-content\/uploads\/2024\/10\/cropped-cropped-cropped-cropped-cropped-logo-lettrage-degrade-rouge-et-blanc-fond-bleu-300x123-1.jpg","contentUrl":"http:\/\/www.tcsl.fr\/wp-content\/uploads\/2024\/10\/cropped-cropped-cropped-cropped-cropped-logo-lettrage-degrade-rouge-et-blanc-fond-bleu-300x123-1.jpg","width":240,"height":98,"caption":"TCSL"},"image":{"@id":"https:\/\/www.tcsl.fr\/#\/schema\/logo\/image\/"}}]}},"_links":{"self":[{"href":"http:\/\/www.tcsl.fr\/index.php\/wp-json\/wp\/v2\/pages\/3224","targetHints":{"allow":["GET"]}}],"collection":[{"href":"http:\/\/www.tcsl.fr\/index.php\/wp-json\/wp\/v2\/pages"}],"about":[{"href":"http:\/\/www.tcsl.fr\/index.php\/wp-json\/wp\/v2\/types\/page"}],"author":[{"embeddable":true,"href":"http:\/\/www.tcsl.fr\/index.php\/wp-json\/wp\/v2\/users\/1"}],"replies":[{"embeddable":true,"href":"http:\/\/www.tcsl.fr\/index.php\/wp-json\/wp\/v2\/comments?post=3224"}],"version-history":[{"count":15,"href":"http:\/\/www.tcsl.fr\/index.php\/wp-json\/wp\/v2\/pages\/3224\/revisions"}],"predecessor-version":[{"id":4130,"href":"http:\/\/www.tcsl.fr\/index.php\/wp-json\/wp\/v2\/pages\/3224\/revisions\/4130"}],"wp:attachment":[{"href":"http:\/\/www.tcsl.fr\/index.php\/wp-json\/wp\/v2\/media?parent=3224"}],"curies":[{"name":"wp","href":"https:\/\/api.w.org\/{rel}","templated":true}]}}