{"id":4612,"date":"2019-03-03T10:56:33","date_gmt":"2019-03-03T09:56:33","guid":{"rendered":"http:\/\/www.tcsl.fr\/?page_id=4612"},"modified":"2025-09-05T16:19:52","modified_gmt":"2025-09-05T14:19:52","slug":"statuts-et-reglement-interieur","status":"publish","type":"page","link":"http:\/\/www.tcsl.fr\/index.php\/le-club\/statuts-et-reglement-interieur\/","title":{"rendered":"STATUTS et R\u00c8GLEMENTS INT\u00c9RIEURS"},"content":{"rendered":"\n<p><\/p>\n\n\n\n<p><a href=\"https:\/\/www.tcsl.fr\/index.php\/statuts-du-tcsl\/\" target=\"_blank\" rel=\"noreferrer noopener\">Statuts du TCSL<\/a><\/p>\n\n\n\n<p><a href=\"http:\/\/www.tcsl.fr\/wp-content\/uploads\/2025\/09\/2025-09-03-Reglement-interieur-TCSL.pdf\" target=\"_blank\" rel=\"noreferrer noopener\">R\u00e8glement Int\u00e9rieur<\/a><\/p>\n\n\n\n<p><a href=\"https:\/\/www.tcsl.fr\/index.php\/reglement-50-100-m\/\">R\u00e8glement 50\/<\/a><a href=\"https:\/\/www.tcsl.fr\/index.php\/reglement-50-100-m\/\" target=\"_blank\" rel=\"noreferrer noopener\">100 m<\/a><\/p>\n\n\n\n<p><\/p>\n","protected":false},"excerpt":{"rendered":"<p>Statuts du TCSL R\u00e8glement Int\u00e9rieur R\u00e8glement 50\/100 m<\/p>\n","protected":false},"author":1,"featured_media":0,"parent":922,"menu_order":0,"comment_status":"closed","ping_status":"closed","template":"","meta":{"footnotes":""},"class_list":["post-4612","page","type-page","status-publish","hentry"],"yoast_head":"<!-- This site is optimized with the Yoast SEO plugin v27.3 - https:\/\/yoast.com\/product\/yoast-seo-wordpress\/ -->\n<title>STATUTS et R\u00c8GLEMENTS INT\u00c9RIEURS - TCSL<\/title>\n<meta name=\"robots\" content=\"index, follow, max-snippet:-1, max-image-preview:large, max-video-preview:-1\" \/>\n<link rel=\"canonical\" href=\"https:\/\/www.tcsl.fr\/index.php\/le-club\/statuts-et-reglement-interieur\/\" \/>\n<meta property=\"og:locale\" content=\"fr_FR\" \/>\n<meta property=\"og:type\" content=\"article\" \/>\n<meta property=\"og:title\" content=\"STATUTS et R\u00c8GLEMENTS INT\u00c9RIEURS - TCSL\" \/>\n<meta property=\"og:description\" content=\"Statuts du TCSL R\u00e8glement Int\u00e9rieur R\u00e8glement 50\/100 m\" \/>\n<meta property=\"og:url\" content=\"https:\/\/www.tcsl.fr\/index.php\/le-club\/statuts-et-reglement-interieur\/\" \/>\n<meta property=\"og:site_name\" content=\"TCSL\" \/>\n<meta property=\"article:modified_time\" content=\"2025-09-05T14:19:52+00:00\" \/>\n<meta name=\"twitter:card\" content=\"summary_large_image\" \/>\n<meta name=\"twitter:label1\" content=\"Dur\u00e9e de lecture estim\u00e9e\" \/>\n\t<meta name=\"twitter:data1\" content=\"1 minute\" \/>\n<script type=\"application\/ld+json\" class=\"yoast-schema-graph\">{\"@context\":\"https:\\\/\\\/schema.org\",\"@graph\":[{\"@type\":\"WebPage\",\"@id\":\"https:\\\/\\\/www.tcsl.fr\\\/index.php\\\/le-club\\\/statuts-et-reglement-interieur\\\/\",\"url\":\"https:\\\/\\\/www.tcsl.fr\\\/index.php\\\/le-club\\\/statuts-et-reglement-interieur\\\/\",\"name\":\"STATUTS et R\u00c8GLEMENTS INT\u00c9RIEURS - TCSL\",\"isPartOf\":{\"@id\":\"https:\\\/\\\/www.tcsl.fr\\\/#website\"},\"datePublished\":\"2019-03-03T09:56:33+00:00\",\"dateModified\":\"2025-09-05T14:19:52+00:00\",\"breadcrumb\":{\"@id\":\"https:\\\/\\\/www.tcsl.fr\\\/index.php\\\/le-club\\\/statuts-et-reglement-interieur\\\/#breadcrumb\"},\"inLanguage\":\"fr-FR\",\"potentialAction\":[{\"@type\":\"ReadAction\",\"target\":[\"https:\\\/\\\/www.tcsl.fr\\\/index.php\\\/le-club\\\/statuts-et-reglement-interieur\\\/\"]}]},{\"@type\":\"BreadcrumbList\",\"@id\":\"https:\\\/\\\/www.tcsl.fr\\\/index.php\\\/le-club\\\/statuts-et-reglement-interieur\\\/#breadcrumb\",\"itemListElement\":[{\"@type\":\"ListItem\",\"position\":1,\"name\":\"Accueil\",\"item\":\"https:\\\/\\\/www.tcsl.fr\\\/\"},{\"@type\":\"ListItem\",\"position\":2,\"name\":\"Le Club\",\"item\":\"https:\\\/\\\/www.tcsl.fr\\\/index.php\\\/le-club\\\/\"},{\"@type\":\"ListItem\",\"position\":3,\"name\":\"STATUTS et R\u00c8GLEMENTS INT\u00c9RIEURS\"}]},{\"@type\":\"WebSite\",\"@id\":\"https:\\\/\\\/www.tcsl.fr\\\/#website\",\"url\":\"https:\\\/\\\/www.tcsl.fr\\\/\",\"name\":\"TCSL\",\"description\":\"Le site du Tir Club Stade Laurentin\",\"publisher\":{\"@id\":\"https:\\\/\\\/www.tcsl.fr\\\/#organization\"},\"potentialAction\":[{\"@type\":\"SearchAction\",\"target\":{\"@type\":\"EntryPoint\",\"urlTemplate\":\"https:\\\/\\\/www.tcsl.fr\\\/?s={search_term_string}\"},\"query-input\":{\"@type\":\"PropertyValueSpecification\",\"valueRequired\":true,\"valueName\":\"search_term_string\"}}],\"inLanguage\":\"fr-FR\"},{\"@type\":\"Organization\",\"@id\":\"https:\\\/\\\/www.tcsl.fr\\\/#organization\",\"name\":\"TCSL\",\"url\":\"https:\\\/\\\/www.tcsl.fr\\\/\",\"logo\":{\"@type\":\"ImageObject\",\"inLanguage\":\"fr-FR\",\"@id\":\"https:\\\/\\\/www.tcsl.fr\\\/#\\\/schema\\\/logo\\\/image\\\/\",\"url\":\"http:\\\/\\\/www.tcsl.fr\\\/wp-content\\\/uploads\\\/2024\\\/10\\\/cropped-cropped-cropped-cropped-cropped-logo-lettrage-degrade-rouge-et-blanc-fond-bleu-300x123-1.jpg\",\"contentUrl\":\"http:\\\/\\\/www.tcsl.fr\\\/wp-content\\\/uploads\\\/2024\\\/10\\\/cropped-cropped-cropped-cropped-cropped-logo-lettrage-degrade-rouge-et-blanc-fond-bleu-300x123-1.jpg\",\"width\":240,\"height\":98,\"caption\":\"TCSL\"},\"image\":{\"@id\":\"https:\\\/\\\/www.tcsl.fr\\\/#\\\/schema\\\/logo\\\/image\\\/\"}}]}<\/script>\n<!-- \/ Yoast SEO plugin. -->","yoast_head_json":{"title":"STATUTS et R\u00c8GLEMENTS INT\u00c9RIEURS - TCSL","robots":{"index":"index","follow":"follow","max-snippet":"max-snippet:-1","max-image-preview":"max-image-preview:large","max-video-preview":"max-video-preview:-1"},"canonical":"https:\/\/www.tcsl.fr\/index.php\/le-club\/statuts-et-reglement-interieur\/","og_locale":"fr_FR","og_type":"article","og_title":"STATUTS et R\u00c8GLEMENTS INT\u00c9RIEURS - TCSL","og_description":"Statuts du TCSL R\u00e8glement Int\u00e9rieur R\u00e8glement 50\/100 m","og_url":"https:\/\/www.tcsl.fr\/index.php\/le-club\/statuts-et-reglement-interieur\/","og_site_name":"TCSL","article_modified_time":"2025-09-05T14:19:52+00:00","twitter_card":"summary_large_image","twitter_misc":{"Dur\u00e9e de lecture estim\u00e9e":"1 minute"},"schema":{"@context":"https:\/\/schema.org","@graph":[{"@type":"WebPage","@id":"https:\/\/www.tcsl.fr\/index.php\/le-club\/statuts-et-reglement-interieur\/","url":"https:\/\/www.tcsl.fr\/index.php\/le-club\/statuts-et-reglement-interieur\/","name":"STATUTS et R\u00c8GLEMENTS INT\u00c9RIEURS - TCSL","isPartOf":{"@id":"https:\/\/www.tcsl.fr\/#website"},"datePublished":"2019-03-03T09:56:33+00:00","dateModified":"2025-09-05T14:19:52+00:00","breadcrumb":{"@id":"https:\/\/www.tcsl.fr\/index.php\/le-club\/statuts-et-reglement-interieur\/#breadcrumb"},"inLanguage":"fr-FR","potentialAction":[{"@type":"ReadAction","target":["https:\/\/www.tcsl.fr\/index.php\/le-club\/statuts-et-reglement-interieur\/"]}]},{"@type":"BreadcrumbList","@id":"https:\/\/www.tcsl.fr\/index.php\/le-club\/statuts-et-reglement-interieur\/#breadcrumb","itemListElement":[{"@type":"ListItem","position":1,"name":"Accueil","item":"https:\/\/www.tcsl.fr\/"},{"@type":"ListItem","position":2,"name":"Le Club","item":"https:\/\/www.tcsl.fr\/index.php\/le-club\/"},{"@type":"ListItem","position":3,"name":"STATUTS et R\u00c8GLEMENTS INT\u00c9RIEURS"}]},{"@type":"WebSite","@id":"https:\/\/www.tcsl.fr\/#website","url":"https:\/\/www.tcsl.fr\/","name":"TCSL","description":"Le site du Tir Club Stade Laurentin","publisher":{"@id":"https:\/\/www.tcsl.fr\/#organization"},"potentialAction":[{"@type":"SearchAction","target":{"@type":"EntryPoint","urlTemplate":"https:\/\/www.tcsl.fr\/?s={search_term_string}"},"query-input":{"@type":"PropertyValueSpecification","valueRequired":true,"valueName":"search_term_string"}}],"inLanguage":"fr-FR"},{"@type":"Organization","@id":"https:\/\/www.tcsl.fr\/#organization","name":"TCSL","url":"https:\/\/www.tcsl.fr\/","logo":{"@type":"ImageObject","inLanguage":"fr-FR","@id":"https:\/\/www.tcsl.fr\/#\/schema\/logo\/image\/","url":"http:\/\/www.tcsl.fr\/wp-content\/uploads\/2024\/10\/cropped-cropped-cropped-cropped-cropped-logo-lettrage-degrade-rouge-et-blanc-fond-bleu-300x123-1.jpg","contentUrl":"http:\/\/www.tcsl.fr\/wp-content\/uploads\/2024\/10\/cropped-cropped-cropped-cropped-cropped-logo-lettrage-degrade-rouge-et-blanc-fond-bleu-300x123-1.jpg","width":240,"height":98,"caption":"TCSL"},"image":{"@id":"https:\/\/www.tcsl.fr\/#\/schema\/logo\/image\/"}}]}},"_links":{"self":[{"href":"http:\/\/www.tcsl.fr\/index.php\/wp-json\/wp\/v2\/pages\/4612","targetHints":{"allow":["GET"]}}],"collection":[{"href":"http:\/\/www.tcsl.fr\/index.php\/wp-json\/wp\/v2\/pages"}],"about":[{"href":"http:\/\/www.tcsl.fr\/index.php\/wp-json\/wp\/v2\/types\/page"}],"author":[{"embeddable":true,"href":"http:\/\/www.tcsl.fr\/index.php\/wp-json\/wp\/v2\/users\/1"}],"replies":[{"embeddable":true,"href":"http:\/\/www.tcsl.fr\/index.php\/wp-json\/wp\/v2\/comments?post=4612"}],"version-history":[{"count":14,"href":"http:\/\/www.tcsl.fr\/index.php\/wp-json\/wp\/v2\/pages\/4612\/revisions"}],"predecessor-version":[{"id":8101,"href":"http:\/\/www.tcsl.fr\/index.php\/wp-json\/wp\/v2\/pages\/4612\/revisions\/8101"}],"up":[{"embeddable":true,"href":"http:\/\/www.tcsl.fr\/index.php\/wp-json\/wp\/v2\/pages\/922"}],"wp:attachment":[{"href":"http:\/\/www.tcsl.fr\/index.php\/wp-json\/wp\/v2\/media?parent=4612"}],"curies":[{"name":"wp","href":"https:\/\/api.w.org\/{rel}","templated":true}]}}