{"id":5441,"date":"2019-09-10T11:39:13","date_gmt":"2019-09-10T09:39:13","guid":{"rendered":"http:\/\/www.tcsl.fr\/?page_id=5441"},"modified":"2020-01-28T19:43:04","modified_gmt":"2020-01-28T18:43:04","slug":"trophee-22-hunter-loisir","status":"publish","type":"page","link":"http:\/\/www.tcsl.fr\/index.php\/trophee-22-hunter-loisir\/","title":{"rendered":"Troph\u00e9e 22 Hunter Loisir 2019-2020"},"content":{"rendered":"\n<p> Vous trouverez <strong><a rel=\"noreferrer noopener\" href=\"http:\/\/www.tcsl.fr\/wp-content\/uploads\/2019\/09\/Concours-HUNTER-LOISIR-Saison-2019-2020-Copie.pdf\" target=\"_blank\">ici<\/a><\/strong> le r\u00e8glement et <strong><a href=\"http:\/\/www.tcsl.fr\/wp-content\/uploads\/2020\/01\/2020-Fiche-dinscription-Match-Amical-22-Hunter-Loisir-.pdf\" target=\"_blank\" rel=\"noreferrer noopener\" aria-label=\"l\u00e0 (s\u2019ouvre dans un nouvel onglet)\">l\u00e0<\/a><\/strong> la fiche d&rsquo;inscription.<\/p>\n\n\n\n<p><a rel=\"noreferrer noopener\" aria-label=\"Les r\u00e9sultats (s\u2019ouvre dans un nouvel onglet)\" href=\"http:\/\/www.tcsl.fr\/index.php\/2019-2020-trophee-tcsl-22-hunter-loisir-2\/\" target=\"_blank\">Les r\u00e9sultats<\/a> <\/p>\n\n\n\n<p><\/p>\n","protected":false},"excerpt":{"rendered":"<p>Vous trouverez ici le r\u00e8glement et l\u00e0 la fiche d&rsquo;inscription. Les r\u00e9sultats<\/p>\n","protected":false},"author":1,"featured_media":0,"parent":0,"menu_order":0,"comment_status":"closed","ping_status":"closed","template":"","meta":{"footnotes":""},"class_list":["post-5441","page","type-page","status-publish","hentry"],"yoast_head":"<!-- This site is optimized with the Yoast SEO plugin v27.3 - https:\/\/yoast.com\/product\/yoast-seo-wordpress\/ -->\n<title>Troph\u00e9e 22 Hunter Loisir 2019-2020 - TCSL<\/title>\n<meta name=\"robots\" content=\"index, follow, max-snippet:-1, max-image-preview:large, max-video-preview:-1\" \/>\n<link rel=\"canonical\" href=\"https:\/\/www.tcsl.fr\/index.php\/trophee-22-hunter-loisir\/\" \/>\n<meta property=\"og:locale\" content=\"fr_FR\" \/>\n<meta property=\"og:type\" content=\"article\" \/>\n<meta property=\"og:title\" content=\"Troph\u00e9e 22 Hunter Loisir 2019-2020 - TCSL\" \/>\n<meta property=\"og:description\" content=\"Vous trouverez ici le r\u00e8glement et l\u00e0 la fiche d&rsquo;inscription. Les r\u00e9sultats\" \/>\n<meta property=\"og:url\" content=\"https:\/\/www.tcsl.fr\/index.php\/trophee-22-hunter-loisir\/\" \/>\n<meta property=\"og:site_name\" content=\"TCSL\" \/>\n<meta property=\"article:modified_time\" content=\"2020-01-28T18:43:04+00:00\" \/>\n<meta name=\"twitter:card\" content=\"summary_large_image\" \/>\n<script type=\"application\/ld+json\" class=\"yoast-schema-graph\">{\"@context\":\"https:\\\/\\\/schema.org\",\"@graph\":[{\"@type\":\"WebPage\",\"@id\":\"https:\\\/\\\/www.tcsl.fr\\\/index.php\\\/trophee-22-hunter-loisir\\\/\",\"url\":\"https:\\\/\\\/www.tcsl.fr\\\/index.php\\\/trophee-22-hunter-loisir\\\/\",\"name\":\"Troph\u00e9e 22 Hunter Loisir 2019-2020 - TCSL\",\"isPartOf\":{\"@id\":\"https:\\\/\\\/www.tcsl.fr\\\/#website\"},\"datePublished\":\"2019-09-10T09:39:13+00:00\",\"dateModified\":\"2020-01-28T18:43:04+00:00\",\"breadcrumb\":{\"@id\":\"https:\\\/\\\/www.tcsl.fr\\\/index.php\\\/trophee-22-hunter-loisir\\\/#breadcrumb\"},\"inLanguage\":\"fr-FR\",\"potentialAction\":[{\"@type\":\"ReadAction\",\"target\":[\"https:\\\/\\\/www.tcsl.fr\\\/index.php\\\/trophee-22-hunter-loisir\\\/\"]}]},{\"@type\":\"BreadcrumbList\",\"@id\":\"https:\\\/\\\/www.tcsl.fr\\\/index.php\\\/trophee-22-hunter-loisir\\\/#breadcrumb\",\"itemListElement\":[{\"@type\":\"ListItem\",\"position\":1,\"name\":\"Accueil\",\"item\":\"https:\\\/\\\/www.tcsl.fr\\\/\"},{\"@type\":\"ListItem\",\"position\":2,\"name\":\"Troph\u00e9e 22 Hunter Loisir 2019-2020\"}]},{\"@type\":\"WebSite\",\"@id\":\"https:\\\/\\\/www.tcsl.fr\\\/#website\",\"url\":\"https:\\\/\\\/www.tcsl.fr\\\/\",\"name\":\"TCSL\",\"description\":\"Le site du Tir Club Stade Laurentin\",\"publisher\":{\"@id\":\"https:\\\/\\\/www.tcsl.fr\\\/#organization\"},\"potentialAction\":[{\"@type\":\"SearchAction\",\"target\":{\"@type\":\"EntryPoint\",\"urlTemplate\":\"https:\\\/\\\/www.tcsl.fr\\\/?s={search_term_string}\"},\"query-input\":{\"@type\":\"PropertyValueSpecification\",\"valueRequired\":true,\"valueName\":\"search_term_string\"}}],\"inLanguage\":\"fr-FR\"},{\"@type\":\"Organization\",\"@id\":\"https:\\\/\\\/www.tcsl.fr\\\/#organization\",\"name\":\"TCSL\",\"url\":\"https:\\\/\\\/www.tcsl.fr\\\/\",\"logo\":{\"@type\":\"ImageObject\",\"inLanguage\":\"fr-FR\",\"@id\":\"https:\\\/\\\/www.tcsl.fr\\\/#\\\/schema\\\/logo\\\/image\\\/\",\"url\":\"http:\\\/\\\/www.tcsl.fr\\\/wp-content\\\/uploads\\\/2024\\\/10\\\/cropped-cropped-cropped-cropped-cropped-logo-lettrage-degrade-rouge-et-blanc-fond-bleu-300x123-1.jpg\",\"contentUrl\":\"http:\\\/\\\/www.tcsl.fr\\\/wp-content\\\/uploads\\\/2024\\\/10\\\/cropped-cropped-cropped-cropped-cropped-logo-lettrage-degrade-rouge-et-blanc-fond-bleu-300x123-1.jpg\",\"width\":240,\"height\":98,\"caption\":\"TCSL\"},\"image\":{\"@id\":\"https:\\\/\\\/www.tcsl.fr\\\/#\\\/schema\\\/logo\\\/image\\\/\"}}]}<\/script>\n<!-- \/ Yoast SEO plugin. -->","yoast_head_json":{"title":"Troph\u00e9e 22 Hunter Loisir 2019-2020 - TCSL","robots":{"index":"index","follow":"follow","max-snippet":"max-snippet:-1","max-image-preview":"max-image-preview:large","max-video-preview":"max-video-preview:-1"},"canonical":"https:\/\/www.tcsl.fr\/index.php\/trophee-22-hunter-loisir\/","og_locale":"fr_FR","og_type":"article","og_title":"Troph\u00e9e 22 Hunter Loisir 2019-2020 - TCSL","og_description":"Vous trouverez ici le r\u00e8glement et l\u00e0 la fiche d&rsquo;inscription. Les r\u00e9sultats","og_url":"https:\/\/www.tcsl.fr\/index.php\/trophee-22-hunter-loisir\/","og_site_name":"TCSL","article_modified_time":"2020-01-28T18:43:04+00:00","twitter_card":"summary_large_image","schema":{"@context":"https:\/\/schema.org","@graph":[{"@type":"WebPage","@id":"https:\/\/www.tcsl.fr\/index.php\/trophee-22-hunter-loisir\/","url":"https:\/\/www.tcsl.fr\/index.php\/trophee-22-hunter-loisir\/","name":"Troph\u00e9e 22 Hunter Loisir 2019-2020 - TCSL","isPartOf":{"@id":"https:\/\/www.tcsl.fr\/#website"},"datePublished":"2019-09-10T09:39:13+00:00","dateModified":"2020-01-28T18:43:04+00:00","breadcrumb":{"@id":"https:\/\/www.tcsl.fr\/index.php\/trophee-22-hunter-loisir\/#breadcrumb"},"inLanguage":"fr-FR","potentialAction":[{"@type":"ReadAction","target":["https:\/\/www.tcsl.fr\/index.php\/trophee-22-hunter-loisir\/"]}]},{"@type":"BreadcrumbList","@id":"https:\/\/www.tcsl.fr\/index.php\/trophee-22-hunter-loisir\/#breadcrumb","itemListElement":[{"@type":"ListItem","position":1,"name":"Accueil","item":"https:\/\/www.tcsl.fr\/"},{"@type":"ListItem","position":2,"name":"Troph\u00e9e 22 Hunter Loisir 2019-2020"}]},{"@type":"WebSite","@id":"https:\/\/www.tcsl.fr\/#website","url":"https:\/\/www.tcsl.fr\/","name":"TCSL","description":"Le site du Tir Club Stade Laurentin","publisher":{"@id":"https:\/\/www.tcsl.fr\/#organization"},"potentialAction":[{"@type":"SearchAction","target":{"@type":"EntryPoint","urlTemplate":"https:\/\/www.tcsl.fr\/?s={search_term_string}"},"query-input":{"@type":"PropertyValueSpecification","valueRequired":true,"valueName":"search_term_string"}}],"inLanguage":"fr-FR"},{"@type":"Organization","@id":"https:\/\/www.tcsl.fr\/#organization","name":"TCSL","url":"https:\/\/www.tcsl.fr\/","logo":{"@type":"ImageObject","inLanguage":"fr-FR","@id":"https:\/\/www.tcsl.fr\/#\/schema\/logo\/image\/","url":"http:\/\/www.tcsl.fr\/wp-content\/uploads\/2024\/10\/cropped-cropped-cropped-cropped-cropped-logo-lettrage-degrade-rouge-et-blanc-fond-bleu-300x123-1.jpg","contentUrl":"http:\/\/www.tcsl.fr\/wp-content\/uploads\/2024\/10\/cropped-cropped-cropped-cropped-cropped-logo-lettrage-degrade-rouge-et-blanc-fond-bleu-300x123-1.jpg","width":240,"height":98,"caption":"TCSL"},"image":{"@id":"https:\/\/www.tcsl.fr\/#\/schema\/logo\/image\/"}}]}},"_links":{"self":[{"href":"http:\/\/www.tcsl.fr\/index.php\/wp-json\/wp\/v2\/pages\/5441","targetHints":{"allow":["GET"]}}],"collection":[{"href":"http:\/\/www.tcsl.fr\/index.php\/wp-json\/wp\/v2\/pages"}],"about":[{"href":"http:\/\/www.tcsl.fr\/index.php\/wp-json\/wp\/v2\/types\/page"}],"author":[{"embeddable":true,"href":"http:\/\/www.tcsl.fr\/index.php\/wp-json\/wp\/v2\/users\/1"}],"replies":[{"embeddable":true,"href":"http:\/\/www.tcsl.fr\/index.php\/wp-json\/wp\/v2\/comments?post=5441"}],"version-history":[{"count":9,"href":"http:\/\/www.tcsl.fr\/index.php\/wp-json\/wp\/v2\/pages\/5441\/revisions"}],"predecessor-version":[{"id":5690,"href":"http:\/\/www.tcsl.fr\/index.php\/wp-json\/wp\/v2\/pages\/5441\/revisions\/5690"}],"wp:attachment":[{"href":"http:\/\/www.tcsl.fr\/index.php\/wp-json\/wp\/v2\/media?parent=5441"}],"curies":[{"name":"wp","href":"https:\/\/api.w.org\/{rel}","templated":true}]}}