{"id":5517,"date":"2019-09-24T12:22:03","date_gmt":"2019-09-24T10:22:03","guid":{"rendered":"http:\/\/www.tcsl.fr\/?page_id=5517"},"modified":"2020-01-25T16:10:39","modified_gmt":"2020-01-25T15:10:39","slug":"2019-2020-trophee-tcsl-22-hunter-loisir-2","status":"publish","type":"page","link":"http:\/\/www.tcsl.fr\/index.php\/2019-2020-trophee-tcsl-22-hunter-loisir-2\/","title":{"rendered":"2019 2020 Troph\u00e9e TCSL 22 Hunter loisir"},"content":{"rendered":"\n<p><a rel=\"noreferrer noopener\" aria-label=\"Match 1 21\/09\/2019 (s\u2019ouvre dans un nouvel onglet)\" href=\"http:\/\/www.tcsl.fr\/wp-content\/uploads\/2019\/09\/2019-2020-Troph\u00e9e-22-Hunter-Loisir-TCSL-Match-1.pdf\" target=\"_blank\">Match 1 21\/09\/2019<\/a><\/p>\n\n\n\n<p><a rel=\"noreferrer noopener\" aria-label=\"Match 2 02\/11\/2019 (s\u2019ouvre dans un nouvel onglet)\" href=\"http:\/\/www.tcsl.fr\/wp-content\/uploads\/2019\/11\/2019-22H-SL-Classt1-2019-11-02-St-LAURENT-du-VAR.pdf\" target=\"_blank\">Match 2 02\/11\/2019<\/a><\/p>\n\n\n\n<p><a href=\"http:\/\/www.tcsl.fr\/wp-content\/uploads\/2020\/01\/2019-2020-Troph\u00e9e-22Hunter-Loisir-TCSL-Match-3.pdf\" target=\"_blank\" rel=\"noreferrer noopener\" aria-label=\"Match 3 11\/01\/2020 (s\u2019ouvre dans un nouvel onglet)\">Match 3 11\/01\/2020<\/a><\/p>\n\n\n\n<p><a href=\"http:\/\/www.tcsl.fr\/wp-content\/uploads\/2020\/01\/2019-2020-Troph\u00e9e-22Hunter-Loisir-TCSL-Classt-G\u00e9n\u00e9ral-2019-2020.pdf\" target=\"_blank\" rel=\"noreferrer noopener\" aria-label=\"R\u00e9sultats g\u00e9n\u00e9ral (s\u2019ouvre dans un nouvel onglet)\">R\u00e9sultats g\u00e9n\u00e9ral<\/a><a rel=\"noreferrer noopener\" aria-label=\"R\u00e9sultats g\u00e9n\u00e9ral  (s\u2019ouvre dans un nouvel onglet)\" href=\"http:\/\/www.tcsl.fr\/wp-content\/uploads\/2019\/11\/2019-CN-22H-Classt-G\u00e9n\u00e9ral-2-sur-2M-2019-2020-Points-Match.pdf\" target=\"_blank\"> <\/a><\/p>\n","protected":false},"excerpt":{"rendered":"<p>Match 1 21\/09\/2019 Match 2 02\/11\/2019 Match 3 11\/01\/2020 R\u00e9sultats g\u00e9n\u00e9ral<\/p>\n","protected":false},"author":1,"featured_media":0,"parent":0,"menu_order":0,"comment_status":"closed","ping_status":"closed","template":"","meta":{"footnotes":""},"class_list":["post-5517","page","type-page","status-publish","hentry"],"yoast_head":"<!-- This site is optimized with the Yoast SEO plugin v27.4 - https:\/\/yoast.com\/product\/yoast-seo-wordpress\/ -->\n<title>2019 2020 Troph\u00e9e TCSL 22 Hunter loisir - TCSL<\/title>\n<meta name=\"robots\" content=\"index, follow, max-snippet:-1, max-image-preview:large, max-video-preview:-1\" \/>\n<link rel=\"canonical\" href=\"http:\/\/www.tcsl.fr\/index.php\/2019-2020-trophee-tcsl-22-hunter-loisir-2\/\" \/>\n<meta property=\"og:locale\" content=\"fr_FR\" \/>\n<meta property=\"og:type\" content=\"article\" \/>\n<meta property=\"og:title\" content=\"2019 2020 Troph\u00e9e TCSL 22 Hunter loisir - TCSL\" \/>\n<meta property=\"og:description\" content=\"Match 1 21\/09\/2019 Match 2 02\/11\/2019 Match 3 11\/01\/2020 R\u00e9sultats g\u00e9n\u00e9ral\" \/>\n<meta property=\"og:url\" content=\"http:\/\/www.tcsl.fr\/index.php\/2019-2020-trophee-tcsl-22-hunter-loisir-2\/\" \/>\n<meta property=\"og:site_name\" content=\"TCSL\" \/>\n<meta property=\"article:modified_time\" content=\"2020-01-25T15:10:39+00:00\" \/>\n<meta name=\"twitter:card\" content=\"summary_large_image\" \/>\n<script type=\"application\/ld+json\" class=\"yoast-schema-graph\">{\"@context\":\"https:\\\/\\\/schema.org\",\"@graph\":[{\"@type\":\"WebPage\",\"@id\":\"http:\\\/\\\/www.tcsl.fr\\\/index.php\\\/2019-2020-trophee-tcsl-22-hunter-loisir-2\\\/\",\"url\":\"http:\\\/\\\/www.tcsl.fr\\\/index.php\\\/2019-2020-trophee-tcsl-22-hunter-loisir-2\\\/\",\"name\":\"2019 2020 Troph\u00e9e TCSL 22 Hunter loisir - TCSL\",\"isPartOf\":{\"@id\":\"https:\\\/\\\/www.tcsl.fr\\\/#website\"},\"datePublished\":\"2019-09-24T10:22:03+00:00\",\"dateModified\":\"2020-01-25T15:10:39+00:00\",\"breadcrumb\":{\"@id\":\"http:\\\/\\\/www.tcsl.fr\\\/index.php\\\/2019-2020-trophee-tcsl-22-hunter-loisir-2\\\/#breadcrumb\"},\"inLanguage\":\"fr-FR\",\"potentialAction\":[{\"@type\":\"ReadAction\",\"target\":[\"http:\\\/\\\/www.tcsl.fr\\\/index.php\\\/2019-2020-trophee-tcsl-22-hunter-loisir-2\\\/\"]}]},{\"@type\":\"BreadcrumbList\",\"@id\":\"http:\\\/\\\/www.tcsl.fr\\\/index.php\\\/2019-2020-trophee-tcsl-22-hunter-loisir-2\\\/#breadcrumb\",\"itemListElement\":[{\"@type\":\"ListItem\",\"position\":1,\"name\":\"Accueil\",\"item\":\"https:\\\/\\\/www.tcsl.fr\\\/\"},{\"@type\":\"ListItem\",\"position\":2,\"name\":\"2019 2020 Troph\u00e9e TCSL 22 Hunter loisir\"}]},{\"@type\":\"WebSite\",\"@id\":\"https:\\\/\\\/www.tcsl.fr\\\/#website\",\"url\":\"https:\\\/\\\/www.tcsl.fr\\\/\",\"name\":\"TCSL\",\"description\":\"Le site du Tir Club Stade Laurentin\",\"publisher\":{\"@id\":\"https:\\\/\\\/www.tcsl.fr\\\/#organization\"},\"potentialAction\":[{\"@type\":\"SearchAction\",\"target\":{\"@type\":\"EntryPoint\",\"urlTemplate\":\"https:\\\/\\\/www.tcsl.fr\\\/?s={search_term_string}\"},\"query-input\":{\"@type\":\"PropertyValueSpecification\",\"valueRequired\":true,\"valueName\":\"search_term_string\"}}],\"inLanguage\":\"fr-FR\"},{\"@type\":\"Organization\",\"@id\":\"https:\\\/\\\/www.tcsl.fr\\\/#organization\",\"name\":\"TCSL\",\"url\":\"https:\\\/\\\/www.tcsl.fr\\\/\",\"logo\":{\"@type\":\"ImageObject\",\"inLanguage\":\"fr-FR\",\"@id\":\"https:\\\/\\\/www.tcsl.fr\\\/#\\\/schema\\\/logo\\\/image\\\/\",\"url\":\"http:\\\/\\\/www.tcsl.fr\\\/wp-content\\\/uploads\\\/2024\\\/10\\\/cropped-cropped-cropped-cropped-cropped-logo-lettrage-degrade-rouge-et-blanc-fond-bleu-300x123-1.jpg\",\"contentUrl\":\"http:\\\/\\\/www.tcsl.fr\\\/wp-content\\\/uploads\\\/2024\\\/10\\\/cropped-cropped-cropped-cropped-cropped-logo-lettrage-degrade-rouge-et-blanc-fond-bleu-300x123-1.jpg\",\"width\":240,\"height\":98,\"caption\":\"TCSL\"},\"image\":{\"@id\":\"https:\\\/\\\/www.tcsl.fr\\\/#\\\/schema\\\/logo\\\/image\\\/\"}}]}<\/script>\n<!-- \/ Yoast SEO plugin. -->","yoast_head_json":{"title":"2019 2020 Troph\u00e9e TCSL 22 Hunter loisir - TCSL","robots":{"index":"index","follow":"follow","max-snippet":"max-snippet:-1","max-image-preview":"max-image-preview:large","max-video-preview":"max-video-preview:-1"},"canonical":"http:\/\/www.tcsl.fr\/index.php\/2019-2020-trophee-tcsl-22-hunter-loisir-2\/","og_locale":"fr_FR","og_type":"article","og_title":"2019 2020 Troph\u00e9e TCSL 22 Hunter loisir - TCSL","og_description":"Match 1 21\/09\/2019 Match 2 02\/11\/2019 Match 3 11\/01\/2020 R\u00e9sultats g\u00e9n\u00e9ral","og_url":"http:\/\/www.tcsl.fr\/index.php\/2019-2020-trophee-tcsl-22-hunter-loisir-2\/","og_site_name":"TCSL","article_modified_time":"2020-01-25T15:10:39+00:00","twitter_card":"summary_large_image","schema":{"@context":"https:\/\/schema.org","@graph":[{"@type":"WebPage","@id":"http:\/\/www.tcsl.fr\/index.php\/2019-2020-trophee-tcsl-22-hunter-loisir-2\/","url":"http:\/\/www.tcsl.fr\/index.php\/2019-2020-trophee-tcsl-22-hunter-loisir-2\/","name":"2019 2020 Troph\u00e9e TCSL 22 Hunter loisir - TCSL","isPartOf":{"@id":"https:\/\/www.tcsl.fr\/#website"},"datePublished":"2019-09-24T10:22:03+00:00","dateModified":"2020-01-25T15:10:39+00:00","breadcrumb":{"@id":"http:\/\/www.tcsl.fr\/index.php\/2019-2020-trophee-tcsl-22-hunter-loisir-2\/#breadcrumb"},"inLanguage":"fr-FR","potentialAction":[{"@type":"ReadAction","target":["http:\/\/www.tcsl.fr\/index.php\/2019-2020-trophee-tcsl-22-hunter-loisir-2\/"]}]},{"@type":"BreadcrumbList","@id":"http:\/\/www.tcsl.fr\/index.php\/2019-2020-trophee-tcsl-22-hunter-loisir-2\/#breadcrumb","itemListElement":[{"@type":"ListItem","position":1,"name":"Accueil","item":"https:\/\/www.tcsl.fr\/"},{"@type":"ListItem","position":2,"name":"2019 2020 Troph\u00e9e TCSL 22 Hunter loisir"}]},{"@type":"WebSite","@id":"https:\/\/www.tcsl.fr\/#website","url":"https:\/\/www.tcsl.fr\/","name":"TCSL","description":"Le site du Tir Club Stade Laurentin","publisher":{"@id":"https:\/\/www.tcsl.fr\/#organization"},"potentialAction":[{"@type":"SearchAction","target":{"@type":"EntryPoint","urlTemplate":"https:\/\/www.tcsl.fr\/?s={search_term_string}"},"query-input":{"@type":"PropertyValueSpecification","valueRequired":true,"valueName":"search_term_string"}}],"inLanguage":"fr-FR"},{"@type":"Organization","@id":"https:\/\/www.tcsl.fr\/#organization","name":"TCSL","url":"https:\/\/www.tcsl.fr\/","logo":{"@type":"ImageObject","inLanguage":"fr-FR","@id":"https:\/\/www.tcsl.fr\/#\/schema\/logo\/image\/","url":"http:\/\/www.tcsl.fr\/wp-content\/uploads\/2024\/10\/cropped-cropped-cropped-cropped-cropped-logo-lettrage-degrade-rouge-et-blanc-fond-bleu-300x123-1.jpg","contentUrl":"http:\/\/www.tcsl.fr\/wp-content\/uploads\/2024\/10\/cropped-cropped-cropped-cropped-cropped-logo-lettrage-degrade-rouge-et-blanc-fond-bleu-300x123-1.jpg","width":240,"height":98,"caption":"TCSL"},"image":{"@id":"https:\/\/www.tcsl.fr\/#\/schema\/logo\/image\/"}}]}},"_links":{"self":[{"href":"http:\/\/www.tcsl.fr\/index.php\/wp-json\/wp\/v2\/pages\/5517","targetHints":{"allow":["GET"]}}],"collection":[{"href":"http:\/\/www.tcsl.fr\/index.php\/wp-json\/wp\/v2\/pages"}],"about":[{"href":"http:\/\/www.tcsl.fr\/index.php\/wp-json\/wp\/v2\/types\/page"}],"author":[{"embeddable":true,"href":"http:\/\/www.tcsl.fr\/index.php\/wp-json\/wp\/v2\/users\/1"}],"replies":[{"embeddable":true,"href":"http:\/\/www.tcsl.fr\/index.php\/wp-json\/wp\/v2\/comments?post=5517"}],"version-history":[{"count":8,"href":"http:\/\/www.tcsl.fr\/index.php\/wp-json\/wp\/v2\/pages\/5517\/revisions"}],"predecessor-version":[{"id":5683,"href":"http:\/\/www.tcsl.fr\/index.php\/wp-json\/wp\/v2\/pages\/5517\/revisions\/5683"}],"wp:attachment":[{"href":"http:\/\/www.tcsl.fr\/index.php\/wp-json\/wp\/v2\/media?parent=5517"}],"curies":[{"name":"wp","href":"https:\/\/api.w.org\/{rel}","templated":true}]}}