{"id":5962,"date":"2020-08-26T12:01:12","date_gmt":"2020-08-26T10:01:12","guid":{"rendered":"http:\/\/www.tcsl.fr\/?page_id=5962"},"modified":"2021-05-05T19:18:03","modified_gmt":"2021-05-05T17:18:03","slug":"2020-notice-reservation","status":"publish","type":"page","link":"http:\/\/www.tcsl.fr\/index.php\/2020-notice-reservation\/","title":{"rendered":"R\u00e9servations"},"content":{"rendered":"\n<h2 class=\"wp-block-heading\"><span class=\"has-inline-color has-vivid-red-color\">ATTENTION ne cliquer qu\u2019une seule fois sur le bouton \u00ab\u00a0VALIDER\u00a0\u00bb<\/span><strong> <span class=\"has-inline-color has-vivid-red-color\">sinon vous faites une double r\u00e9servation.<\/span><\/strong><\/h2>\n\n\n\n<p><strong><span class=\"has-inline-color has-vivid-red-color\">Vous pouvez v\u00e9rifier votre r\u00e9servation en retournant dans les r\u00e9servation et en descendant sous le calendrier en dessous du bouton \u00ab\u00a0VALIDER\u00a0\u00bb<\/span><\/strong><\/p>\n\n\n\n<h2 class=\"wp-block-heading\">Lien des r\u00e9servations en bas de page<\/h2>\n\n\n\n<p>Compte-tenu du peu de participants aux Armes Anciennes, il n&rsquo;y a plus de r\u00e9servations pour le moment mais le pas-de-tir reste toujours limit\u00e9 \u00e0 5 postes.<strong> Le 25m et le 10m restent en r\u00e9servation<\/strong>. Au 25m, il y a 8 postes de tir et au 10m, il y a 7 postes de tir.<\/p>\n\n\n\n<p>Nous testons un nouveau syst\u00e8me de r\u00e9servation en ligne. Vous pouvez l\u2019utiliser depuis votre t\u00e9l\u00e9phone ou un PC. Vous pouvez faire 2 r\u00e9servations maximum sur une p\u00e9riode de 7 jours, mais pas le m\u00eame jour. Au-del\u00e0 de 2, elles seront supprim\u00e9es. Merci de le respecter pour que tout le monde ait de la place. Si vous ne venez pas, les r\u00e9servations qui ne seront pas annul\u00e9es par mail \u00e0 <a href=\"mailto:tcsl06700@gmail.com\">tcsl06700@gmail.com<\/a> seront p\u00e9nalisantes et vous ne pourrez pas r\u00e9server pour la semaine suivante.<\/p>\n\n\n\n<p>Pour r\u00e9server \u00e0 plusieurs sur la m\u00eame plage horaire, chacun doit faire sa propre r\u00e9servation.<\/p>\n\n\n\n<p>Vous devez saisir <strong>votre nom et votre pr\u00e9nom<\/strong> dans la zone \u00ab&nbsp;Votre nom&nbsp;\u00bb. <strong>Ou mettre votre num\u00e9ro de licence<\/strong> si vous ne voulez pas que votre nom apparaisse sur Internet.<\/p>\n\n\n\n<p><strong>Ne pas utiliser la zone \u00ab\u00a0Commentaires\/Questions\u00a0\u00bb pour un sujet concernant le secr\u00e9tariat du TCSL. Il ne sera lu que s&rsquo;il y a des probl\u00e8mes avec les r\u00e9servations<\/strong><\/p>\n\n\n\n<p>Votre r\u00e9servation sera confirm\u00e9e par mail \u00e0 l\u2019adresse que vous avez renseign\u00e9e.<\/p>\n\n\n\n<p>Pour acc\u00e9der aux r\u00e9servations, cliquez sur \u00ab&nbsp;R\u00e9servations TCSL\u00bb dans le popup qui s\u2019ouvre sur la page d\u2019accueil du site. Pour revenir au popup apr\u00e8s une r\u00e9servation, cliquez sur \u00ab&nbsp;Accueil&nbsp;\u00bb dans les menus.<\/p>\n\n\n\n<p>Bonnes r\u00e9servations<\/p>\n\n\n\n<p>Attention : le club ne r\u00e9ouvre que le 01\/09\/2020, il faut donc aller sur le mois de septembre.<\/p>\n\n\n\n<p>Ce syst\u00e8me de r\u00e9servation n&rsquo;est mis en place que pour la dur\u00e9e des restrictions dues au COVID-19.<\/p>\n\n\n\n<p><\/p>\n\n\n\n<h2 class=\"wp-block-heading\"><a href=\"http:\/\/www.tcsl.fr\/?page_id=6144\">Acc\u00e8s aux liens de r\u00e9servation<\/a><\/h2>\n\n\n\n<p><\/p>\n","protected":false},"excerpt":{"rendered":"<p>ATTENTION ne cliquer qu\u2019une seule fois sur le bouton \u00ab\u00a0VALIDER\u00a0\u00bb sinon vous faites une double r\u00e9servation. Vous pouvez v\u00e9rifier votre r\u00e9servation en retournant dans les r\u00e9servation et en descendant sous le calendrier en dessous du bouton \u00ab\u00a0VALIDER\u00a0\u00bb Lien des r\u00e9servations en bas de page Compte-tenu du peu de participants aux Armes Anciennes, il n&rsquo;y a [&hellip;]<\/p>\n","protected":false},"author":1,"featured_media":0,"parent":0,"menu_order":0,"comment_status":"closed","ping_status":"closed","template":"","meta":{"footnotes":""},"class_list":["post-5962","page","type-page","status-publish","hentry"],"yoast_head":"<!-- This site is optimized with the Yoast SEO plugin v27.5 - https:\/\/yoast.com\/product\/yoast-seo-wordpress\/ -->\n<title>R\u00e9servations - TCSL<\/title>\n<meta name=\"robots\" content=\"index, follow, max-snippet:-1, max-image-preview:large, max-video-preview:-1\" \/>\n<link rel=\"canonical\" href=\"http:\/\/www.tcsl.fr\/index.php\/2020-notice-reservation\/\" \/>\n<meta property=\"og:locale\" content=\"fr_FR\" \/>\n<meta property=\"og:type\" content=\"article\" \/>\n<meta property=\"og:title\" content=\"R\u00e9servations - TCSL\" \/>\n<meta property=\"og:description\" content=\"ATTENTION ne cliquer qu\u2019une seule fois sur le bouton \u00ab\u00a0VALIDER\u00a0\u00bb sinon vous faites une double r\u00e9servation. Vous pouvez v\u00e9rifier votre r\u00e9servation en retournant dans les r\u00e9servation et en descendant sous le calendrier en dessous du bouton \u00ab\u00a0VALIDER\u00a0\u00bb Lien des r\u00e9servations en bas de page Compte-tenu du peu de participants aux Armes Anciennes, il n&rsquo;y a [&hellip;]\" \/>\n<meta property=\"og:url\" content=\"http:\/\/www.tcsl.fr\/index.php\/2020-notice-reservation\/\" \/>\n<meta property=\"og:site_name\" content=\"TCSL\" \/>\n<meta property=\"article:modified_time\" content=\"2021-05-05T17:18:03+00:00\" \/>\n<meta name=\"twitter:card\" content=\"summary_large_image\" \/>\n<meta name=\"twitter:label1\" content=\"Dur\u00e9e de lecture estim\u00e9e\" \/>\n\t<meta name=\"twitter:data1\" content=\"2 minutes\" \/>\n<script type=\"application\/ld+json\" class=\"yoast-schema-graph\">{\"@context\":\"https:\\\/\\\/schema.org\",\"@graph\":[{\"@type\":\"WebPage\",\"@id\":\"http:\\\/\\\/www.tcsl.fr\\\/index.php\\\/2020-notice-reservation\\\/\",\"url\":\"http:\\\/\\\/www.tcsl.fr\\\/index.php\\\/2020-notice-reservation\\\/\",\"name\":\"R\u00e9servations - TCSL\",\"isPartOf\":{\"@id\":\"http:\\\/\\\/www.tcsl.fr\\\/#website\"},\"datePublished\":\"2020-08-26T10:01:12+00:00\",\"dateModified\":\"2021-05-05T17:18:03+00:00\",\"breadcrumb\":{\"@id\":\"http:\\\/\\\/www.tcsl.fr\\\/index.php\\\/2020-notice-reservation\\\/#breadcrumb\"},\"inLanguage\":\"fr-FR\",\"potentialAction\":[{\"@type\":\"ReadAction\",\"target\":[\"http:\\\/\\\/www.tcsl.fr\\\/index.php\\\/2020-notice-reservation\\\/\"]}]},{\"@type\":\"BreadcrumbList\",\"@id\":\"http:\\\/\\\/www.tcsl.fr\\\/index.php\\\/2020-notice-reservation\\\/#breadcrumb\",\"itemListElement\":[{\"@type\":\"ListItem\",\"position\":1,\"name\":\"Accueil\",\"item\":\"http:\\\/\\\/www.tcsl.fr\\\/\"},{\"@type\":\"ListItem\",\"position\":2,\"name\":\"R\u00e9servations\"}]},{\"@type\":\"WebSite\",\"@id\":\"http:\\\/\\\/www.tcsl.fr\\\/#website\",\"url\":\"http:\\\/\\\/www.tcsl.fr\\\/\",\"name\":\"TCSL\",\"description\":\"Le site du Tir Club Stade Laurentin\",\"publisher\":{\"@id\":\"http:\\\/\\\/www.tcsl.fr\\\/#organization\"},\"potentialAction\":[{\"@type\":\"SearchAction\",\"target\":{\"@type\":\"EntryPoint\",\"urlTemplate\":\"http:\\\/\\\/www.tcsl.fr\\\/?s={search_term_string}\"},\"query-input\":{\"@type\":\"PropertyValueSpecification\",\"valueRequired\":true,\"valueName\":\"search_term_string\"}}],\"inLanguage\":\"fr-FR\"},{\"@type\":\"Organization\",\"@id\":\"http:\\\/\\\/www.tcsl.fr\\\/#organization\",\"name\":\"TCSL\",\"url\":\"http:\\\/\\\/www.tcsl.fr\\\/\",\"logo\":{\"@type\":\"ImageObject\",\"inLanguage\":\"fr-FR\",\"@id\":\"http:\\\/\\\/www.tcsl.fr\\\/#\\\/schema\\\/logo\\\/image\\\/\",\"url\":\"http:\\\/\\\/www.tcsl.fr\\\/wp-content\\\/uploads\\\/2024\\\/10\\\/cropped-cropped-cropped-cropped-cropped-logo-lettrage-degrade-rouge-et-blanc-fond-bleu-300x123-1.jpg\",\"contentUrl\":\"http:\\\/\\\/www.tcsl.fr\\\/wp-content\\\/uploads\\\/2024\\\/10\\\/cropped-cropped-cropped-cropped-cropped-logo-lettrage-degrade-rouge-et-blanc-fond-bleu-300x123-1.jpg\",\"width\":240,\"height\":98,\"caption\":\"TCSL\"},\"image\":{\"@id\":\"http:\\\/\\\/www.tcsl.fr\\\/#\\\/schema\\\/logo\\\/image\\\/\"}}]}<\/script>\n<!-- \/ Yoast SEO plugin. -->","yoast_head_json":{"title":"R\u00e9servations - TCSL","robots":{"index":"index","follow":"follow","max-snippet":"max-snippet:-1","max-image-preview":"max-image-preview:large","max-video-preview":"max-video-preview:-1"},"canonical":"http:\/\/www.tcsl.fr\/index.php\/2020-notice-reservation\/","og_locale":"fr_FR","og_type":"article","og_title":"R\u00e9servations - TCSL","og_description":"ATTENTION ne cliquer qu\u2019une seule fois sur le bouton \u00ab\u00a0VALIDER\u00a0\u00bb sinon vous faites une double r\u00e9servation. Vous pouvez v\u00e9rifier votre r\u00e9servation en retournant dans les r\u00e9servation et en descendant sous le calendrier en dessous du bouton \u00ab\u00a0VALIDER\u00a0\u00bb Lien des r\u00e9servations en bas de page Compte-tenu du peu de participants aux Armes Anciennes, il n&rsquo;y a [&hellip;]","og_url":"http:\/\/www.tcsl.fr\/index.php\/2020-notice-reservation\/","og_site_name":"TCSL","article_modified_time":"2021-05-05T17:18:03+00:00","twitter_card":"summary_large_image","twitter_misc":{"Dur\u00e9e de lecture estim\u00e9e":"2 minutes"},"schema":{"@context":"https:\/\/schema.org","@graph":[{"@type":"WebPage","@id":"http:\/\/www.tcsl.fr\/index.php\/2020-notice-reservation\/","url":"http:\/\/www.tcsl.fr\/index.php\/2020-notice-reservation\/","name":"R\u00e9servations - TCSL","isPartOf":{"@id":"http:\/\/www.tcsl.fr\/#website"},"datePublished":"2020-08-26T10:01:12+00:00","dateModified":"2021-05-05T17:18:03+00:00","breadcrumb":{"@id":"http:\/\/www.tcsl.fr\/index.php\/2020-notice-reservation\/#breadcrumb"},"inLanguage":"fr-FR","potentialAction":[{"@type":"ReadAction","target":["http:\/\/www.tcsl.fr\/index.php\/2020-notice-reservation\/"]}]},{"@type":"BreadcrumbList","@id":"http:\/\/www.tcsl.fr\/index.php\/2020-notice-reservation\/#breadcrumb","itemListElement":[{"@type":"ListItem","position":1,"name":"Accueil","item":"http:\/\/www.tcsl.fr\/"},{"@type":"ListItem","position":2,"name":"R\u00e9servations"}]},{"@type":"WebSite","@id":"http:\/\/www.tcsl.fr\/#website","url":"http:\/\/www.tcsl.fr\/","name":"TCSL","description":"Le site du Tir Club Stade Laurentin","publisher":{"@id":"http:\/\/www.tcsl.fr\/#organization"},"potentialAction":[{"@type":"SearchAction","target":{"@type":"EntryPoint","urlTemplate":"http:\/\/www.tcsl.fr\/?s={search_term_string}"},"query-input":{"@type":"PropertyValueSpecification","valueRequired":true,"valueName":"search_term_string"}}],"inLanguage":"fr-FR"},{"@type":"Organization","@id":"http:\/\/www.tcsl.fr\/#organization","name":"TCSL","url":"http:\/\/www.tcsl.fr\/","logo":{"@type":"ImageObject","inLanguage":"fr-FR","@id":"http:\/\/www.tcsl.fr\/#\/schema\/logo\/image\/","url":"http:\/\/www.tcsl.fr\/wp-content\/uploads\/2024\/10\/cropped-cropped-cropped-cropped-cropped-logo-lettrage-degrade-rouge-et-blanc-fond-bleu-300x123-1.jpg","contentUrl":"http:\/\/www.tcsl.fr\/wp-content\/uploads\/2024\/10\/cropped-cropped-cropped-cropped-cropped-logo-lettrage-degrade-rouge-et-blanc-fond-bleu-300x123-1.jpg","width":240,"height":98,"caption":"TCSL"},"image":{"@id":"http:\/\/www.tcsl.fr\/#\/schema\/logo\/image\/"}}]}},"_links":{"self":[{"href":"http:\/\/www.tcsl.fr\/index.php\/wp-json\/wp\/v2\/pages\/5962","targetHints":{"allow":["GET"]}}],"collection":[{"href":"http:\/\/www.tcsl.fr\/index.php\/wp-json\/wp\/v2\/pages"}],"about":[{"href":"http:\/\/www.tcsl.fr\/index.php\/wp-json\/wp\/v2\/types\/page"}],"author":[{"embeddable":true,"href":"http:\/\/www.tcsl.fr\/index.php\/wp-json\/wp\/v2\/users\/1"}],"replies":[{"embeddable":true,"href":"http:\/\/www.tcsl.fr\/index.php\/wp-json\/wp\/v2\/comments?post=5962"}],"version-history":[{"count":39,"href":"http:\/\/www.tcsl.fr\/index.php\/wp-json\/wp\/v2\/pages\/5962\/revisions"}],"predecessor-version":[{"id":6335,"href":"http:\/\/www.tcsl.fr\/index.php\/wp-json\/wp\/v2\/pages\/5962\/revisions\/6335"}],"wp:attachment":[{"href":"http:\/\/www.tcsl.fr\/index.php\/wp-json\/wp\/v2\/media?parent=5962"}],"curies":[{"name":"wp","href":"https:\/\/api.w.org\/{rel}","templated":true}]}}