{"id":6103,"date":"2020-08-31T18:02:04","date_gmt":"2020-08-31T16:02:04","guid":{"rendered":"http:\/\/www.tcsl.fr\/?page_id=6103"},"modified":"2020-08-31T18:07:48","modified_gmt":"2020-08-31T16:07:48","slug":"reservations-sanglier-courant-gros-calibre","status":"publish","type":"page","link":"http:\/\/www.tcsl.fr\/index.php\/reservations-sanglier-courant-gros-calibre\/","title":{"rendered":"R\u00e9servations Sanglier courant Gros Calibre"},"content":{"rendered":"\n<\/p> <!-- this p tag fixes a IE bug -->\n<link rel=\"stylesheet\" type=\"text\/css\" href=\"http:\/\/www.tcsl.fr\/wp-content\/plugins\/appointment-booking-calendar\/TDE_AppCalendar\/modern\/all-css.css\" \/>\n<script>\nvar pathCalendar = \"\";\nvar cpabc_global_date_format = '0';\nvar cpabc_global_military_time = '1';\nvar cpabc_global_start_weekday = '0';\nvar cpabc_global_mindate = '4\/17\/2026';\nvar cpabc_global_maxdate = '';\nvar cpabc_global_gmt_enabled = false;\nvar cpabc_global_gmt = 0;\nvar cpabc_global_close_on_select = true;\nvar cpabc_global_cancel_text = 'Annuler';\nvar cpabc_global_pagedate = '4\/2026';\n<\/script>\n<!--noptimize--><script type=\"text\/javascript\" src=\"http:\/\/www.tcsl.fr\/wp-content\/plugins\/appointment-booking-calendar\/TDE_AppCalendar\/all-scripts.js\"><\/script>\n<script type=\"text\/javascript\">\n var cpabc_current_calendar_item;\n var abc_last_date = '';\n var abc_cost = '';\n function apc_clear_date()\n {\n    document.getElementById(\"selDaycal\"+cpabc_current_calendar_item ).value = \"\";\n        cpabc_updateItem();\n }\n function cpabc_updateItem()\n {\n    document.getElementById(\"calarea_\"+cpabc_current_calendar_item).style.display = \"none\";\n    var i = document.FormEdit.cpabc_item.options.selectedIndex;\n    var selecteditem = document.FormEdit.cpabc_item.options[i].value;\n    cpabc_do_init(selecteditem);\n }\n var cpabc_first_load = true;\n function cpabc_do_init(id)\n {                                                      \n    cpabc_current_calendar_item = id;\n    document.getElementById(\"calarea_\"+cpabc_current_calendar_item).style.display = \"\";\n    cpabc_global_date_format = document.getElementById(\"ccpabc_global_date_format\"+id).value;\n    cpabc_global_military_time = document.getElementById(\"ccpabc_global_military_time\"+id).value;\n    cpabc_global_start_weekday = document.getElementById(\"ccpabc_global_start_weekday\"+id).value;\n    cpabc_global_mindate = document.getElementById(\"cmintime\"+id).value;\n    cpabc_global_maxdate = document.getElementById(\"cmaxtime\"+id).value;\n    if (document.getElementById(\"ccpabc_global_gmt_enabled\"+id).value == 'true') \n        cpabc_global_gmt_enabled = true;\n    else\n        cpabc_global_gmt_enabled = false;    \n    cpabc_global_gmt = document.getElementById(\"ccpabc_global_gmt\"+id).value;\n    if (document.getElementById(\"ccpabc_global_close_on_select\"+id).value == 'true') \n        cpabc_global_close_on_select = true;\n    else\n        cpabc_global_close_on_select = false;    \n    cpabc_global_pagedate = document.getElementById(\"ccpabc_global_pagedate\"+id).value;    \n    initAppCalendar(\"cal\"+cpabc_current_calendar_item,document.getElementById(\"ccpages\"+id).value,2,document.getElementById(\"cclanguage\"+id).value,{m1:\"S\u00e9lectionnez l'heure du rendez-vous.\"}); }\n function force_updatedate() {\n     abc_last_date = \"\";\n     updatedate();\n }\n function updatedate()\n { }\n <\/script><!--\/noptimize-->\n    <form class=\"cpp_form\" id=\"cp_abcform_pform\" name=\"FormEdit\" action=\"\" method=\"post\" onsubmit=\"return doValidate(this);\">\r\n<input name=\"cpabc_appointments_post\" type=\"hidden\" value=\"1\" \/><input name=\"cpabc_appointments_utime\" type=\"hidden\"  value=\"\" \/>\r\n<div style=\"display:none\">\r\n  Calendrier<br \/>\r\n  <select autocomplete=\"off\" name=\"cpabc_item\" id=\"cpabc_item\" onchange=\"cpabc_updateItem()\"><\/select><br \/><br \/>\r\n<\/div>\r\n<div class=\"abc_selectdate fields\"><label>S\u00e9lectionnez la date et l'heure:<\/label><\/div><script type=\"text\/javascript\">\r\n var cpabc_max_slots = 1;\r\n var cpabc_max_slots_text = 'Please select a maximum of %1 time-slots. Currently selected: %2 time-slots.';\r\n cpabc_max_slots_text = cpabc_max_slots_text.replace('%1',cpabc_max_slots);\r\n cpabc_max_slots_text = cpabc_max_slots_text.replace('%2',cpabc_max_slots);\r\n cpabc_current_calendar_item = ;\r\n cpabc_do_init();\r\n setInterval('updatedate()',200);\r\n function doValidate(form)\r\n {\r\n    var visitortime = new Date();\r\n    form.cpabc_appointments_utime.value = \"GMT \" + -visitortime.getTimezoneOffset()\/60;\r\n    if (form.phone.value == '')\r\n    {\r\n        alert('Entrez un num\u00e9ro de t\u00e9l\u00e9phone valide.');\r\n        return false;\r\n    }\r\n    if (form.email.value == '')\r\n    {\r\n        alert('Entrez une adresse e-mail valide.');\r\n        return false;\r\n    }\r\n    if (form.name.value == '')\r\n    {\r\n        alert('Inscrivez votre nom.');\r\n        return false;\r\n    }\r\n    var selst = \"\"+document.getElementById(\"selDaycal\"+cpabc_current_calendar_item).value;    \r\n    if (selst == '')\r\n    {\r\n        alert('S\u00e9lectionnez la date et l\\'heure.');\r\n        return false;\r\n    }\r\n    selst = selst.match(\/;\/g);selst = selst.length;\r\n    if (selst < 1)\r\n    {\r\n        var almsg = 'S\u00e9lectionnez au moins 1% des cr\u00e9neaux horaires. Actuellement s\u00e9lectionn\u00e9 :% 2 tranches de temps.';\r\n        almsg = almsg.replace('%1','1');\r\n        almsg = almsg.replace('%2',selst);\r\n        alert(almsg);\r\n        return false;\r\n    }\r\n    if (selst > 1)\r\n    {\r\n        var almsg = 'S\u00e9lectionnez un maximum de 1% des cr\u00e9neaux horaires. Actuellement s\u00e9lectionn\u00e9 :% 2 tranches de temps.';\r\n        almsg = almsg.replace('%1','1');\r\n        almsg = almsg.replace('%2',selst);\r\n        alert(almsg);\r\n        return false;\r\n    } \r\n     if (form.hdcaptcha.value == '')\r\n    {\r\n        alert('Entrez le code de v\u00e9rification captcha.');\r\n        return false;\r\n    }\r\n    $dexQuery = jQuery.noConflict();\r\n    var result = $dexQuery.ajax({\r\n        type: \"GET\",\r\n        url: \"?inAdmin=1\"+String.fromCharCode(38)+\"abcc=1\"+String.fromCharCode(38)+\"hdcaptcha=\"+form.hdcaptcha.value,\r\n        async: false\r\n    }).responseText;\r\n    if (result.indexOf(\"captchafailed\") != -1)\r\n    {\r\n        $dexQuery(\"#captchaimg\").attr('src', $dexQuery(\"#captchaimg\").attr('src')+String.fromCharCode(38)+Date());\r\n        alert('Incorrect captcha code. Please try again.');\r\n        return false;\r\n    }\r\n    else     {  return true;\r\n    }  \r\n }\r\n<\/script><div style=\"clear:both;\"><\/div><div id=\"abccost\"><\/div>\r\n<br \/>\r\nVotre num\u00e9ro de t\u00e9l\u00e9phone:<br \/>\r\n<input type=\"text\" name=\"phone\" value=\"\"><br \/>\r\nVotre nom:<br \/>\r\n<input type=\"text\" name=\"name\" value=\"\"><br \/>\r\nVotre e-mail:<br \/>\r\n<input type=\"text\" name=\"email\" value=\"\"><br \/>\r\nCommentaires\/Questions:<br \/>\r\n<textarea name=\"question\" style=\"width:100%\"><\/textarea><br \/>\r\n<div id=\"abcservices\"><\/div>  \r\n  S'il vous pla\u00eet entrer le code de s\u00e9curit\u00e9 :<br \/>\r\n  <img decoding=\"async\" src=\"\/?cpabc_app=captcha&inAdmin=1&width=180&height=60&letter_count=5&min_size=25&max_size=35&noise=200&noiselength=4&bcolor=ffffff&border=000000&font=font-1.ttf\"  id=\"captchaimg\" alt=\"security code\" border=\"0\" class=\"skip-lazy\"  \/>\r\n  <br \/>\r\n  Code de s\u00e9curit\u00e9 (lettres minuscules):<br \/>\r\n  <div class=\"dfield\">\r\n  <input type=\"text\" size=\"20\" name=\"hdcaptcha\" id=\"hdcaptcha\" value=\"\" \/>\r\n  <div class=\"error message\" id=\"hdcaptcha_error\" generated=\"true\" style=\"display:none;position: absolute; left: 0px; top: 25px;\"><\/div>\r\n  <\/div>\r\n  <br \/>\r\n<input type=\"submit\" name=\"subbtn\" class=\"cp_subbtn\" value=\"Continuez\">\r\n<\/form>\r\n\r\n\r\n\n\n\n\n<p><strong><link rel=\"stylesheet\" type=\"text\/css\" href=\"http:\/\/www.tcsl.fr\/wp-content\/plugins\/appointment-booking-calendar\/TDE_AppCalendar\/modern\/all-css.css\" \/><div class=\"cpabc_field_clear\"><\/div><\/strong><\/p>\n","protected":false},"excerpt":{"rendered":"","protected":false},"author":1,"featured_media":0,"parent":0,"menu_order":0,"comment_status":"closed","ping_status":"closed","template":"","meta":{"footnotes":""},"class_list":["post-6103","page","type-page","status-publish","hentry"],"yoast_head":"<!-- This site is optimized with the Yoast SEO plugin v27.3 - https:\/\/yoast.com\/product\/yoast-seo-wordpress\/ -->\n<title>R\u00e9servations Sanglier courant Gros Calibre - TCSL<\/title>\n<meta name=\"robots\" content=\"index, follow, max-snippet:-1, max-image-preview:large, max-video-preview:-1\" \/>\n<link rel=\"canonical\" href=\"http:\/\/www.tcsl.fr\/index.php\/reservations-sanglier-courant-gros-calibre\/\" \/>\n<meta property=\"og:locale\" content=\"fr_FR\" \/>\n<meta property=\"og:type\" content=\"article\" \/>\n<meta property=\"og:title\" content=\"R\u00e9servations Sanglier courant Gros Calibre - TCSL\" \/>\n<meta property=\"og:url\" content=\"http:\/\/www.tcsl.fr\/index.php\/reservations-sanglier-courant-gros-calibre\/\" \/>\n<meta property=\"og:site_name\" content=\"TCSL\" \/>\n<meta property=\"article:modified_time\" content=\"2020-08-31T16:07:48+00:00\" \/>\n<meta name=\"twitter:card\" content=\"summary_large_image\" \/>\n<script type=\"application\/ld+json\" class=\"yoast-schema-graph\">{\"@context\":\"https:\\\/\\\/schema.org\",\"@graph\":[{\"@type\":\"WebPage\",\"@id\":\"http:\\\/\\\/www.tcsl.fr\\\/index.php\\\/reservations-sanglier-courant-gros-calibre\\\/\",\"url\":\"http:\\\/\\\/www.tcsl.fr\\\/index.php\\\/reservations-sanglier-courant-gros-calibre\\\/\",\"name\":\"R\u00e9servations Sanglier courant Gros Calibre - TCSL\",\"isPartOf\":{\"@id\":\"http:\\\/\\\/www.tcsl.fr\\\/#website\"},\"datePublished\":\"2020-08-31T16:02:04+00:00\",\"dateModified\":\"2020-08-31T16:07:48+00:00\",\"breadcrumb\":{\"@id\":\"http:\\\/\\\/www.tcsl.fr\\\/index.php\\\/reservations-sanglier-courant-gros-calibre\\\/#breadcrumb\"},\"inLanguage\":\"fr-FR\",\"potentialAction\":[{\"@type\":\"ReadAction\",\"target\":[\"http:\\\/\\\/www.tcsl.fr\\\/index.php\\\/reservations-sanglier-courant-gros-calibre\\\/\"]}]},{\"@type\":\"BreadcrumbList\",\"@id\":\"http:\\\/\\\/www.tcsl.fr\\\/index.php\\\/reservations-sanglier-courant-gros-calibre\\\/#breadcrumb\",\"itemListElement\":[{\"@type\":\"ListItem\",\"position\":1,\"name\":\"Accueil\",\"item\":\"http:\\\/\\\/www.tcsl.fr\\\/\"},{\"@type\":\"ListItem\",\"position\":2,\"name\":\"R\u00e9servations Sanglier courant Gros Calibre\"}]},{\"@type\":\"WebSite\",\"@id\":\"http:\\\/\\\/www.tcsl.fr\\\/#website\",\"url\":\"http:\\\/\\\/www.tcsl.fr\\\/\",\"name\":\"TCSL\",\"description\":\"Le site du Tir Club Stade Laurentin\",\"publisher\":{\"@id\":\"http:\\\/\\\/www.tcsl.fr\\\/#organization\"},\"potentialAction\":[{\"@type\":\"SearchAction\",\"target\":{\"@type\":\"EntryPoint\",\"urlTemplate\":\"http:\\\/\\\/www.tcsl.fr\\\/?s={search_term_string}\"},\"query-input\":{\"@type\":\"PropertyValueSpecification\",\"valueRequired\":true,\"valueName\":\"search_term_string\"}}],\"inLanguage\":\"fr-FR\"},{\"@type\":\"Organization\",\"@id\":\"http:\\\/\\\/www.tcsl.fr\\\/#organization\",\"name\":\"TCSL\",\"url\":\"http:\\\/\\\/www.tcsl.fr\\\/\",\"logo\":{\"@type\":\"ImageObject\",\"inLanguage\":\"fr-FR\",\"@id\":\"http:\\\/\\\/www.tcsl.fr\\\/#\\\/schema\\\/logo\\\/image\\\/\",\"url\":\"http:\\\/\\\/www.tcsl.fr\\\/wp-content\\\/uploads\\\/2024\\\/10\\\/cropped-cropped-cropped-cropped-cropped-logo-lettrage-degrade-rouge-et-blanc-fond-bleu-300x123-1.jpg\",\"contentUrl\":\"http:\\\/\\\/www.tcsl.fr\\\/wp-content\\\/uploads\\\/2024\\\/10\\\/cropped-cropped-cropped-cropped-cropped-logo-lettrage-degrade-rouge-et-blanc-fond-bleu-300x123-1.jpg\",\"width\":240,\"height\":98,\"caption\":\"TCSL\"},\"image\":{\"@id\":\"http:\\\/\\\/www.tcsl.fr\\\/#\\\/schema\\\/logo\\\/image\\\/\"}}]}<\/script>\n<!-- \/ Yoast SEO plugin. -->","yoast_head_json":{"title":"R\u00e9servations Sanglier courant Gros Calibre - TCSL","robots":{"index":"index","follow":"follow","max-snippet":"max-snippet:-1","max-image-preview":"max-image-preview:large","max-video-preview":"max-video-preview:-1"},"canonical":"http:\/\/www.tcsl.fr\/index.php\/reservations-sanglier-courant-gros-calibre\/","og_locale":"fr_FR","og_type":"article","og_title":"R\u00e9servations Sanglier courant Gros Calibre - TCSL","og_url":"http:\/\/www.tcsl.fr\/index.php\/reservations-sanglier-courant-gros-calibre\/","og_site_name":"TCSL","article_modified_time":"2020-08-31T16:07:48+00:00","twitter_card":"summary_large_image","schema":{"@context":"https:\/\/schema.org","@graph":[{"@type":"WebPage","@id":"http:\/\/www.tcsl.fr\/index.php\/reservations-sanglier-courant-gros-calibre\/","url":"http:\/\/www.tcsl.fr\/index.php\/reservations-sanglier-courant-gros-calibre\/","name":"R\u00e9servations Sanglier courant Gros Calibre - TCSL","isPartOf":{"@id":"http:\/\/www.tcsl.fr\/#website"},"datePublished":"2020-08-31T16:02:04+00:00","dateModified":"2020-08-31T16:07:48+00:00","breadcrumb":{"@id":"http:\/\/www.tcsl.fr\/index.php\/reservations-sanglier-courant-gros-calibre\/#breadcrumb"},"inLanguage":"fr-FR","potentialAction":[{"@type":"ReadAction","target":["http:\/\/www.tcsl.fr\/index.php\/reservations-sanglier-courant-gros-calibre\/"]}]},{"@type":"BreadcrumbList","@id":"http:\/\/www.tcsl.fr\/index.php\/reservations-sanglier-courant-gros-calibre\/#breadcrumb","itemListElement":[{"@type":"ListItem","position":1,"name":"Accueil","item":"http:\/\/www.tcsl.fr\/"},{"@type":"ListItem","position":2,"name":"R\u00e9servations Sanglier courant Gros Calibre"}]},{"@type":"WebSite","@id":"http:\/\/www.tcsl.fr\/#website","url":"http:\/\/www.tcsl.fr\/","name":"TCSL","description":"Le site du Tir Club Stade Laurentin","publisher":{"@id":"http:\/\/www.tcsl.fr\/#organization"},"potentialAction":[{"@type":"SearchAction","target":{"@type":"EntryPoint","urlTemplate":"http:\/\/www.tcsl.fr\/?s={search_term_string}"},"query-input":{"@type":"PropertyValueSpecification","valueRequired":true,"valueName":"search_term_string"}}],"inLanguage":"fr-FR"},{"@type":"Organization","@id":"http:\/\/www.tcsl.fr\/#organization","name":"TCSL","url":"http:\/\/www.tcsl.fr\/","logo":{"@type":"ImageObject","inLanguage":"fr-FR","@id":"http:\/\/www.tcsl.fr\/#\/schema\/logo\/image\/","url":"http:\/\/www.tcsl.fr\/wp-content\/uploads\/2024\/10\/cropped-cropped-cropped-cropped-cropped-logo-lettrage-degrade-rouge-et-blanc-fond-bleu-300x123-1.jpg","contentUrl":"http:\/\/www.tcsl.fr\/wp-content\/uploads\/2024\/10\/cropped-cropped-cropped-cropped-cropped-logo-lettrage-degrade-rouge-et-blanc-fond-bleu-300x123-1.jpg","width":240,"height":98,"caption":"TCSL"},"image":{"@id":"http:\/\/www.tcsl.fr\/#\/schema\/logo\/image\/"}}]}},"_links":{"self":[{"href":"http:\/\/www.tcsl.fr\/index.php\/wp-json\/wp\/v2\/pages\/6103","targetHints":{"allow":["GET"]}}],"collection":[{"href":"http:\/\/www.tcsl.fr\/index.php\/wp-json\/wp\/v2\/pages"}],"about":[{"href":"http:\/\/www.tcsl.fr\/index.php\/wp-json\/wp\/v2\/types\/page"}],"author":[{"embeddable":true,"href":"http:\/\/www.tcsl.fr\/index.php\/wp-json\/wp\/v2\/users\/1"}],"replies":[{"embeddable":true,"href":"http:\/\/www.tcsl.fr\/index.php\/wp-json\/wp\/v2\/comments?post=6103"}],"version-history":[{"count":2,"href":"http:\/\/www.tcsl.fr\/index.php\/wp-json\/wp\/v2\/pages\/6103\/revisions"}],"predecessor-version":[{"id":6105,"href":"http:\/\/www.tcsl.fr\/index.php\/wp-json\/wp\/v2\/pages\/6103\/revisions\/6105"}],"wp:attachment":[{"href":"http:\/\/www.tcsl.fr\/index.php\/wp-json\/wp\/v2\/media?parent=6103"}],"curies":[{"name":"wp","href":"https:\/\/api.w.org\/{rel}","templated":true}]}}