{"id":6127,"date":"2020-09-09T14:09:56","date_gmt":"2020-09-09T12:09:56","guid":{"rendered":"http:\/\/www.tcsl.fr\/?page_id=6127"},"modified":"2020-10-13T11:43:46","modified_gmt":"2020-10-13T09:43:46","slug":"entrainements-competition","status":"publish","type":"page","link":"http:\/\/www.tcsl.fr\/index.php\/entrainements-competition\/","title":{"rendered":"Entra\u00eenements 10m comp\u00e9tition"},"content":{"rendered":"\n<p>Les entra\u00eenements commencent \u00e0 18H00 et finissent \u00e0 20H00.<\/p>\n\n\n\n<p>Ces entrainements sont r\u00e9serv\u00e9s aux tireurs comp\u00e9titeurs et plus particuli\u00e8rement aux tireurs qui s&rsquo;engagent \u00e0 participer aux Championnats de France 10m s&rsquo;ils sont qualifi\u00e9s.<\/p>\n\n\n\n<p>Pour les autres, et compte-tenu de la restriction \u00e0 7 des postes de tir au 10m, il est souhaitable qu&rsquo;ils r\u00e9servent des places au 10m aux heures normales d&rsquo;ouverture du club afin de s&rsquo;entra\u00eener pour les D\u00e9partementaux et les R\u00e9gionaux. Par avance merci \u00e0 tous de le respecter pendant cette p\u00e9riode difficile pour tous.<\/p>\n\n\n\n<p>Acc\u00e8s au calendrier des r\u00e9servations pour les entra\u00eenements 10m en pr\u00e9paration aux Championnats de France <a href=\"http:\/\/www.tcsl.fr\/index.php\/entrainement-10m-france\/\"><strong>ICI<\/strong><\/a><\/p>\n","protected":false},"excerpt":{"rendered":"<p>Les entra\u00eenements commencent \u00e0 18H00 et finissent \u00e0 20H00. Ces entrainements sont r\u00e9serv\u00e9s aux tireurs comp\u00e9titeurs et plus particuli\u00e8rement aux tireurs qui s&rsquo;engagent \u00e0 participer aux Championnats de France 10m s&rsquo;ils sont qualifi\u00e9s. Pour les autres, et compte-tenu de la restriction \u00e0 7 des postes de tir au 10m, il est souhaitable qu&rsquo;ils r\u00e9servent des [&hellip;]<\/p>\n","protected":false},"author":1,"featured_media":0,"parent":0,"menu_order":0,"comment_status":"closed","ping_status":"closed","template":"","meta":{"footnotes":""},"class_list":["post-6127","page","type-page","status-publish","hentry"],"yoast_head":"<!-- This site is optimized with the Yoast SEO plugin v27.4 - https:\/\/yoast.com\/product\/yoast-seo-wordpress\/ -->\n<title>Entra\u00eenements 10m comp\u00e9tition - TCSL<\/title>\n<meta name=\"robots\" content=\"index, follow, max-snippet:-1, max-image-preview:large, max-video-preview:-1\" \/>\n<link rel=\"canonical\" href=\"http:\/\/www.tcsl.fr\/index.php\/entrainements-competition\/\" \/>\n<meta property=\"og:locale\" content=\"fr_FR\" \/>\n<meta property=\"og:type\" content=\"article\" \/>\n<meta property=\"og:title\" content=\"Entra\u00eenements 10m comp\u00e9tition - TCSL\" \/>\n<meta property=\"og:description\" content=\"Les entra\u00eenements commencent \u00e0 18H00 et finissent \u00e0 20H00. Ces entrainements sont r\u00e9serv\u00e9s aux tireurs comp\u00e9titeurs et plus particuli\u00e8rement aux tireurs qui s&rsquo;engagent \u00e0 participer aux Championnats de France 10m s&rsquo;ils sont qualifi\u00e9s. Pour les autres, et compte-tenu de la restriction \u00e0 7 des postes de tir au 10m, il est souhaitable qu&rsquo;ils r\u00e9servent des [&hellip;]\" \/>\n<meta property=\"og:url\" content=\"http:\/\/www.tcsl.fr\/index.php\/entrainements-competition\/\" \/>\n<meta property=\"og:site_name\" content=\"TCSL\" \/>\n<meta property=\"article:modified_time\" content=\"2020-10-13T09:43:46+00:00\" \/>\n<meta name=\"twitter:card\" content=\"summary_large_image\" \/>\n<meta name=\"twitter:label1\" content=\"Dur\u00e9e de lecture estim\u00e9e\" \/>\n\t<meta name=\"twitter:data1\" content=\"1 minute\" \/>\n<script type=\"application\/ld+json\" class=\"yoast-schema-graph\">{\"@context\":\"https:\\\/\\\/schema.org\",\"@graph\":[{\"@type\":\"WebPage\",\"@id\":\"http:\\\/\\\/www.tcsl.fr\\\/index.php\\\/entrainements-competition\\\/\",\"url\":\"http:\\\/\\\/www.tcsl.fr\\\/index.php\\\/entrainements-competition\\\/\",\"name\":\"Entra\u00eenements 10m comp\u00e9tition - TCSL\",\"isPartOf\":{\"@id\":\"https:\\\/\\\/www.tcsl.fr\\\/#website\"},\"datePublished\":\"2020-09-09T12:09:56+00:00\",\"dateModified\":\"2020-10-13T09:43:46+00:00\",\"breadcrumb\":{\"@id\":\"http:\\\/\\\/www.tcsl.fr\\\/index.php\\\/entrainements-competition\\\/#breadcrumb\"},\"inLanguage\":\"fr-FR\",\"potentialAction\":[{\"@type\":\"ReadAction\",\"target\":[\"http:\\\/\\\/www.tcsl.fr\\\/index.php\\\/entrainements-competition\\\/\"]}]},{\"@type\":\"BreadcrumbList\",\"@id\":\"http:\\\/\\\/www.tcsl.fr\\\/index.php\\\/entrainements-competition\\\/#breadcrumb\",\"itemListElement\":[{\"@type\":\"ListItem\",\"position\":1,\"name\":\"Accueil\",\"item\":\"https:\\\/\\\/www.tcsl.fr\\\/\"},{\"@type\":\"ListItem\",\"position\":2,\"name\":\"Entra\u00eenements 10m comp\u00e9tition\"}]},{\"@type\":\"WebSite\",\"@id\":\"https:\\\/\\\/www.tcsl.fr\\\/#website\",\"url\":\"https:\\\/\\\/www.tcsl.fr\\\/\",\"name\":\"TCSL\",\"description\":\"Le site du Tir Club Stade Laurentin\",\"publisher\":{\"@id\":\"https:\\\/\\\/www.tcsl.fr\\\/#organization\"},\"potentialAction\":[{\"@type\":\"SearchAction\",\"target\":{\"@type\":\"EntryPoint\",\"urlTemplate\":\"https:\\\/\\\/www.tcsl.fr\\\/?s={search_term_string}\"},\"query-input\":{\"@type\":\"PropertyValueSpecification\",\"valueRequired\":true,\"valueName\":\"search_term_string\"}}],\"inLanguage\":\"fr-FR\"},{\"@type\":\"Organization\",\"@id\":\"https:\\\/\\\/www.tcsl.fr\\\/#organization\",\"name\":\"TCSL\",\"url\":\"https:\\\/\\\/www.tcsl.fr\\\/\",\"logo\":{\"@type\":\"ImageObject\",\"inLanguage\":\"fr-FR\",\"@id\":\"https:\\\/\\\/www.tcsl.fr\\\/#\\\/schema\\\/logo\\\/image\\\/\",\"url\":\"http:\\\/\\\/www.tcsl.fr\\\/wp-content\\\/uploads\\\/2024\\\/10\\\/cropped-cropped-cropped-cropped-cropped-logo-lettrage-degrade-rouge-et-blanc-fond-bleu-300x123-1.jpg\",\"contentUrl\":\"http:\\\/\\\/www.tcsl.fr\\\/wp-content\\\/uploads\\\/2024\\\/10\\\/cropped-cropped-cropped-cropped-cropped-logo-lettrage-degrade-rouge-et-blanc-fond-bleu-300x123-1.jpg\",\"width\":240,\"height\":98,\"caption\":\"TCSL\"},\"image\":{\"@id\":\"https:\\\/\\\/www.tcsl.fr\\\/#\\\/schema\\\/logo\\\/image\\\/\"}}]}<\/script>\n<!-- \/ Yoast SEO plugin. -->","yoast_head_json":{"title":"Entra\u00eenements 10m comp\u00e9tition - TCSL","robots":{"index":"index","follow":"follow","max-snippet":"max-snippet:-1","max-image-preview":"max-image-preview:large","max-video-preview":"max-video-preview:-1"},"canonical":"http:\/\/www.tcsl.fr\/index.php\/entrainements-competition\/","og_locale":"fr_FR","og_type":"article","og_title":"Entra\u00eenements 10m comp\u00e9tition - TCSL","og_description":"Les entra\u00eenements commencent \u00e0 18H00 et finissent \u00e0 20H00. Ces entrainements sont r\u00e9serv\u00e9s aux tireurs comp\u00e9titeurs et plus particuli\u00e8rement aux tireurs qui s&rsquo;engagent \u00e0 participer aux Championnats de France 10m s&rsquo;ils sont qualifi\u00e9s. Pour les autres, et compte-tenu de la restriction \u00e0 7 des postes de tir au 10m, il est souhaitable qu&rsquo;ils r\u00e9servent des [&hellip;]","og_url":"http:\/\/www.tcsl.fr\/index.php\/entrainements-competition\/","og_site_name":"TCSL","article_modified_time":"2020-10-13T09:43:46+00:00","twitter_card":"summary_large_image","twitter_misc":{"Dur\u00e9e de lecture estim\u00e9e":"1 minute"},"schema":{"@context":"https:\/\/schema.org","@graph":[{"@type":"WebPage","@id":"http:\/\/www.tcsl.fr\/index.php\/entrainements-competition\/","url":"http:\/\/www.tcsl.fr\/index.php\/entrainements-competition\/","name":"Entra\u00eenements 10m comp\u00e9tition - TCSL","isPartOf":{"@id":"https:\/\/www.tcsl.fr\/#website"},"datePublished":"2020-09-09T12:09:56+00:00","dateModified":"2020-10-13T09:43:46+00:00","breadcrumb":{"@id":"http:\/\/www.tcsl.fr\/index.php\/entrainements-competition\/#breadcrumb"},"inLanguage":"fr-FR","potentialAction":[{"@type":"ReadAction","target":["http:\/\/www.tcsl.fr\/index.php\/entrainements-competition\/"]}]},{"@type":"BreadcrumbList","@id":"http:\/\/www.tcsl.fr\/index.php\/entrainements-competition\/#breadcrumb","itemListElement":[{"@type":"ListItem","position":1,"name":"Accueil","item":"https:\/\/www.tcsl.fr\/"},{"@type":"ListItem","position":2,"name":"Entra\u00eenements 10m comp\u00e9tition"}]},{"@type":"WebSite","@id":"https:\/\/www.tcsl.fr\/#website","url":"https:\/\/www.tcsl.fr\/","name":"TCSL","description":"Le site du Tir Club Stade Laurentin","publisher":{"@id":"https:\/\/www.tcsl.fr\/#organization"},"potentialAction":[{"@type":"SearchAction","target":{"@type":"EntryPoint","urlTemplate":"https:\/\/www.tcsl.fr\/?s={search_term_string}"},"query-input":{"@type":"PropertyValueSpecification","valueRequired":true,"valueName":"search_term_string"}}],"inLanguage":"fr-FR"},{"@type":"Organization","@id":"https:\/\/www.tcsl.fr\/#organization","name":"TCSL","url":"https:\/\/www.tcsl.fr\/","logo":{"@type":"ImageObject","inLanguage":"fr-FR","@id":"https:\/\/www.tcsl.fr\/#\/schema\/logo\/image\/","url":"http:\/\/www.tcsl.fr\/wp-content\/uploads\/2024\/10\/cropped-cropped-cropped-cropped-cropped-logo-lettrage-degrade-rouge-et-blanc-fond-bleu-300x123-1.jpg","contentUrl":"http:\/\/www.tcsl.fr\/wp-content\/uploads\/2024\/10\/cropped-cropped-cropped-cropped-cropped-logo-lettrage-degrade-rouge-et-blanc-fond-bleu-300x123-1.jpg","width":240,"height":98,"caption":"TCSL"},"image":{"@id":"https:\/\/www.tcsl.fr\/#\/schema\/logo\/image\/"}}]}},"_links":{"self":[{"href":"http:\/\/www.tcsl.fr\/index.php\/wp-json\/wp\/v2\/pages\/6127","targetHints":{"allow":["GET"]}}],"collection":[{"href":"http:\/\/www.tcsl.fr\/index.php\/wp-json\/wp\/v2\/pages"}],"about":[{"href":"http:\/\/www.tcsl.fr\/index.php\/wp-json\/wp\/v2\/types\/page"}],"author":[{"embeddable":true,"href":"http:\/\/www.tcsl.fr\/index.php\/wp-json\/wp\/v2\/users\/1"}],"replies":[{"embeddable":true,"href":"http:\/\/www.tcsl.fr\/index.php\/wp-json\/wp\/v2\/comments?post=6127"}],"version-history":[{"count":11,"href":"http:\/\/www.tcsl.fr\/index.php\/wp-json\/wp\/v2\/pages\/6127\/revisions"}],"predecessor-version":[{"id":6224,"href":"http:\/\/www.tcsl.fr\/index.php\/wp-json\/wp\/v2\/pages\/6127\/revisions\/6224"}],"wp:attachment":[{"href":"http:\/\/www.tcsl.fr\/index.php\/wp-json\/wp\/v2\/media?parent=6127"}],"curies":[{"name":"wp","href":"https:\/\/api.w.org\/{rel}","templated":true}]}}