{"id":6184,"date":"2020-09-14T09:28:37","date_gmt":"2020-09-14T07:28:37","guid":{"rendered":"http:\/\/www.tcsl.fr\/?page_id=6184"},"modified":"2020-09-14T09:56:58","modified_gmt":"2020-09-14T07:56:58","slug":"entrainements-tar","status":"publish","type":"page","link":"http:\/\/www.tcsl.fr\/index.php\/entrainements-tar\/","title":{"rendered":"Entra\u00eenements TAR"},"content":{"rendered":"\n<p>Les entra\u00eenements TAR sont tous les mardis de 18H00 \u00e0 20H00 <strong>UNIQUEMENT SUR R\u00c9SERVATION<\/strong>. Ils concernent les disciplines \u00ab\u00a0Pistolet\/Revolver\u00a0\u00bb et \u00ab\u00a0Vitesse R\u00e9glementaire\u00a0\u00bb.  Il se d\u00e9roule au stand 25m Poudre Noire. <strong>Les entra\u00eenements sont r\u00e9serv\u00e9s aux comp\u00e9titeurs TCSL<\/strong>.  Il n&rsquo;y a que 5 places disponibles par mardi soyez raisonnable, ne r\u00e9servez pas pour la semaine suivante avant le lundi suivant si vous avez r\u00e9serv\u00e9 pour la semaine en cours. Il en faut pour tout le monde.<\/p>\n\n\n\n<p>Les entra\u00eenements des mardis seront assur\u00e9s par St\u00e9phane GIAIMO Initiateur du TCSL.<\/p>\n\n\n\n<p>Acc\u00e8s \u00e0 la r\u00e9servation<strong> <a href=\"http:\/\/www.tcsl.fr\/index.php\/2020-entrainements-tar\/\" rel=\"nofollow\">ICI<\/a><\/strong><\/p>\n","protected":false},"excerpt":{"rendered":"<p>Les entra\u00eenements TAR sont tous les mardis de 18H00 \u00e0 20H00 UNIQUEMENT SUR R\u00c9SERVATION. Ils concernent les disciplines \u00ab\u00a0Pistolet\/Revolver\u00a0\u00bb et \u00ab\u00a0Vitesse R\u00e9glementaire\u00a0\u00bb. Il se d\u00e9roule au stand 25m Poudre Noire. Les entra\u00eenements sont r\u00e9serv\u00e9s aux comp\u00e9titeurs TCSL. Il n&rsquo;y a que 5 places disponibles par mardi soyez raisonnable, ne r\u00e9servez pas pour la semaine suivante [&hellip;]<\/p>\n","protected":false},"author":1,"featured_media":0,"parent":0,"menu_order":0,"comment_status":"closed","ping_status":"closed","template":"","meta":{"footnotes":""},"class_list":["post-6184","page","type-page","status-publish","hentry"],"yoast_head":"<!-- This site is optimized with the Yoast SEO plugin v27.5 - https:\/\/yoast.com\/product\/yoast-seo-wordpress\/ -->\n<title>Entra\u00eenements TAR - TCSL<\/title>\n<meta name=\"robots\" content=\"index, follow, max-snippet:-1, max-image-preview:large, max-video-preview:-1\" \/>\n<link rel=\"canonical\" href=\"http:\/\/www.tcsl.fr\/index.php\/entrainements-tar\/\" \/>\n<meta property=\"og:locale\" content=\"fr_FR\" \/>\n<meta property=\"og:type\" content=\"article\" \/>\n<meta property=\"og:title\" content=\"Entra\u00eenements TAR - TCSL\" \/>\n<meta property=\"og:description\" content=\"Les entra\u00eenements TAR sont tous les mardis de 18H00 \u00e0 20H00 UNIQUEMENT SUR R\u00c9SERVATION. Ils concernent les disciplines \u00ab\u00a0Pistolet\/Revolver\u00a0\u00bb et \u00ab\u00a0Vitesse R\u00e9glementaire\u00a0\u00bb. Il se d\u00e9roule au stand 25m Poudre Noire. Les entra\u00eenements sont r\u00e9serv\u00e9s aux comp\u00e9titeurs TCSL. Il n&rsquo;y a que 5 places disponibles par mardi soyez raisonnable, ne r\u00e9servez pas pour la semaine suivante [&hellip;]\" \/>\n<meta property=\"og:url\" content=\"http:\/\/www.tcsl.fr\/index.php\/entrainements-tar\/\" \/>\n<meta property=\"og:site_name\" content=\"TCSL\" \/>\n<meta property=\"article:modified_time\" content=\"2020-09-14T07:56:58+00:00\" \/>\n<meta name=\"twitter:card\" content=\"summary_large_image\" \/>\n<meta name=\"twitter:label1\" content=\"Dur\u00e9e de lecture estim\u00e9e\" \/>\n\t<meta name=\"twitter:data1\" content=\"1 minute\" \/>\n<script type=\"application\/ld+json\" class=\"yoast-schema-graph\">{\"@context\":\"https:\\\/\\\/schema.org\",\"@graph\":[{\"@type\":\"WebPage\",\"@id\":\"http:\\\/\\\/www.tcsl.fr\\\/index.php\\\/entrainements-tar\\\/\",\"url\":\"http:\\\/\\\/www.tcsl.fr\\\/index.php\\\/entrainements-tar\\\/\",\"name\":\"Entra\u00eenements TAR - TCSL\",\"isPartOf\":{\"@id\":\"http:\\\/\\\/www.tcsl.fr\\\/#website\"},\"datePublished\":\"2020-09-14T07:28:37+00:00\",\"dateModified\":\"2020-09-14T07:56:58+00:00\",\"breadcrumb\":{\"@id\":\"http:\\\/\\\/www.tcsl.fr\\\/index.php\\\/entrainements-tar\\\/#breadcrumb\"},\"inLanguage\":\"fr-FR\",\"potentialAction\":[{\"@type\":\"ReadAction\",\"target\":[\"http:\\\/\\\/www.tcsl.fr\\\/index.php\\\/entrainements-tar\\\/\"]}]},{\"@type\":\"BreadcrumbList\",\"@id\":\"http:\\\/\\\/www.tcsl.fr\\\/index.php\\\/entrainements-tar\\\/#breadcrumb\",\"itemListElement\":[{\"@type\":\"ListItem\",\"position\":1,\"name\":\"Accueil\",\"item\":\"http:\\\/\\\/www.tcsl.fr\\\/\"},{\"@type\":\"ListItem\",\"position\":2,\"name\":\"Entra\u00eenements TAR\"}]},{\"@type\":\"WebSite\",\"@id\":\"http:\\\/\\\/www.tcsl.fr\\\/#website\",\"url\":\"http:\\\/\\\/www.tcsl.fr\\\/\",\"name\":\"TCSL\",\"description\":\"Le site du Tir Club Stade Laurentin\",\"publisher\":{\"@id\":\"http:\\\/\\\/www.tcsl.fr\\\/#organization\"},\"potentialAction\":[{\"@type\":\"SearchAction\",\"target\":{\"@type\":\"EntryPoint\",\"urlTemplate\":\"http:\\\/\\\/www.tcsl.fr\\\/?s={search_term_string}\"},\"query-input\":{\"@type\":\"PropertyValueSpecification\",\"valueRequired\":true,\"valueName\":\"search_term_string\"}}],\"inLanguage\":\"fr-FR\"},{\"@type\":\"Organization\",\"@id\":\"http:\\\/\\\/www.tcsl.fr\\\/#organization\",\"name\":\"TCSL\",\"url\":\"http:\\\/\\\/www.tcsl.fr\\\/\",\"logo\":{\"@type\":\"ImageObject\",\"inLanguage\":\"fr-FR\",\"@id\":\"http:\\\/\\\/www.tcsl.fr\\\/#\\\/schema\\\/logo\\\/image\\\/\",\"url\":\"http:\\\/\\\/www.tcsl.fr\\\/wp-content\\\/uploads\\\/2024\\\/10\\\/cropped-cropped-cropped-cropped-cropped-logo-lettrage-degrade-rouge-et-blanc-fond-bleu-300x123-1.jpg\",\"contentUrl\":\"http:\\\/\\\/www.tcsl.fr\\\/wp-content\\\/uploads\\\/2024\\\/10\\\/cropped-cropped-cropped-cropped-cropped-logo-lettrage-degrade-rouge-et-blanc-fond-bleu-300x123-1.jpg\",\"width\":240,\"height\":98,\"caption\":\"TCSL\"},\"image\":{\"@id\":\"http:\\\/\\\/www.tcsl.fr\\\/#\\\/schema\\\/logo\\\/image\\\/\"}}]}<\/script>\n<!-- \/ Yoast SEO plugin. -->","yoast_head_json":{"title":"Entra\u00eenements TAR - TCSL","robots":{"index":"index","follow":"follow","max-snippet":"max-snippet:-1","max-image-preview":"max-image-preview:large","max-video-preview":"max-video-preview:-1"},"canonical":"http:\/\/www.tcsl.fr\/index.php\/entrainements-tar\/","og_locale":"fr_FR","og_type":"article","og_title":"Entra\u00eenements TAR - TCSL","og_description":"Les entra\u00eenements TAR sont tous les mardis de 18H00 \u00e0 20H00 UNIQUEMENT SUR R\u00c9SERVATION. Ils concernent les disciplines \u00ab\u00a0Pistolet\/Revolver\u00a0\u00bb et \u00ab\u00a0Vitesse R\u00e9glementaire\u00a0\u00bb. Il se d\u00e9roule au stand 25m Poudre Noire. Les entra\u00eenements sont r\u00e9serv\u00e9s aux comp\u00e9titeurs TCSL. Il n&rsquo;y a que 5 places disponibles par mardi soyez raisonnable, ne r\u00e9servez pas pour la semaine suivante [&hellip;]","og_url":"http:\/\/www.tcsl.fr\/index.php\/entrainements-tar\/","og_site_name":"TCSL","article_modified_time":"2020-09-14T07:56:58+00:00","twitter_card":"summary_large_image","twitter_misc":{"Dur\u00e9e de lecture estim\u00e9e":"1 minute"},"schema":{"@context":"https:\/\/schema.org","@graph":[{"@type":"WebPage","@id":"http:\/\/www.tcsl.fr\/index.php\/entrainements-tar\/","url":"http:\/\/www.tcsl.fr\/index.php\/entrainements-tar\/","name":"Entra\u00eenements TAR - TCSL","isPartOf":{"@id":"http:\/\/www.tcsl.fr\/#website"},"datePublished":"2020-09-14T07:28:37+00:00","dateModified":"2020-09-14T07:56:58+00:00","breadcrumb":{"@id":"http:\/\/www.tcsl.fr\/index.php\/entrainements-tar\/#breadcrumb"},"inLanguage":"fr-FR","potentialAction":[{"@type":"ReadAction","target":["http:\/\/www.tcsl.fr\/index.php\/entrainements-tar\/"]}]},{"@type":"BreadcrumbList","@id":"http:\/\/www.tcsl.fr\/index.php\/entrainements-tar\/#breadcrumb","itemListElement":[{"@type":"ListItem","position":1,"name":"Accueil","item":"http:\/\/www.tcsl.fr\/"},{"@type":"ListItem","position":2,"name":"Entra\u00eenements TAR"}]},{"@type":"WebSite","@id":"http:\/\/www.tcsl.fr\/#website","url":"http:\/\/www.tcsl.fr\/","name":"TCSL","description":"Le site du Tir Club Stade Laurentin","publisher":{"@id":"http:\/\/www.tcsl.fr\/#organization"},"potentialAction":[{"@type":"SearchAction","target":{"@type":"EntryPoint","urlTemplate":"http:\/\/www.tcsl.fr\/?s={search_term_string}"},"query-input":{"@type":"PropertyValueSpecification","valueRequired":true,"valueName":"search_term_string"}}],"inLanguage":"fr-FR"},{"@type":"Organization","@id":"http:\/\/www.tcsl.fr\/#organization","name":"TCSL","url":"http:\/\/www.tcsl.fr\/","logo":{"@type":"ImageObject","inLanguage":"fr-FR","@id":"http:\/\/www.tcsl.fr\/#\/schema\/logo\/image\/","url":"http:\/\/www.tcsl.fr\/wp-content\/uploads\/2024\/10\/cropped-cropped-cropped-cropped-cropped-logo-lettrage-degrade-rouge-et-blanc-fond-bleu-300x123-1.jpg","contentUrl":"http:\/\/www.tcsl.fr\/wp-content\/uploads\/2024\/10\/cropped-cropped-cropped-cropped-cropped-logo-lettrage-degrade-rouge-et-blanc-fond-bleu-300x123-1.jpg","width":240,"height":98,"caption":"TCSL"},"image":{"@id":"http:\/\/www.tcsl.fr\/#\/schema\/logo\/image\/"}}]}},"_links":{"self":[{"href":"http:\/\/www.tcsl.fr\/index.php\/wp-json\/wp\/v2\/pages\/6184","targetHints":{"allow":["GET"]}}],"collection":[{"href":"http:\/\/www.tcsl.fr\/index.php\/wp-json\/wp\/v2\/pages"}],"about":[{"href":"http:\/\/www.tcsl.fr\/index.php\/wp-json\/wp\/v2\/types\/page"}],"author":[{"embeddable":true,"href":"http:\/\/www.tcsl.fr\/index.php\/wp-json\/wp\/v2\/users\/1"}],"replies":[{"embeddable":true,"href":"http:\/\/www.tcsl.fr\/index.php\/wp-json\/wp\/v2\/comments?post=6184"}],"version-history":[{"count":5,"href":"http:\/\/www.tcsl.fr\/index.php\/wp-json\/wp\/v2\/pages\/6184\/revisions"}],"predecessor-version":[{"id":6199,"href":"http:\/\/www.tcsl.fr\/index.php\/wp-json\/wp\/v2\/pages\/6184\/revisions\/6199"}],"wp:attachment":[{"href":"http:\/\/www.tcsl.fr\/index.php\/wp-json\/wp\/v2\/media?parent=6184"}],"curies":[{"name":"wp","href":"https:\/\/api.w.org\/{rel}","templated":true}]}}