{"id":6464,"date":"2021-07-01T09:48:47","date_gmt":"2021-07-01T07:48:47","guid":{"rendered":"http:\/\/www.tcsl.fr\/?page_id=6464"},"modified":"2021-07-01T10:03:02","modified_gmt":"2021-07-01T08:03:02","slug":"2021-il-ny-a-plus-de-reservation","status":"publish","type":"page","link":"http:\/\/www.tcsl.fr\/index.php\/2021-il-ny-a-plus-de-reservation\/","title":{"rendered":"IL N&rsquo;Y A PLUS DE R\u00c9SERVATION"},"content":{"rendered":"\n<p>Tous les pas-de-tir sont ouverts sans r\u00e9servation aux  horaires habituels.<\/p>\n\n\n\n<p>La saison 2020-2021 se terminera le samedi 31 juillet 2021.<\/p>\n\n\n\n<p>Le TCSL sera ferm\u00e9 tout le mois d&rsquo;ao\u00fbt.<\/p>\n\n\n\n<p>La saison 2021-2022 commencera le jeudi 2 septembre 2021.<\/p>\n","protected":false},"excerpt":{"rendered":"<p>Tous les pas-de-tir sont ouverts sans r\u00e9servation aux horaires habituels. La saison 2020-2021 se terminera le samedi 31 juillet 2021. Le TCSL sera ferm\u00e9 tout le mois d&rsquo;ao\u00fbt. La saison 2021-2022 commencera le jeudi 2 septembre 2021.<\/p>\n","protected":false},"author":1,"featured_media":0,"parent":0,"menu_order":0,"comment_status":"closed","ping_status":"closed","template":"","meta":{"footnotes":""},"class_list":["post-6464","page","type-page","status-publish","hentry"],"yoast_head":"<!-- This site is optimized with the Yoast SEO plugin v27.3 - https:\/\/yoast.com\/product\/yoast-seo-wordpress\/ -->\n<title>IL N&#039;Y A PLUS DE R\u00c9SERVATION - TCSL<\/title>\n<meta name=\"robots\" content=\"index, follow, max-snippet:-1, max-image-preview:large, max-video-preview:-1\" \/>\n<link rel=\"canonical\" href=\"http:\/\/www.tcsl.fr\/index.php\/2021-il-ny-a-plus-de-reservation\/\" \/>\n<meta property=\"og:locale\" content=\"fr_FR\" \/>\n<meta property=\"og:type\" content=\"article\" \/>\n<meta property=\"og:title\" content=\"IL N&#039;Y A PLUS DE R\u00c9SERVATION - TCSL\" \/>\n<meta property=\"og:description\" content=\"Tous les pas-de-tir sont ouverts sans r\u00e9servation aux horaires habituels. La saison 2020-2021 se terminera le samedi 31 juillet 2021. Le TCSL sera ferm\u00e9 tout le mois d&rsquo;ao\u00fbt. La saison 2021-2022 commencera le jeudi 2 septembre 2021.\" \/>\n<meta property=\"og:url\" content=\"http:\/\/www.tcsl.fr\/index.php\/2021-il-ny-a-plus-de-reservation\/\" \/>\n<meta property=\"og:site_name\" content=\"TCSL\" \/>\n<meta property=\"article:modified_time\" content=\"2021-07-01T08:03:02+00:00\" \/>\n<meta name=\"twitter:card\" content=\"summary_large_image\" \/>\n<meta name=\"twitter:label1\" content=\"Dur\u00e9e de lecture estim\u00e9e\" \/>\n\t<meta name=\"twitter:data1\" content=\"1 minute\" \/>\n<script type=\"application\/ld+json\" class=\"yoast-schema-graph\">{\"@context\":\"https:\\\/\\\/schema.org\",\"@graph\":[{\"@type\":\"WebPage\",\"@id\":\"http:\\\/\\\/www.tcsl.fr\\\/index.php\\\/2021-il-ny-a-plus-de-reservation\\\/\",\"url\":\"http:\\\/\\\/www.tcsl.fr\\\/index.php\\\/2021-il-ny-a-plus-de-reservation\\\/\",\"name\":\"IL N'Y A PLUS DE R\u00c9SERVATION - TCSL\",\"isPartOf\":{\"@id\":\"https:\\\/\\\/www.tcsl.fr\\\/#website\"},\"datePublished\":\"2021-07-01T07:48:47+00:00\",\"dateModified\":\"2021-07-01T08:03:02+00:00\",\"breadcrumb\":{\"@id\":\"http:\\\/\\\/www.tcsl.fr\\\/index.php\\\/2021-il-ny-a-plus-de-reservation\\\/#breadcrumb\"},\"inLanguage\":\"fr-FR\",\"potentialAction\":[{\"@type\":\"ReadAction\",\"target\":[\"http:\\\/\\\/www.tcsl.fr\\\/index.php\\\/2021-il-ny-a-plus-de-reservation\\\/\"]}]},{\"@type\":\"BreadcrumbList\",\"@id\":\"http:\\\/\\\/www.tcsl.fr\\\/index.php\\\/2021-il-ny-a-plus-de-reservation\\\/#breadcrumb\",\"itemListElement\":[{\"@type\":\"ListItem\",\"position\":1,\"name\":\"Accueil\",\"item\":\"https:\\\/\\\/www.tcsl.fr\\\/\"},{\"@type\":\"ListItem\",\"position\":2,\"name\":\"IL N&rsquo;Y A PLUS DE R\u00c9SERVATION\"}]},{\"@type\":\"WebSite\",\"@id\":\"https:\\\/\\\/www.tcsl.fr\\\/#website\",\"url\":\"https:\\\/\\\/www.tcsl.fr\\\/\",\"name\":\"TCSL\",\"description\":\"Le site du Tir Club Stade Laurentin\",\"publisher\":{\"@id\":\"https:\\\/\\\/www.tcsl.fr\\\/#organization\"},\"potentialAction\":[{\"@type\":\"SearchAction\",\"target\":{\"@type\":\"EntryPoint\",\"urlTemplate\":\"https:\\\/\\\/www.tcsl.fr\\\/?s={search_term_string}\"},\"query-input\":{\"@type\":\"PropertyValueSpecification\",\"valueRequired\":true,\"valueName\":\"search_term_string\"}}],\"inLanguage\":\"fr-FR\"},{\"@type\":\"Organization\",\"@id\":\"https:\\\/\\\/www.tcsl.fr\\\/#organization\",\"name\":\"TCSL\",\"url\":\"https:\\\/\\\/www.tcsl.fr\\\/\",\"logo\":{\"@type\":\"ImageObject\",\"inLanguage\":\"fr-FR\",\"@id\":\"https:\\\/\\\/www.tcsl.fr\\\/#\\\/schema\\\/logo\\\/image\\\/\",\"url\":\"http:\\\/\\\/www.tcsl.fr\\\/wp-content\\\/uploads\\\/2024\\\/10\\\/cropped-cropped-cropped-cropped-cropped-logo-lettrage-degrade-rouge-et-blanc-fond-bleu-300x123-1.jpg\",\"contentUrl\":\"http:\\\/\\\/www.tcsl.fr\\\/wp-content\\\/uploads\\\/2024\\\/10\\\/cropped-cropped-cropped-cropped-cropped-logo-lettrage-degrade-rouge-et-blanc-fond-bleu-300x123-1.jpg\",\"width\":240,\"height\":98,\"caption\":\"TCSL\"},\"image\":{\"@id\":\"https:\\\/\\\/www.tcsl.fr\\\/#\\\/schema\\\/logo\\\/image\\\/\"}}]}<\/script>\n<!-- \/ Yoast SEO plugin. -->","yoast_head_json":{"title":"IL N'Y A PLUS DE R\u00c9SERVATION - TCSL","robots":{"index":"index","follow":"follow","max-snippet":"max-snippet:-1","max-image-preview":"max-image-preview:large","max-video-preview":"max-video-preview:-1"},"canonical":"http:\/\/www.tcsl.fr\/index.php\/2021-il-ny-a-plus-de-reservation\/","og_locale":"fr_FR","og_type":"article","og_title":"IL N'Y A PLUS DE R\u00c9SERVATION - TCSL","og_description":"Tous les pas-de-tir sont ouverts sans r\u00e9servation aux horaires habituels. La saison 2020-2021 se terminera le samedi 31 juillet 2021. Le TCSL sera ferm\u00e9 tout le mois d&rsquo;ao\u00fbt. La saison 2021-2022 commencera le jeudi 2 septembre 2021.","og_url":"http:\/\/www.tcsl.fr\/index.php\/2021-il-ny-a-plus-de-reservation\/","og_site_name":"TCSL","article_modified_time":"2021-07-01T08:03:02+00:00","twitter_card":"summary_large_image","twitter_misc":{"Dur\u00e9e de lecture estim\u00e9e":"1 minute"},"schema":{"@context":"https:\/\/schema.org","@graph":[{"@type":"WebPage","@id":"http:\/\/www.tcsl.fr\/index.php\/2021-il-ny-a-plus-de-reservation\/","url":"http:\/\/www.tcsl.fr\/index.php\/2021-il-ny-a-plus-de-reservation\/","name":"IL N'Y A PLUS DE R\u00c9SERVATION - TCSL","isPartOf":{"@id":"https:\/\/www.tcsl.fr\/#website"},"datePublished":"2021-07-01T07:48:47+00:00","dateModified":"2021-07-01T08:03:02+00:00","breadcrumb":{"@id":"http:\/\/www.tcsl.fr\/index.php\/2021-il-ny-a-plus-de-reservation\/#breadcrumb"},"inLanguage":"fr-FR","potentialAction":[{"@type":"ReadAction","target":["http:\/\/www.tcsl.fr\/index.php\/2021-il-ny-a-plus-de-reservation\/"]}]},{"@type":"BreadcrumbList","@id":"http:\/\/www.tcsl.fr\/index.php\/2021-il-ny-a-plus-de-reservation\/#breadcrumb","itemListElement":[{"@type":"ListItem","position":1,"name":"Accueil","item":"https:\/\/www.tcsl.fr\/"},{"@type":"ListItem","position":2,"name":"IL N&rsquo;Y A PLUS DE R\u00c9SERVATION"}]},{"@type":"WebSite","@id":"https:\/\/www.tcsl.fr\/#website","url":"https:\/\/www.tcsl.fr\/","name":"TCSL","description":"Le site du Tir Club Stade Laurentin","publisher":{"@id":"https:\/\/www.tcsl.fr\/#organization"},"potentialAction":[{"@type":"SearchAction","target":{"@type":"EntryPoint","urlTemplate":"https:\/\/www.tcsl.fr\/?s={search_term_string}"},"query-input":{"@type":"PropertyValueSpecification","valueRequired":true,"valueName":"search_term_string"}}],"inLanguage":"fr-FR"},{"@type":"Organization","@id":"https:\/\/www.tcsl.fr\/#organization","name":"TCSL","url":"https:\/\/www.tcsl.fr\/","logo":{"@type":"ImageObject","inLanguage":"fr-FR","@id":"https:\/\/www.tcsl.fr\/#\/schema\/logo\/image\/","url":"http:\/\/www.tcsl.fr\/wp-content\/uploads\/2024\/10\/cropped-cropped-cropped-cropped-cropped-logo-lettrage-degrade-rouge-et-blanc-fond-bleu-300x123-1.jpg","contentUrl":"http:\/\/www.tcsl.fr\/wp-content\/uploads\/2024\/10\/cropped-cropped-cropped-cropped-cropped-logo-lettrage-degrade-rouge-et-blanc-fond-bleu-300x123-1.jpg","width":240,"height":98,"caption":"TCSL"},"image":{"@id":"https:\/\/www.tcsl.fr\/#\/schema\/logo\/image\/"}}]}},"_links":{"self":[{"href":"http:\/\/www.tcsl.fr\/index.php\/wp-json\/wp\/v2\/pages\/6464","targetHints":{"allow":["GET"]}}],"collection":[{"href":"http:\/\/www.tcsl.fr\/index.php\/wp-json\/wp\/v2\/pages"}],"about":[{"href":"http:\/\/www.tcsl.fr\/index.php\/wp-json\/wp\/v2\/types\/page"}],"author":[{"embeddable":true,"href":"http:\/\/www.tcsl.fr\/index.php\/wp-json\/wp\/v2\/users\/1"}],"replies":[{"embeddable":true,"href":"http:\/\/www.tcsl.fr\/index.php\/wp-json\/wp\/v2\/comments?post=6464"}],"version-history":[{"count":7,"href":"http:\/\/www.tcsl.fr\/index.php\/wp-json\/wp\/v2\/pages\/6464\/revisions"}],"predecessor-version":[{"id":6478,"href":"http:\/\/www.tcsl.fr\/index.php\/wp-json\/wp\/v2\/pages\/6464\/revisions\/6478"}],"wp:attachment":[{"href":"http:\/\/www.tcsl.fr\/index.php\/wp-json\/wp\/v2\/media?parent=6464"}],"curies":[{"name":"wp","href":"https:\/\/api.w.org\/{rel}","templated":true}]}}