{"id":6594,"date":"2021-11-25T20:00:49","date_gmt":"2021-11-25T19:00:49","guid":{"rendered":"https:\/\/www.tcsl.fr\/?page_id=6594"},"modified":"2021-11-25T20:05:44","modified_gmt":"2021-11-25T19:05:44","slug":"situation-sanitaire","status":"publish","type":"page","link":"http:\/\/www.tcsl.fr\/index.php\/situation-sanitaire\/","title":{"rendered":"Situation sanitaire"},"content":{"rendered":"\n<p>Communication de la FFTir :<\/p>\n\n\n\n<p><\/p>\n\n\n\n<p><strong>Note N\u00b027 &#8211; Information aux associations<\/strong><\/p>\n\n\n\n<p><br><strong>Pour faire suite\u00a0<a href=\"https:\/\/www.gouvernement.fr\/info-coronavirus\" target=\"_blank\" rel=\"noreferrer noopener\">aux d\u00e9cisions gouvernementales publi\u00e9es ce jour<\/a>, la F\u00e9d\u00e9ration Fran\u00e7aise de Tir souhaite pr\u00e9ciser les mesures \u00e0 appliquer dans le cadre de l\u2019activit\u00e9 de loisir ou de comp\u00e9tition dans les stands de tir.<\/strong><\/p>\n\n\n\n<ul class=\"wp-block-list\"><li><strong>Le port du masque&nbsp;est rendu obligatoire&nbsp;pour toutes les personnes \u00e0 l\u2019int\u00e9rieur des stands ouverts ou semi-ouverts. Seul le tireur en situation de tir \u00e0 son poste est exempt\u00e9 du port du masque.<br><br>&nbsp;<\/strong><\/li><li><strong>La validit\u00e9 des tests PCR et antig\u00e9niques est de&nbsp;24h&nbsp;pour valider un pass sanitaire.<br><br>&nbsp;<\/strong><\/li><li><strong>L\u2019utilisation de tous les dispositifs qui permettent d\u2019assurer une distanciation physique est fortement recommand\u00e9 de m\u00eame que&nbsp;l\u2019a\u00e9ration r\u00e9guli\u00e8re&nbsp;des locaux.<\/strong><\/li><\/ul>\n\n\n\n<p><strong>La direction technique nationale<\/strong><\/p>\n\n\n\n<p>Cordialement,<\/p>\n\n\n\n<p>Gilles DUMERY<br>Administrateur g\u00e9n\u00e9ral ITAC<br>F\u00c9D\u00c9RATION FRAN\u00c7AISE DE TIR<\/p>\n","protected":false},"excerpt":{"rendered":"<p>Communication de la FFTir : Note N\u00b027 &#8211; Information aux associations Pour faire suite\u00a0aux d\u00e9cisions gouvernementales publi\u00e9es ce jour, la F\u00e9d\u00e9ration Fran\u00e7aise de Tir souhaite pr\u00e9ciser les mesures \u00e0 appliquer dans le cadre de l\u2019activit\u00e9 de loisir ou de comp\u00e9tition dans les stands de tir. Le port du masque&nbsp;est rendu obligatoire&nbsp;pour toutes les personnes \u00e0 [&hellip;]<\/p>\n","protected":false},"author":6136,"featured_media":0,"parent":0,"menu_order":0,"comment_status":"closed","ping_status":"closed","template":"","meta":{"footnotes":""},"class_list":["post-6594","page","type-page","status-publish","hentry"],"yoast_head":"<!-- This site is optimized with the Yoast SEO plugin v27.3 - https:\/\/yoast.com\/product\/yoast-seo-wordpress\/ -->\n<title>Situation sanitaire - TCSL<\/title>\n<meta name=\"robots\" content=\"index, follow, max-snippet:-1, max-image-preview:large, max-video-preview:-1\" \/>\n<link rel=\"canonical\" href=\"http:\/\/www.tcsl.fr\/index.php\/situation-sanitaire\/\" \/>\n<meta property=\"og:locale\" content=\"fr_FR\" \/>\n<meta property=\"og:type\" content=\"article\" \/>\n<meta property=\"og:title\" content=\"Situation sanitaire - TCSL\" \/>\n<meta property=\"og:description\" content=\"Communication de la FFTir : Note N\u00b027 &#8211; Information aux associations Pour faire suite\u00a0aux d\u00e9cisions gouvernementales publi\u00e9es ce jour, la F\u00e9d\u00e9ration Fran\u00e7aise de Tir souhaite pr\u00e9ciser les mesures \u00e0 appliquer dans le cadre de l\u2019activit\u00e9 de loisir ou de comp\u00e9tition dans les stands de tir. Le port du masque&nbsp;est rendu obligatoire&nbsp;pour toutes les personnes \u00e0 [&hellip;]\" \/>\n<meta property=\"og:url\" content=\"http:\/\/www.tcsl.fr\/index.php\/situation-sanitaire\/\" \/>\n<meta property=\"og:site_name\" content=\"TCSL\" \/>\n<meta property=\"article:modified_time\" content=\"2021-11-25T19:05:44+00:00\" \/>\n<meta name=\"twitter:card\" content=\"summary_large_image\" \/>\n<meta name=\"twitter:label1\" content=\"Dur\u00e9e de lecture estim\u00e9e\" \/>\n\t<meta name=\"twitter:data1\" content=\"1 minute\" \/>\n<script type=\"application\/ld+json\" class=\"yoast-schema-graph\">{\"@context\":\"https:\\\/\\\/schema.org\",\"@graph\":[{\"@type\":\"WebPage\",\"@id\":\"http:\\\/\\\/www.tcsl.fr\\\/index.php\\\/situation-sanitaire\\\/\",\"url\":\"http:\\\/\\\/www.tcsl.fr\\\/index.php\\\/situation-sanitaire\\\/\",\"name\":\"Situation sanitaire - TCSL\",\"isPartOf\":{\"@id\":\"https:\\\/\\\/www.tcsl.fr\\\/#website\"},\"datePublished\":\"2021-11-25T19:00:49+00:00\",\"dateModified\":\"2021-11-25T19:05:44+00:00\",\"breadcrumb\":{\"@id\":\"http:\\\/\\\/www.tcsl.fr\\\/index.php\\\/situation-sanitaire\\\/#breadcrumb\"},\"inLanguage\":\"fr-FR\",\"potentialAction\":[{\"@type\":\"ReadAction\",\"target\":[\"http:\\\/\\\/www.tcsl.fr\\\/index.php\\\/situation-sanitaire\\\/\"]}]},{\"@type\":\"BreadcrumbList\",\"@id\":\"http:\\\/\\\/www.tcsl.fr\\\/index.php\\\/situation-sanitaire\\\/#breadcrumb\",\"itemListElement\":[{\"@type\":\"ListItem\",\"position\":1,\"name\":\"Accueil\",\"item\":\"https:\\\/\\\/www.tcsl.fr\\\/\"},{\"@type\":\"ListItem\",\"position\":2,\"name\":\"Situation sanitaire\"}]},{\"@type\":\"WebSite\",\"@id\":\"https:\\\/\\\/www.tcsl.fr\\\/#website\",\"url\":\"https:\\\/\\\/www.tcsl.fr\\\/\",\"name\":\"TCSL\",\"description\":\"Le site du Tir Club Stade Laurentin\",\"publisher\":{\"@id\":\"https:\\\/\\\/www.tcsl.fr\\\/#organization\"},\"potentialAction\":[{\"@type\":\"SearchAction\",\"target\":{\"@type\":\"EntryPoint\",\"urlTemplate\":\"https:\\\/\\\/www.tcsl.fr\\\/?s={search_term_string}\"},\"query-input\":{\"@type\":\"PropertyValueSpecification\",\"valueRequired\":true,\"valueName\":\"search_term_string\"}}],\"inLanguage\":\"fr-FR\"},{\"@type\":\"Organization\",\"@id\":\"https:\\\/\\\/www.tcsl.fr\\\/#organization\",\"name\":\"TCSL\",\"url\":\"https:\\\/\\\/www.tcsl.fr\\\/\",\"logo\":{\"@type\":\"ImageObject\",\"inLanguage\":\"fr-FR\",\"@id\":\"https:\\\/\\\/www.tcsl.fr\\\/#\\\/schema\\\/logo\\\/image\\\/\",\"url\":\"http:\\\/\\\/www.tcsl.fr\\\/wp-content\\\/uploads\\\/2024\\\/10\\\/cropped-cropped-cropped-cropped-cropped-logo-lettrage-degrade-rouge-et-blanc-fond-bleu-300x123-1.jpg\",\"contentUrl\":\"http:\\\/\\\/www.tcsl.fr\\\/wp-content\\\/uploads\\\/2024\\\/10\\\/cropped-cropped-cropped-cropped-cropped-logo-lettrage-degrade-rouge-et-blanc-fond-bleu-300x123-1.jpg\",\"width\":240,\"height\":98,\"caption\":\"TCSL\"},\"image\":{\"@id\":\"https:\\\/\\\/www.tcsl.fr\\\/#\\\/schema\\\/logo\\\/image\\\/\"}}]}<\/script>\n<!-- \/ Yoast SEO plugin. -->","yoast_head_json":{"title":"Situation sanitaire - TCSL","robots":{"index":"index","follow":"follow","max-snippet":"max-snippet:-1","max-image-preview":"max-image-preview:large","max-video-preview":"max-video-preview:-1"},"canonical":"http:\/\/www.tcsl.fr\/index.php\/situation-sanitaire\/","og_locale":"fr_FR","og_type":"article","og_title":"Situation sanitaire - TCSL","og_description":"Communication de la FFTir : Note N\u00b027 &#8211; Information aux associations Pour faire suite\u00a0aux d\u00e9cisions gouvernementales publi\u00e9es ce jour, la F\u00e9d\u00e9ration Fran\u00e7aise de Tir souhaite pr\u00e9ciser les mesures \u00e0 appliquer dans le cadre de l\u2019activit\u00e9 de loisir ou de comp\u00e9tition dans les stands de tir. Le port du masque&nbsp;est rendu obligatoire&nbsp;pour toutes les personnes \u00e0 [&hellip;]","og_url":"http:\/\/www.tcsl.fr\/index.php\/situation-sanitaire\/","og_site_name":"TCSL","article_modified_time":"2021-11-25T19:05:44+00:00","twitter_card":"summary_large_image","twitter_misc":{"Dur\u00e9e de lecture estim\u00e9e":"1 minute"},"schema":{"@context":"https:\/\/schema.org","@graph":[{"@type":"WebPage","@id":"http:\/\/www.tcsl.fr\/index.php\/situation-sanitaire\/","url":"http:\/\/www.tcsl.fr\/index.php\/situation-sanitaire\/","name":"Situation sanitaire - TCSL","isPartOf":{"@id":"https:\/\/www.tcsl.fr\/#website"},"datePublished":"2021-11-25T19:00:49+00:00","dateModified":"2021-11-25T19:05:44+00:00","breadcrumb":{"@id":"http:\/\/www.tcsl.fr\/index.php\/situation-sanitaire\/#breadcrumb"},"inLanguage":"fr-FR","potentialAction":[{"@type":"ReadAction","target":["http:\/\/www.tcsl.fr\/index.php\/situation-sanitaire\/"]}]},{"@type":"BreadcrumbList","@id":"http:\/\/www.tcsl.fr\/index.php\/situation-sanitaire\/#breadcrumb","itemListElement":[{"@type":"ListItem","position":1,"name":"Accueil","item":"https:\/\/www.tcsl.fr\/"},{"@type":"ListItem","position":2,"name":"Situation sanitaire"}]},{"@type":"WebSite","@id":"https:\/\/www.tcsl.fr\/#website","url":"https:\/\/www.tcsl.fr\/","name":"TCSL","description":"Le site du Tir Club Stade Laurentin","publisher":{"@id":"https:\/\/www.tcsl.fr\/#organization"},"potentialAction":[{"@type":"SearchAction","target":{"@type":"EntryPoint","urlTemplate":"https:\/\/www.tcsl.fr\/?s={search_term_string}"},"query-input":{"@type":"PropertyValueSpecification","valueRequired":true,"valueName":"search_term_string"}}],"inLanguage":"fr-FR"},{"@type":"Organization","@id":"https:\/\/www.tcsl.fr\/#organization","name":"TCSL","url":"https:\/\/www.tcsl.fr\/","logo":{"@type":"ImageObject","inLanguage":"fr-FR","@id":"https:\/\/www.tcsl.fr\/#\/schema\/logo\/image\/","url":"http:\/\/www.tcsl.fr\/wp-content\/uploads\/2024\/10\/cropped-cropped-cropped-cropped-cropped-logo-lettrage-degrade-rouge-et-blanc-fond-bleu-300x123-1.jpg","contentUrl":"http:\/\/www.tcsl.fr\/wp-content\/uploads\/2024\/10\/cropped-cropped-cropped-cropped-cropped-logo-lettrage-degrade-rouge-et-blanc-fond-bleu-300x123-1.jpg","width":240,"height":98,"caption":"TCSL"},"image":{"@id":"https:\/\/www.tcsl.fr\/#\/schema\/logo\/image\/"}}]}},"_links":{"self":[{"href":"http:\/\/www.tcsl.fr\/index.php\/wp-json\/wp\/v2\/pages\/6594","targetHints":{"allow":["GET"]}}],"collection":[{"href":"http:\/\/www.tcsl.fr\/index.php\/wp-json\/wp\/v2\/pages"}],"about":[{"href":"http:\/\/www.tcsl.fr\/index.php\/wp-json\/wp\/v2\/types\/page"}],"author":[{"embeddable":true,"href":"http:\/\/www.tcsl.fr\/index.php\/wp-json\/wp\/v2\/users\/6136"}],"replies":[{"embeddable":true,"href":"http:\/\/www.tcsl.fr\/index.php\/wp-json\/wp\/v2\/comments?post=6594"}],"version-history":[{"count":2,"href":"http:\/\/www.tcsl.fr\/index.php\/wp-json\/wp\/v2\/pages\/6594\/revisions"}],"predecessor-version":[{"id":6597,"href":"http:\/\/www.tcsl.fr\/index.php\/wp-json\/wp\/v2\/pages\/6594\/revisions\/6597"}],"wp:attachment":[{"href":"http:\/\/www.tcsl.fr\/index.php\/wp-json\/wp\/v2\/media?parent=6594"}],"curies":[{"name":"wp","href":"https:\/\/api.w.org\/{rel}","templated":true}]}}