{"id":832,"date":"2016-10-04T11:08:59","date_gmt":"2016-10-04T09:08:59","guid":{"rendered":"http:\/\/www.tcsl.fr\/?page_id=832"},"modified":"2023-12-12T15:50:37","modified_gmt":"2023-12-12T14:50:37","slug":"situation","status":"publish","type":"page","link":"http:\/\/www.tcsl.fr\/index.php\/le-club\/situation\/","title":{"rendered":"Situation"},"content":{"rendered":"<p><a href=\"http:\/\/www.tcsl.fr\/wp-content\/uploads\/2016\/10\/planaccestcsl.jpg\"><img loading=\"lazy\" decoding=\"async\" class=\"alignleft wp-image-828 size-large\" src=\"http:\/\/www.tcsl.fr\/wp-content\/uploads\/2016\/10\/planaccestcsl-370x1024.jpg\" alt=\"planaccestcsl\" width=\"370\" height=\"1024\" srcset=\"http:\/\/www.tcsl.fr\/wp-content\/uploads\/2016\/10\/planaccestcsl-370x1024.jpg 370w, http:\/\/www.tcsl.fr\/wp-content\/uploads\/2016\/10\/planaccestcsl-108x300.jpg 108w, http:\/\/www.tcsl.fr\/wp-content\/uploads\/2016\/10\/planaccestcsl-768x2125.jpg 768w, http:\/\/www.tcsl.fr\/wp-content\/uploads\/2016\/10\/planaccestcsl.jpg 783w\" sizes=\"auto, (max-width: 370px) 100vw, 370px\" \/><\/a>Le stand de tir est situ\u00e9 au Nord de la zone industrielle de Saint-Laurent du Var, \u00e0 environ 1 500 m apr\u00e8s la fin de la zone industrielle, sur le chemin des Iscles.<\/p>\n<p>T\u00e9l\u00e9charger le plan au format PDF en cliquant <a href=\"http:\/\/www.tcsl.fr\/wp-content\/uploads\/2016\/10\/planaccestcsl.pdf\" target=\"_blank\" rel=\"noopener\"><strong>ici<\/strong><\/a><\/p>\n","protected":false},"excerpt":{"rendered":"<p>Le stand de tir est situ\u00e9 au Nord de la zone industrielle de Saint-Laurent du Var, \u00e0 environ 1 500 m apr\u00e8s la fin de la zone industrielle, sur le chemin des Iscles. T\u00e9l\u00e9charger le plan au format PDF en cliquant ici<\/p>\n","protected":false},"author":1,"featured_media":0,"parent":922,"menu_order":0,"comment_status":"closed","ping_status":"closed","template":"","meta":{"footnotes":""},"class_list":["post-832","page","type-page","status-publish","hentry"],"yoast_head":"<!-- This site is optimized with the Yoast SEO plugin v27.3 - https:\/\/yoast.com\/product\/yoast-seo-wordpress\/ -->\n<title>Situation - TCSL<\/title>\n<meta name=\"robots\" content=\"index, follow, max-snippet:-1, max-image-preview:large, max-video-preview:-1\" \/>\n<link rel=\"canonical\" href=\"https:\/\/www.tcsl.fr\/index.php\/le-club\/situation\/\" \/>\n<meta property=\"og:locale\" content=\"fr_FR\" \/>\n<meta property=\"og:type\" content=\"article\" \/>\n<meta property=\"og:title\" content=\"Situation - TCSL\" \/>\n<meta property=\"og:description\" content=\"Le stand de tir est situ\u00e9 au Nord de la zone industrielle de Saint-Laurent du Var, \u00e0 environ 1 500 m apr\u00e8s la fin de la zone industrielle, sur le chemin des Iscles. T\u00e9l\u00e9charger le plan au format PDF en cliquant ici\" \/>\n<meta property=\"og:url\" content=\"https:\/\/www.tcsl.fr\/index.php\/le-club\/situation\/\" \/>\n<meta property=\"og:site_name\" content=\"TCSL\" \/>\n<meta property=\"article:modified_time\" content=\"2023-12-12T14:50:37+00:00\" \/>\n<meta property=\"og:image\" content=\"http:\/\/www.tcsl.fr\/wp-content\/uploads\/2016\/10\/planaccestcsl-370x1024.jpg\" \/>\n<meta name=\"twitter:card\" content=\"summary_large_image\" \/>\n<meta name=\"twitter:label1\" content=\"Dur\u00e9e de lecture estim\u00e9e\" \/>\n\t<meta name=\"twitter:data1\" content=\"1 minute\" \/>\n<script type=\"application\/ld+json\" class=\"yoast-schema-graph\">{\"@context\":\"https:\\\/\\\/schema.org\",\"@graph\":[{\"@type\":\"WebPage\",\"@id\":\"https:\\\/\\\/www.tcsl.fr\\\/index.php\\\/le-club\\\/situation\\\/\",\"url\":\"https:\\\/\\\/www.tcsl.fr\\\/index.php\\\/le-club\\\/situation\\\/\",\"name\":\"Situation - TCSL\",\"isPartOf\":{\"@id\":\"http:\\\/\\\/www.tcsl.fr\\\/#website\"},\"primaryImageOfPage\":{\"@id\":\"https:\\\/\\\/www.tcsl.fr\\\/index.php\\\/le-club\\\/situation\\\/#primaryimage\"},\"image\":{\"@id\":\"https:\\\/\\\/www.tcsl.fr\\\/index.php\\\/le-club\\\/situation\\\/#primaryimage\"},\"thumbnailUrl\":\"http:\\\/\\\/www.tcsl.fr\\\/wp-content\\\/uploads\\\/2016\\\/10\\\/planaccestcsl-370x1024.jpg\",\"datePublished\":\"2016-10-04T09:08:59+00:00\",\"dateModified\":\"2023-12-12T14:50:37+00:00\",\"breadcrumb\":{\"@id\":\"https:\\\/\\\/www.tcsl.fr\\\/index.php\\\/le-club\\\/situation\\\/#breadcrumb\"},\"inLanguage\":\"fr-FR\",\"potentialAction\":[{\"@type\":\"ReadAction\",\"target\":[\"https:\\\/\\\/www.tcsl.fr\\\/index.php\\\/le-club\\\/situation\\\/\"]}]},{\"@type\":\"ImageObject\",\"inLanguage\":\"fr-FR\",\"@id\":\"https:\\\/\\\/www.tcsl.fr\\\/index.php\\\/le-club\\\/situation\\\/#primaryimage\",\"url\":\"http:\\\/\\\/www.tcsl.fr\\\/wp-content\\\/uploads\\\/2016\\\/10\\\/planaccestcsl.jpg\",\"contentUrl\":\"http:\\\/\\\/www.tcsl.fr\\\/wp-content\\\/uploads\\\/2016\\\/10\\\/planaccestcsl.jpg\",\"width\":783,\"height\":2166},{\"@type\":\"BreadcrumbList\",\"@id\":\"https:\\\/\\\/www.tcsl.fr\\\/index.php\\\/le-club\\\/situation\\\/#breadcrumb\",\"itemListElement\":[{\"@type\":\"ListItem\",\"position\":1,\"name\":\"Accueil\",\"item\":\"http:\\\/\\\/www.tcsl.fr\\\/\"},{\"@type\":\"ListItem\",\"position\":2,\"name\":\"Le Club\",\"item\":\"https:\\\/\\\/www.tcsl.fr\\\/index.php\\\/le-club\\\/\"},{\"@type\":\"ListItem\",\"position\":3,\"name\":\"Situation\"}]},{\"@type\":\"WebSite\",\"@id\":\"http:\\\/\\\/www.tcsl.fr\\\/#website\",\"url\":\"http:\\\/\\\/www.tcsl.fr\\\/\",\"name\":\"TCSL\",\"description\":\"Le site du Tir Club Stade Laurentin\",\"publisher\":{\"@id\":\"http:\\\/\\\/www.tcsl.fr\\\/#organization\"},\"potentialAction\":[{\"@type\":\"SearchAction\",\"target\":{\"@type\":\"EntryPoint\",\"urlTemplate\":\"http:\\\/\\\/www.tcsl.fr\\\/?s={search_term_string}\"},\"query-input\":{\"@type\":\"PropertyValueSpecification\",\"valueRequired\":true,\"valueName\":\"search_term_string\"}}],\"inLanguage\":\"fr-FR\"},{\"@type\":\"Organization\",\"@id\":\"http:\\\/\\\/www.tcsl.fr\\\/#organization\",\"name\":\"TCSL\",\"url\":\"http:\\\/\\\/www.tcsl.fr\\\/\",\"logo\":{\"@type\":\"ImageObject\",\"inLanguage\":\"fr-FR\",\"@id\":\"http:\\\/\\\/www.tcsl.fr\\\/#\\\/schema\\\/logo\\\/image\\\/\",\"url\":\"http:\\\/\\\/www.tcsl.fr\\\/wp-content\\\/uploads\\\/2024\\\/10\\\/cropped-cropped-cropped-cropped-cropped-logo-lettrage-degrade-rouge-et-blanc-fond-bleu-300x123-1.jpg\",\"contentUrl\":\"http:\\\/\\\/www.tcsl.fr\\\/wp-content\\\/uploads\\\/2024\\\/10\\\/cropped-cropped-cropped-cropped-cropped-logo-lettrage-degrade-rouge-et-blanc-fond-bleu-300x123-1.jpg\",\"width\":240,\"height\":98,\"caption\":\"TCSL\"},\"image\":{\"@id\":\"http:\\\/\\\/www.tcsl.fr\\\/#\\\/schema\\\/logo\\\/image\\\/\"}}]}<\/script>\n<!-- \/ Yoast SEO plugin. -->","yoast_head_json":{"title":"Situation - TCSL","robots":{"index":"index","follow":"follow","max-snippet":"max-snippet:-1","max-image-preview":"max-image-preview:large","max-video-preview":"max-video-preview:-1"},"canonical":"https:\/\/www.tcsl.fr\/index.php\/le-club\/situation\/","og_locale":"fr_FR","og_type":"article","og_title":"Situation - TCSL","og_description":"Le stand de tir est situ\u00e9 au Nord de la zone industrielle de Saint-Laurent du Var, \u00e0 environ 1 500 m apr\u00e8s la fin de la zone industrielle, sur le chemin des Iscles. T\u00e9l\u00e9charger le plan au format PDF en cliquant ici","og_url":"https:\/\/www.tcsl.fr\/index.php\/le-club\/situation\/","og_site_name":"TCSL","article_modified_time":"2023-12-12T14:50:37+00:00","og_image":[{"url":"http:\/\/www.tcsl.fr\/wp-content\/uploads\/2016\/10\/planaccestcsl-370x1024.jpg","type":"","width":"","height":""}],"twitter_card":"summary_large_image","twitter_misc":{"Dur\u00e9e de lecture estim\u00e9e":"1 minute"},"schema":{"@context":"https:\/\/schema.org","@graph":[{"@type":"WebPage","@id":"https:\/\/www.tcsl.fr\/index.php\/le-club\/situation\/","url":"https:\/\/www.tcsl.fr\/index.php\/le-club\/situation\/","name":"Situation - TCSL","isPartOf":{"@id":"http:\/\/www.tcsl.fr\/#website"},"primaryImageOfPage":{"@id":"https:\/\/www.tcsl.fr\/index.php\/le-club\/situation\/#primaryimage"},"image":{"@id":"https:\/\/www.tcsl.fr\/index.php\/le-club\/situation\/#primaryimage"},"thumbnailUrl":"http:\/\/www.tcsl.fr\/wp-content\/uploads\/2016\/10\/planaccestcsl-370x1024.jpg","datePublished":"2016-10-04T09:08:59+00:00","dateModified":"2023-12-12T14:50:37+00:00","breadcrumb":{"@id":"https:\/\/www.tcsl.fr\/index.php\/le-club\/situation\/#breadcrumb"},"inLanguage":"fr-FR","potentialAction":[{"@type":"ReadAction","target":["https:\/\/www.tcsl.fr\/index.php\/le-club\/situation\/"]}]},{"@type":"ImageObject","inLanguage":"fr-FR","@id":"https:\/\/www.tcsl.fr\/index.php\/le-club\/situation\/#primaryimage","url":"http:\/\/www.tcsl.fr\/wp-content\/uploads\/2016\/10\/planaccestcsl.jpg","contentUrl":"http:\/\/www.tcsl.fr\/wp-content\/uploads\/2016\/10\/planaccestcsl.jpg","width":783,"height":2166},{"@type":"BreadcrumbList","@id":"https:\/\/www.tcsl.fr\/index.php\/le-club\/situation\/#breadcrumb","itemListElement":[{"@type":"ListItem","position":1,"name":"Accueil","item":"http:\/\/www.tcsl.fr\/"},{"@type":"ListItem","position":2,"name":"Le Club","item":"https:\/\/www.tcsl.fr\/index.php\/le-club\/"},{"@type":"ListItem","position":3,"name":"Situation"}]},{"@type":"WebSite","@id":"http:\/\/www.tcsl.fr\/#website","url":"http:\/\/www.tcsl.fr\/","name":"TCSL","description":"Le site du Tir Club Stade Laurentin","publisher":{"@id":"http:\/\/www.tcsl.fr\/#organization"},"potentialAction":[{"@type":"SearchAction","target":{"@type":"EntryPoint","urlTemplate":"http:\/\/www.tcsl.fr\/?s={search_term_string}"},"query-input":{"@type":"PropertyValueSpecification","valueRequired":true,"valueName":"search_term_string"}}],"inLanguage":"fr-FR"},{"@type":"Organization","@id":"http:\/\/www.tcsl.fr\/#organization","name":"TCSL","url":"http:\/\/www.tcsl.fr\/","logo":{"@type":"ImageObject","inLanguage":"fr-FR","@id":"http:\/\/www.tcsl.fr\/#\/schema\/logo\/image\/","url":"http:\/\/www.tcsl.fr\/wp-content\/uploads\/2024\/10\/cropped-cropped-cropped-cropped-cropped-logo-lettrage-degrade-rouge-et-blanc-fond-bleu-300x123-1.jpg","contentUrl":"http:\/\/www.tcsl.fr\/wp-content\/uploads\/2024\/10\/cropped-cropped-cropped-cropped-cropped-logo-lettrage-degrade-rouge-et-blanc-fond-bleu-300x123-1.jpg","width":240,"height":98,"caption":"TCSL"},"image":{"@id":"http:\/\/www.tcsl.fr\/#\/schema\/logo\/image\/"}}]}},"_links":{"self":[{"href":"http:\/\/www.tcsl.fr\/index.php\/wp-json\/wp\/v2\/pages\/832","targetHints":{"allow":["GET"]}}],"collection":[{"href":"http:\/\/www.tcsl.fr\/index.php\/wp-json\/wp\/v2\/pages"}],"about":[{"href":"http:\/\/www.tcsl.fr\/index.php\/wp-json\/wp\/v2\/types\/page"}],"author":[{"embeddable":true,"href":"http:\/\/www.tcsl.fr\/index.php\/wp-json\/wp\/v2\/users\/1"}],"replies":[{"embeddable":true,"href":"http:\/\/www.tcsl.fr\/index.php\/wp-json\/wp\/v2\/comments?post=832"}],"version-history":[{"count":9,"href":"http:\/\/www.tcsl.fr\/index.php\/wp-json\/wp\/v2\/pages\/832\/revisions"}],"predecessor-version":[{"id":7393,"href":"http:\/\/www.tcsl.fr\/index.php\/wp-json\/wp\/v2\/pages\/832\/revisions\/7393"}],"up":[{"embeddable":true,"href":"http:\/\/www.tcsl.fr\/index.php\/wp-json\/wp\/v2\/pages\/922"}],"wp:attachment":[{"href":"http:\/\/www.tcsl.fr\/index.php\/wp-json\/wp\/v2\/media?parent=832"}],"curies":[{"name":"wp","href":"https:\/\/api.w.org\/{rel}","templated":true}]}}