{"id":841,"date":"2016-10-04T11:27:25","date_gmt":"2016-10-04T09:27:25","guid":{"rendered":"http:\/\/www.tcsl.fr\/?page_id=841"},"modified":"2025-12-16T10:35:58","modified_gmt":"2025-12-16T09:35:58","slug":"coordonnees","status":"publish","type":"page","link":"http:\/\/www.tcsl.fr\/index.php\/le-club\/coordonnees\/","title":{"rendered":"Coordonn\u00e9es"},"content":{"rendered":"\n<h2 class=\"wp-block-heading Titre1\"><strong><u>Adresses du TCSL<\/u><\/strong><\/h2>\n\n\n\n<h3 class=\"wp-block-heading textenormal has-text-color has-link-color wp-elements-77212bbd62a308aa408c90d7793183d0\" style=\"color:#1f74bf\"><strong class=\"Titre2\"><em><u>Si\u00e8ge social <\/u><\/em><\/strong><\/h3>\n\n\n\n<p class=\"textenormal has-black-color has-text-color has-link-color wp-elements-fc63377e01c2c790d6f8af93ed55fe24\">Tir Club Stade Laurentin<br>34 avenue des Pugets<br>06700 Saint-Laurent du Var<br><\/p>\n\n\n\n<h3 class=\"wp-block-heading has-text-color has-link-color wp-elements-b912af33dd4fc487dbc7ada37fb4c539\" style=\"color:#1f74bf\"><strong class=\"Titre2\"><em><u>Stand et Secr\u00e9tariat<\/u><\/em><\/strong><\/h3>\n\n\n\n<div class=\"wp-block-columns is-layout-flex wp-container-core-columns-is-layout-9d6595d7 wp-block-columns-is-layout-flex\">\n<div class=\"wp-block-column is-layout-flow wp-block-column-is-layout-flow\">\n<p>Tir Club Stade Laurentin<br>1590 chemin des Iscles<br>06700 Saint-Laurent du Var<br>04 93 31 14 09<br><a href=\"mailto:tcslv@orange.fr\">tcsl06700@gmail.com<\/a><br><a href=\"http:\/\/nasdusud.myds.me\/tcsl\/\">http:\/\/www.tcsl.fr<\/a><\/p>\n<\/div>\n\n\n\n<div class=\"wp-block-column is-layout-flow wp-block-column-is-layout-flow\">\n<p><\/p>\n<\/div>\n<\/div>\n\n\n\n<h3 class=\"wp-block-heading has-text-color has-link-color wp-elements-f16f13effb9de2af1e6720180c9147a2\" style=\"color:#1f74bf\"><strong class=\"Titre2\"><em><u>Situation<\/u><\/em><\/strong><\/h3>\n\n\n\n<p>Le stand de tir est situ\u00e9 au Nord de la zone industrielle de Saint-Laurent du Var, \u00e0 environ 1 500 m apr\u00e8s la fin de la zone industrielle, sur le chemin des Iscles.<\/p>\n\n\n\n<iframe src=\"https:\/\/www.google.com\/maps\/embed?pb=!1m18!1m12!1m3!1d4648.621811811749!2d7.179738877422161!3d43.71475307109932!2m3!1f0!2f0!3f0!3m2!1i1024!2i768!4f13.1!3m3!1m2!1s0x12cdd1f9ec5c171f%3A0xbe07e876d02c378a!2sTir%20Club%20Stade%20Laurentin!5e1!3m2!1sfr!2sfr!4v1728475740563!5m2!1sfr!2sfr\" width=\"600\" height=\"450\" style=\"border:0;\" allowfullscreen=\"\" loading=\"lazy\" referrerpolicy=\"no-referrer-when-downgrade\"><\/iframe>\n","protected":false},"excerpt":{"rendered":"<p>Adresses du TCSL Si\u00e8ge social Tir Club Stade Laurentin34 avenue des Pugets06700 Saint-Laurent du Var Stand et Secr\u00e9tariat Tir Club Stade Laurentin1590 chemin des Iscles06700 Saint-Laurent du Var04 93 31 14 09tcsl06700@gmail.comhttp:\/\/www.tcsl.fr Situation Le stand de tir est situ\u00e9 au Nord de la zone industrielle de Saint-Laurent du Var, \u00e0 environ 1 500 m apr\u00e8s [&hellip;]<\/p>\n","protected":false},"author":1,"featured_media":0,"parent":922,"menu_order":0,"comment_status":"closed","ping_status":"closed","template":"","meta":{"footnotes":""},"class_list":["post-841","page","type-page","status-publish","hentry"],"yoast_head":"<!-- This site is optimized with the Yoast SEO plugin v27.4 - https:\/\/yoast.com\/product\/yoast-seo-wordpress\/ -->\n<title>Coordonn\u00e9es - TCSL<\/title>\n<meta name=\"robots\" content=\"index, follow, max-snippet:-1, max-image-preview:large, max-video-preview:-1\" \/>\n<link rel=\"canonical\" href=\"https:\/\/www.tcsl.fr\/index.php\/le-club\/coordonnees\/\" \/>\n<meta property=\"og:locale\" content=\"fr_FR\" \/>\n<meta property=\"og:type\" content=\"article\" \/>\n<meta property=\"og:title\" content=\"Coordonn\u00e9es - TCSL\" \/>\n<meta property=\"og:description\" content=\"Adresses du TCSL Si\u00e8ge social Tir Club Stade Laurentin34 avenue des Pugets06700 Saint-Laurent du Var Stand et Secr\u00e9tariat Tir Club Stade Laurentin1590 chemin des Iscles06700 Saint-Laurent du Var04 93 31 14 09tcsl06700@gmail.comhttp:\/\/www.tcsl.fr Situation Le stand de tir est situ\u00e9 au Nord de la zone industrielle de Saint-Laurent du Var, \u00e0 environ 1 500 m apr\u00e8s [&hellip;]\" \/>\n<meta property=\"og:url\" content=\"https:\/\/www.tcsl.fr\/index.php\/le-club\/coordonnees\/\" \/>\n<meta property=\"og:site_name\" content=\"TCSL\" \/>\n<meta property=\"article:modified_time\" content=\"2025-12-16T09:35:58+00:00\" \/>\n<meta name=\"twitter:card\" content=\"summary_large_image\" \/>\n<meta name=\"twitter:label1\" content=\"Dur\u00e9e de lecture estim\u00e9e\" \/>\n\t<meta name=\"twitter:data1\" content=\"1 minute\" \/>\n<script type=\"application\/ld+json\" class=\"yoast-schema-graph\">{\"@context\":\"https:\\\/\\\/schema.org\",\"@graph\":[{\"@type\":\"WebPage\",\"@id\":\"https:\\\/\\\/www.tcsl.fr\\\/index.php\\\/le-club\\\/coordonnees\\\/\",\"url\":\"https:\\\/\\\/www.tcsl.fr\\\/index.php\\\/le-club\\\/coordonnees\\\/\",\"name\":\"Coordonn\u00e9es - TCSL\",\"isPartOf\":{\"@id\":\"https:\\\/\\\/www.tcsl.fr\\\/#website\"},\"datePublished\":\"2016-10-04T09:27:25+00:00\",\"dateModified\":\"2025-12-16T09:35:58+00:00\",\"breadcrumb\":{\"@id\":\"https:\\\/\\\/www.tcsl.fr\\\/index.php\\\/le-club\\\/coordonnees\\\/#breadcrumb\"},\"inLanguage\":\"fr-FR\",\"potentialAction\":[{\"@type\":\"ReadAction\",\"target\":[\"https:\\\/\\\/www.tcsl.fr\\\/index.php\\\/le-club\\\/coordonnees\\\/\"]}]},{\"@type\":\"BreadcrumbList\",\"@id\":\"https:\\\/\\\/www.tcsl.fr\\\/index.php\\\/le-club\\\/coordonnees\\\/#breadcrumb\",\"itemListElement\":[{\"@type\":\"ListItem\",\"position\":1,\"name\":\"Accueil\",\"item\":\"https:\\\/\\\/www.tcsl.fr\\\/\"},{\"@type\":\"ListItem\",\"position\":2,\"name\":\"Le Club\",\"item\":\"https:\\\/\\\/www.tcsl.fr\\\/index.php\\\/le-club\\\/\"},{\"@type\":\"ListItem\",\"position\":3,\"name\":\"Coordonn\u00e9es\"}]},{\"@type\":\"WebSite\",\"@id\":\"https:\\\/\\\/www.tcsl.fr\\\/#website\",\"url\":\"https:\\\/\\\/www.tcsl.fr\\\/\",\"name\":\"TCSL\",\"description\":\"Le site du Tir Club Stade Laurentin\",\"publisher\":{\"@id\":\"https:\\\/\\\/www.tcsl.fr\\\/#organization\"},\"potentialAction\":[{\"@type\":\"SearchAction\",\"target\":{\"@type\":\"EntryPoint\",\"urlTemplate\":\"https:\\\/\\\/www.tcsl.fr\\\/?s={search_term_string}\"},\"query-input\":{\"@type\":\"PropertyValueSpecification\",\"valueRequired\":true,\"valueName\":\"search_term_string\"}}],\"inLanguage\":\"fr-FR\"},{\"@type\":\"Organization\",\"@id\":\"https:\\\/\\\/www.tcsl.fr\\\/#organization\",\"name\":\"TCSL\",\"url\":\"https:\\\/\\\/www.tcsl.fr\\\/\",\"logo\":{\"@type\":\"ImageObject\",\"inLanguage\":\"fr-FR\",\"@id\":\"https:\\\/\\\/www.tcsl.fr\\\/#\\\/schema\\\/logo\\\/image\\\/\",\"url\":\"http:\\\/\\\/www.tcsl.fr\\\/wp-content\\\/uploads\\\/2024\\\/10\\\/cropped-cropped-cropped-cropped-cropped-logo-lettrage-degrade-rouge-et-blanc-fond-bleu-300x123-1.jpg\",\"contentUrl\":\"http:\\\/\\\/www.tcsl.fr\\\/wp-content\\\/uploads\\\/2024\\\/10\\\/cropped-cropped-cropped-cropped-cropped-logo-lettrage-degrade-rouge-et-blanc-fond-bleu-300x123-1.jpg\",\"width\":240,\"height\":98,\"caption\":\"TCSL\"},\"image\":{\"@id\":\"https:\\\/\\\/www.tcsl.fr\\\/#\\\/schema\\\/logo\\\/image\\\/\"}}]}<\/script>\n<!-- \/ Yoast SEO plugin. -->","yoast_head_json":{"title":"Coordonn\u00e9es - TCSL","robots":{"index":"index","follow":"follow","max-snippet":"max-snippet:-1","max-image-preview":"max-image-preview:large","max-video-preview":"max-video-preview:-1"},"canonical":"https:\/\/www.tcsl.fr\/index.php\/le-club\/coordonnees\/","og_locale":"fr_FR","og_type":"article","og_title":"Coordonn\u00e9es - TCSL","og_description":"Adresses du TCSL Si\u00e8ge social Tir Club Stade Laurentin34 avenue des Pugets06700 Saint-Laurent du Var Stand et Secr\u00e9tariat Tir Club Stade Laurentin1590 chemin des Iscles06700 Saint-Laurent du Var04 93 31 14 09tcsl06700@gmail.comhttp:\/\/www.tcsl.fr Situation Le stand de tir est situ\u00e9 au Nord de la zone industrielle de Saint-Laurent du Var, \u00e0 environ 1 500 m apr\u00e8s [&hellip;]","og_url":"https:\/\/www.tcsl.fr\/index.php\/le-club\/coordonnees\/","og_site_name":"TCSL","article_modified_time":"2025-12-16T09:35:58+00:00","twitter_card":"summary_large_image","twitter_misc":{"Dur\u00e9e de lecture estim\u00e9e":"1 minute"},"schema":{"@context":"https:\/\/schema.org","@graph":[{"@type":"WebPage","@id":"https:\/\/www.tcsl.fr\/index.php\/le-club\/coordonnees\/","url":"https:\/\/www.tcsl.fr\/index.php\/le-club\/coordonnees\/","name":"Coordonn\u00e9es - TCSL","isPartOf":{"@id":"https:\/\/www.tcsl.fr\/#website"},"datePublished":"2016-10-04T09:27:25+00:00","dateModified":"2025-12-16T09:35:58+00:00","breadcrumb":{"@id":"https:\/\/www.tcsl.fr\/index.php\/le-club\/coordonnees\/#breadcrumb"},"inLanguage":"fr-FR","potentialAction":[{"@type":"ReadAction","target":["https:\/\/www.tcsl.fr\/index.php\/le-club\/coordonnees\/"]}]},{"@type":"BreadcrumbList","@id":"https:\/\/www.tcsl.fr\/index.php\/le-club\/coordonnees\/#breadcrumb","itemListElement":[{"@type":"ListItem","position":1,"name":"Accueil","item":"https:\/\/www.tcsl.fr\/"},{"@type":"ListItem","position":2,"name":"Le Club","item":"https:\/\/www.tcsl.fr\/index.php\/le-club\/"},{"@type":"ListItem","position":3,"name":"Coordonn\u00e9es"}]},{"@type":"WebSite","@id":"https:\/\/www.tcsl.fr\/#website","url":"https:\/\/www.tcsl.fr\/","name":"TCSL","description":"Le site du Tir Club Stade Laurentin","publisher":{"@id":"https:\/\/www.tcsl.fr\/#organization"},"potentialAction":[{"@type":"SearchAction","target":{"@type":"EntryPoint","urlTemplate":"https:\/\/www.tcsl.fr\/?s={search_term_string}"},"query-input":{"@type":"PropertyValueSpecification","valueRequired":true,"valueName":"search_term_string"}}],"inLanguage":"fr-FR"},{"@type":"Organization","@id":"https:\/\/www.tcsl.fr\/#organization","name":"TCSL","url":"https:\/\/www.tcsl.fr\/","logo":{"@type":"ImageObject","inLanguage":"fr-FR","@id":"https:\/\/www.tcsl.fr\/#\/schema\/logo\/image\/","url":"http:\/\/www.tcsl.fr\/wp-content\/uploads\/2024\/10\/cropped-cropped-cropped-cropped-cropped-logo-lettrage-degrade-rouge-et-blanc-fond-bleu-300x123-1.jpg","contentUrl":"http:\/\/www.tcsl.fr\/wp-content\/uploads\/2024\/10\/cropped-cropped-cropped-cropped-cropped-logo-lettrage-degrade-rouge-et-blanc-fond-bleu-300x123-1.jpg","width":240,"height":98,"caption":"TCSL"},"image":{"@id":"https:\/\/www.tcsl.fr\/#\/schema\/logo\/image\/"}}]}},"_links":{"self":[{"href":"http:\/\/www.tcsl.fr\/index.php\/wp-json\/wp\/v2\/pages\/841","targetHints":{"allow":["GET"]}}],"collection":[{"href":"http:\/\/www.tcsl.fr\/index.php\/wp-json\/wp\/v2\/pages"}],"about":[{"href":"http:\/\/www.tcsl.fr\/index.php\/wp-json\/wp\/v2\/types\/page"}],"author":[{"embeddable":true,"href":"http:\/\/www.tcsl.fr\/index.php\/wp-json\/wp\/v2\/users\/1"}],"replies":[{"embeddable":true,"href":"http:\/\/www.tcsl.fr\/index.php\/wp-json\/wp\/v2\/comments?post=841"}],"version-history":[{"count":17,"href":"http:\/\/www.tcsl.fr\/index.php\/wp-json\/wp\/v2\/pages\/841\/revisions"}],"predecessor-version":[{"id":8178,"href":"http:\/\/www.tcsl.fr\/index.php\/wp-json\/wp\/v2\/pages\/841\/revisions\/8178"}],"up":[{"embeddable":true,"href":"http:\/\/www.tcsl.fr\/index.php\/wp-json\/wp\/v2\/pages\/922"}],"wp:attachment":[{"href":"http:\/\/www.tcsl.fr\/index.php\/wp-json\/wp\/v2\/media?parent=841"}],"curies":[{"name":"wp","href":"https:\/\/api.w.org\/{rel}","templated":true}]}}