{"id":989,"date":"2016-10-04T19:56:05","date_gmt":"2016-10-04T17:56:05","guid":{"rendered":"http:\/\/www.tcsl.fr\/?page_id=989"},"modified":"2017-09-26T16:48:42","modified_gmt":"2017-09-26T14:48:42","slug":"le-t-a-r","status":"publish","type":"page","link":"http:\/\/www.tcsl.fr\/index.php\/les-disciplines\/le-t-a-r\/","title":{"rendered":"Le T.A.R."},"content":{"rendered":"<div class=\"entry-text\">\n<h1>Une vision du T.A.R. par Sylvie P.B.<\/h1>\n<p>Le Tir aux Armes R\u00e8glementaires :<\/p>\n<p style=\"text-align: justify;\"><strong>Officiellement<\/strong> nous dit la FFTir : \u00ab\u00a0Entretenir et utiliser les armes militaires r\u00e9glementaires des diff\u00e9rentes arm\u00e9es dans un esprit sportif de s\u00e9curit\u00e9 et d\u2019authenticit\u00e9 est l\u2019objet de cette discipline qui est organis\u00e9e par la F\u00e9d\u00e9ration Fran\u00e7aise de Tir (FFTir) en coop\u00e9ration avec l\u2019Union Nationale des Officiers de R\u00e9serve (UNOR) et la F\u00e9d\u00e9ration Nationale des Associations de Sous-Officiers de R\u00e9serve (FNASOR).\u00a0\u00bb<br \/>\nVous l\u2019avez compris, \u00e7a ne se tire pas avec des plombs mais \u00e7a ne fait pas de mal de passer au plomb avant de se lancer dans le TAR, histoire de ma\u00eetriser les fondamentaux du tir. C\u2019est une discipline qui allie pr\u00e9cision et vitesse.<\/p>\n<p style=\"text-align: justify;\"><strong>Officieusement<\/strong> : Tous les m\u00e9lomanes font du TAR en pistolier, ils ne peuvent r\u00e9sister au chant du \u00ab\u00a0gloung\u00a0\u00bb des gongs. Pour les carabiniers, c\u2019est le plaisir de se rouler par terre en mangeant de la poussi\u00e8re, certainement aussi un souvenir de l\u2019enfance o\u00f9 on s\u2019\u00e9corchait les coudes et les genoux mais o\u00f9 on revenait avec un sourire jusqu\u2019aux oreilles.<\/p>\n<p style=\"text-align: justify;\"><strong>D\u00e9finition<\/strong> :<br \/>\nUn tir d\u2019inspiration militaire pratiqu\u00e9 avec un armement r\u00e9glementaire qui n\u2019a pas \u00e9t\u00e9 con\u00e7u ou am\u00e9lior\u00e9 pour la comp\u00e9tition.<br \/>\nTraduction : pas de point de rouge, pas de fibre optique, que du naturel !<br \/>\nUn tir populaire ouvert \u00e0 tous et sans distinction d\u2019\u00e2ge et de sexe. Traduction : pas de cat\u00e9gorie d\u2019\u00e2ge, tout le monde est S1, ce qui fait plaisir aux s\u00e9niors qui rajeunissent et aux dames qui sont consid\u00e9r\u00e9es comme leurs copains. Tout le monde est trait\u00e9 sur un pied d\u2019\u00e9galit\u00e9 et que le\/la meilleur(e) gagne.<\/p>\n<p style=\"text-align: justify;\">Un tir simple dans son organisation et sa pratique (exemple : 25 coups, dont 5 d\u2019essai, 10 de pr\u00e9cision et 10 de vitesse).<\/p>\n<p style=\"text-align: justify;\"><strong>Le but<\/strong> :<br \/>\nLa s\u00e9lection doit s\u2019effectuer sur les qualit\u00e9s du tireur et non pas sur l\u2019armement, notamment pour d\u00e9velopper les qualit\u00e9s\u00a0 d\u2019adaptation\u00a0 aux\u00a0 conditions\u00a0 impos\u00e9es\u00a0 et\u00a0 de\u00a0 responsabilit\u00e9\u00a0 dans\u00a0 l\u2019utilisation\u00a0 des\u00a0 armes.\u00a0 Le\u00a0 tireur\u00a0 doit\u00a0 assumer\u00a0 ses propres incidents dans le d\u00e9roulement des \u00e9preuves et g\u00e9rer sa chance.<\/p>\n<p style=\"text-align: justify;\">Traduction : il vente, il neige, il pleut \u00e0 bassines : tu fais avec. Tu as un incident de tir, tu te d\u00e9brouilles tout seul (tout en respectant les r\u00e8gles de s\u00e9curit\u00e9), tu oublies de charger le bon chargeur, tu oublies de refermer correctement ton revolver, tu oublies de refermer ta culasse, tu te d\u00e9brouilles, tu r\u00e2les, tu t\u2019en veux mais tu fais avec, et tu te fais chambrer ensuite par les copains en gardant le sourire.<\/p>\n<p><strong>L\u2019avenir du T.A.R.<\/strong> :<br \/>\nVers des \u00e9preuves combin\u00e9es : armes longues et armes de poing permettant aux tireurs d\u2019atteindre la ma\u00eetrise compl\u00e8te dans ces deux pratiques.<\/p>\n<p><strong>Les Disciplines :<\/strong><\/p>\n<h6><em>Armes longues :<\/em><br \/>\n<a href=\"http:\/\/www.tcsl.fr\/index.php\/les-disciplines\/le-t-a-r\/fusils-a-repetition-manuel\/\" target=\"_blank\" rel=\"noopener\">Fusils \u00e0 r\u00e9p\u00e9tition manuel<\/a><br \/>\n<a href=\"http:\/\/www.tcsl.fr\/index.php\/les-disciplines\/le-t-a-r\/fusils-modifies\/\" target=\"_blank\" rel=\"noopener\">Fusils modifi\u00e9s<\/a><br \/>\n<a href=\"http:\/\/www.tcsl.fr\/index.php\/les-disciplines\/le-t-a-r\/fsa-gros-calibre\/\" target=\"_blank\" rel=\"noopener\">FSA Gros Calibre<\/a><br \/>\n<a href=\"http:\/\/www.tcsl.fr\/index.php\/les-disciplines\/le-t-a-r\/fsa-petit-calibre\/\" target=\"_blank\" rel=\"noopener\">FSA Petit Calibre<\/a><br \/>\n<a href=\"http:\/\/www.tcsl.fr\/index.php\/les-disciplines\/le-t-a-r\/carabine-22-lr\/\" target=\"_blank\" rel=\"noopener\">Carabine 22 LR<\/a><\/h6>\n<h6><a href=\"http:\/\/www.tcsl.fr\/index.php\/les-disciplines\/le-t-a-r\/carabine-22lr-semi-automatique\/\" target=\"_blank\" rel=\"noopener\">Carabine 22LR Semi-automatique<\/a><\/h6>\n<h6><\/h6>\n<p>&nbsp;<\/p>\n<p>&nbsp;<\/p>\n<p><em>Armes de poing :<\/em><br \/>\n<a href=\"http:\/\/www.tcsl.fr\/index.php\/les-disciplines\/le-t-a-r\/pistolet-revolver\/\" target=\"_blank\" rel=\"noopener\">Pistolet \/ Revolver<\/a><br \/>\n<a href=\"http:\/\/www.tcsl.fr\/index.php\/les-disciplines\/le-t-a-r\/vitesse-militaire\/\" target=\"_blank\" rel=\"noopener\">Vitesse Militaire<\/a><\/p>\n<\/div>\n<hr \/>\n<div class=\"entry-text\">\n<hr \/>\n<h1>Une autre id\u00e9e du T.A.R. par Serge B.<\/h1>\n<p style=\"text-align: justify;\">Le T.A.R., on en entend souvent parler, mais je me suis aper\u00e7u qu\u2019\u00e0 part pour les comp\u00e9titeurs de cette discipline, le sujet \u00e9tait souvent flou\u2026<br \/>\nDonc, pour les nouveaux venus ou les plus anciens qui ne sont pas motiv\u00e9s par la lecture du r\u00e8glement de la f\u00e9d\u00e9ration (il faut dire que ce n\u2019est pas une sin\u00e9cure\u2026), j\u2019ai essay\u00e9 de vous faire un r\u00e9sum\u00e9 qui, je l\u2019esp\u00e8re, vous donnera envie de vous y mettre.<br \/>\nPour les courageux, voici le lien pour plus de d\u00e9tails :<br \/>\n<a href=\"http:\/\/www.fftir.org\/images\/documents\/2016_reglement_tar_2015_2016.pdf\" target=\"_blank\" rel=\"nofollow noopener\" data-saferedirecturl=\"https:\/\/www.google.com\/url?hl=fr&amp;q=http:\/\/www.fftir.org\/images\/documents\/2016_reglement_tar_2015_2016.pdf&amp;source=gmail&amp;ust=1476101500291000&amp;usg=AFQjCNFmBWXQ1lT9-3IHDDXu8UIwqLNwnA\">http:\/\/www.fftir.org\/images\/<wbr \/>documents\/2016_reglement_tar_<wbr \/>2015_2016.pdf<\/a><\/p>\n<p style=\"text-align: justify;\"><strong>LE TIR AUX ARMES R\u00c9GLEMENTAIRES<\/strong><br \/>\nCette discipline, cr\u00e9\u00e9e par la F\u00e9d\u00e9ration Fran\u00e7aise de Tir en coop\u00e9ration avec l\u2019Union Nationale des Officiers de R\u00e9serve (UNOR) et la F\u00e9d\u00e9ration Nationale des Associations de Sous-Officiers de R\u00e9serve (FNASOR), se veut facilement accessible, dans son fonctionnement et sa pratique. Elle allie pr\u00e9cision et vitesse, que ce soit au pistolet ou au fusil, en utilisant un \u00e9quipement et un mat\u00e9riel standard.<br \/>\nLa s\u00e9lection doit s\u2019effectuer sur les qualit\u00e9s du tireur et non pas sur l\u2019armement, notamment pour d\u00e9velopper les qualit\u00e9s d\u2019adaptation aux conditions impos\u00e9es. Pour ce faire, seules des armes r\u00e9glementaires de base \u00ab dans leur dotation initiale \u00bb autrement d\u00e9sign\u00e9es comme \u00ab armes du corps de troupe \u00bb, sont utilis\u00e9es.<br \/>\nPour ce qui est de l\u2019organisation des \u00e9preuves, c\u2019est on ne peut plus simple :<br \/>\nOn tire 25 coups dont 5 d\u2019essai. 10 de pr\u00e9cision et 10 de vitesse.<br \/>\nLes lunettes de vision ou jumelles sont autoris\u00e9es pendant les coups d\u2019essai, mais interdites durant le d\u00e9roulement de l\u2019\u00e9preuve.<\/p>\n<p style=\"text-align: justify;\">LES \u00c9PREUVES :<\/p>\n<p>L\u2019\u00e9preuve 830 : \u00ab Pistolet \/ Revolver \u00bb : Sur cible C 50. Distance 25 m<br \/>\nSe tire \u00e0 l\u2019arme de poing avec un pistolet ou un revolver ayant ces caract\u00e9ristiques :<br \/>\n\u2022 Un canon de moins de 13 cm de long ;<br \/>\n\u2022 Un calibre \u00ab militaire \u00bb d\u2019arme de poing d\u2019un calibre compris entre 7.62 et 11.6. (Calibres les plus fr\u00e9quents : 7.65, 9 para et .45ACP) ;<br \/>\n\u2022 Une d\u00e9tente d\u2019au moins 1,36 kg ;<br \/>\n\u2022 Une poign\u00e9e \u00ab classique \u00bb, dure, sans repose doigt ou paume, basique\u2026 en clair ;<br \/>\n\u2022 Des organes de vis\u00e9e fixes, non r\u00e9glables ;<br \/>\n\u2022 L\u2019absence de tout syst\u00e8me d\u2019aide ( contrepoids, frein de bouche, vis\u00e9e optique\u2026)<br \/>\n\u2022 Munitions \u00e0 balles chemis\u00e9es ou cuivr\u00e9es, pas de balles plomb.<br \/>\n5 coups d\u2019essai, \u00e0 1 ou 2 mains (3 min) ;<br \/>\n10 coups en pr\u00e9cision \u00e0 bras franc (2 approvisionnements de 5 cartouches) (7 min) ;<br \/>\n10 coups en vitesse sur gongs m\u00e9talliques (format 20 cm x 20 cm) \u00e0 1 ou 2 mains en 2 s\u00e9ries de 5 cartouches, la 1\u00e8re en 20 secondes et la 2e en 10 secondes.<\/p>\n<p>L\u2019\u00e9preuve 831 : \u00ab Vitesse Militaire \u00bb : Cible \u00ab vitesse pistolet \u00bb. Distance 25m.<br \/>\nM\u00eames armes que pour l\u2019\u00e9preuve 830.<br \/>\n1 s\u00e9rie de 5 coups d\u2019essai en 20 secondes \u00e0 1 ou 2 mains \u00e0 25 m ;<br \/>\n2 s\u00e9ries de 5 coups de match en 20 secondes \u00e0 1 ou 2 mains \u00e0 25 m ;<br \/>\n2 s\u00e9ries de 5 coups de match en 10 secondes \u00e0 1 ou 2 mains \u00e0 25 m<br \/>\n.<br \/>\nL\u2019\u00e9preuve 820 carabine .22 LR : Cible C 50 REDUITE. Distance 50 m.<br \/>\nCarabines mono coup ou avec chargeur. Carabines d\u2019entra\u00eenement militaire ou ayant l\u2019aspect d\u2019un fusil standard. Les armes poss\u00e9dant un dioptre d\u2019origine sont autoris\u00e9es.<br \/>\n5 coups d\u2019essai en position couch\u00e9e \u00e0 50 m (5 min) ;<br \/>\n10 coups en pr\u00e9cision en position couch\u00e9 \u00e0 50 m (7 min) ;<br \/>\n10 coups en vitesse en position debout \u00e0 50 m (5 min).<br \/>\n(Pas de coups d\u2019essai en position debout)<br \/>\nL\u2019\u00e9preuve 810, \u00ab fusil \u00e0 r\u00e9p\u00e9tition manuelle \u00bb cible C200 ; Distance 200m.<br \/>\nSe tire avec un fusil \u00e0 r\u00e9p\u00e9tition manuelle ayant \u00e9t\u00e9 en dotation comme fusil de base en corps de troupe. (1903, US17, Enfield, MAS36\u2026)<br \/>\nTous les calibres r\u00e9glementaires ou proches des calibres r\u00e9glementaires sont admis (sauf les 222-223, autre discipline, et le 243 Win ainsi que les Wildcat).<br \/>\nBalles FMJ obligatoires.<br \/>\nLa vis\u00e9e est m\u00e9tallique : vis\u00e9e ouverte, \u0153illeton ou cran de mire.<br \/>\n5 coups d\u2019essai en position couch\u00e9e (5 min) ;<br \/>\n10 coups (en 2 approvisionnements de 5 cartouches) en pr\u00e9cision en position couch\u00e9e (7 min) ;<br \/>\n10 coups (en 2 approvisionnements de 5 cartouches) en vitesse en position couch\u00e9e (3 min)<\/p>\n<p>L\u2019\u00e9preuve 815 et 816 : \u00ab Fusil Semi-Auto Gros Calibre \u00bb et \u00ab Fusil Semi-Auto Petit Calibre (calibres 222-223 exclusivement)\u00bb \u00bb cible C200 ; Distance 200m.<\/p>\n<p>ATTENTION ! On ne peut pas tirer en comp\u00e9tition les 2 disciplines, il faudra faire un choix.<\/p>\n<p>M\u00eames conditions que pour l\u2019\u00e9preuve 810.<br \/>\nLa d\u00e9tente p\u00e8se au moins 2 kg.<br \/>\nLa s\u00e9rie vitesse se tire en 1 mn.<br \/>\n5 coups d\u2019essai en position couch\u00e9e \u00e0 200 m (5 min) ;<br \/>\n10 coups en pr\u00e9cision ( 2 approvisionnements de 5 cartouches). Position couch\u00e9e (7 min) ;<br \/>\n10 coups ( 2 approvisionnements de 5 cartouches) en vitesse. Position couch\u00e9e (1 min).<\/p>\n<p>L\u2019\u00e9preuve 812 : \u00ab Fusil Modifi\u00e9 \u00bb cible C200 ; Distance 200m.<br \/>\nM\u00eames armes que pour les \u00e9preuves 810 \u2013 815 \u2013 816, mais \u00e9quip\u00e9es soit d\u2019une lunette, soit d\u2019un dioptre, l\u2019un comme l\u2019autre r\u00e9glementaire et associ\u00e9 \u00e0 l\u2019arme.<br \/>\nLe poids de d\u00e9tente est celui de l\u2019\u00e9preuve d\u2019origine de l\u2019arme :<br \/>\nFRM : 1,36 kg \/ FSA : 2 kg<br \/>\nLe d\u00e9roulement de l\u2019\u00e9preuve se d\u00e9roule \u00e0 l\u2019identique de l\u2019\u00e9preuve 810 FRM,<br \/>\ndonc avec l\u2019\u00e9preuve vitesse en 3 mn.<\/p>\n<p>Une nouvelle \u00e9preuve \u00e0 l\u2019essai :<\/p>\n<p>La vitesse carabine petit calibre:<br \/>\nCiblerie compos\u00e9e de 5 cibles basculantes, type biathlon dont le diam\u00e8tre du visuel est de 11,5 cm de diam\u00e8tre.<br \/>\nDistance 50 m.<br \/>\nLes armes utilis\u00e9es sont des armes d\u2019\u00e9paule calibre .22LR semi-automatique ayant l\u2019apparence d\u2019une arme militaire.<br \/>\nLes bretelles sont interdites.<br \/>\nLe poids du d\u00e9part est fix\u00e9e \u00e0 1,360 kg par s\u00e9curit\u00e9. Le poids du d\u00e9part des fusils semi-automatiques \u00e9quip\u00e9s de conversions en calibre .22 LR, est \u00e0 2 kg au minimum.<\/p>\n<p>L\u2019\u00e9preuve se d\u00e9roule comme suit :<\/p>\n<p>Position debout, en position d\u2019attente, le fusil est \u00e9paul\u00e9 et dirig\u00e9 \u00e0 45\u00b0 vers le sol.<br \/>\nAu commandement \u00ab PRET \u00bb, le tireur prend la position d\u2019attente, il dispose de 10 secondes avant le commandement \u00ab TIREZ \u00bb.<\/p>\n<p>Temps de chargement et de pr\u00e9paration : 3 minutes<br \/>\n1 s\u00e9rie de 5 balles d\u2019essai en 20 secondes<br \/>\n2 s\u00e9ries de 5 coups de match en 20 secondes chacune (pr\u00e9cision)<br \/>\n2 s\u00e9ries de 5 coups en 10 secondes chacune (vitesse)<\/p>\n<p>Le tireur peut tirer sur les cibles dans l\u2019ordre qu\u2019il d\u00e9sire, il est possible de tirer cons\u00e9cutivement plusieurs coups sur la<br \/>\nm\u00eame cible (maximum 5 cartouches).<br \/>\nChaque cible abattue est compt\u00e9e 10 points.<br \/>\nEn cas d\u2019ex-\u00e6quo, le barrage sera effectu\u00e9 sur 2 s\u00e9ries de match en 5 secondes.<br \/>\nPendant ce barrage, un seul incident imputable au tireur sera accept\u00e9, lui permettant de renouveler la s\u00e9rie.<\/p>\n<p>Voil\u00e0 ! Y\u2019a plus qu\u2019\u00e0\u2026<\/p>\n<p>&nbsp;<\/p>\n<\/div>\n","protected":false},"excerpt":{"rendered":"<p>Une vision du T.A.R. par Sylvie P.B. Le Tir aux Armes R\u00e8glementaires : Officiellement nous dit la FFTir : \u00ab\u00a0Entretenir et utiliser les armes militaires r\u00e9glementaires des diff\u00e9rentes arm\u00e9es dans un esprit sportif de s\u00e9curit\u00e9 et d\u2019authenticit\u00e9 est l\u2019objet de cette discipline qui est organis\u00e9e par la F\u00e9d\u00e9ration Fran\u00e7aise de Tir (FFTir) en coop\u00e9ration avec [&hellip;]<\/p>\n","protected":false},"author":1,"featured_media":0,"parent":975,"menu_order":0,"comment_status":"closed","ping_status":"closed","template":"","meta":{"footnotes":""},"class_list":["post-989","page","type-page","status-publish","hentry"],"yoast_head":"<!-- This site is optimized with the Yoast SEO plugin v27.3 - https:\/\/yoast.com\/product\/yoast-seo-wordpress\/ -->\n<title>Le T.A.R. - TCSL<\/title>\n<meta name=\"robots\" content=\"index, follow, max-snippet:-1, max-image-preview:large, max-video-preview:-1\" \/>\n<link rel=\"canonical\" href=\"https:\/\/www.tcsl.fr\/index.php\/les-disciplines\/le-t-a-r\/\" \/>\n<meta property=\"og:locale\" content=\"fr_FR\" \/>\n<meta property=\"og:type\" content=\"article\" \/>\n<meta property=\"og:title\" content=\"Le T.A.R. - TCSL\" \/>\n<meta property=\"og:description\" content=\"Une vision du T.A.R. par Sylvie P.B. Le Tir aux Armes R\u00e8glementaires : Officiellement nous dit la FFTir : \u00ab\u00a0Entretenir et utiliser les armes militaires r\u00e9glementaires des diff\u00e9rentes arm\u00e9es dans un esprit sportif de s\u00e9curit\u00e9 et d\u2019authenticit\u00e9 est l\u2019objet de cette discipline qui est organis\u00e9e par la F\u00e9d\u00e9ration Fran\u00e7aise de Tir (FFTir) en coop\u00e9ration avec [&hellip;]\" \/>\n<meta property=\"og:url\" content=\"https:\/\/www.tcsl.fr\/index.php\/les-disciplines\/le-t-a-r\/\" \/>\n<meta property=\"og:site_name\" content=\"TCSL\" \/>\n<meta property=\"article:modified_time\" content=\"2017-09-26T14:48:42+00:00\" \/>\n<meta name=\"twitter:card\" content=\"summary_large_image\" \/>\n<meta name=\"twitter:label1\" content=\"Dur\u00e9e de lecture estim\u00e9e\" \/>\n\t<meta name=\"twitter:data1\" content=\"8 minutes\" \/>\n<script type=\"application\/ld+json\" class=\"yoast-schema-graph\">{\"@context\":\"https:\\\/\\\/schema.org\",\"@graph\":[{\"@type\":\"WebPage\",\"@id\":\"https:\\\/\\\/www.tcsl.fr\\\/index.php\\\/les-disciplines\\\/le-t-a-r\\\/\",\"url\":\"https:\\\/\\\/www.tcsl.fr\\\/index.php\\\/les-disciplines\\\/le-t-a-r\\\/\",\"name\":\"Le T.A.R. - TCSL\",\"isPartOf\":{\"@id\":\"http:\\\/\\\/www.tcsl.fr\\\/#website\"},\"datePublished\":\"2016-10-04T17:56:05+00:00\",\"dateModified\":\"2017-09-26T14:48:42+00:00\",\"breadcrumb\":{\"@id\":\"https:\\\/\\\/www.tcsl.fr\\\/index.php\\\/les-disciplines\\\/le-t-a-r\\\/#breadcrumb\"},\"inLanguage\":\"fr-FR\",\"potentialAction\":[{\"@type\":\"ReadAction\",\"target\":[\"https:\\\/\\\/www.tcsl.fr\\\/index.php\\\/les-disciplines\\\/le-t-a-r\\\/\"]}]},{\"@type\":\"BreadcrumbList\",\"@id\":\"https:\\\/\\\/www.tcsl.fr\\\/index.php\\\/les-disciplines\\\/le-t-a-r\\\/#breadcrumb\",\"itemListElement\":[{\"@type\":\"ListItem\",\"position\":1,\"name\":\"Accueil\",\"item\":\"http:\\\/\\\/www.tcsl.fr\\\/\"},{\"@type\":\"ListItem\",\"position\":2,\"name\":\"Les Disciplines\",\"item\":\"https:\\\/\\\/www.tcsl.fr\\\/index.php\\\/les-disciplines\\\/\"},{\"@type\":\"ListItem\",\"position\":3,\"name\":\"Le T.A.R.\"}]},{\"@type\":\"WebSite\",\"@id\":\"http:\\\/\\\/www.tcsl.fr\\\/#website\",\"url\":\"http:\\\/\\\/www.tcsl.fr\\\/\",\"name\":\"TCSL\",\"description\":\"Le site du Tir Club Stade Laurentin\",\"publisher\":{\"@id\":\"http:\\\/\\\/www.tcsl.fr\\\/#organization\"},\"potentialAction\":[{\"@type\":\"SearchAction\",\"target\":{\"@type\":\"EntryPoint\",\"urlTemplate\":\"http:\\\/\\\/www.tcsl.fr\\\/?s={search_term_string}\"},\"query-input\":{\"@type\":\"PropertyValueSpecification\",\"valueRequired\":true,\"valueName\":\"search_term_string\"}}],\"inLanguage\":\"fr-FR\"},{\"@type\":\"Organization\",\"@id\":\"http:\\\/\\\/www.tcsl.fr\\\/#organization\",\"name\":\"TCSL\",\"url\":\"http:\\\/\\\/www.tcsl.fr\\\/\",\"logo\":{\"@type\":\"ImageObject\",\"inLanguage\":\"fr-FR\",\"@id\":\"http:\\\/\\\/www.tcsl.fr\\\/#\\\/schema\\\/logo\\\/image\\\/\",\"url\":\"http:\\\/\\\/www.tcsl.fr\\\/wp-content\\\/uploads\\\/2024\\\/10\\\/cropped-cropped-cropped-cropped-cropped-logo-lettrage-degrade-rouge-et-blanc-fond-bleu-300x123-1.jpg\",\"contentUrl\":\"http:\\\/\\\/www.tcsl.fr\\\/wp-content\\\/uploads\\\/2024\\\/10\\\/cropped-cropped-cropped-cropped-cropped-logo-lettrage-degrade-rouge-et-blanc-fond-bleu-300x123-1.jpg\",\"width\":240,\"height\":98,\"caption\":\"TCSL\"},\"image\":{\"@id\":\"http:\\\/\\\/www.tcsl.fr\\\/#\\\/schema\\\/logo\\\/image\\\/\"}}]}<\/script>\n<!-- \/ Yoast SEO plugin. -->","yoast_head_json":{"title":"Le T.A.R. - TCSL","robots":{"index":"index","follow":"follow","max-snippet":"max-snippet:-1","max-image-preview":"max-image-preview:large","max-video-preview":"max-video-preview:-1"},"canonical":"https:\/\/www.tcsl.fr\/index.php\/les-disciplines\/le-t-a-r\/","og_locale":"fr_FR","og_type":"article","og_title":"Le T.A.R. - TCSL","og_description":"Une vision du T.A.R. par Sylvie P.B. Le Tir aux Armes R\u00e8glementaires : Officiellement nous dit la FFTir : \u00ab\u00a0Entretenir et utiliser les armes militaires r\u00e9glementaires des diff\u00e9rentes arm\u00e9es dans un esprit sportif de s\u00e9curit\u00e9 et d\u2019authenticit\u00e9 est l\u2019objet de cette discipline qui est organis\u00e9e par la F\u00e9d\u00e9ration Fran\u00e7aise de Tir (FFTir) en coop\u00e9ration avec [&hellip;]","og_url":"https:\/\/www.tcsl.fr\/index.php\/les-disciplines\/le-t-a-r\/","og_site_name":"TCSL","article_modified_time":"2017-09-26T14:48:42+00:00","twitter_card":"summary_large_image","twitter_misc":{"Dur\u00e9e de lecture estim\u00e9e":"8 minutes"},"schema":{"@context":"https:\/\/schema.org","@graph":[{"@type":"WebPage","@id":"https:\/\/www.tcsl.fr\/index.php\/les-disciplines\/le-t-a-r\/","url":"https:\/\/www.tcsl.fr\/index.php\/les-disciplines\/le-t-a-r\/","name":"Le T.A.R. - TCSL","isPartOf":{"@id":"http:\/\/www.tcsl.fr\/#website"},"datePublished":"2016-10-04T17:56:05+00:00","dateModified":"2017-09-26T14:48:42+00:00","breadcrumb":{"@id":"https:\/\/www.tcsl.fr\/index.php\/les-disciplines\/le-t-a-r\/#breadcrumb"},"inLanguage":"fr-FR","potentialAction":[{"@type":"ReadAction","target":["https:\/\/www.tcsl.fr\/index.php\/les-disciplines\/le-t-a-r\/"]}]},{"@type":"BreadcrumbList","@id":"https:\/\/www.tcsl.fr\/index.php\/les-disciplines\/le-t-a-r\/#breadcrumb","itemListElement":[{"@type":"ListItem","position":1,"name":"Accueil","item":"http:\/\/www.tcsl.fr\/"},{"@type":"ListItem","position":2,"name":"Les Disciplines","item":"https:\/\/www.tcsl.fr\/index.php\/les-disciplines\/"},{"@type":"ListItem","position":3,"name":"Le T.A.R."}]},{"@type":"WebSite","@id":"http:\/\/www.tcsl.fr\/#website","url":"http:\/\/www.tcsl.fr\/","name":"TCSL","description":"Le site du Tir Club Stade Laurentin","publisher":{"@id":"http:\/\/www.tcsl.fr\/#organization"},"potentialAction":[{"@type":"SearchAction","target":{"@type":"EntryPoint","urlTemplate":"http:\/\/www.tcsl.fr\/?s={search_term_string}"},"query-input":{"@type":"PropertyValueSpecification","valueRequired":true,"valueName":"search_term_string"}}],"inLanguage":"fr-FR"},{"@type":"Organization","@id":"http:\/\/www.tcsl.fr\/#organization","name":"TCSL","url":"http:\/\/www.tcsl.fr\/","logo":{"@type":"ImageObject","inLanguage":"fr-FR","@id":"http:\/\/www.tcsl.fr\/#\/schema\/logo\/image\/","url":"http:\/\/www.tcsl.fr\/wp-content\/uploads\/2024\/10\/cropped-cropped-cropped-cropped-cropped-logo-lettrage-degrade-rouge-et-blanc-fond-bleu-300x123-1.jpg","contentUrl":"http:\/\/www.tcsl.fr\/wp-content\/uploads\/2024\/10\/cropped-cropped-cropped-cropped-cropped-logo-lettrage-degrade-rouge-et-blanc-fond-bleu-300x123-1.jpg","width":240,"height":98,"caption":"TCSL"},"image":{"@id":"http:\/\/www.tcsl.fr\/#\/schema\/logo\/image\/"}}]}},"_links":{"self":[{"href":"http:\/\/www.tcsl.fr\/index.php\/wp-json\/wp\/v2\/pages\/989","targetHints":{"allow":["GET"]}}],"collection":[{"href":"http:\/\/www.tcsl.fr\/index.php\/wp-json\/wp\/v2\/pages"}],"about":[{"href":"http:\/\/www.tcsl.fr\/index.php\/wp-json\/wp\/v2\/types\/page"}],"author":[{"embeddable":true,"href":"http:\/\/www.tcsl.fr\/index.php\/wp-json\/wp\/v2\/users\/1"}],"replies":[{"embeddable":true,"href":"http:\/\/www.tcsl.fr\/index.php\/wp-json\/wp\/v2\/comments?post=989"}],"version-history":[{"count":13,"href":"http:\/\/www.tcsl.fr\/index.php\/wp-json\/wp\/v2\/pages\/989\/revisions"}],"predecessor-version":[{"id":3179,"href":"http:\/\/www.tcsl.fr\/index.php\/wp-json\/wp\/v2\/pages\/989\/revisions\/3179"}],"up":[{"embeddable":true,"href":"http:\/\/www.tcsl.fr\/index.php\/wp-json\/wp\/v2\/pages\/975"}],"wp:attachment":[{"href":"http:\/\/www.tcsl.fr\/index.php\/wp-json\/wp\/v2\/media?parent=989"}],"curies":[{"name":"wp","href":"https:\/\/api.w.org\/{rel}","templated":true}]}}