{"id":991,"date":"2016-10-04T19:58:12","date_gmt":"2016-10-04T17:58:12","guid":{"rendered":"http:\/\/www.tcsl.fr\/?page_id=991"},"modified":"2017-10-27T17:33:44","modified_gmt":"2017-10-27T15:33:44","slug":"les-armes-anciennes","status":"publish","type":"page","link":"http:\/\/www.tcsl.fr\/index.php\/les-disciplines\/les-armes-anciennes\/","title":{"rendered":"Les Armes Anciennes"},"content":{"rendered":"<p><a href=\"http:\/\/www.tcsl.fr\/wp-content\/uploads\/2017\/10\/AA2014veterli.jpg\" target=\"_blank\" rel=\"noopener\"><img loading=\"lazy\" decoding=\"async\" class=\"aligncenter wp-image-3310 size-large\" src=\"http:\/\/www.tcsl.fr\/wp-content\/uploads\/2017\/10\/AA2014veterli-1024x684.jpg\" alt=\"\" width=\"640\" height=\"428\" srcset=\"http:\/\/www.tcsl.fr\/wp-content\/uploads\/2017\/10\/AA2014veterli-1024x684.jpg 1024w, http:\/\/www.tcsl.fr\/wp-content\/uploads\/2017\/10\/AA2014veterli-300x200.jpg 300w, http:\/\/www.tcsl.fr\/wp-content\/uploads\/2017\/10\/AA2014veterli-768x513.jpg 768w, http:\/\/www.tcsl.fr\/wp-content\/uploads\/2017\/10\/AA2014veterli.jpg 1423w\" sizes=\"auto, (max-width: 640px) 100vw, 640px\" \/><\/a><\/p>\n<p style=\"text-align: center;\"><strong>PR\u00c9SENTATION DE LA DISCIPLINE TIR A L&rsquo;ARME ANCIENNE<\/strong><\/p>\n<p>Il existe en France deux organisations de comp\u00e9titions de tir \u00e0 l\u2019arme ancienne<\/p>\n<ul>\n<li>La FFTir qui organise le championnat de France dans le cadre des r\u00e8glements internationaux de la MLAIC (Muzzle Loaders Associations International Confederation).<\/li>\n<li>Les Arquebusiers de France qui utilisent un r\u00e8glement sensiblement diff\u00e9rent. Technique de tir plus authentique et \u00e9preuves ouvertes aussi aux armes \u00e0 cartouches papier ou m\u00e9talliques.<\/li>\n<\/ul>\n<p>Actuellement le TCSL participe et entraine ses tireurs dans le premier cadre. Les armes sont donc exclusivement des armes \u00e0 chargement par la bouche du canon ou l\u2019avant du barillet (muzzle loader).<\/p>\n<p>Les diff\u00e9rentes \u00e9preuves correspondent aux \u00e9volutions technologiques historiques que ce soit en arme courtes ou longues. Selon les \u00e9poques concern\u00e9es, les syst\u00e8mes d\u2019allumages se font \u00e0 m\u00e8che, au silex ou \u00e0 percussion et les canons peuvent \u00eatres lisses ou ray\u00e9s.\u00a0 Il existe une distinction au classement entre les armes d\u2019origines et les r\u00e9pliques.<\/p>\n<p>Les noms des \u00e9preuves \u00e9voquent soit des noms de personnes qui ont marqu\u00e9s l\u2019histoire des armes (Ex\u00a0: Boutet armurier du roi puis directeur des manufactures d\u2019armes sous le directoire), soit des sites significatifs de l&rsquo;histoire des armes (Ex : Tanegashima, ile japonaise o\u00f9 les portugais commenc\u00e8rent le n\u00e9goce des arquebuses avec le Japon au XVI<sup>\u00e8me<\/sup>\u00a0\u00a0 si\u00e8cle).<\/p>\n<p>Lors des comp\u00e9titions, 13 coups sont tir\u00e9s en 30 minutes et les 10 meilleurs impacts sont retenus pour le score.<br \/>\nLes tenues vestimentaires sont libres mais pour les pistolier, en match les chaussures doivent laisser les mall\u00e9oles libres. Le port des protections auditives et visuelles est obligatoire au pas de tir (y compris pour les spectateurs).<\/p>\n<p>Le chargement se fait au pas de tir, ce qui induit un respect des <strong>normes de s\u00e9curit\u00e9 sp\u00e9cifiques<\/strong> \u00e0 cette discipline. Lien <a href=\"http:\/\/www.tcsl.fr\/wp-content\/uploads\/2017\/10\/securite-armes-anciennes.pdf\" target=\"_blank\" rel=\"noopener\"><strong>ICI<\/strong><\/a> .<\/p>\n<p><strong>Arme de poing <\/strong>tir \u00e0 25 m\u00e8tres sur cibles C50. Les armes utilis\u00e9es sont des pistolets \u00e0 m\u00e8che, silex ou \u00e0 percussion (\u00e9preuves TANZUTSU, COMINAZZO et KUCHENREUTER) et des revolvers \u00e0 percussion (\u00e9preuves COLT et MARIETTE). La distance de tir est 25 m.<\/p>\n<div id=\"attachment_3291\" style=\"width: 695px\" class=\"wp-caption alignnone\"><a href=\"http:\/\/www.tcsl.fr\/wp-content\/uploads\/2017\/10\/05-AA-DIAPO.jpg\" target=\"_blank\" rel=\"noopener\"><img loading=\"lazy\" decoding=\"async\" aria-describedby=\"caption-attachment-3291\" class=\"wp-image-3291 size-full\" src=\"http:\/\/www.tcsl.fr\/wp-content\/uploads\/2017\/10\/05-AA-DIAPO.jpg\" alt=\"\" width=\"685\" height=\"535\" srcset=\"http:\/\/www.tcsl.fr\/wp-content\/uploads\/2017\/10\/05-AA-DIAPO.jpg 685w, http:\/\/www.tcsl.fr\/wp-content\/uploads\/2017\/10\/05-AA-DIAPO-300x234.jpg 300w\" sizes=\"auto, (max-width: 685px) 100vw, 685px\" \/><\/a><p id=\"caption-attachment-3291\" class=\"wp-caption-text\">TANZUTSU<\/p><\/div>\n<p><strong>Arme de poing <\/strong>tir \u00e0 50 m\u00e8tres sur cibles C50. Le MALSON est tir\u00e9 avec les m\u00eames revolvers que pour le COLT et le MARIETTE \u00e0 25 m<\/p>\n<div id=\"attachment_3295\" style=\"width: 522px\" class=\"wp-caption alignnone\"><a href=\"http:\/\/www.tcsl.fr\/wp-content\/uploads\/2017\/10\/revolver-percussion.jpg\" target=\"_blank\" rel=\"noopener\"><img loading=\"lazy\" decoding=\"async\" aria-describedby=\"caption-attachment-3295\" class=\"wp-image-3295 size-full\" src=\"http:\/\/www.tcsl.fr\/wp-content\/uploads\/2017\/10\/revolver-percussion.jpg\" alt=\"\" width=\"512\" height=\"360\" srcset=\"http:\/\/www.tcsl.fr\/wp-content\/uploads\/2017\/10\/revolver-percussion.jpg 512w, http:\/\/www.tcsl.fr\/wp-content\/uploads\/2017\/10\/revolver-percussion-300x211.jpg 300w\" sizes=\"auto, (max-width: 512px) 100vw, 512px\" \/><\/a><p id=\"caption-attachment-3295\" class=\"wp-caption-text\">MARIETTE MALSON<\/p><\/div>\n<p><strong>Arme d&rsquo;\u00e9paule (cible fixe) <\/strong>La distance de tir est de 50 m\u00e8tres (positon debout et genou) ou 100 m\u00e8tres (position couch\u00e9). Les armes utilis\u00e9es sont des fusils ou des carabines \u00e0 canon lisse ou ray\u00e9, elles peuvent \u00eatre r\u00e9glementaires, civiles, \u00e0 percussion, \u00e0 silex ou \u00e0 m\u00e8che suivant les \u00e9preuves (VETTERLI, MIQUELET, LAMARMORA, TANEGASHIMA, HIZADA\u00cf, WHITWORTH, MAXIMILIEN\u2026\u2026.).<\/p>\n<div id=\"attachment_3298\" style=\"width: 707px\" class=\"wp-caption alignnone\"><a href=\"http:\/\/www.tcsl.fr\/wp-content\/uploads\/2017\/10\/poudrenoire1.original.png\"><img loading=\"lazy\" decoding=\"async\" aria-describedby=\"caption-attachment-3298\" class=\"wp-image-3298\" src=\"http:\/\/www.tcsl.fr\/wp-content\/uploads\/2017\/10\/poudrenoire1.original-300x207.png\" alt=\"\" width=\"697\" height=\"481\" srcset=\"http:\/\/www.tcsl.fr\/wp-content\/uploads\/2017\/10\/poudrenoire1.original-300x207.png 300w, http:\/\/www.tcsl.fr\/wp-content\/uploads\/2017\/10\/poudrenoire1.original.png 512w\" sizes=\"auto, (max-width: 697px) 100vw, 697px\" \/><\/a><p id=\"caption-attachment-3298\" class=\"wp-caption-text\">TANEGASHIMA<\/p><\/div>\n<p><strong>Armes d\u2019\u00e9paules (plateaux) <\/strong>Les armes utilis\u00e9es sont des fusils \u00e0 canon lisse \u00e0 silex ou \u00e0 percussion (MANTON, LORENZONI). Pour des raisons techniques, le TCSL ne peut h\u00e9las pas installer de pas de tir adapt\u00e9 \u00e0 cette discipline, pourtant tr\u00e8s spectaculaire.<\/p>\n<p>Le point commun des toutes ces \u00e9preuves est l\u2019utilisation exclusive de poudre noire. Les armes utilis\u00e9es sont class\u00e9es en cat\u00e9gorie D, donc en vente libre pour les majeurs.<\/p>\n","protected":false},"excerpt":{"rendered":"<p>PR\u00c9SENTATION DE LA DISCIPLINE TIR A L&rsquo;ARME ANCIENNE Il existe en France deux organisations de comp\u00e9titions de tir \u00e0 l\u2019arme ancienne La FFTir qui organise le championnat de France dans le cadre des r\u00e8glements internationaux de la MLAIC (Muzzle Loaders Associations International Confederation). Les Arquebusiers de France qui utilisent un r\u00e8glement sensiblement diff\u00e9rent. Technique de [&hellip;]<\/p>\n","protected":false},"author":1,"featured_media":0,"parent":975,"menu_order":0,"comment_status":"closed","ping_status":"closed","template":"","meta":{"footnotes":""},"class_list":["post-991","page","type-page","status-publish","hentry"],"yoast_head":"<!-- This site is optimized with the Yoast SEO plugin v27.3 - https:\/\/yoast.com\/product\/yoast-seo-wordpress\/ -->\n<title>Les Armes Anciennes - TCSL<\/title>\n<meta name=\"robots\" content=\"index, follow, max-snippet:-1, max-image-preview:large, max-video-preview:-1\" \/>\n<link rel=\"canonical\" href=\"http:\/\/www.tcsl.fr\/index.php\/les-disciplines\/les-armes-anciennes\/\" \/>\n<meta property=\"og:locale\" content=\"fr_FR\" \/>\n<meta property=\"og:type\" content=\"article\" \/>\n<meta property=\"og:title\" content=\"Les Armes Anciennes - TCSL\" \/>\n<meta property=\"og:description\" content=\"PR\u00c9SENTATION DE LA DISCIPLINE TIR A L&rsquo;ARME ANCIENNE Il existe en France deux organisations de comp\u00e9titions de tir \u00e0 l\u2019arme ancienne La FFTir qui organise le championnat de France dans le cadre des r\u00e8glements internationaux de la MLAIC (Muzzle Loaders Associations International Confederation). Les Arquebusiers de France qui utilisent un r\u00e8glement sensiblement diff\u00e9rent. Technique de [&hellip;]\" \/>\n<meta property=\"og:url\" content=\"http:\/\/www.tcsl.fr\/index.php\/les-disciplines\/les-armes-anciennes\/\" \/>\n<meta property=\"og:site_name\" content=\"TCSL\" \/>\n<meta property=\"article:modified_time\" content=\"2017-10-27T15:33:44+00:00\" \/>\n<meta property=\"og:image\" content=\"http:\/\/www.tcsl.fr\/wp-content\/uploads\/2017\/10\/AA2014veterli-1024x684.jpg\" \/>\n<meta name=\"twitter:card\" content=\"summary_large_image\" \/>\n<meta name=\"twitter:label1\" content=\"Dur\u00e9e de lecture estim\u00e9e\" \/>\n\t<meta name=\"twitter:data1\" content=\"3 minutes\" \/>\n<script type=\"application\/ld+json\" class=\"yoast-schema-graph\">{\"@context\":\"https:\\\/\\\/schema.org\",\"@graph\":[{\"@type\":\"WebPage\",\"@id\":\"http:\\\/\\\/www.tcsl.fr\\\/index.php\\\/les-disciplines\\\/les-armes-anciennes\\\/\",\"url\":\"http:\\\/\\\/www.tcsl.fr\\\/index.php\\\/les-disciplines\\\/les-armes-anciennes\\\/\",\"name\":\"Les Armes Anciennes - TCSL\",\"isPartOf\":{\"@id\":\"https:\\\/\\\/www.tcsl.fr\\\/#website\"},\"primaryImageOfPage\":{\"@id\":\"http:\\\/\\\/www.tcsl.fr\\\/index.php\\\/les-disciplines\\\/les-armes-anciennes\\\/#primaryimage\"},\"image\":{\"@id\":\"http:\\\/\\\/www.tcsl.fr\\\/index.php\\\/les-disciplines\\\/les-armes-anciennes\\\/#primaryimage\"},\"thumbnailUrl\":\"http:\\\/\\\/www.tcsl.fr\\\/wp-content\\\/uploads\\\/2017\\\/10\\\/AA2014veterli-1024x684.jpg\",\"datePublished\":\"2016-10-04T17:58:12+00:00\",\"dateModified\":\"2017-10-27T15:33:44+00:00\",\"breadcrumb\":{\"@id\":\"http:\\\/\\\/www.tcsl.fr\\\/index.php\\\/les-disciplines\\\/les-armes-anciennes\\\/#breadcrumb\"},\"inLanguage\":\"fr-FR\",\"potentialAction\":[{\"@type\":\"ReadAction\",\"target\":[\"http:\\\/\\\/www.tcsl.fr\\\/index.php\\\/les-disciplines\\\/les-armes-anciennes\\\/\"]}]},{\"@type\":\"ImageObject\",\"inLanguage\":\"fr-FR\",\"@id\":\"http:\\\/\\\/www.tcsl.fr\\\/index.php\\\/les-disciplines\\\/les-armes-anciennes\\\/#primaryimage\",\"url\":\"http:\\\/\\\/www.tcsl.fr\\\/wp-content\\\/uploads\\\/2017\\\/10\\\/AA2014veterli.jpg\",\"contentUrl\":\"http:\\\/\\\/www.tcsl.fr\\\/wp-content\\\/uploads\\\/2017\\\/10\\\/AA2014veterli.jpg\",\"width\":1423,\"height\":951},{\"@type\":\"BreadcrumbList\",\"@id\":\"http:\\\/\\\/www.tcsl.fr\\\/index.php\\\/les-disciplines\\\/les-armes-anciennes\\\/#breadcrumb\",\"itemListElement\":[{\"@type\":\"ListItem\",\"position\":1,\"name\":\"Accueil\",\"item\":\"https:\\\/\\\/www.tcsl.fr\\\/\"},{\"@type\":\"ListItem\",\"position\":2,\"name\":\"Les Disciplines\",\"item\":\"http:\\\/\\\/www.tcsl.fr\\\/index.php\\\/les-disciplines\\\/\"},{\"@type\":\"ListItem\",\"position\":3,\"name\":\"Les Armes Anciennes\"}]},{\"@type\":\"WebSite\",\"@id\":\"https:\\\/\\\/www.tcsl.fr\\\/#website\",\"url\":\"https:\\\/\\\/www.tcsl.fr\\\/\",\"name\":\"TCSL\",\"description\":\"Le site du Tir Club Stade Laurentin\",\"publisher\":{\"@id\":\"https:\\\/\\\/www.tcsl.fr\\\/#organization\"},\"potentialAction\":[{\"@type\":\"SearchAction\",\"target\":{\"@type\":\"EntryPoint\",\"urlTemplate\":\"https:\\\/\\\/www.tcsl.fr\\\/?s={search_term_string}\"},\"query-input\":{\"@type\":\"PropertyValueSpecification\",\"valueRequired\":true,\"valueName\":\"search_term_string\"}}],\"inLanguage\":\"fr-FR\"},{\"@type\":\"Organization\",\"@id\":\"https:\\\/\\\/www.tcsl.fr\\\/#organization\",\"name\":\"TCSL\",\"url\":\"https:\\\/\\\/www.tcsl.fr\\\/\",\"logo\":{\"@type\":\"ImageObject\",\"inLanguage\":\"fr-FR\",\"@id\":\"https:\\\/\\\/www.tcsl.fr\\\/#\\\/schema\\\/logo\\\/image\\\/\",\"url\":\"http:\\\/\\\/www.tcsl.fr\\\/wp-content\\\/uploads\\\/2024\\\/10\\\/cropped-cropped-cropped-cropped-cropped-logo-lettrage-degrade-rouge-et-blanc-fond-bleu-300x123-1.jpg\",\"contentUrl\":\"http:\\\/\\\/www.tcsl.fr\\\/wp-content\\\/uploads\\\/2024\\\/10\\\/cropped-cropped-cropped-cropped-cropped-logo-lettrage-degrade-rouge-et-blanc-fond-bleu-300x123-1.jpg\",\"width\":240,\"height\":98,\"caption\":\"TCSL\"},\"image\":{\"@id\":\"https:\\\/\\\/www.tcsl.fr\\\/#\\\/schema\\\/logo\\\/image\\\/\"}}]}<\/script>\n<!-- \/ Yoast SEO plugin. -->","yoast_head_json":{"title":"Les Armes Anciennes - TCSL","robots":{"index":"index","follow":"follow","max-snippet":"max-snippet:-1","max-image-preview":"max-image-preview:large","max-video-preview":"max-video-preview:-1"},"canonical":"http:\/\/www.tcsl.fr\/index.php\/les-disciplines\/les-armes-anciennes\/","og_locale":"fr_FR","og_type":"article","og_title":"Les Armes Anciennes - TCSL","og_description":"PR\u00c9SENTATION DE LA DISCIPLINE TIR A L&rsquo;ARME ANCIENNE Il existe en France deux organisations de comp\u00e9titions de tir \u00e0 l\u2019arme ancienne La FFTir qui organise le championnat de France dans le cadre des r\u00e8glements internationaux de la MLAIC (Muzzle Loaders Associations International Confederation). Les Arquebusiers de France qui utilisent un r\u00e8glement sensiblement diff\u00e9rent. Technique de [&hellip;]","og_url":"http:\/\/www.tcsl.fr\/index.php\/les-disciplines\/les-armes-anciennes\/","og_site_name":"TCSL","article_modified_time":"2017-10-27T15:33:44+00:00","og_image":[{"url":"http:\/\/www.tcsl.fr\/wp-content\/uploads\/2017\/10\/AA2014veterli-1024x684.jpg","type":"","width":"","height":""}],"twitter_card":"summary_large_image","twitter_misc":{"Dur\u00e9e de lecture estim\u00e9e":"3 minutes"},"schema":{"@context":"https:\/\/schema.org","@graph":[{"@type":"WebPage","@id":"http:\/\/www.tcsl.fr\/index.php\/les-disciplines\/les-armes-anciennes\/","url":"http:\/\/www.tcsl.fr\/index.php\/les-disciplines\/les-armes-anciennes\/","name":"Les Armes Anciennes - TCSL","isPartOf":{"@id":"https:\/\/www.tcsl.fr\/#website"},"primaryImageOfPage":{"@id":"http:\/\/www.tcsl.fr\/index.php\/les-disciplines\/les-armes-anciennes\/#primaryimage"},"image":{"@id":"http:\/\/www.tcsl.fr\/index.php\/les-disciplines\/les-armes-anciennes\/#primaryimage"},"thumbnailUrl":"http:\/\/www.tcsl.fr\/wp-content\/uploads\/2017\/10\/AA2014veterli-1024x684.jpg","datePublished":"2016-10-04T17:58:12+00:00","dateModified":"2017-10-27T15:33:44+00:00","breadcrumb":{"@id":"http:\/\/www.tcsl.fr\/index.php\/les-disciplines\/les-armes-anciennes\/#breadcrumb"},"inLanguage":"fr-FR","potentialAction":[{"@type":"ReadAction","target":["http:\/\/www.tcsl.fr\/index.php\/les-disciplines\/les-armes-anciennes\/"]}]},{"@type":"ImageObject","inLanguage":"fr-FR","@id":"http:\/\/www.tcsl.fr\/index.php\/les-disciplines\/les-armes-anciennes\/#primaryimage","url":"http:\/\/www.tcsl.fr\/wp-content\/uploads\/2017\/10\/AA2014veterli.jpg","contentUrl":"http:\/\/www.tcsl.fr\/wp-content\/uploads\/2017\/10\/AA2014veterli.jpg","width":1423,"height":951},{"@type":"BreadcrumbList","@id":"http:\/\/www.tcsl.fr\/index.php\/les-disciplines\/les-armes-anciennes\/#breadcrumb","itemListElement":[{"@type":"ListItem","position":1,"name":"Accueil","item":"https:\/\/www.tcsl.fr\/"},{"@type":"ListItem","position":2,"name":"Les Disciplines","item":"http:\/\/www.tcsl.fr\/index.php\/les-disciplines\/"},{"@type":"ListItem","position":3,"name":"Les Armes Anciennes"}]},{"@type":"WebSite","@id":"https:\/\/www.tcsl.fr\/#website","url":"https:\/\/www.tcsl.fr\/","name":"TCSL","description":"Le site du Tir Club Stade Laurentin","publisher":{"@id":"https:\/\/www.tcsl.fr\/#organization"},"potentialAction":[{"@type":"SearchAction","target":{"@type":"EntryPoint","urlTemplate":"https:\/\/www.tcsl.fr\/?s={search_term_string}"},"query-input":{"@type":"PropertyValueSpecification","valueRequired":true,"valueName":"search_term_string"}}],"inLanguage":"fr-FR"},{"@type":"Organization","@id":"https:\/\/www.tcsl.fr\/#organization","name":"TCSL","url":"https:\/\/www.tcsl.fr\/","logo":{"@type":"ImageObject","inLanguage":"fr-FR","@id":"https:\/\/www.tcsl.fr\/#\/schema\/logo\/image\/","url":"http:\/\/www.tcsl.fr\/wp-content\/uploads\/2024\/10\/cropped-cropped-cropped-cropped-cropped-logo-lettrage-degrade-rouge-et-blanc-fond-bleu-300x123-1.jpg","contentUrl":"http:\/\/www.tcsl.fr\/wp-content\/uploads\/2024\/10\/cropped-cropped-cropped-cropped-cropped-logo-lettrage-degrade-rouge-et-blanc-fond-bleu-300x123-1.jpg","width":240,"height":98,"caption":"TCSL"},"image":{"@id":"https:\/\/www.tcsl.fr\/#\/schema\/logo\/image\/"}}]}},"_links":{"self":[{"href":"http:\/\/www.tcsl.fr\/index.php\/wp-json\/wp\/v2\/pages\/991","targetHints":{"allow":["GET"]}}],"collection":[{"href":"http:\/\/www.tcsl.fr\/index.php\/wp-json\/wp\/v2\/pages"}],"about":[{"href":"http:\/\/www.tcsl.fr\/index.php\/wp-json\/wp\/v2\/types\/page"}],"author":[{"embeddable":true,"href":"http:\/\/www.tcsl.fr\/index.php\/wp-json\/wp\/v2\/users\/1"}],"replies":[{"embeddable":true,"href":"http:\/\/www.tcsl.fr\/index.php\/wp-json\/wp\/v2\/comments?post=991"}],"version-history":[{"count":27,"href":"http:\/\/www.tcsl.fr\/index.php\/wp-json\/wp\/v2\/pages\/991\/revisions"}],"predecessor-version":[{"id":3315,"href":"http:\/\/www.tcsl.fr\/index.php\/wp-json\/wp\/v2\/pages\/991\/revisions\/3315"}],"up":[{"embeddable":true,"href":"http:\/\/www.tcsl.fr\/index.php\/wp-json\/wp\/v2\/pages\/975"}],"wp:attachment":[{"href":"http:\/\/www.tcsl.fr\/index.php\/wp-json\/wp\/v2\/media?parent=991"}],"curies":[{"name":"wp","href":"https:\/\/api.w.org\/{rel}","templated":true}]}}