{"id":1034,"date":"2016-10-05T18:12:56","date_gmt":"2016-10-05T16:12:56","guid":{"rendered":"http:\/\/www.tcsl.fr\/?page_id=1034"},"modified":"2016-10-05T18:26:02","modified_gmt":"2016-10-05T16:26:02","slug":"informations-competitions","status":"publish","type":"page","link":"https:\/\/www.tcsl.fr\/index.php\/competitions\/informations-competitions\/","title":{"rendered":"Informations comp\u00e9titions"},"content":{"rendered":"<div class=\"entry-text\">\n<p><strong>La comp\u00e9tition pour qui\u00a0?<\/strong><\/p>\n<div id=\"attachment_825\" style=\"width: 650px\" class=\"wp-caption aligncenter\"><a href=\"http:\/\/www.tcsl.fr\/wp-content\/uploads\/2016\/10\/Infos-competition-coupes.jpg\" target=\"_blank\"><img loading=\"lazy\" decoding=\"async\" aria-describedby=\"caption-attachment-825\" class=\"wp-image-825 size-large\" src=\"http:\/\/www.tcsl.fr\/wp-content\/uploads\/2016\/10\/Infos-competition-coupes-740x1024.jpg\" alt=\"????\" width=\"640\" height=\"886\" srcset=\"https:\/\/www.tcsl.fr\/wp-content\/uploads\/2016\/10\/Infos-competition-coupes-740x1024.jpg 740w, https:\/\/www.tcsl.fr\/wp-content\/uploads\/2016\/10\/Infos-competition-coupes-217x300.jpg 217w, https:\/\/www.tcsl.fr\/wp-content\/uploads\/2016\/10\/Infos-competition-coupes-768x1063.jpg 768w, https:\/\/www.tcsl.fr\/wp-content\/uploads\/2016\/10\/Infos-competition-coupes.jpg 780w\" sizes=\"auto, (max-width: 640px) 100vw, 640px\" \/><\/a><p id=\"caption-attachment-825\" class=\"wp-caption-text\">????<\/p><\/div>\n<p>A part les jeunes de l\u2019Ecole de tir pour qui la comp\u00e9tition est une suite logique lorsqu\u2019ils sont m\u00fbrs et que leur Entra\u00eeneur Christian le valide, la plupart d\u2019entre nous commence le tir en loisir. Pass\u00e9 30 ans, on se dit \u00ab\u00a0la comp\u00e9tition, j\u2019ai pass\u00e9 l\u2019\u00e2ge\u00a0\u00bb, et bien pas du tout.<\/p>\n<p>Dans les disciplines ISSF, il existe des cat\u00e9gories d\u2019\u00e2ge\u00a0pour les adultes : S1, S2, S3 pour les hommes et D1, D2, D3 pour les dames. Le doyen du championnat de France 10M de 2016 Michel Gautier est n\u00e9 en 1929\u00a0! Donc, \u00e7a n\u2019est pas une histoire d\u2019\u00e2ge, plut\u00f4t une histoire d\u2019envie et de motivation.<\/p>\n<p>Les \u00ab\u00a0matchs amicaux\u00a0\u00bb donnent l\u2019occasion d\u2019aller voir les installations \u00a0de Grasse, la Turbie, \u00a0Antibes, \u00a0Monaco, Toulon, Draguignan\u2026 \u00a0de rencontrer d\u2019autres tireurs et d\u2019\u00e9tablir un score de r\u00e9f\u00e9rence afin de voir sa progression et son \u00e9volution.<\/p>\n<p>Et puis, si on s\u2019aper\u00e7oit que l\u2019on aime \u00e7a, que l\u2019on groupe correctement, \u00a0on va voir Laurent et Robert, nos Directeurs sportifs et Entra\u00eeneurs qui valideront votre candidature pour devenir \u00ab Matcheur\u00a0\u00bb.<\/p>\n<p>Un Matcheur b\u00e9n\u00e9ficie de cours sp\u00e9cifiques de la part de nos Entra\u00eeneurs, de pr\u00eat d\u2019arme si besoin et d\u2019horaires sp\u00e9cifiques d\u2019entrainement, d\u2019un tee-shirt aux couleurs du Club (\u00e7a vaut le coup rien que pour le tee-shirt !). Il s\u2019engage (par contrat si si !) en contrepartie \u00e0 suivre r\u00e9guli\u00e8rement les cours, \u00e0 \u00e9couter (et tenter d\u2019appliquer) les conseils des Entra\u00eeneurs et surtout \u00e0 s\u2019inscrire \u00e0 au moins une comp\u00e9tition officielle\u00a0: le Championnat D\u00e9partemental. Et si ses minima le lui permettent, il pourra aussi acc\u00e9der au Championnat\u00a0 R\u00e9gional, et pourquoi pas au Championnat de France.<\/p>\n<p>Le <a href=\"http:\/\/www.cdtam.fr\/gestion%20sportive.htm\" data-slimstat-clicked=\"false\" data-slimstat-type=\"0\" data-slimstat-tracking=\"true\" data-slimstat-async=\"false\" data-slimstat-callback=\"true\">CDTAM <\/a>(Comit\u00e9 D\u00e9partemental de Tir des Alpes Marititmes) met \u00e0 jour la liste des minima par cat\u00e9gorie d\u2019\u00e2ge et discipline sur son site, diffuse les annonces des clubs pour les matchs amicaux ainsi que le calendrier des matchs officiels.<\/p>\n<p>La saison commence toujours avec le 10m plomb, puis encha\u00eene sur le TAR et Armes Anciennes (AA) pour se conclure sur le 25\/50. Il n\u2019y a aucune obligation \u00e0 pratiquer toutes les disciplines mais une fois qu\u2019on y a go\u00fbt\u00e9, c\u2019est difficile de s\u2019en passer !<\/p>\n<\/div>\n","protected":false},"excerpt":{"rendered":"<p>La comp\u00e9tition pour qui\u00a0? A part les jeunes de l\u2019Ecole de tir pour qui la comp\u00e9tition est une suite logique lorsqu\u2019ils sont m\u00fbrs et que leur Entra\u00eeneur Christian le valide, la plupart d\u2019entre nous commence le tir en loisir. Pass\u00e9 30 ans, on se dit \u00ab\u00a0la comp\u00e9tition, j\u2019ai pass\u00e9 l\u2019\u00e2ge\u00a0\u00bb, et bien pas du tout. [&hellip;]<\/p>\n","protected":false},"author":1,"featured_media":0,"parent":1038,"menu_order":0,"comment_status":"closed","ping_status":"closed","template":"","meta":{"footnotes":""},"class_list":["post-1034","page","type-page","status-publish","hentry"],"yoast_head":"<!-- This site is optimized with the Yoast SEO plugin v27.3 - https:\/\/yoast.com\/product\/yoast-seo-wordpress\/ -->\n<title>Informations comp\u00e9titions - TCSL<\/title>\n<meta name=\"robots\" content=\"index, follow, max-snippet:-1, max-image-preview:large, max-video-preview:-1\" \/>\n<link rel=\"canonical\" href=\"http:\/\/www.tcsl.fr\/index.php\/competitions\/informations-competitions\/\" \/>\n<meta property=\"og:locale\" content=\"fr_FR\" \/>\n<meta property=\"og:type\" content=\"article\" \/>\n<meta property=\"og:title\" content=\"Informations comp\u00e9titions - TCSL\" \/>\n<meta property=\"og:description\" content=\"La comp\u00e9tition pour qui\u00a0? A part les jeunes de l\u2019Ecole de tir pour qui la comp\u00e9tition est une suite logique lorsqu\u2019ils sont m\u00fbrs et que leur Entra\u00eeneur Christian le valide, la plupart d\u2019entre nous commence le tir en loisir. Pass\u00e9 30 ans, on se dit \u00ab\u00a0la comp\u00e9tition, j\u2019ai pass\u00e9 l\u2019\u00e2ge\u00a0\u00bb, et bien pas du tout. [&hellip;]\" \/>\n<meta property=\"og:url\" content=\"http:\/\/www.tcsl.fr\/index.php\/competitions\/informations-competitions\/\" \/>\n<meta property=\"og:site_name\" content=\"TCSL\" \/>\n<meta property=\"article:modified_time\" content=\"2016-10-05T16:26:02+00:00\" \/>\n<meta property=\"og:image\" content=\"http:\/\/www.tcsl.fr\/wp-content\/uploads\/2016\/10\/Infos-competition-coupes-740x1024.jpg\" \/>\n<meta name=\"twitter:card\" content=\"summary_large_image\" \/>\n<meta name=\"twitter:label1\" content=\"Dur\u00e9e de lecture estim\u00e9e\" \/>\n\t<meta name=\"twitter:data1\" content=\"2 minutes\" \/>\n<script type=\"application\/ld+json\" class=\"yoast-schema-graph\">{\"@context\":\"https:\\\/\\\/schema.org\",\"@graph\":[{\"@type\":\"WebPage\",\"@id\":\"http:\\\/\\\/www.tcsl.fr\\\/index.php\\\/competitions\\\/informations-competitions\\\/\",\"url\":\"http:\\\/\\\/www.tcsl.fr\\\/index.php\\\/competitions\\\/informations-competitions\\\/\",\"name\":\"Informations comp\u00e9titions - TCSL\",\"isPartOf\":{\"@id\":\"http:\\\/\\\/www.tcsl.fr\\\/#website\"},\"primaryImageOfPage\":{\"@id\":\"http:\\\/\\\/www.tcsl.fr\\\/index.php\\\/competitions\\\/informations-competitions\\\/#primaryimage\"},\"image\":{\"@id\":\"http:\\\/\\\/www.tcsl.fr\\\/index.php\\\/competitions\\\/informations-competitions\\\/#primaryimage\"},\"thumbnailUrl\":\"http:\\\/\\\/www.tcsl.fr\\\/wp-content\\\/uploads\\\/2016\\\/10\\\/Infos-competition-coupes-740x1024.jpg\",\"datePublished\":\"2016-10-05T16:12:56+00:00\",\"dateModified\":\"2016-10-05T16:26:02+00:00\",\"breadcrumb\":{\"@id\":\"http:\\\/\\\/www.tcsl.fr\\\/index.php\\\/competitions\\\/informations-competitions\\\/#breadcrumb\"},\"inLanguage\":\"fr-FR\",\"potentialAction\":[{\"@type\":\"ReadAction\",\"target\":[\"http:\\\/\\\/www.tcsl.fr\\\/index.php\\\/competitions\\\/informations-competitions\\\/\"]}]},{\"@type\":\"ImageObject\",\"inLanguage\":\"fr-FR\",\"@id\":\"http:\\\/\\\/www.tcsl.fr\\\/index.php\\\/competitions\\\/informations-competitions\\\/#primaryimage\",\"url\":\"https:\\\/\\\/www.tcsl.fr\\\/wp-content\\\/uploads\\\/2016\\\/10\\\/Infos-competition-coupes.jpg\",\"contentUrl\":\"https:\\\/\\\/www.tcsl.fr\\\/wp-content\\\/uploads\\\/2016\\\/10\\\/Infos-competition-coupes.jpg\",\"width\":780,\"height\":1080,\"caption\":\"????\"},{\"@type\":\"BreadcrumbList\",\"@id\":\"http:\\\/\\\/www.tcsl.fr\\\/index.php\\\/competitions\\\/informations-competitions\\\/#breadcrumb\",\"itemListElement\":[{\"@type\":\"ListItem\",\"position\":1,\"name\":\"Accueil\",\"item\":\"http:\\\/\\\/www.tcsl.fr\\\/\"},{\"@type\":\"ListItem\",\"position\":2,\"name\":\"Comp\u00e9titions\",\"item\":\"https:\\\/\\\/www.tcsl.fr\\\/index.php\\\/competitions\\\/\"},{\"@type\":\"ListItem\",\"position\":3,\"name\":\"Informations comp\u00e9titions\"}]},{\"@type\":\"WebSite\",\"@id\":\"http:\\\/\\\/www.tcsl.fr\\\/#website\",\"url\":\"http:\\\/\\\/www.tcsl.fr\\\/\",\"name\":\"TCSL\",\"description\":\"Le site du Tir Club Stade Laurentin\",\"publisher\":{\"@id\":\"http:\\\/\\\/www.tcsl.fr\\\/#organization\"},\"potentialAction\":[{\"@type\":\"SearchAction\",\"target\":{\"@type\":\"EntryPoint\",\"urlTemplate\":\"http:\\\/\\\/www.tcsl.fr\\\/?s={search_term_string}\"},\"query-input\":{\"@type\":\"PropertyValueSpecification\",\"valueRequired\":true,\"valueName\":\"search_term_string\"}}],\"inLanguage\":\"fr-FR\"},{\"@type\":\"Organization\",\"@id\":\"http:\\\/\\\/www.tcsl.fr\\\/#organization\",\"name\":\"TCSL\",\"url\":\"http:\\\/\\\/www.tcsl.fr\\\/\",\"logo\":{\"@type\":\"ImageObject\",\"inLanguage\":\"fr-FR\",\"@id\":\"http:\\\/\\\/www.tcsl.fr\\\/#\\\/schema\\\/logo\\\/image\\\/\",\"url\":\"https:\\\/\\\/www.tcsl.fr\\\/wp-content\\\/uploads\\\/2024\\\/10\\\/cropped-cropped-cropped-cropped-cropped-logo-lettrage-degrade-rouge-et-blanc-fond-bleu-300x123-1.jpg\",\"contentUrl\":\"https:\\\/\\\/www.tcsl.fr\\\/wp-content\\\/uploads\\\/2024\\\/10\\\/cropped-cropped-cropped-cropped-cropped-logo-lettrage-degrade-rouge-et-blanc-fond-bleu-300x123-1.jpg\",\"width\":240,\"height\":98,\"caption\":\"TCSL\"},\"image\":{\"@id\":\"http:\\\/\\\/www.tcsl.fr\\\/#\\\/schema\\\/logo\\\/image\\\/\"}}]}<\/script>\n<!-- \/ Yoast SEO plugin. -->","yoast_head_json":{"title":"Informations comp\u00e9titions - TCSL","robots":{"index":"index","follow":"follow","max-snippet":"max-snippet:-1","max-image-preview":"max-image-preview:large","max-video-preview":"max-video-preview:-1"},"canonical":"http:\/\/www.tcsl.fr\/index.php\/competitions\/informations-competitions\/","og_locale":"fr_FR","og_type":"article","og_title":"Informations comp\u00e9titions - TCSL","og_description":"La comp\u00e9tition pour qui\u00a0? A part les jeunes de l\u2019Ecole de tir pour qui la comp\u00e9tition est une suite logique lorsqu\u2019ils sont m\u00fbrs et que leur Entra\u00eeneur Christian le valide, la plupart d\u2019entre nous commence le tir en loisir. Pass\u00e9 30 ans, on se dit \u00ab\u00a0la comp\u00e9tition, j\u2019ai pass\u00e9 l\u2019\u00e2ge\u00a0\u00bb, et bien pas du tout. [&hellip;]","og_url":"http:\/\/www.tcsl.fr\/index.php\/competitions\/informations-competitions\/","og_site_name":"TCSL","article_modified_time":"2016-10-05T16:26:02+00:00","og_image":[{"url":"http:\/\/www.tcsl.fr\/wp-content\/uploads\/2016\/10\/Infos-competition-coupes-740x1024.jpg","type":"","width":"","height":""}],"twitter_card":"summary_large_image","twitter_misc":{"Dur\u00e9e de lecture estim\u00e9e":"2 minutes"},"schema":{"@context":"https:\/\/schema.org","@graph":[{"@type":"WebPage","@id":"http:\/\/www.tcsl.fr\/index.php\/competitions\/informations-competitions\/","url":"http:\/\/www.tcsl.fr\/index.php\/competitions\/informations-competitions\/","name":"Informations comp\u00e9titions - TCSL","isPartOf":{"@id":"http:\/\/www.tcsl.fr\/#website"},"primaryImageOfPage":{"@id":"http:\/\/www.tcsl.fr\/index.php\/competitions\/informations-competitions\/#primaryimage"},"image":{"@id":"http:\/\/www.tcsl.fr\/index.php\/competitions\/informations-competitions\/#primaryimage"},"thumbnailUrl":"http:\/\/www.tcsl.fr\/wp-content\/uploads\/2016\/10\/Infos-competition-coupes-740x1024.jpg","datePublished":"2016-10-05T16:12:56+00:00","dateModified":"2016-10-05T16:26:02+00:00","breadcrumb":{"@id":"http:\/\/www.tcsl.fr\/index.php\/competitions\/informations-competitions\/#breadcrumb"},"inLanguage":"fr-FR","potentialAction":[{"@type":"ReadAction","target":["http:\/\/www.tcsl.fr\/index.php\/competitions\/informations-competitions\/"]}]},{"@type":"ImageObject","inLanguage":"fr-FR","@id":"http:\/\/www.tcsl.fr\/index.php\/competitions\/informations-competitions\/#primaryimage","url":"https:\/\/www.tcsl.fr\/wp-content\/uploads\/2016\/10\/Infos-competition-coupes.jpg","contentUrl":"https:\/\/www.tcsl.fr\/wp-content\/uploads\/2016\/10\/Infos-competition-coupes.jpg","width":780,"height":1080,"caption":"????"},{"@type":"BreadcrumbList","@id":"http:\/\/www.tcsl.fr\/index.php\/competitions\/informations-competitions\/#breadcrumb","itemListElement":[{"@type":"ListItem","position":1,"name":"Accueil","item":"http:\/\/www.tcsl.fr\/"},{"@type":"ListItem","position":2,"name":"Comp\u00e9titions","item":"https:\/\/www.tcsl.fr\/index.php\/competitions\/"},{"@type":"ListItem","position":3,"name":"Informations comp\u00e9titions"}]},{"@type":"WebSite","@id":"http:\/\/www.tcsl.fr\/#website","url":"http:\/\/www.tcsl.fr\/","name":"TCSL","description":"Le site du Tir Club Stade Laurentin","publisher":{"@id":"http:\/\/www.tcsl.fr\/#organization"},"potentialAction":[{"@type":"SearchAction","target":{"@type":"EntryPoint","urlTemplate":"http:\/\/www.tcsl.fr\/?s={search_term_string}"},"query-input":{"@type":"PropertyValueSpecification","valueRequired":true,"valueName":"search_term_string"}}],"inLanguage":"fr-FR"},{"@type":"Organization","@id":"http:\/\/www.tcsl.fr\/#organization","name":"TCSL","url":"http:\/\/www.tcsl.fr\/","logo":{"@type":"ImageObject","inLanguage":"fr-FR","@id":"http:\/\/www.tcsl.fr\/#\/schema\/logo\/image\/","url":"https:\/\/www.tcsl.fr\/wp-content\/uploads\/2024\/10\/cropped-cropped-cropped-cropped-cropped-logo-lettrage-degrade-rouge-et-blanc-fond-bleu-300x123-1.jpg","contentUrl":"https:\/\/www.tcsl.fr\/wp-content\/uploads\/2024\/10\/cropped-cropped-cropped-cropped-cropped-logo-lettrage-degrade-rouge-et-blanc-fond-bleu-300x123-1.jpg","width":240,"height":98,"caption":"TCSL"},"image":{"@id":"http:\/\/www.tcsl.fr\/#\/schema\/logo\/image\/"}}]}},"_links":{"self":[{"href":"https:\/\/www.tcsl.fr\/index.php\/wp-json\/wp\/v2\/pages\/1034","targetHints":{"allow":["GET"]}}],"collection":[{"href":"https:\/\/www.tcsl.fr\/index.php\/wp-json\/wp\/v2\/pages"}],"about":[{"href":"https:\/\/www.tcsl.fr\/index.php\/wp-json\/wp\/v2\/types\/page"}],"author":[{"embeddable":true,"href":"https:\/\/www.tcsl.fr\/index.php\/wp-json\/wp\/v2\/users\/1"}],"replies":[{"embeddable":true,"href":"https:\/\/www.tcsl.fr\/index.php\/wp-json\/wp\/v2\/comments?post=1034"}],"version-history":[{"count":4,"href":"https:\/\/www.tcsl.fr\/index.php\/wp-json\/wp\/v2\/pages\/1034\/revisions"}],"predecessor-version":[{"id":1069,"href":"https:\/\/www.tcsl.fr\/index.php\/wp-json\/wp\/v2\/pages\/1034\/revisions\/1069"}],"up":[{"embeddable":true,"href":"https:\/\/www.tcsl.fr\/index.php\/wp-json\/wp\/v2\/pages\/1038"}],"wp:attachment":[{"href":"https:\/\/www.tcsl.fr\/index.php\/wp-json\/wp\/v2\/media?parent=1034"}],"curies":[{"name":"wp","href":"https:\/\/api.w.org\/{rel}","templated":true}]}}