{"id":1290,"date":"2016-10-12T13:54:48","date_gmt":"2016-10-12T11:54:48","guid":{"rendered":"http:\/\/www.tcsl.fr\/?page_id=1290"},"modified":"2016-10-12T14:44:40","modified_gmt":"2016-10-12T12:44:40","slug":"lecole-de-tir","status":"publish","type":"page","link":"https:\/\/www.tcsl.fr\/index.php\/les-disciplines\/lecole-de-tir\/lecole-de-tir\/","title":{"rendered":"L\u2019\u00c9cole de Tir"},"content":{"rendered":"<p>Les \u00c9coles de Tir sont n\u00e9es, il y a plus de 20 ans, pour permettre aux enfants d\u2019acc\u00e9der \u00e0 la pratique du tir sportif. La p\u00e9dagogie est adapt\u00e9e aux jeunes pratiquants d\u00e8s l\u2019 \u00e2ge de 8 ans.<\/p>\n<p>Class\u00e9 sport \u00e0 risque en raison de l&rsquo;utilisation d&rsquo;armes et contrairement aux id\u00e9es re\u00e7ues, le tir n&rsquo;est pas plus dangereux que d\u2019autres pratiques et les accidents li\u00e9s au tir sportif sont rarissimes.<\/p>\n<p>Au TCSL, l&rsquo;apprentissage au maniement d&rsquo;une arme se fait en toute s\u00e9curit\u00e9, l&rsquo;encadrement et la formation sont assur\u00e9s par des Entra\u00eeneurs, des Initiateurs et des Animateurs labellis\u00e9s par la F\u00e9d\u00e9ration Fran\u00e7aise de Tir et form\u00e9s de mani\u00e8re rigoureuse au respect des r\u00e8gles de s\u00e9curit\u00e9.<\/p>\n<p>Que l\u2019enfant se dirige vers du loisir ou de la comp\u00e9tition, la pratique du Tir sportif n\u00e9cessite le respect de r\u00e8gles intangibles de s\u00e9curit\u00e9 en toutes circonstances et la connaissance des principaux fondamentaux techniques.<\/p>\n<p>C\u2019est aussi une \u00e9cole de concentration et de ma\u00eetrise de soi bas\u00e9e sur les valeurs du sport, de respect des autres, de pratique en toute s\u00e9curit\u00e9 mais aussi de convivialit\u00e9.<\/p>\n<p>Id\u00e9ale pour apprendre \u00e0 g\u00e9rer le stress, elle favorise aussi l\u2019autonomie, la responsabilit\u00e9.<\/p>\n<p>M\u00eame si on associe plut\u00f4t le tir sportif \u00e0 une pratique individuelle, partager l\u2019apprentissage au sein de l\u2019\u00e9cole de tir favorise l\u2019int\u00e9gration et d\u00e9veloppe l\u2019esprit d\u2019\u00e9quipe.<\/p>\n<p><strong>Modalit\u00e9s d\u2019apprentissage\u00a0:<\/strong><\/p>\n<ul>\n<li>Sur cible \u00e0 10 m, \u00e0 la carabine ou au pistolet \u00e0 air comprim\u00e9 qui sont les disciplines privil\u00e9gi\u00e9es pour permettre d\u2019assimiler les techniques de base et pr\u00e9parer le jeune tireur \u00e0 d\u2019autres disciplines.<\/li>\n<\/ul>\n<p><strong>M\u00e9thode progressive\u00a0:<\/strong><\/p>\n<ul>\n<li>D\u00e9couverte des r\u00e8gles de s\u00e9curit\u00e9 et de l\u2019activit\u00e9.<\/li>\n<li>D\u00e9couverte de la carabine et du pistolet.<\/li>\n<li>Apprentissage de l&rsquo;autonomie et des fondamentaux.<\/li>\n<li>R\u00e9gularisation des fondamentaux et approche de la comp\u00e9tition.<\/li>\n<li>Analyse des \u00e9l\u00e9ments de la technique de base.<\/li>\n<\/ul>\n<p><strong>Validation des apprentissages \u00c9cole de tir\u00a0<\/strong><strong>:<\/strong><\/p>\n<ul>\n<li>Le dispositif <a href=\"http:\/\/www.fftir.org\/fr\/dispositif\">Cibles Couleurs <\/a>comprend 7 niveaux (cible blanche &#8211; cible jaune &#8211; cible orange &#8211; cible verte &#8211; cible bleue &#8211; cible marron &#8211; cible arc-en-ciel) qui valide le niveau de pratique des jeunes tireurs et favorise leur progression vers les paliers sup\u00e9rieurs et la comp\u00e9tition.<\/li>\n<li>Chaque niveau fait l&rsquo;objet d&rsquo;un contr\u00f4le des connaissances qui sera enregistr\u00e9 dans le passeport individuel du jeune.<\/li>\n<\/ul>\n<p><strong>\u00a0<\/strong>Les s\u00e9ances de tir sont p\u00e9dagogiques et toujours ludiques pour une activit\u00e9 de plaisir.<\/p>\n<p>Notre motivation est de faire d\u00e9couvrir et partager avec des jeunes notre passion sportive.<\/p>\n<p>A L\u2019\u00e9cole de Tir, il n\u2019y a pas de \u00ab Petits \u00bb et de \u00ab Grands \u00bb, on apprend \u00e0 d\u00e9passer ses doutes, ce qui paraissait impossible et r\u00e9serv\u00e9 \u00e0 une \u00ab \u00e9lite \u00bb devient accessible gr\u00e2ce au travail et au s\u00e9rieux.<\/p>\n<p>Le TCSL tout entier accompagne ses jeunes tireurs dans cette pratique exigeante mais source de plaisir et de d\u00e9passement.<\/p>\n<p>.\u00a0\u00a0\u00a0\u00a0\u00a0\u00a0\u00a0\u00a0\u00a0\u00a0\u00a0\u00a0\u00a0\u00a0\u00a0\u00a0\u00a0\u00a0\u00a0\u00a0\u00a0\u00a0\u00a0\u00a0\u00a0\u00a0\u00a0\u00a0\u00a0\u00a0\u00a0\u00a0\u00a0\u00a0\u00a0\u00a0\u00a0\u00a0\u00a0\u00a0\u00a0\u00a0\u00a0\u00a0\u00a0\u00a0\u00a0\u00a0\u00a0\u00a0\u00a0\u00a0\u00a0\u00a0\u00a0\u00a0\u00a0\u00a0\u00a0\u00a0\u00a0\u00a0\u00a0\u00a0\u00a0\u00a0\u00a0\u00a0\u00a0\u00a0\u00a0\u00a0\u00a0\u00a0\u00a0\u00a0\u00a0\u00a0\u00a0\u00a0\u00a0 Christian CASSINI, Responsable \u00c9cole de Tir<\/p>\n","protected":false},"excerpt":{"rendered":"<p>Les \u00c9coles de Tir sont n\u00e9es, il y a plus de 20 ans, pour permettre aux enfants d\u2019acc\u00e9der \u00e0 la pratique du tir sportif. La p\u00e9dagogie est adapt\u00e9e aux jeunes pratiquants d\u00e8s l\u2019 \u00e2ge de 8 ans. Class\u00e9 sport \u00e0 risque en raison de l&rsquo;utilisation d&rsquo;armes et contrairement aux id\u00e9es re\u00e7ues, le tir n&rsquo;est pas [&hellip;]<\/p>\n","protected":false},"author":1,"featured_media":0,"parent":977,"menu_order":0,"comment_status":"closed","ping_status":"closed","template":"","meta":{"footnotes":""},"class_list":["post-1290","page","type-page","status-publish","hentry"],"yoast_head":"<!-- This site is optimized with the Yoast SEO plugin v27.5 - https:\/\/yoast.com\/product\/yoast-seo-wordpress\/ -->\n<title>L\u2019\u00c9cole de Tir - TCSL<\/title>\n<meta name=\"robots\" content=\"index, follow, max-snippet:-1, max-image-preview:large, max-video-preview:-1\" \/>\n<link rel=\"canonical\" href=\"https:\/\/www.tcsl.fr\/index.php\/les-disciplines\/lecole-de-tir\/lecole-de-tir\/\" \/>\n<meta property=\"og:locale\" content=\"fr_FR\" \/>\n<meta property=\"og:type\" content=\"article\" \/>\n<meta property=\"og:title\" content=\"L\u2019\u00c9cole de Tir - TCSL\" \/>\n<meta property=\"og:description\" content=\"Les \u00c9coles de Tir sont n\u00e9es, il y a plus de 20 ans, pour permettre aux enfants d\u2019acc\u00e9der \u00e0 la pratique du tir sportif. La p\u00e9dagogie est adapt\u00e9e aux jeunes pratiquants d\u00e8s l\u2019 \u00e2ge de 8 ans. Class\u00e9 sport \u00e0 risque en raison de l&rsquo;utilisation d&rsquo;armes et contrairement aux id\u00e9es re\u00e7ues, le tir n&rsquo;est pas [&hellip;]\" \/>\n<meta property=\"og:url\" content=\"https:\/\/www.tcsl.fr\/index.php\/les-disciplines\/lecole-de-tir\/lecole-de-tir\/\" \/>\n<meta property=\"og:site_name\" content=\"TCSL\" \/>\n<meta property=\"article:modified_time\" content=\"2016-10-12T12:44:40+00:00\" \/>\n<meta name=\"twitter:card\" content=\"summary_large_image\" \/>\n<meta name=\"twitter:label1\" content=\"Dur\u00e9e de lecture estim\u00e9e\" \/>\n\t<meta name=\"twitter:data1\" content=\"3 minutes\" \/>\n<script type=\"application\/ld+json\" class=\"yoast-schema-graph\">{\"@context\":\"https:\\\/\\\/schema.org\",\"@graph\":[{\"@type\":\"WebPage\",\"@id\":\"https:\\\/\\\/www.tcsl.fr\\\/index.php\\\/les-disciplines\\\/lecole-de-tir\\\/lecole-de-tir\\\/\",\"url\":\"https:\\\/\\\/www.tcsl.fr\\\/index.php\\\/les-disciplines\\\/lecole-de-tir\\\/lecole-de-tir\\\/\",\"name\":\"L\u2019\u00c9cole de Tir - TCSL\",\"isPartOf\":{\"@id\":\"https:\\\/\\\/www.tcsl.fr\\\/#website\"},\"datePublished\":\"2016-10-12T11:54:48+00:00\",\"dateModified\":\"2016-10-12T12:44:40+00:00\",\"breadcrumb\":{\"@id\":\"https:\\\/\\\/www.tcsl.fr\\\/index.php\\\/les-disciplines\\\/lecole-de-tir\\\/lecole-de-tir\\\/#breadcrumb\"},\"inLanguage\":\"fr-FR\",\"potentialAction\":[{\"@type\":\"ReadAction\",\"target\":[\"https:\\\/\\\/www.tcsl.fr\\\/index.php\\\/les-disciplines\\\/lecole-de-tir\\\/lecole-de-tir\\\/\"]}]},{\"@type\":\"BreadcrumbList\",\"@id\":\"https:\\\/\\\/www.tcsl.fr\\\/index.php\\\/les-disciplines\\\/lecole-de-tir\\\/lecole-de-tir\\\/#breadcrumb\",\"itemListElement\":[{\"@type\":\"ListItem\",\"position\":1,\"name\":\"Accueil\",\"item\":\"https:\\\/\\\/www.tcsl.fr\\\/\"},{\"@type\":\"ListItem\",\"position\":2,\"name\":\"Les Disciplines\",\"item\":\"https:\\\/\\\/www.tcsl.fr\\\/index.php\\\/les-disciplines\\\/\"},{\"@type\":\"ListItem\",\"position\":3,\"name\":\"\u00c9cole de Tir\",\"item\":\"https:\\\/\\\/www.tcsl.fr\\\/index.php\\\/les-disciplines\\\/lecole-de-tir\\\/\"},{\"@type\":\"ListItem\",\"position\":4,\"name\":\"L\u2019\u00c9cole de Tir\"}]},{\"@type\":\"WebSite\",\"@id\":\"https:\\\/\\\/www.tcsl.fr\\\/#website\",\"url\":\"https:\\\/\\\/www.tcsl.fr\\\/\",\"name\":\"TCSL\",\"description\":\"Le site du Tir Club Stade Laurentin\",\"publisher\":{\"@id\":\"https:\\\/\\\/www.tcsl.fr\\\/#organization\"},\"potentialAction\":[{\"@type\":\"SearchAction\",\"target\":{\"@type\":\"EntryPoint\",\"urlTemplate\":\"https:\\\/\\\/www.tcsl.fr\\\/?s={search_term_string}\"},\"query-input\":{\"@type\":\"PropertyValueSpecification\",\"valueRequired\":true,\"valueName\":\"search_term_string\"}}],\"inLanguage\":\"fr-FR\"},{\"@type\":\"Organization\",\"@id\":\"https:\\\/\\\/www.tcsl.fr\\\/#organization\",\"name\":\"TCSL\",\"url\":\"https:\\\/\\\/www.tcsl.fr\\\/\",\"logo\":{\"@type\":\"ImageObject\",\"inLanguage\":\"fr-FR\",\"@id\":\"https:\\\/\\\/www.tcsl.fr\\\/#\\\/schema\\\/logo\\\/image\\\/\",\"url\":\"https:\\\/\\\/www.tcsl.fr\\\/wp-content\\\/uploads\\\/2024\\\/10\\\/cropped-cropped-cropped-cropped-cropped-logo-lettrage-degrade-rouge-et-blanc-fond-bleu-300x123-1.jpg\",\"contentUrl\":\"https:\\\/\\\/www.tcsl.fr\\\/wp-content\\\/uploads\\\/2024\\\/10\\\/cropped-cropped-cropped-cropped-cropped-logo-lettrage-degrade-rouge-et-blanc-fond-bleu-300x123-1.jpg\",\"width\":240,\"height\":98,\"caption\":\"TCSL\"},\"image\":{\"@id\":\"https:\\\/\\\/www.tcsl.fr\\\/#\\\/schema\\\/logo\\\/image\\\/\"}}]}<\/script>\n<!-- \/ Yoast SEO plugin. -->","yoast_head_json":{"title":"L\u2019\u00c9cole de Tir - TCSL","robots":{"index":"index","follow":"follow","max-snippet":"max-snippet:-1","max-image-preview":"max-image-preview:large","max-video-preview":"max-video-preview:-1"},"canonical":"https:\/\/www.tcsl.fr\/index.php\/les-disciplines\/lecole-de-tir\/lecole-de-tir\/","og_locale":"fr_FR","og_type":"article","og_title":"L\u2019\u00c9cole de Tir - TCSL","og_description":"Les \u00c9coles de Tir sont n\u00e9es, il y a plus de 20 ans, pour permettre aux enfants d\u2019acc\u00e9der \u00e0 la pratique du tir sportif. La p\u00e9dagogie est adapt\u00e9e aux jeunes pratiquants d\u00e8s l\u2019 \u00e2ge de 8 ans. Class\u00e9 sport \u00e0 risque en raison de l&rsquo;utilisation d&rsquo;armes et contrairement aux id\u00e9es re\u00e7ues, le tir n&rsquo;est pas [&hellip;]","og_url":"https:\/\/www.tcsl.fr\/index.php\/les-disciplines\/lecole-de-tir\/lecole-de-tir\/","og_site_name":"TCSL","article_modified_time":"2016-10-12T12:44:40+00:00","twitter_card":"summary_large_image","twitter_misc":{"Dur\u00e9e de lecture estim\u00e9e":"3 minutes"},"schema":{"@context":"https:\/\/schema.org","@graph":[{"@type":"WebPage","@id":"https:\/\/www.tcsl.fr\/index.php\/les-disciplines\/lecole-de-tir\/lecole-de-tir\/","url":"https:\/\/www.tcsl.fr\/index.php\/les-disciplines\/lecole-de-tir\/lecole-de-tir\/","name":"L\u2019\u00c9cole de Tir - TCSL","isPartOf":{"@id":"https:\/\/www.tcsl.fr\/#website"},"datePublished":"2016-10-12T11:54:48+00:00","dateModified":"2016-10-12T12:44:40+00:00","breadcrumb":{"@id":"https:\/\/www.tcsl.fr\/index.php\/les-disciplines\/lecole-de-tir\/lecole-de-tir\/#breadcrumb"},"inLanguage":"fr-FR","potentialAction":[{"@type":"ReadAction","target":["https:\/\/www.tcsl.fr\/index.php\/les-disciplines\/lecole-de-tir\/lecole-de-tir\/"]}]},{"@type":"BreadcrumbList","@id":"https:\/\/www.tcsl.fr\/index.php\/les-disciplines\/lecole-de-tir\/lecole-de-tir\/#breadcrumb","itemListElement":[{"@type":"ListItem","position":1,"name":"Accueil","item":"https:\/\/www.tcsl.fr\/"},{"@type":"ListItem","position":2,"name":"Les Disciplines","item":"https:\/\/www.tcsl.fr\/index.php\/les-disciplines\/"},{"@type":"ListItem","position":3,"name":"\u00c9cole de Tir","item":"https:\/\/www.tcsl.fr\/index.php\/les-disciplines\/lecole-de-tir\/"},{"@type":"ListItem","position":4,"name":"L\u2019\u00c9cole de Tir"}]},{"@type":"WebSite","@id":"https:\/\/www.tcsl.fr\/#website","url":"https:\/\/www.tcsl.fr\/","name":"TCSL","description":"Le site du Tir Club Stade Laurentin","publisher":{"@id":"https:\/\/www.tcsl.fr\/#organization"},"potentialAction":[{"@type":"SearchAction","target":{"@type":"EntryPoint","urlTemplate":"https:\/\/www.tcsl.fr\/?s={search_term_string}"},"query-input":{"@type":"PropertyValueSpecification","valueRequired":true,"valueName":"search_term_string"}}],"inLanguage":"fr-FR"},{"@type":"Organization","@id":"https:\/\/www.tcsl.fr\/#organization","name":"TCSL","url":"https:\/\/www.tcsl.fr\/","logo":{"@type":"ImageObject","inLanguage":"fr-FR","@id":"https:\/\/www.tcsl.fr\/#\/schema\/logo\/image\/","url":"https:\/\/www.tcsl.fr\/wp-content\/uploads\/2024\/10\/cropped-cropped-cropped-cropped-cropped-logo-lettrage-degrade-rouge-et-blanc-fond-bleu-300x123-1.jpg","contentUrl":"https:\/\/www.tcsl.fr\/wp-content\/uploads\/2024\/10\/cropped-cropped-cropped-cropped-cropped-logo-lettrage-degrade-rouge-et-blanc-fond-bleu-300x123-1.jpg","width":240,"height":98,"caption":"TCSL"},"image":{"@id":"https:\/\/www.tcsl.fr\/#\/schema\/logo\/image\/"}}]}},"_links":{"self":[{"href":"https:\/\/www.tcsl.fr\/index.php\/wp-json\/wp\/v2\/pages\/1290","targetHints":{"allow":["GET"]}}],"collection":[{"href":"https:\/\/www.tcsl.fr\/index.php\/wp-json\/wp\/v2\/pages"}],"about":[{"href":"https:\/\/www.tcsl.fr\/index.php\/wp-json\/wp\/v2\/types\/page"}],"author":[{"embeddable":true,"href":"https:\/\/www.tcsl.fr\/index.php\/wp-json\/wp\/v2\/users\/1"}],"replies":[{"embeddable":true,"href":"https:\/\/www.tcsl.fr\/index.php\/wp-json\/wp\/v2\/comments?post=1290"}],"version-history":[{"count":4,"href":"https:\/\/www.tcsl.fr\/index.php\/wp-json\/wp\/v2\/pages\/1290\/revisions"}],"predecessor-version":[{"id":1320,"href":"https:\/\/www.tcsl.fr\/index.php\/wp-json\/wp\/v2\/pages\/1290\/revisions\/1320"}],"up":[{"embeddable":true,"href":"https:\/\/www.tcsl.fr\/index.php\/wp-json\/wp\/v2\/pages\/977"}],"wp:attachment":[{"href":"https:\/\/www.tcsl.fr\/index.php\/wp-json\/wp\/v2\/media?parent=1290"}],"curies":[{"name":"wp","href":"https:\/\/api.w.org\/{rel}","templated":true}]}}