{"id":1295,"date":"2016-10-12T14:14:29","date_gmt":"2016-10-12T12:14:29","guid":{"rendered":"http:\/\/www.tcsl.fr\/?page_id=1295"},"modified":"2016-10-12T14:45:21","modified_gmt":"2016-10-12T12:45:21","slug":"categories-dages-ecole-de-tir","status":"publish","type":"page","link":"https:\/\/www.tcsl.fr\/index.php\/les-disciplines\/lecole-de-tir\/categories-dages-ecole-de-tir\/","title":{"rendered":"Cat\u00e9gories d\u2019\u00e2ges \u00c9cole de Tir"},"content":{"rendered":"<p style=\"text-align: left;\">Le tir peut se pratiquer d\u00e8s 8 ans.<\/p>\n<p style=\"text-align: left;\">Les enfants de cet \u00e2ge ne poss\u00e9dant pas la morphologie et la musculature pour supporter une arme d\u2019adulte, la F\u00e9d\u00e9ration a mis en place un syst\u00e8me de progression gr\u00e2ce \u00e0 des aides modulables en fonction de l\u2019\u00e2ge et du niveau des pratiquants.<\/p>\n<p><strong>Tous les tirs s\u2019effectuent \u00e0 10 m avec des armes \u00e0 air comprim\u00e9.<br \/>\n<\/strong><\/p>\n<p><strong>Les disciplines pratiqu\u00e9es sont\u00a0: <\/strong><span style=\"color: #ff0000;\"><strong>Pistolet et Carabine 10 m.<\/strong><\/span><\/p>\n<p>Les cibles utilis\u00e9es sont les m\u00eames que pour les adultes et toujours plac\u00e9es \u00e0 10 m du tireur.<\/p>\n<p>Les cat\u00e9gories d&rsquo;\u00e2ge concern\u00e9es par les \u00c9coles de Tir sont Poussins, Benjamins et Minimes mais le nombre de coups varie en fonction de celles-ci.<\/p>\n<p><strong>Poussins gar\u00e7ons et filles &lt; \u00e0 10 ans<\/strong>.<\/p>\n<ul>\n<li>30 plombs tir\u00e9s en 40 mn &#8211; Cible papier ou \u00e9lectronique<\/li>\n<\/ul>\n<p>Le tireur est debout. L\u2019arme repose sur le bloc ressort. Ce syst\u00e8me permet aux Poussins de tirer dans les m\u00eames conditions que les \u00ab\u00a0grands\u00a0\u00bb, sans avoir \u00e0 supporter le poids de l\u2019arme.<\/p>\n<p><img loading=\"lazy\" decoding=\"async\" class=\"size-medium wp-image-1247 aligncenter\" src=\"http:\/\/www.tcsl.fr\/wp-content\/uploads\/2016\/10\/support-10m-pistolet-3-300x287.jpg\" alt=\"support-10m-pistolet\" width=\"300\" height=\"287\" srcset=\"https:\/\/www.tcsl.fr\/wp-content\/uploads\/2016\/10\/support-10m-pistolet-3-300x287.jpg 300w, https:\/\/www.tcsl.fr\/wp-content\/uploads\/2016\/10\/support-10m-pistolet-3.jpg 715w\" sizes=\"auto, (max-width: 300px) 100vw, 300px\" \/><img loading=\"lazy\" decoding=\"async\" class=\"size-medium wp-image-1246 aligncenter\" src=\"http:\/\/www.tcsl.fr\/wp-content\/uploads\/2016\/10\/Support-10m-carabine-2-267x300.jpg\" alt=\"support-10m-carabine\" width=\"267\" height=\"300\" srcset=\"https:\/\/www.tcsl.fr\/wp-content\/uploads\/2016\/10\/Support-10m-carabine-2-267x300.jpg 267w, https:\/\/www.tcsl.fr\/wp-content\/uploads\/2016\/10\/Support-10m-carabine-2.jpg 351w\" sizes=\"auto, (max-width: 267px) 100vw, 267px\" \/><\/p>\n<p><em><u>La tenue vestimentaire<\/u><\/em>.<\/p>\n<p>Les v\u00eatements de tir renforc\u00e9s et les chaussures de tir sont interdits (chaussures basses ne couvrant pas l\u2019os de la cheville autoris\u00e9es).<\/p>\n<p>Pour la carabine\u00a0: gant de tir autoris\u00e9.<\/p>\n<p><strong>Benjamins gar\u00e7ons et filles entre 11 et 12 ans<\/strong><\/p>\n<ul>\n<li>30 plombs tir\u00e9s en 40 mn &#8211; Cible papier ou \u00e9lectronique<\/li>\n<\/ul>\n<p>Le tireur est debout. Le support modulable (poulies et contrepoids) est pos\u00e9 sur la table de tir. L\u2019arme repose sur le crochet. Ce syst\u00e8me permet aux Benjamins de n\u2019avoir \u00e0 supporter qu\u2019une partie du poids de l\u2019arme, mais ils sont d\u00e9j\u00e0 confront\u00e9s aux difficult\u00e9s du tir debout.<\/p>\n<p><img loading=\"lazy\" decoding=\"async\" class=\"wp-image-1245 aligncenter\" src=\"http:\/\/www.tcsl.fr\/wp-content\/uploads\/2016\/10\/Potence-1-3-258x300.jpg\" alt=\"potence\" width=\"258\" height=\"300\" srcset=\"https:\/\/www.tcsl.fr\/wp-content\/uploads\/2016\/10\/Potence-1-3-258x300.jpg 258w, https:\/\/www.tcsl.fr\/wp-content\/uploads\/2016\/10\/Potence-1-3-768x894.jpg 768w, https:\/\/www.tcsl.fr\/wp-content\/uploads\/2016\/10\/Potence-1-3.jpg 839w\" sizes=\"auto, (max-width: 258px) 100vw, 258px\" \/><\/p>\n<p><em><u>La tenue vestimentaire<\/u><\/em>.<\/p>\n<p>Idem que pour les Poussins.<\/p>\n<p><strong>Minimes gar\u00e7ons et filles entre 13 et 14 ans<\/strong><\/p>\n<ul>\n<li>40 plombs tir\u00e9s en 50 mn sur cible \u00e9lectronique, en 60 mn sur cible papier.<\/li>\n<\/ul>\n<p>Le tireur est debout, sans aucune aide mat\u00e9rielle.<\/p>\n<p>Le tir s\u2019effectue de la m\u00eame mani\u00e8re que les \u00ab\u00a0grands\u00a0\u00bb.<\/p>\n<p>La tenue vestimentaire pour le pistolet et la carabine doit respecter les m\u00eames contraintes r\u00e9glementaires que pour les adultes.<\/p>\n","protected":false},"excerpt":{"rendered":"<p>Le tir peut se pratiquer d\u00e8s 8 ans. Les enfants de cet \u00e2ge ne poss\u00e9dant pas la morphologie et la musculature pour supporter une arme d\u2019adulte, la F\u00e9d\u00e9ration a mis en place un syst\u00e8me de progression gr\u00e2ce \u00e0 des aides modulables en fonction de l\u2019\u00e2ge et du niveau des pratiquants. Tous les tirs s\u2019effectuent \u00e0 [&hellip;]<\/p>\n","protected":false},"author":1,"featured_media":0,"parent":977,"menu_order":0,"comment_status":"closed","ping_status":"closed","template":"","meta":{"footnotes":""},"class_list":["post-1295","page","type-page","status-publish","hentry"],"yoast_head":"<!-- This site is optimized with the Yoast SEO plugin v27.5 - https:\/\/yoast.com\/product\/yoast-seo-wordpress\/ -->\n<title>Cat\u00e9gories d\u2019\u00e2ges \u00c9cole de Tir - TCSL<\/title>\n<meta name=\"robots\" content=\"index, follow, max-snippet:-1, max-image-preview:large, max-video-preview:-1\" \/>\n<link rel=\"canonical\" href=\"https:\/\/www.tcsl.fr\/index.php\/les-disciplines\/lecole-de-tir\/categories-dages-ecole-de-tir\/\" \/>\n<meta property=\"og:locale\" content=\"fr_FR\" \/>\n<meta property=\"og:type\" content=\"article\" \/>\n<meta property=\"og:title\" content=\"Cat\u00e9gories d\u2019\u00e2ges \u00c9cole de Tir - TCSL\" \/>\n<meta property=\"og:description\" content=\"Le tir peut se pratiquer d\u00e8s 8 ans. Les enfants de cet \u00e2ge ne poss\u00e9dant pas la morphologie et la musculature pour supporter une arme d\u2019adulte, la F\u00e9d\u00e9ration a mis en place un syst\u00e8me de progression gr\u00e2ce \u00e0 des aides modulables en fonction de l\u2019\u00e2ge et du niveau des pratiquants. Tous les tirs s\u2019effectuent \u00e0 [&hellip;]\" \/>\n<meta property=\"og:url\" content=\"https:\/\/www.tcsl.fr\/index.php\/les-disciplines\/lecole-de-tir\/categories-dages-ecole-de-tir\/\" \/>\n<meta property=\"og:site_name\" content=\"TCSL\" \/>\n<meta property=\"article:modified_time\" content=\"2016-10-12T12:45:21+00:00\" \/>\n<meta property=\"og:image\" content=\"http:\/\/www.tcsl.fr\/wp-content\/uploads\/2016\/10\/support-10m-pistolet-3-300x287.jpg\" \/>\n<meta name=\"twitter:card\" content=\"summary_large_image\" \/>\n<meta name=\"twitter:label1\" content=\"Dur\u00e9e de lecture estim\u00e9e\" \/>\n\t<meta name=\"twitter:data1\" content=\"2 minutes\" \/>\n<script type=\"application\/ld+json\" class=\"yoast-schema-graph\">{\"@context\":\"https:\\\/\\\/schema.org\",\"@graph\":[{\"@type\":\"WebPage\",\"@id\":\"https:\\\/\\\/www.tcsl.fr\\\/index.php\\\/les-disciplines\\\/lecole-de-tir\\\/categories-dages-ecole-de-tir\\\/\",\"url\":\"https:\\\/\\\/www.tcsl.fr\\\/index.php\\\/les-disciplines\\\/lecole-de-tir\\\/categories-dages-ecole-de-tir\\\/\",\"name\":\"Cat\u00e9gories d\u2019\u00e2ges \u00c9cole de Tir - TCSL\",\"isPartOf\":{\"@id\":\"http:\\\/\\\/www.tcsl.fr\\\/#website\"},\"primaryImageOfPage\":{\"@id\":\"https:\\\/\\\/www.tcsl.fr\\\/index.php\\\/les-disciplines\\\/lecole-de-tir\\\/categories-dages-ecole-de-tir\\\/#primaryimage\"},\"image\":{\"@id\":\"https:\\\/\\\/www.tcsl.fr\\\/index.php\\\/les-disciplines\\\/lecole-de-tir\\\/categories-dages-ecole-de-tir\\\/#primaryimage\"},\"thumbnailUrl\":\"http:\\\/\\\/www.tcsl.fr\\\/wp-content\\\/uploads\\\/2016\\\/10\\\/support-10m-pistolet-3-300x287.jpg\",\"datePublished\":\"2016-10-12T12:14:29+00:00\",\"dateModified\":\"2016-10-12T12:45:21+00:00\",\"breadcrumb\":{\"@id\":\"https:\\\/\\\/www.tcsl.fr\\\/index.php\\\/les-disciplines\\\/lecole-de-tir\\\/categories-dages-ecole-de-tir\\\/#breadcrumb\"},\"inLanguage\":\"fr-FR\",\"potentialAction\":[{\"@type\":\"ReadAction\",\"target\":[\"https:\\\/\\\/www.tcsl.fr\\\/index.php\\\/les-disciplines\\\/lecole-de-tir\\\/categories-dages-ecole-de-tir\\\/\"]}]},{\"@type\":\"ImageObject\",\"inLanguage\":\"fr-FR\",\"@id\":\"https:\\\/\\\/www.tcsl.fr\\\/index.php\\\/les-disciplines\\\/lecole-de-tir\\\/categories-dages-ecole-de-tir\\\/#primaryimage\",\"url\":\"http:\\\/\\\/www.tcsl.fr\\\/wp-content\\\/uploads\\\/2016\\\/10\\\/support-10m-pistolet-3-300x287.jpg\",\"contentUrl\":\"http:\\\/\\\/www.tcsl.fr\\\/wp-content\\\/uploads\\\/2016\\\/10\\\/support-10m-pistolet-3-300x287.jpg\"},{\"@type\":\"BreadcrumbList\",\"@id\":\"https:\\\/\\\/www.tcsl.fr\\\/index.php\\\/les-disciplines\\\/lecole-de-tir\\\/categories-dages-ecole-de-tir\\\/#breadcrumb\",\"itemListElement\":[{\"@type\":\"ListItem\",\"position\":1,\"name\":\"Accueil\",\"item\":\"http:\\\/\\\/www.tcsl.fr\\\/\"},{\"@type\":\"ListItem\",\"position\":2,\"name\":\"Les Disciplines\",\"item\":\"http:\\\/\\\/www.tcsl.fr\\\/index.php\\\/les-disciplines\\\/\"},{\"@type\":\"ListItem\",\"position\":3,\"name\":\"\u00c9cole de Tir\",\"item\":\"https:\\\/\\\/www.tcsl.fr\\\/index.php\\\/les-disciplines\\\/lecole-de-tir\\\/\"},{\"@type\":\"ListItem\",\"position\":4,\"name\":\"Cat\u00e9gories d\u2019\u00e2ges \u00c9cole de Tir\"}]},{\"@type\":\"WebSite\",\"@id\":\"http:\\\/\\\/www.tcsl.fr\\\/#website\",\"url\":\"http:\\\/\\\/www.tcsl.fr\\\/\",\"name\":\"TCSL\",\"description\":\"Le site du Tir Club Stade Laurentin\",\"publisher\":{\"@id\":\"http:\\\/\\\/www.tcsl.fr\\\/#organization\"},\"potentialAction\":[{\"@type\":\"SearchAction\",\"target\":{\"@type\":\"EntryPoint\",\"urlTemplate\":\"http:\\\/\\\/www.tcsl.fr\\\/?s={search_term_string}\"},\"query-input\":{\"@type\":\"PropertyValueSpecification\",\"valueRequired\":true,\"valueName\":\"search_term_string\"}}],\"inLanguage\":\"fr-FR\"},{\"@type\":\"Organization\",\"@id\":\"http:\\\/\\\/www.tcsl.fr\\\/#organization\",\"name\":\"TCSL\",\"url\":\"http:\\\/\\\/www.tcsl.fr\\\/\",\"logo\":{\"@type\":\"ImageObject\",\"inLanguage\":\"fr-FR\",\"@id\":\"http:\\\/\\\/www.tcsl.fr\\\/#\\\/schema\\\/logo\\\/image\\\/\",\"url\":\"https:\\\/\\\/www.tcsl.fr\\\/wp-content\\\/uploads\\\/2024\\\/10\\\/cropped-cropped-cropped-cropped-cropped-logo-lettrage-degrade-rouge-et-blanc-fond-bleu-300x123-1.jpg\",\"contentUrl\":\"https:\\\/\\\/www.tcsl.fr\\\/wp-content\\\/uploads\\\/2024\\\/10\\\/cropped-cropped-cropped-cropped-cropped-logo-lettrage-degrade-rouge-et-blanc-fond-bleu-300x123-1.jpg\",\"width\":240,\"height\":98,\"caption\":\"TCSL\"},\"image\":{\"@id\":\"http:\\\/\\\/www.tcsl.fr\\\/#\\\/schema\\\/logo\\\/image\\\/\"}}]}<\/script>\n<!-- \/ Yoast SEO plugin. -->","yoast_head_json":{"title":"Cat\u00e9gories d\u2019\u00e2ges \u00c9cole de Tir - TCSL","robots":{"index":"index","follow":"follow","max-snippet":"max-snippet:-1","max-image-preview":"max-image-preview:large","max-video-preview":"max-video-preview:-1"},"canonical":"https:\/\/www.tcsl.fr\/index.php\/les-disciplines\/lecole-de-tir\/categories-dages-ecole-de-tir\/","og_locale":"fr_FR","og_type":"article","og_title":"Cat\u00e9gories d\u2019\u00e2ges \u00c9cole de Tir - TCSL","og_description":"Le tir peut se pratiquer d\u00e8s 8 ans. Les enfants de cet \u00e2ge ne poss\u00e9dant pas la morphologie et la musculature pour supporter une arme d\u2019adulte, la F\u00e9d\u00e9ration a mis en place un syst\u00e8me de progression gr\u00e2ce \u00e0 des aides modulables en fonction de l\u2019\u00e2ge et du niveau des pratiquants. Tous les tirs s\u2019effectuent \u00e0 [&hellip;]","og_url":"https:\/\/www.tcsl.fr\/index.php\/les-disciplines\/lecole-de-tir\/categories-dages-ecole-de-tir\/","og_site_name":"TCSL","article_modified_time":"2016-10-12T12:45:21+00:00","og_image":[{"url":"http:\/\/www.tcsl.fr\/wp-content\/uploads\/2016\/10\/support-10m-pistolet-3-300x287.jpg","type":"","width":"","height":""}],"twitter_card":"summary_large_image","twitter_misc":{"Dur\u00e9e de lecture estim\u00e9e":"2 minutes"},"schema":{"@context":"https:\/\/schema.org","@graph":[{"@type":"WebPage","@id":"https:\/\/www.tcsl.fr\/index.php\/les-disciplines\/lecole-de-tir\/categories-dages-ecole-de-tir\/","url":"https:\/\/www.tcsl.fr\/index.php\/les-disciplines\/lecole-de-tir\/categories-dages-ecole-de-tir\/","name":"Cat\u00e9gories d\u2019\u00e2ges \u00c9cole de Tir - TCSL","isPartOf":{"@id":"http:\/\/www.tcsl.fr\/#website"},"primaryImageOfPage":{"@id":"https:\/\/www.tcsl.fr\/index.php\/les-disciplines\/lecole-de-tir\/categories-dages-ecole-de-tir\/#primaryimage"},"image":{"@id":"https:\/\/www.tcsl.fr\/index.php\/les-disciplines\/lecole-de-tir\/categories-dages-ecole-de-tir\/#primaryimage"},"thumbnailUrl":"http:\/\/www.tcsl.fr\/wp-content\/uploads\/2016\/10\/support-10m-pistolet-3-300x287.jpg","datePublished":"2016-10-12T12:14:29+00:00","dateModified":"2016-10-12T12:45:21+00:00","breadcrumb":{"@id":"https:\/\/www.tcsl.fr\/index.php\/les-disciplines\/lecole-de-tir\/categories-dages-ecole-de-tir\/#breadcrumb"},"inLanguage":"fr-FR","potentialAction":[{"@type":"ReadAction","target":["https:\/\/www.tcsl.fr\/index.php\/les-disciplines\/lecole-de-tir\/categories-dages-ecole-de-tir\/"]}]},{"@type":"ImageObject","inLanguage":"fr-FR","@id":"https:\/\/www.tcsl.fr\/index.php\/les-disciplines\/lecole-de-tir\/categories-dages-ecole-de-tir\/#primaryimage","url":"http:\/\/www.tcsl.fr\/wp-content\/uploads\/2016\/10\/support-10m-pistolet-3-300x287.jpg","contentUrl":"http:\/\/www.tcsl.fr\/wp-content\/uploads\/2016\/10\/support-10m-pistolet-3-300x287.jpg"},{"@type":"BreadcrumbList","@id":"https:\/\/www.tcsl.fr\/index.php\/les-disciplines\/lecole-de-tir\/categories-dages-ecole-de-tir\/#breadcrumb","itemListElement":[{"@type":"ListItem","position":1,"name":"Accueil","item":"http:\/\/www.tcsl.fr\/"},{"@type":"ListItem","position":2,"name":"Les Disciplines","item":"http:\/\/www.tcsl.fr\/index.php\/les-disciplines\/"},{"@type":"ListItem","position":3,"name":"\u00c9cole de Tir","item":"https:\/\/www.tcsl.fr\/index.php\/les-disciplines\/lecole-de-tir\/"},{"@type":"ListItem","position":4,"name":"Cat\u00e9gories d\u2019\u00e2ges \u00c9cole de Tir"}]},{"@type":"WebSite","@id":"http:\/\/www.tcsl.fr\/#website","url":"http:\/\/www.tcsl.fr\/","name":"TCSL","description":"Le site du Tir Club Stade Laurentin","publisher":{"@id":"http:\/\/www.tcsl.fr\/#organization"},"potentialAction":[{"@type":"SearchAction","target":{"@type":"EntryPoint","urlTemplate":"http:\/\/www.tcsl.fr\/?s={search_term_string}"},"query-input":{"@type":"PropertyValueSpecification","valueRequired":true,"valueName":"search_term_string"}}],"inLanguage":"fr-FR"},{"@type":"Organization","@id":"http:\/\/www.tcsl.fr\/#organization","name":"TCSL","url":"http:\/\/www.tcsl.fr\/","logo":{"@type":"ImageObject","inLanguage":"fr-FR","@id":"http:\/\/www.tcsl.fr\/#\/schema\/logo\/image\/","url":"https:\/\/www.tcsl.fr\/wp-content\/uploads\/2024\/10\/cropped-cropped-cropped-cropped-cropped-logo-lettrage-degrade-rouge-et-blanc-fond-bleu-300x123-1.jpg","contentUrl":"https:\/\/www.tcsl.fr\/wp-content\/uploads\/2024\/10\/cropped-cropped-cropped-cropped-cropped-logo-lettrage-degrade-rouge-et-blanc-fond-bleu-300x123-1.jpg","width":240,"height":98,"caption":"TCSL"},"image":{"@id":"http:\/\/www.tcsl.fr\/#\/schema\/logo\/image\/"}}]}},"_links":{"self":[{"href":"https:\/\/www.tcsl.fr\/index.php\/wp-json\/wp\/v2\/pages\/1295","targetHints":{"allow":["GET"]}}],"collection":[{"href":"https:\/\/www.tcsl.fr\/index.php\/wp-json\/wp\/v2\/pages"}],"about":[{"href":"https:\/\/www.tcsl.fr\/index.php\/wp-json\/wp\/v2\/types\/page"}],"author":[{"embeddable":true,"href":"https:\/\/www.tcsl.fr\/index.php\/wp-json\/wp\/v2\/users\/1"}],"replies":[{"embeddable":true,"href":"https:\/\/www.tcsl.fr\/index.php\/wp-json\/wp\/v2\/comments?post=1295"}],"version-history":[{"count":3,"href":"https:\/\/www.tcsl.fr\/index.php\/wp-json\/wp\/v2\/pages\/1295\/revisions"}],"predecessor-version":[{"id":1321,"href":"https:\/\/www.tcsl.fr\/index.php\/wp-json\/wp\/v2\/pages\/1295\/revisions\/1321"}],"up":[{"embeddable":true,"href":"https:\/\/www.tcsl.fr\/index.php\/wp-json\/wp\/v2\/pages\/977"}],"wp:attachment":[{"href":"https:\/\/www.tcsl.fr\/index.php\/wp-json\/wp\/v2\/media?parent=1295"}],"curies":[{"name":"wp","href":"https:\/\/api.w.org\/{rel}","templated":true}]}}