{"id":1300,"date":"2016-10-12T14:28:52","date_gmt":"2016-10-12T12:28:52","guid":{"rendered":"http:\/\/www.tcsl.fr\/?page_id=1300"},"modified":"2016-10-12T14:46:17","modified_gmt":"2016-10-12T12:46:17","slug":"periode-de-preparation-et-aide-exterieure","status":"publish","type":"page","link":"https:\/\/www.tcsl.fr\/index.php\/les-disciplines\/lecole-de-tir\/periode-de-preparation-et-aide-exterieure\/","title":{"rendered":"P\u00e9riode de pr\u00e9paration et aide ext\u00e9rieure"},"content":{"rendered":"<p><strong><u>Installation au poste de tir<\/u><\/strong><u><br \/>\n<\/u><\/p>\n<p>Le tireur dispose au maximum de 15 min (pour toutes les \u00e9preuves de pr\u00e9cision carabine et pistolet, mise en place du bloc ressort ou support \u00e0 assistance modulable, plombs, cibles \u2026).<\/p>\n<p><strong><u>Ne pas sortir son arme avant d\u2019y avoir \u00e9t\u00e9 invit\u00e9 par l\u2019Arbitre<br \/>\n<\/u><\/strong><\/p>\n<ul>\n<li>Poser sa potence sur la tablette, sa bo\u00eete de plombs, <u>la mallette ferm\u00e9e contenant son arme<\/u><\/li>\n<li>Si tir sur cible carton :\n<ul>\n<li>Compter ses cibles (30 ou 40 + essai), v\u00e9rifier le suivi de leurs num\u00e9ros.<\/li>\n<li>Inscrire sur la fiche planning le 1<sup>er<\/sup> n\u00b0 du premier carton et le n\u00b0 du dernier carton.<\/li>\n<li>Les fiches seront ramass\u00e9es par l\u2019arbitre qui v\u00e9rifiera les num\u00e9ros d\u2019arme et de cartons ainsi que votre habillement.<\/li>\n<li>Faire des paquets de 10 cibles, ainsi que des paquets de 10 plombs.<\/li>\n<\/ul>\n<\/li>\n<\/ul>\n<p>Au commandement de l\u2019arbitre, sortir son arme de sa bo\u00eete de transport et la poser sur la tablette en s\u00e9curit\u00e9 (culasse ouverte + drapeau de s\u00e9curit\u00e9).<\/p>\n<p><strong>\u00ab Ajout du drapeau de s\u00e9curit\u00e9 d\u00e8s la sortie de l\u2019arme de sa bo\u00eete de transport et devra \u00eatre ins\u00e9r\u00e9 \u00e0 chaque sortie du poste de tir de l\u2019athl\u00e8te.\u00a0\u00bb<br \/>\n<\/strong><\/p>\n<p>Demander \u00e0 l\u2019arbitre si vous pouvez faire du tir \u00e0 sec. <u>Attention : pas <\/u><u>d\u00e9clenchement de la charge propulsive.<\/u><\/p>\n<p>S\u2019asseoir, commencer sa concentration, en attendant le passage de l\u2019arbitre qui prendra la fiche remplie et contr\u00f4lera si l\u2019arme qui est sur la tablette correspond \u00e0 celle inscrite sur la fiche.<strong><u><br \/>\n<\/u><\/strong><\/p>\n<p><strong><u>LES ESSAIS<\/u><\/strong> Carabine et pistolet<\/p>\n<p><strong>Poussin <\/strong>: <strong>Aucun contact entre l\u2019arme et les c\u00f4t\u00e9s du support en \u00ab U \u00bb. <\/strong><\/p>\n<p><strong>Benjamin <\/strong>: <strong>L\u2019arme peut toucher un seul c\u00f4t\u00e9 du crochet.<\/strong><\/p>\n<p><strong>Les essais sont illimit\u00e9s pendant la p\u00e9riode de pr\u00e9paration et essais de 10 min.<\/strong><\/p>\n<p><strong>Commandemen<\/strong>t :Tireurs vous avez 10 min de pr\u00e9paration et d\u2019essais<\/p>\n<ul>\n<li>Si tir sur cible carton<\/li>\n<\/ul>\n<p>Prendre la 1\u00e8re cible d\u2019essai et tirer 3 \u00e0 5 plombs sans se pr\u00e9cipiter, s\u2019il le faut, faire un r\u00e9glage des\u00a0 instruments\u00a0de vis\u00e9e ; retirer 3 \u00e0 5 plombs, v\u00e9rifier le d\u00e9placement du tir, continuer si besoin les tirs d\u2019\u00e9chauffement. Une fois les r\u00e9glages termin\u00e9s, mettre les cibles d\u2019essais de c\u00f4t\u00e9.<\/p>\n<ul>\n<li>Si tir sur cible \u00e9lectronique<\/li>\n<\/ul>\n<p>V\u00e9rifier sur l\u2019\u00e9cran votre Nom, Pr\u00e9nom et club.<\/p>\n<p><strong>Commandemen<\/strong>t : Tireurs vous avez 10 min de pr\u00e9paration et d\u2019essais<\/p>\n<p>Le chronom\u00e8tre de votre \u00e9cran de contr\u00f4le d\u00e9marre ; tirer 3 \u00e0 5 plombs sans se pr\u00e9cipiter, s\u2019il le faut, faire un r\u00e9glage des instruments\u00a0de vis\u00e9e ; retirer 3 \u00e0 5 plombs, v\u00e9rifier le d\u00e9placement du tir, continuer si besoin les tirs d\u2019\u00e9chauffement.<\/p>\n<p><strong>Commandemen<\/strong>t: Il vous reste 30 s avant la fin des essais<\/p>\n<p><strong>Commandemen<\/strong>t : Stop<\/p>\n<p>Arr\u00eat du chronom\u00e8tre remise \u00e0 z\u00e9ro.<\/p>\n<p><strong>S\u2019asseoir et attendre le commandement de l\u2019arbitre pour le d\u00e9but du tir officiel.<\/strong><\/p>\n","protected":false},"excerpt":{"rendered":"<p>Installation au poste de tir Le tireur dispose au maximum de 15 min (pour toutes les \u00e9preuves de pr\u00e9cision carabine et pistolet, mise en place du bloc ressort ou support \u00e0 assistance modulable, plombs, cibles \u2026). Ne pas sortir son arme avant d\u2019y avoir \u00e9t\u00e9 invit\u00e9 par l\u2019Arbitre Poser sa potence sur la tablette, sa [&hellip;]<\/p>\n","protected":false},"author":1,"featured_media":0,"parent":977,"menu_order":0,"comment_status":"closed","ping_status":"closed","template":"","meta":{"footnotes":""},"class_list":["post-1300","page","type-page","status-publish","hentry"],"yoast_head":"<!-- This site is optimized with the Yoast SEO plugin v27.5 - https:\/\/yoast.com\/product\/yoast-seo-wordpress\/ -->\n<title>P\u00e9riode de pr\u00e9paration et aide ext\u00e9rieure - TCSL<\/title>\n<meta name=\"robots\" content=\"index, follow, max-snippet:-1, max-image-preview:large, max-video-preview:-1\" \/>\n<link rel=\"canonical\" href=\"https:\/\/www.tcsl.fr\/index.php\/les-disciplines\/lecole-de-tir\/periode-de-preparation-et-aide-exterieure\/\" \/>\n<meta property=\"og:locale\" content=\"fr_FR\" \/>\n<meta property=\"og:type\" content=\"article\" \/>\n<meta property=\"og:title\" content=\"P\u00e9riode de pr\u00e9paration et aide ext\u00e9rieure - TCSL\" \/>\n<meta property=\"og:description\" content=\"Installation au poste de tir Le tireur dispose au maximum de 15 min (pour toutes les \u00e9preuves de pr\u00e9cision carabine et pistolet, mise en place du bloc ressort ou support \u00e0 assistance modulable, plombs, cibles \u2026). Ne pas sortir son arme avant d\u2019y avoir \u00e9t\u00e9 invit\u00e9 par l\u2019Arbitre Poser sa potence sur la tablette, sa [&hellip;]\" \/>\n<meta property=\"og:url\" content=\"https:\/\/www.tcsl.fr\/index.php\/les-disciplines\/lecole-de-tir\/periode-de-preparation-et-aide-exterieure\/\" \/>\n<meta property=\"og:site_name\" content=\"TCSL\" \/>\n<meta property=\"article:modified_time\" content=\"2016-10-12T12:46:17+00:00\" \/>\n<meta name=\"twitter:card\" content=\"summary_large_image\" \/>\n<meta name=\"twitter:label1\" content=\"Dur\u00e9e de lecture estim\u00e9e\" \/>\n\t<meta name=\"twitter:data1\" content=\"2 minutes\" \/>\n<script type=\"application\/ld+json\" class=\"yoast-schema-graph\">{\"@context\":\"https:\\\/\\\/schema.org\",\"@graph\":[{\"@type\":\"WebPage\",\"@id\":\"https:\\\/\\\/www.tcsl.fr\\\/index.php\\\/les-disciplines\\\/lecole-de-tir\\\/periode-de-preparation-et-aide-exterieure\\\/\",\"url\":\"https:\\\/\\\/www.tcsl.fr\\\/index.php\\\/les-disciplines\\\/lecole-de-tir\\\/periode-de-preparation-et-aide-exterieure\\\/\",\"name\":\"P\u00e9riode de pr\u00e9paration et aide ext\u00e9rieure - TCSL\",\"isPartOf\":{\"@id\":\"http:\\\/\\\/www.tcsl.fr\\\/#website\"},\"datePublished\":\"2016-10-12T12:28:52+00:00\",\"dateModified\":\"2016-10-12T12:46:17+00:00\",\"breadcrumb\":{\"@id\":\"https:\\\/\\\/www.tcsl.fr\\\/index.php\\\/les-disciplines\\\/lecole-de-tir\\\/periode-de-preparation-et-aide-exterieure\\\/#breadcrumb\"},\"inLanguage\":\"fr-FR\",\"potentialAction\":[{\"@type\":\"ReadAction\",\"target\":[\"https:\\\/\\\/www.tcsl.fr\\\/index.php\\\/les-disciplines\\\/lecole-de-tir\\\/periode-de-preparation-et-aide-exterieure\\\/\"]}]},{\"@type\":\"BreadcrumbList\",\"@id\":\"https:\\\/\\\/www.tcsl.fr\\\/index.php\\\/les-disciplines\\\/lecole-de-tir\\\/periode-de-preparation-et-aide-exterieure\\\/#breadcrumb\",\"itemListElement\":[{\"@type\":\"ListItem\",\"position\":1,\"name\":\"Accueil\",\"item\":\"http:\\\/\\\/www.tcsl.fr\\\/\"},{\"@type\":\"ListItem\",\"position\":2,\"name\":\"Les Disciplines\",\"item\":\"http:\\\/\\\/www.tcsl.fr\\\/index.php\\\/les-disciplines\\\/\"},{\"@type\":\"ListItem\",\"position\":3,\"name\":\"\u00c9cole de Tir\",\"item\":\"https:\\\/\\\/www.tcsl.fr\\\/index.php\\\/les-disciplines\\\/lecole-de-tir\\\/\"},{\"@type\":\"ListItem\",\"position\":4,\"name\":\"P\u00e9riode de pr\u00e9paration et aide ext\u00e9rieure\"}]},{\"@type\":\"WebSite\",\"@id\":\"http:\\\/\\\/www.tcsl.fr\\\/#website\",\"url\":\"http:\\\/\\\/www.tcsl.fr\\\/\",\"name\":\"TCSL\",\"description\":\"Le site du Tir Club Stade Laurentin\",\"publisher\":{\"@id\":\"http:\\\/\\\/www.tcsl.fr\\\/#organization\"},\"potentialAction\":[{\"@type\":\"SearchAction\",\"target\":{\"@type\":\"EntryPoint\",\"urlTemplate\":\"http:\\\/\\\/www.tcsl.fr\\\/?s={search_term_string}\"},\"query-input\":{\"@type\":\"PropertyValueSpecification\",\"valueRequired\":true,\"valueName\":\"search_term_string\"}}],\"inLanguage\":\"fr-FR\"},{\"@type\":\"Organization\",\"@id\":\"http:\\\/\\\/www.tcsl.fr\\\/#organization\",\"name\":\"TCSL\",\"url\":\"http:\\\/\\\/www.tcsl.fr\\\/\",\"logo\":{\"@type\":\"ImageObject\",\"inLanguage\":\"fr-FR\",\"@id\":\"http:\\\/\\\/www.tcsl.fr\\\/#\\\/schema\\\/logo\\\/image\\\/\",\"url\":\"https:\\\/\\\/www.tcsl.fr\\\/wp-content\\\/uploads\\\/2024\\\/10\\\/cropped-cropped-cropped-cropped-cropped-logo-lettrage-degrade-rouge-et-blanc-fond-bleu-300x123-1.jpg\",\"contentUrl\":\"https:\\\/\\\/www.tcsl.fr\\\/wp-content\\\/uploads\\\/2024\\\/10\\\/cropped-cropped-cropped-cropped-cropped-logo-lettrage-degrade-rouge-et-blanc-fond-bleu-300x123-1.jpg\",\"width\":240,\"height\":98,\"caption\":\"TCSL\"},\"image\":{\"@id\":\"http:\\\/\\\/www.tcsl.fr\\\/#\\\/schema\\\/logo\\\/image\\\/\"}}]}<\/script>\n<!-- \/ Yoast SEO plugin. -->","yoast_head_json":{"title":"P\u00e9riode de pr\u00e9paration et aide ext\u00e9rieure - TCSL","robots":{"index":"index","follow":"follow","max-snippet":"max-snippet:-1","max-image-preview":"max-image-preview:large","max-video-preview":"max-video-preview:-1"},"canonical":"https:\/\/www.tcsl.fr\/index.php\/les-disciplines\/lecole-de-tir\/periode-de-preparation-et-aide-exterieure\/","og_locale":"fr_FR","og_type":"article","og_title":"P\u00e9riode de pr\u00e9paration et aide ext\u00e9rieure - TCSL","og_description":"Installation au poste de tir Le tireur dispose au maximum de 15 min (pour toutes les \u00e9preuves de pr\u00e9cision carabine et pistolet, mise en place du bloc ressort ou support \u00e0 assistance modulable, plombs, cibles \u2026). Ne pas sortir son arme avant d\u2019y avoir \u00e9t\u00e9 invit\u00e9 par l\u2019Arbitre Poser sa potence sur la tablette, sa [&hellip;]","og_url":"https:\/\/www.tcsl.fr\/index.php\/les-disciplines\/lecole-de-tir\/periode-de-preparation-et-aide-exterieure\/","og_site_name":"TCSL","article_modified_time":"2016-10-12T12:46:17+00:00","twitter_card":"summary_large_image","twitter_misc":{"Dur\u00e9e de lecture estim\u00e9e":"2 minutes"},"schema":{"@context":"https:\/\/schema.org","@graph":[{"@type":"WebPage","@id":"https:\/\/www.tcsl.fr\/index.php\/les-disciplines\/lecole-de-tir\/periode-de-preparation-et-aide-exterieure\/","url":"https:\/\/www.tcsl.fr\/index.php\/les-disciplines\/lecole-de-tir\/periode-de-preparation-et-aide-exterieure\/","name":"P\u00e9riode de pr\u00e9paration et aide ext\u00e9rieure - TCSL","isPartOf":{"@id":"http:\/\/www.tcsl.fr\/#website"},"datePublished":"2016-10-12T12:28:52+00:00","dateModified":"2016-10-12T12:46:17+00:00","breadcrumb":{"@id":"https:\/\/www.tcsl.fr\/index.php\/les-disciplines\/lecole-de-tir\/periode-de-preparation-et-aide-exterieure\/#breadcrumb"},"inLanguage":"fr-FR","potentialAction":[{"@type":"ReadAction","target":["https:\/\/www.tcsl.fr\/index.php\/les-disciplines\/lecole-de-tir\/periode-de-preparation-et-aide-exterieure\/"]}]},{"@type":"BreadcrumbList","@id":"https:\/\/www.tcsl.fr\/index.php\/les-disciplines\/lecole-de-tir\/periode-de-preparation-et-aide-exterieure\/#breadcrumb","itemListElement":[{"@type":"ListItem","position":1,"name":"Accueil","item":"http:\/\/www.tcsl.fr\/"},{"@type":"ListItem","position":2,"name":"Les Disciplines","item":"http:\/\/www.tcsl.fr\/index.php\/les-disciplines\/"},{"@type":"ListItem","position":3,"name":"\u00c9cole de Tir","item":"https:\/\/www.tcsl.fr\/index.php\/les-disciplines\/lecole-de-tir\/"},{"@type":"ListItem","position":4,"name":"P\u00e9riode de pr\u00e9paration et aide ext\u00e9rieure"}]},{"@type":"WebSite","@id":"http:\/\/www.tcsl.fr\/#website","url":"http:\/\/www.tcsl.fr\/","name":"TCSL","description":"Le site du Tir Club Stade Laurentin","publisher":{"@id":"http:\/\/www.tcsl.fr\/#organization"},"potentialAction":[{"@type":"SearchAction","target":{"@type":"EntryPoint","urlTemplate":"http:\/\/www.tcsl.fr\/?s={search_term_string}"},"query-input":{"@type":"PropertyValueSpecification","valueRequired":true,"valueName":"search_term_string"}}],"inLanguage":"fr-FR"},{"@type":"Organization","@id":"http:\/\/www.tcsl.fr\/#organization","name":"TCSL","url":"http:\/\/www.tcsl.fr\/","logo":{"@type":"ImageObject","inLanguage":"fr-FR","@id":"http:\/\/www.tcsl.fr\/#\/schema\/logo\/image\/","url":"https:\/\/www.tcsl.fr\/wp-content\/uploads\/2024\/10\/cropped-cropped-cropped-cropped-cropped-logo-lettrage-degrade-rouge-et-blanc-fond-bleu-300x123-1.jpg","contentUrl":"https:\/\/www.tcsl.fr\/wp-content\/uploads\/2024\/10\/cropped-cropped-cropped-cropped-cropped-logo-lettrage-degrade-rouge-et-blanc-fond-bleu-300x123-1.jpg","width":240,"height":98,"caption":"TCSL"},"image":{"@id":"http:\/\/www.tcsl.fr\/#\/schema\/logo\/image\/"}}]}},"_links":{"self":[{"href":"https:\/\/www.tcsl.fr\/index.php\/wp-json\/wp\/v2\/pages\/1300","targetHints":{"allow":["GET"]}}],"collection":[{"href":"https:\/\/www.tcsl.fr\/index.php\/wp-json\/wp\/v2\/pages"}],"about":[{"href":"https:\/\/www.tcsl.fr\/index.php\/wp-json\/wp\/v2\/types\/page"}],"author":[{"embeddable":true,"href":"https:\/\/www.tcsl.fr\/index.php\/wp-json\/wp\/v2\/users\/1"}],"replies":[{"embeddable":true,"href":"https:\/\/www.tcsl.fr\/index.php\/wp-json\/wp\/v2\/comments?post=1300"}],"version-history":[{"count":3,"href":"https:\/\/www.tcsl.fr\/index.php\/wp-json\/wp\/v2\/pages\/1300\/revisions"}],"predecessor-version":[{"id":1323,"href":"https:\/\/www.tcsl.fr\/index.php\/wp-json\/wp\/v2\/pages\/1300\/revisions\/1323"}],"up":[{"embeddable":true,"href":"https:\/\/www.tcsl.fr\/index.php\/wp-json\/wp\/v2\/pages\/977"}],"wp:attachment":[{"href":"https:\/\/www.tcsl.fr\/index.php\/wp-json\/wp\/v2\/media?parent=1300"}],"curies":[{"name":"wp","href":"https:\/\/api.w.org\/{rel}","templated":true}]}}