{"id":1302,"date":"2016-10-12T14:29:16","date_gmt":"2016-10-12T12:29:16","guid":{"rendered":"http:\/\/www.tcsl.fr\/?page_id=1302"},"modified":"2016-10-12T14:46:40","modified_gmt":"2016-10-12T12:46:40","slug":"le-match","status":"publish","type":"page","link":"https:\/\/www.tcsl.fr\/index.php\/les-disciplines\/lecole-de-tir\/le-match\/","title":{"rendered":"Le match"},"content":{"rendered":"<p>Le match <strong>commence<\/strong> au commandement de l\u2019arbitre.<\/p>\n<p>Le TIR A SEC, Action sur la d\u00e9tente SANS d\u00e9clenchement de la charge propulsive, est autoris\u00e9 pendant le match, tout d\u00e9clenchement de la charge propulsive sans que le plomb n\u2019atteigne la cible (qu\u2019il ait \u00e9t\u00e9 introduit ou non dans le canon) sera compt\u00e9 ZERO.<\/p>\n<p>En cours de match ou \u00e0 la fin de votre tir, vous pouvez vous absenter apr\u00e8s autorisation de l\u2019arbitre.<strong><u><br \/>\n<\/u><\/strong><\/p>\n<p><strong><u>Attention<br \/>\n<\/u><\/strong><\/p>\n<p><strong><u>Si tir sur cible carton<br \/>\n<\/u><\/strong><\/p>\n<ul>\n<li>Vous devez tirer <strong><u>1<\/u><\/strong> plomb par carton. S\u2019il y a 2 plombs dans une cible, ou si vous avez tir\u00e9 2 plombs ensemble, <u>pr\u00e9venez imm\u00e9diatement l\u2019arbitre<\/u><strong><u>, <\/u><\/strong>la cible suivante ne sera pas tir\u00e9e mais ajout\u00e9e sans impact aux cibles d\u00e9j\u00e0 tir\u00e9es.<\/li>\n<li>Cette erreur sera tol\u00e9r\u00e9e deux fois avant p\u00e9nalit\u00e9.<\/li>\n<li>Le TIR A SEC est autoris\u00e9 pendant le match.<\/li>\n<li>Apr\u00e8s mise en place du premier carton de match, tout d\u00e9clenchement de la charge sans que le plomb n\u2019atteigne la cible (qu\u2019il ait \u00e9t\u00e9 introduit ou non dans le canon) sera compt\u00e9 Z\u00c9RO.<\/li>\n<\/ul>\n<p><strong><u>Ne pas oublier de se reposer pendant le match, boire, manger, se concentrer, retrouver sa position au poste de tir et sa s\u00e9quence de tir.<\/u><\/strong><\/p>\n<ul>\n<li><u>En cours de match ou \u00e0 la fin de votre tir, vous pouvez vous absenter apr\u00e8s autorisation de l\u2019arbitre<\/u><strong><u><br \/>\n<\/u><\/strong><\/li>\n<\/ul>\n<p>Une fois que vous avez termin\u00e9 le match, <strong><u>arme en s\u00e9curit\u00e9 avec le drapeau sur la tablette de tir<\/u><\/strong> s\u2019asseoir, remplir son carnet de tir, attendre que l\u2019arbitre annonce <strong><u>tir termin\u00e9<\/u><\/strong> ainsi que <strong><u>\u00a0l\u2019ordre de ranger votre arme<\/u><\/strong>.<\/p>\n<h2><strong>TEMPS DE TIR<\/strong> <strong>NOMBRE DE COUPS<\/strong><\/h2>\n<table width=\"735\">\n<tbody>\n<tr>\n<td width=\"102\"><u>Cat\u00e9gories<\/u><\/td>\n<td width=\"113\"><u>Pr\u00e9pa et essais<\/u><\/td>\n<td width=\"151\"><u>Temps de tir match<\/u><\/td>\n<td width=\"113\"><u>Nb de plombs<\/u><\/td>\n<td colspan=\"2\" width=\"255\"><u>Types de cibles<\/u><\/td>\n<\/tr>\n<tr>\n<td width=\"102\">Poussins<\/td>\n<td width=\"113\">10 minutes<\/td>\n<td width=\"151\">40 minutes<\/td>\n<td width=\"113\">30 plombs<\/td>\n<td width=\"113\">Papier<\/td>\n<td width=\"142\">\u00c9lectroniques<\/td>\n<\/tr>\n<tr>\n<td width=\"102\">Benjamins<\/td>\n<td width=\"113\">10 minutes<\/td>\n<td width=\"151\">40 minutes<\/td>\n<td width=\"113\">30 plombs<\/td>\n<td width=\"113\">Papier<\/td>\n<td width=\"142\">\u00c9lectroniques<\/td>\n<\/tr>\n<tr>\n<td width=\"102\">Minimes<\/td>\n<td width=\"113\">10 minutes<\/td>\n<td width=\"151\">60 ou 50 minutes<\/td>\n<td width=\"113\">40 plombs<\/td>\n<td width=\"113\">Papier (60mn)<\/td>\n<td width=\"142\">\u00c9lectroniques (50mn)<\/td>\n<\/tr>\n<\/tbody>\n<\/table>\n<h1><\/h1>\n","protected":false},"excerpt":{"rendered":"<p>Le match commence au commandement de l\u2019arbitre. Le TIR A SEC, Action sur la d\u00e9tente SANS d\u00e9clenchement de la charge propulsive, est autoris\u00e9 pendant le match, tout d\u00e9clenchement de la charge propulsive sans que le plomb n\u2019atteigne la cible (qu\u2019il ait \u00e9t\u00e9 introduit ou non dans le canon) sera compt\u00e9 ZERO. En cours de match [&hellip;]<\/p>\n","protected":false},"author":1,"featured_media":0,"parent":977,"menu_order":0,"comment_status":"closed","ping_status":"closed","template":"","meta":{"footnotes":""},"class_list":["post-1302","page","type-page","status-publish","hentry"],"yoast_head":"<!-- This site is optimized with the Yoast SEO plugin v27.5 - https:\/\/yoast.com\/product\/yoast-seo-wordpress\/ -->\n<title>Le match - TCSL<\/title>\n<meta name=\"robots\" content=\"index, follow, max-snippet:-1, max-image-preview:large, max-video-preview:-1\" \/>\n<link rel=\"canonical\" href=\"http:\/\/www.tcsl.fr\/index.php\/les-disciplines\/lecole-de-tir\/le-match\/\" \/>\n<meta property=\"og:locale\" content=\"fr_FR\" \/>\n<meta property=\"og:type\" content=\"article\" \/>\n<meta property=\"og:title\" content=\"Le match - TCSL\" \/>\n<meta property=\"og:description\" content=\"Le match commence au commandement de l\u2019arbitre. Le TIR A SEC, Action sur la d\u00e9tente SANS d\u00e9clenchement de la charge propulsive, est autoris\u00e9 pendant le match, tout d\u00e9clenchement de la charge propulsive sans que le plomb n\u2019atteigne la cible (qu\u2019il ait \u00e9t\u00e9 introduit ou non dans le canon) sera compt\u00e9 ZERO. En cours de match [&hellip;]\" \/>\n<meta property=\"og:url\" content=\"http:\/\/www.tcsl.fr\/index.php\/les-disciplines\/lecole-de-tir\/le-match\/\" \/>\n<meta property=\"og:site_name\" content=\"TCSL\" \/>\n<meta property=\"article:modified_time\" content=\"2016-10-12T12:46:40+00:00\" \/>\n<meta name=\"twitter:card\" content=\"summary_large_image\" \/>\n<meta name=\"twitter:label1\" content=\"Dur\u00e9e de lecture estim\u00e9e\" \/>\n\t<meta name=\"twitter:data1\" content=\"2 minutes\" \/>\n<script type=\"application\/ld+json\" class=\"yoast-schema-graph\">{\"@context\":\"https:\\\/\\\/schema.org\",\"@graph\":[{\"@type\":\"WebPage\",\"@id\":\"http:\\\/\\\/www.tcsl.fr\\\/index.php\\\/les-disciplines\\\/lecole-de-tir\\\/le-match\\\/\",\"url\":\"http:\\\/\\\/www.tcsl.fr\\\/index.php\\\/les-disciplines\\\/lecole-de-tir\\\/le-match\\\/\",\"name\":\"Le match - TCSL\",\"isPartOf\":{\"@id\":\"http:\\\/\\\/www.tcsl.fr\\\/#website\"},\"datePublished\":\"2016-10-12T12:29:16+00:00\",\"dateModified\":\"2016-10-12T12:46:40+00:00\",\"breadcrumb\":{\"@id\":\"http:\\\/\\\/www.tcsl.fr\\\/index.php\\\/les-disciplines\\\/lecole-de-tir\\\/le-match\\\/#breadcrumb\"},\"inLanguage\":\"fr-FR\",\"potentialAction\":[{\"@type\":\"ReadAction\",\"target\":[\"http:\\\/\\\/www.tcsl.fr\\\/index.php\\\/les-disciplines\\\/lecole-de-tir\\\/le-match\\\/\"]}]},{\"@type\":\"BreadcrumbList\",\"@id\":\"http:\\\/\\\/www.tcsl.fr\\\/index.php\\\/les-disciplines\\\/lecole-de-tir\\\/le-match\\\/#breadcrumb\",\"itemListElement\":[{\"@type\":\"ListItem\",\"position\":1,\"name\":\"Accueil\",\"item\":\"http:\\\/\\\/www.tcsl.fr\\\/\"},{\"@type\":\"ListItem\",\"position\":2,\"name\":\"Les Disciplines\",\"item\":\"https:\\\/\\\/www.tcsl.fr\\\/index.php\\\/les-disciplines\\\/\"},{\"@type\":\"ListItem\",\"position\":3,\"name\":\"\u00c9cole de Tir\",\"item\":\"http:\\\/\\\/www.tcsl.fr\\\/index.php\\\/les-disciplines\\\/lecole-de-tir\\\/\"},{\"@type\":\"ListItem\",\"position\":4,\"name\":\"Le match\"}]},{\"@type\":\"WebSite\",\"@id\":\"http:\\\/\\\/www.tcsl.fr\\\/#website\",\"url\":\"http:\\\/\\\/www.tcsl.fr\\\/\",\"name\":\"TCSL\",\"description\":\"Le site du Tir Club Stade Laurentin\",\"publisher\":{\"@id\":\"http:\\\/\\\/www.tcsl.fr\\\/#organization\"},\"potentialAction\":[{\"@type\":\"SearchAction\",\"target\":{\"@type\":\"EntryPoint\",\"urlTemplate\":\"http:\\\/\\\/www.tcsl.fr\\\/?s={search_term_string}\"},\"query-input\":{\"@type\":\"PropertyValueSpecification\",\"valueRequired\":true,\"valueName\":\"search_term_string\"}}],\"inLanguage\":\"fr-FR\"},{\"@type\":\"Organization\",\"@id\":\"http:\\\/\\\/www.tcsl.fr\\\/#organization\",\"name\":\"TCSL\",\"url\":\"http:\\\/\\\/www.tcsl.fr\\\/\",\"logo\":{\"@type\":\"ImageObject\",\"inLanguage\":\"fr-FR\",\"@id\":\"http:\\\/\\\/www.tcsl.fr\\\/#\\\/schema\\\/logo\\\/image\\\/\",\"url\":\"https:\\\/\\\/www.tcsl.fr\\\/wp-content\\\/uploads\\\/2024\\\/10\\\/cropped-cropped-cropped-cropped-cropped-logo-lettrage-degrade-rouge-et-blanc-fond-bleu-300x123-1.jpg\",\"contentUrl\":\"https:\\\/\\\/www.tcsl.fr\\\/wp-content\\\/uploads\\\/2024\\\/10\\\/cropped-cropped-cropped-cropped-cropped-logo-lettrage-degrade-rouge-et-blanc-fond-bleu-300x123-1.jpg\",\"width\":240,\"height\":98,\"caption\":\"TCSL\"},\"image\":{\"@id\":\"http:\\\/\\\/www.tcsl.fr\\\/#\\\/schema\\\/logo\\\/image\\\/\"}}]}<\/script>\n<!-- \/ Yoast SEO plugin. -->","yoast_head_json":{"title":"Le match - TCSL","robots":{"index":"index","follow":"follow","max-snippet":"max-snippet:-1","max-image-preview":"max-image-preview:large","max-video-preview":"max-video-preview:-1"},"canonical":"http:\/\/www.tcsl.fr\/index.php\/les-disciplines\/lecole-de-tir\/le-match\/","og_locale":"fr_FR","og_type":"article","og_title":"Le match - TCSL","og_description":"Le match commence au commandement de l\u2019arbitre. Le TIR A SEC, Action sur la d\u00e9tente SANS d\u00e9clenchement de la charge propulsive, est autoris\u00e9 pendant le match, tout d\u00e9clenchement de la charge propulsive sans que le plomb n\u2019atteigne la cible (qu\u2019il ait \u00e9t\u00e9 introduit ou non dans le canon) sera compt\u00e9 ZERO. En cours de match [&hellip;]","og_url":"http:\/\/www.tcsl.fr\/index.php\/les-disciplines\/lecole-de-tir\/le-match\/","og_site_name":"TCSL","article_modified_time":"2016-10-12T12:46:40+00:00","twitter_card":"summary_large_image","twitter_misc":{"Dur\u00e9e de lecture estim\u00e9e":"2 minutes"},"schema":{"@context":"https:\/\/schema.org","@graph":[{"@type":"WebPage","@id":"http:\/\/www.tcsl.fr\/index.php\/les-disciplines\/lecole-de-tir\/le-match\/","url":"http:\/\/www.tcsl.fr\/index.php\/les-disciplines\/lecole-de-tir\/le-match\/","name":"Le match - TCSL","isPartOf":{"@id":"http:\/\/www.tcsl.fr\/#website"},"datePublished":"2016-10-12T12:29:16+00:00","dateModified":"2016-10-12T12:46:40+00:00","breadcrumb":{"@id":"http:\/\/www.tcsl.fr\/index.php\/les-disciplines\/lecole-de-tir\/le-match\/#breadcrumb"},"inLanguage":"fr-FR","potentialAction":[{"@type":"ReadAction","target":["http:\/\/www.tcsl.fr\/index.php\/les-disciplines\/lecole-de-tir\/le-match\/"]}]},{"@type":"BreadcrumbList","@id":"http:\/\/www.tcsl.fr\/index.php\/les-disciplines\/lecole-de-tir\/le-match\/#breadcrumb","itemListElement":[{"@type":"ListItem","position":1,"name":"Accueil","item":"http:\/\/www.tcsl.fr\/"},{"@type":"ListItem","position":2,"name":"Les Disciplines","item":"https:\/\/www.tcsl.fr\/index.php\/les-disciplines\/"},{"@type":"ListItem","position":3,"name":"\u00c9cole de Tir","item":"http:\/\/www.tcsl.fr\/index.php\/les-disciplines\/lecole-de-tir\/"},{"@type":"ListItem","position":4,"name":"Le match"}]},{"@type":"WebSite","@id":"http:\/\/www.tcsl.fr\/#website","url":"http:\/\/www.tcsl.fr\/","name":"TCSL","description":"Le site du Tir Club Stade Laurentin","publisher":{"@id":"http:\/\/www.tcsl.fr\/#organization"},"potentialAction":[{"@type":"SearchAction","target":{"@type":"EntryPoint","urlTemplate":"http:\/\/www.tcsl.fr\/?s={search_term_string}"},"query-input":{"@type":"PropertyValueSpecification","valueRequired":true,"valueName":"search_term_string"}}],"inLanguage":"fr-FR"},{"@type":"Organization","@id":"http:\/\/www.tcsl.fr\/#organization","name":"TCSL","url":"http:\/\/www.tcsl.fr\/","logo":{"@type":"ImageObject","inLanguage":"fr-FR","@id":"http:\/\/www.tcsl.fr\/#\/schema\/logo\/image\/","url":"https:\/\/www.tcsl.fr\/wp-content\/uploads\/2024\/10\/cropped-cropped-cropped-cropped-cropped-logo-lettrage-degrade-rouge-et-blanc-fond-bleu-300x123-1.jpg","contentUrl":"https:\/\/www.tcsl.fr\/wp-content\/uploads\/2024\/10\/cropped-cropped-cropped-cropped-cropped-logo-lettrage-degrade-rouge-et-blanc-fond-bleu-300x123-1.jpg","width":240,"height":98,"caption":"TCSL"},"image":{"@id":"http:\/\/www.tcsl.fr\/#\/schema\/logo\/image\/"}}]}},"_links":{"self":[{"href":"https:\/\/www.tcsl.fr\/index.php\/wp-json\/wp\/v2\/pages\/1302","targetHints":{"allow":["GET"]}}],"collection":[{"href":"https:\/\/www.tcsl.fr\/index.php\/wp-json\/wp\/v2\/pages"}],"about":[{"href":"https:\/\/www.tcsl.fr\/index.php\/wp-json\/wp\/v2\/types\/page"}],"author":[{"embeddable":true,"href":"https:\/\/www.tcsl.fr\/index.php\/wp-json\/wp\/v2\/users\/1"}],"replies":[{"embeddable":true,"href":"https:\/\/www.tcsl.fr\/index.php\/wp-json\/wp\/v2\/comments?post=1302"}],"version-history":[{"count":4,"href":"https:\/\/www.tcsl.fr\/index.php\/wp-json\/wp\/v2\/pages\/1302\/revisions"}],"predecessor-version":[{"id":1324,"href":"https:\/\/www.tcsl.fr\/index.php\/wp-json\/wp\/v2\/pages\/1302\/revisions\/1324"}],"up":[{"embeddable":true,"href":"https:\/\/www.tcsl.fr\/index.php\/wp-json\/wp\/v2\/pages\/977"}],"wp:attachment":[{"href":"https:\/\/www.tcsl.fr\/index.php\/wp-json\/wp\/v2\/media?parent=1302"}],"curies":[{"name":"wp","href":"https:\/\/api.w.org\/{rel}","templated":true}]}}