{"id":6144,"date":"2020-09-11T09:13:21","date_gmt":"2020-09-11T07:13:21","guid":{"rendered":"http:\/\/www.tcsl.fr\/?page_id=6144"},"modified":"2021-07-01T10:06:52","modified_gmt":"2021-07-01T08:06:52","slug":"liens-de-reservations","status":"publish","type":"page","link":"https:\/\/www.tcsl.fr\/index.php\/liens-de-reservations\/","title":{"rendered":"Liens de R\u00e9servations"},"content":{"rendered":"\n<h2 class=\"wp-block-heading\"><span class=\"has-inline-color has-vivid-red-color\"><strong>ATTENTION ne cliquer qu&rsquo;une seule fois sur le bouton \u00ab\u00a0VALIDER\u00a0\u00bb sinon vous faites une double r\u00e9servation.<\/strong><\/span><\/h2>\n\n\n\n<p><span class=\"has-inline-color has-vivid-red-color\"><strong>Vous pouvez v\u00e9rifier votre r\u00e9servation en retournant dans les r\u00e9servation et en descendant sous le calendrier en dessous du bouton \u00ab\u00a0VALIDER\u00a0\u00bb<\/strong><\/span><\/p>\n\n\n\n<p><a rel=\"nofollow\" href=\"http:\/\/www.tcsl.fr\/index.php\/2020-notice-reservation\/\">A lire avant de r\u00e9server<\/a><\/p>\n\n\n\n<h2 class=\"wp-block-heading\"><span class=\"has-inline-color has-vivid-red-color\"><em><strong>Liens pour tous les adh\u00e9rents TCSL<\/strong><\/em><\/span><\/h2>\n\n\n\n<ul class=\"wp-block-list\"><li>Sans R\u00e9servations 25m <strong><span class=\"has-inline-color has-vivid-red-color\"><\/span><\/strong><\/li><li>Sans R\u00e9servations 10m<span class=\"has-inline-color has-vivid-red-color\"><\/span><\/li><li>Sans R\u00e9servations Sanglier courant Gros Calibre<\/li><li>Sans R\u00e9servations Sanglier Courant Petit Calibre<\/li><li>Sans R\u00e9servations Gongs 22LR Semi-Auto<\/li><\/ul>\n\n\n\n<h2 class=\"wp-block-heading\"><strong><em><span class=\"has-inline-color has-vivid-red-color\">Liens UNIQUEMENT pour les entra\u00eenements Comp\u00e9titeurs TCS<\/span><\/em><span class=\"has-inline-color has-vivid-red-color\"><em>L<\/em> <\/span><\/strong><\/h2>\n\n\n\n<ul class=\"wp-block-list\"><li>Entra\u00eenements 10m TCSL<\/li><li><a href=\"http:\/\/www.tcsl.fr\/index.php\/entrainements-tar\">Samedi  TAR St\u00e9phane<\/a> de 10h \u00e0 12h si pr\u00e9sence St\u00e9phane<\/li><li><a href=\"http:\/\/www.tcsl.fr\/index.php\/mardi-soir-entrainement-avec-sylvie\/\" target=\"_blank\" rel=\"noreferrer noopener\">Mardi 25m TAR Sylvie<\/a>    de 18h \u00e0 20h si pr\u00e9sence Sylvie<\/li><li><a href=\"http:\/\/www.tcsl.fr\/index.php\/vendredi-soir-entrainement-avec-laurent\/\" target=\"_blank\" rel=\"noreferrer noopener\">Vendredi 25m Laurent<\/a> de 18h \u00e0 20h si pr\u00e9sence Laurent<\/li><\/ul>\n\n\n\n<p><\/p>\n","protected":false},"excerpt":{"rendered":"<p>ATTENTION ne cliquer qu&rsquo;une seule fois sur le bouton \u00ab\u00a0VALIDER\u00a0\u00bb sinon vous faites une double r\u00e9servation. Vous pouvez v\u00e9rifier votre r\u00e9servation en retournant dans les r\u00e9servation et en descendant sous le calendrier en dessous du bouton \u00ab\u00a0VALIDER\u00a0\u00bb A lire avant de r\u00e9server Liens pour tous les adh\u00e9rents TCSL Sans R\u00e9servations 25m Sans R\u00e9servations 10m Sans [&hellip;]<\/p>\n","protected":false},"author":1,"featured_media":0,"parent":0,"menu_order":0,"comment_status":"closed","ping_status":"closed","template":"","meta":{"footnotes":""},"class_list":["post-6144","page","type-page","status-publish","hentry"],"yoast_head":"<!-- This site is optimized with the Yoast SEO plugin v27.5 - https:\/\/yoast.com\/product\/yoast-seo-wordpress\/ -->\n<title>Liens de R\u00e9servations - TCSL<\/title>\n<meta name=\"robots\" content=\"index, follow, max-snippet:-1, max-image-preview:large, max-video-preview:-1\" \/>\n<link rel=\"canonical\" href=\"https:\/\/www.tcsl.fr\/index.php\/liens-de-reservations\/\" \/>\n<meta property=\"og:locale\" content=\"fr_FR\" \/>\n<meta property=\"og:type\" content=\"article\" \/>\n<meta property=\"og:title\" content=\"Liens de R\u00e9servations - TCSL\" \/>\n<meta property=\"og:description\" content=\"ATTENTION ne cliquer qu&rsquo;une seule fois sur le bouton \u00ab\u00a0VALIDER\u00a0\u00bb sinon vous faites une double r\u00e9servation. Vous pouvez v\u00e9rifier votre r\u00e9servation en retournant dans les r\u00e9servation et en descendant sous le calendrier en dessous du bouton \u00ab\u00a0VALIDER\u00a0\u00bb A lire avant de r\u00e9server Liens pour tous les adh\u00e9rents TCSL Sans R\u00e9servations 25m Sans R\u00e9servations 10m Sans [&hellip;]\" \/>\n<meta property=\"og:url\" content=\"https:\/\/www.tcsl.fr\/index.php\/liens-de-reservations\/\" \/>\n<meta property=\"og:site_name\" content=\"TCSL\" \/>\n<meta property=\"article:modified_time\" content=\"2021-07-01T08:06:52+00:00\" \/>\n<meta name=\"twitter:card\" content=\"summary_large_image\" \/>\n<meta name=\"twitter:label1\" content=\"Dur\u00e9e de lecture estim\u00e9e\" \/>\n\t<meta name=\"twitter:data1\" content=\"1 minute\" \/>\n<script type=\"application\/ld+json\" class=\"yoast-schema-graph\">{\"@context\":\"https:\\\/\\\/schema.org\",\"@graph\":[{\"@type\":\"WebPage\",\"@id\":\"https:\\\/\\\/www.tcsl.fr\\\/index.php\\\/liens-de-reservations\\\/\",\"url\":\"https:\\\/\\\/www.tcsl.fr\\\/index.php\\\/liens-de-reservations\\\/\",\"name\":\"Liens de R\u00e9servations - TCSL\",\"isPartOf\":{\"@id\":\"http:\\\/\\\/www.tcsl.fr\\\/#website\"},\"datePublished\":\"2020-09-11T07:13:21+00:00\",\"dateModified\":\"2021-07-01T08:06:52+00:00\",\"breadcrumb\":{\"@id\":\"https:\\\/\\\/www.tcsl.fr\\\/index.php\\\/liens-de-reservations\\\/#breadcrumb\"},\"inLanguage\":\"fr-FR\",\"potentialAction\":[{\"@type\":\"ReadAction\",\"target\":[\"https:\\\/\\\/www.tcsl.fr\\\/index.php\\\/liens-de-reservations\\\/\"]}]},{\"@type\":\"BreadcrumbList\",\"@id\":\"https:\\\/\\\/www.tcsl.fr\\\/index.php\\\/liens-de-reservations\\\/#breadcrumb\",\"itemListElement\":[{\"@type\":\"ListItem\",\"position\":1,\"name\":\"Accueil\",\"item\":\"http:\\\/\\\/www.tcsl.fr\\\/\"},{\"@type\":\"ListItem\",\"position\":2,\"name\":\"Liens de R\u00e9servations\"}]},{\"@type\":\"WebSite\",\"@id\":\"http:\\\/\\\/www.tcsl.fr\\\/#website\",\"url\":\"http:\\\/\\\/www.tcsl.fr\\\/\",\"name\":\"TCSL\",\"description\":\"Le site du Tir Club Stade Laurentin\",\"publisher\":{\"@id\":\"http:\\\/\\\/www.tcsl.fr\\\/#organization\"},\"potentialAction\":[{\"@type\":\"SearchAction\",\"target\":{\"@type\":\"EntryPoint\",\"urlTemplate\":\"http:\\\/\\\/www.tcsl.fr\\\/?s={search_term_string}\"},\"query-input\":{\"@type\":\"PropertyValueSpecification\",\"valueRequired\":true,\"valueName\":\"search_term_string\"}}],\"inLanguage\":\"fr-FR\"},{\"@type\":\"Organization\",\"@id\":\"http:\\\/\\\/www.tcsl.fr\\\/#organization\",\"name\":\"TCSL\",\"url\":\"http:\\\/\\\/www.tcsl.fr\\\/\",\"logo\":{\"@type\":\"ImageObject\",\"inLanguage\":\"fr-FR\",\"@id\":\"http:\\\/\\\/www.tcsl.fr\\\/#\\\/schema\\\/logo\\\/image\\\/\",\"url\":\"https:\\\/\\\/www.tcsl.fr\\\/wp-content\\\/uploads\\\/2024\\\/10\\\/cropped-cropped-cropped-cropped-cropped-logo-lettrage-degrade-rouge-et-blanc-fond-bleu-300x123-1.jpg\",\"contentUrl\":\"https:\\\/\\\/www.tcsl.fr\\\/wp-content\\\/uploads\\\/2024\\\/10\\\/cropped-cropped-cropped-cropped-cropped-logo-lettrage-degrade-rouge-et-blanc-fond-bleu-300x123-1.jpg\",\"width\":240,\"height\":98,\"caption\":\"TCSL\"},\"image\":{\"@id\":\"http:\\\/\\\/www.tcsl.fr\\\/#\\\/schema\\\/logo\\\/image\\\/\"}}]}<\/script>\n<!-- \/ Yoast SEO plugin. -->","yoast_head_json":{"title":"Liens de R\u00e9servations - TCSL","robots":{"index":"index","follow":"follow","max-snippet":"max-snippet:-1","max-image-preview":"max-image-preview:large","max-video-preview":"max-video-preview:-1"},"canonical":"https:\/\/www.tcsl.fr\/index.php\/liens-de-reservations\/","og_locale":"fr_FR","og_type":"article","og_title":"Liens de R\u00e9servations - TCSL","og_description":"ATTENTION ne cliquer qu&rsquo;une seule fois sur le bouton \u00ab\u00a0VALIDER\u00a0\u00bb sinon vous faites une double r\u00e9servation. Vous pouvez v\u00e9rifier votre r\u00e9servation en retournant dans les r\u00e9servation et en descendant sous le calendrier en dessous du bouton \u00ab\u00a0VALIDER\u00a0\u00bb A lire avant de r\u00e9server Liens pour tous les adh\u00e9rents TCSL Sans R\u00e9servations 25m Sans R\u00e9servations 10m Sans [&hellip;]","og_url":"https:\/\/www.tcsl.fr\/index.php\/liens-de-reservations\/","og_site_name":"TCSL","article_modified_time":"2021-07-01T08:06:52+00:00","twitter_card":"summary_large_image","twitter_misc":{"Dur\u00e9e de lecture estim\u00e9e":"1 minute"},"schema":{"@context":"https:\/\/schema.org","@graph":[{"@type":"WebPage","@id":"https:\/\/www.tcsl.fr\/index.php\/liens-de-reservations\/","url":"https:\/\/www.tcsl.fr\/index.php\/liens-de-reservations\/","name":"Liens de R\u00e9servations - TCSL","isPartOf":{"@id":"http:\/\/www.tcsl.fr\/#website"},"datePublished":"2020-09-11T07:13:21+00:00","dateModified":"2021-07-01T08:06:52+00:00","breadcrumb":{"@id":"https:\/\/www.tcsl.fr\/index.php\/liens-de-reservations\/#breadcrumb"},"inLanguage":"fr-FR","potentialAction":[{"@type":"ReadAction","target":["https:\/\/www.tcsl.fr\/index.php\/liens-de-reservations\/"]}]},{"@type":"BreadcrumbList","@id":"https:\/\/www.tcsl.fr\/index.php\/liens-de-reservations\/#breadcrumb","itemListElement":[{"@type":"ListItem","position":1,"name":"Accueil","item":"http:\/\/www.tcsl.fr\/"},{"@type":"ListItem","position":2,"name":"Liens de R\u00e9servations"}]},{"@type":"WebSite","@id":"http:\/\/www.tcsl.fr\/#website","url":"http:\/\/www.tcsl.fr\/","name":"TCSL","description":"Le site du Tir Club Stade Laurentin","publisher":{"@id":"http:\/\/www.tcsl.fr\/#organization"},"potentialAction":[{"@type":"SearchAction","target":{"@type":"EntryPoint","urlTemplate":"http:\/\/www.tcsl.fr\/?s={search_term_string}"},"query-input":{"@type":"PropertyValueSpecification","valueRequired":true,"valueName":"search_term_string"}}],"inLanguage":"fr-FR"},{"@type":"Organization","@id":"http:\/\/www.tcsl.fr\/#organization","name":"TCSL","url":"http:\/\/www.tcsl.fr\/","logo":{"@type":"ImageObject","inLanguage":"fr-FR","@id":"http:\/\/www.tcsl.fr\/#\/schema\/logo\/image\/","url":"https:\/\/www.tcsl.fr\/wp-content\/uploads\/2024\/10\/cropped-cropped-cropped-cropped-cropped-logo-lettrage-degrade-rouge-et-blanc-fond-bleu-300x123-1.jpg","contentUrl":"https:\/\/www.tcsl.fr\/wp-content\/uploads\/2024\/10\/cropped-cropped-cropped-cropped-cropped-logo-lettrage-degrade-rouge-et-blanc-fond-bleu-300x123-1.jpg","width":240,"height":98,"caption":"TCSL"},"image":{"@id":"http:\/\/www.tcsl.fr\/#\/schema\/logo\/image\/"}}]}},"_links":{"self":[{"href":"https:\/\/www.tcsl.fr\/index.php\/wp-json\/wp\/v2\/pages\/6144","targetHints":{"allow":["GET"]}}],"collection":[{"href":"https:\/\/www.tcsl.fr\/index.php\/wp-json\/wp\/v2\/pages"}],"about":[{"href":"https:\/\/www.tcsl.fr\/index.php\/wp-json\/wp\/v2\/types\/page"}],"author":[{"embeddable":true,"href":"https:\/\/www.tcsl.fr\/index.php\/wp-json\/wp\/v2\/users\/1"}],"replies":[{"embeddable":true,"href":"https:\/\/www.tcsl.fr\/index.php\/wp-json\/wp\/v2\/comments?post=6144"}],"version-history":[{"count":46,"href":"https:\/\/www.tcsl.fr\/index.php\/wp-json\/wp\/v2\/pages\/6144\/revisions"}],"predecessor-version":[{"id":6480,"href":"https:\/\/www.tcsl.fr\/index.php\/wp-json\/wp\/v2\/pages\/6144\/revisions\/6480"}],"wp:attachment":[{"href":"https:\/\/www.tcsl.fr\/index.php\/wp-json\/wp\/v2\/media?parent=6144"}],"curies":[{"name":"wp","href":"https:\/\/api.w.org\/{rel}","templated":true}]}}