{"id":6897,"date":"2022-07-02T08:49:13","date_gmt":"2022-07-02T06:49:13","guid":{"rendered":"https:\/\/www.tcsl.fr\/?page_id=6897"},"modified":"2024-06-06T08:09:15","modified_gmt":"2024-06-06T06:09:15","slug":"eden","status":"publish","type":"page","link":"https:\/\/www.tcsl.fr\/index.php\/eden\/","title":{"rendered":"EDEN"},"content":{"rendered":"\n<h2 class=\"wp-block-heading\">Le site EDEN est accessible. &nbsp; <\/h2>\n\n\n\n<p>Toute la documentation est <a href=\"https:\/\/www.fftir.org\/eden-mode-demploi\/\" target=\"_blank\" rel=\"noreferrer noopener\"><strong>ICI<\/strong><\/a> &nbsp; <\/p>\n\n\n\n<p>Le site EDEN est <strong><a href=\"https:\/\/eden.fftir.org\">ICI<\/a><\/strong><\/p>\n\n\n\n<p><br><strong><span class=\"has-inline-color has-vivid-red-color\">Vous devez vous y connecter et v\u00e9rifier vos informations personnelles.<\/span><\/strong><\/p>\n\n\n\n<p><br>&nbsp; <strong>Mettez \u00e0 jour :<\/strong><br>&nbsp;<\/p>\n\n\n\n<p>Votre num\u00e9ro de t\u00e9l\u00e9phone<br>Votre adresse<br>Votre mail<br><span class=\"has-inline-color has-vivid-red-color\">Votre certificat m\u00e9dical 2022\/2023 sinon pas de validation de la licence par le club<br>Votre photo pour pouvoir r\u00e9cup\u00e9rer votre licence 2022\/2023<\/span><\/p>\n\n\n\n<p><\/p>\n\n\n\n<p><\/p>\n\n\n\n<p><\/p>\n\n\n\n<p><\/p>\n\n\n\n<p><br><strong><span class=\"has-inline-color has-vivid-red-color\">C\u2019est indispensable pour la suite et l\u2019ouverture du SIA.<\/span><\/strong><br><br>P.S. dans\u00a0\u00bbType de modification\u00a0\u00bb utilisez la molette de la souris ou l&rsquo;ascenseur \u00e0 droite pour avoir le t\u00e9l\u00e9phone, la photo, le mail et l&rsquo;adresse.<\/p>\n\n\n\n<p><strong>Attention les mails de confirmation arrivent souvent dans les spams<\/strong><\/p>\n","protected":false},"excerpt":{"rendered":"<p>Le site EDEN est accessible. &nbsp; Toute la documentation est ICI &nbsp; Le site EDEN est ICI Vous devez vous y connecter et v\u00e9rifier vos informations personnelles. &nbsp; Mettez \u00e0 jour :&nbsp; Votre num\u00e9ro de t\u00e9l\u00e9phoneVotre adresseVotre mailVotre certificat m\u00e9dical 2022\/2023 sinon pas de validation de la licence par le clubVotre photo pour pouvoir r\u00e9cup\u00e9rer [&hellip;]<\/p>\n","protected":false},"author":1,"featured_media":0,"parent":0,"menu_order":0,"comment_status":"closed","ping_status":"closed","template":"","meta":{"footnotes":""},"class_list":["post-6897","page","type-page","status-publish","hentry"],"yoast_head":"<!-- This site is optimized with the Yoast SEO plugin v27.3 - https:\/\/yoast.com\/product\/yoast-seo-wordpress\/ -->\n<title>EDEN - TCSL<\/title>\n<meta name=\"robots\" content=\"index, follow, max-snippet:-1, max-image-preview:large, max-video-preview:-1\" \/>\n<link rel=\"canonical\" href=\"https:\/\/www.tcsl.fr\/index.php\/eden\/\" \/>\n<meta property=\"og:locale\" content=\"fr_FR\" \/>\n<meta property=\"og:type\" content=\"article\" \/>\n<meta property=\"og:title\" content=\"EDEN - TCSL\" \/>\n<meta property=\"og:description\" content=\"Le site EDEN est accessible. &nbsp; Toute la documentation est ICI &nbsp; Le site EDEN est ICI Vous devez vous y connecter et v\u00e9rifier vos informations personnelles. &nbsp; Mettez \u00e0 jour :&nbsp; Votre num\u00e9ro de t\u00e9l\u00e9phoneVotre adresseVotre mailVotre certificat m\u00e9dical 2022\/2023 sinon pas de validation de la licence par le clubVotre photo pour pouvoir r\u00e9cup\u00e9rer [&hellip;]\" \/>\n<meta property=\"og:url\" content=\"https:\/\/www.tcsl.fr\/index.php\/eden\/\" \/>\n<meta property=\"og:site_name\" content=\"TCSL\" \/>\n<meta property=\"article:modified_time\" content=\"2024-06-06T06:09:15+00:00\" \/>\n<meta name=\"twitter:card\" content=\"summary_large_image\" \/>\n<meta name=\"twitter:label1\" content=\"Dur\u00e9e de lecture estim\u00e9e\" \/>\n\t<meta name=\"twitter:data1\" content=\"1 minute\" \/>\n<script type=\"application\/ld+json\" class=\"yoast-schema-graph\">{\"@context\":\"https:\\\/\\\/schema.org\",\"@graph\":[{\"@type\":\"WebPage\",\"@id\":\"https:\\\/\\\/www.tcsl.fr\\\/index.php\\\/eden\\\/\",\"url\":\"https:\\\/\\\/www.tcsl.fr\\\/index.php\\\/eden\\\/\",\"name\":\"EDEN - TCSL\",\"isPartOf\":{\"@id\":\"https:\\\/\\\/www.tcsl.fr\\\/#website\"},\"datePublished\":\"2022-07-02T06:49:13+00:00\",\"dateModified\":\"2024-06-06T06:09:15+00:00\",\"breadcrumb\":{\"@id\":\"https:\\\/\\\/www.tcsl.fr\\\/index.php\\\/eden\\\/#breadcrumb\"},\"inLanguage\":\"fr-FR\",\"potentialAction\":[{\"@type\":\"ReadAction\",\"target\":[\"https:\\\/\\\/www.tcsl.fr\\\/index.php\\\/eden\\\/\"]}]},{\"@type\":\"BreadcrumbList\",\"@id\":\"https:\\\/\\\/www.tcsl.fr\\\/index.php\\\/eden\\\/#breadcrumb\",\"itemListElement\":[{\"@type\":\"ListItem\",\"position\":1,\"name\":\"Accueil\",\"item\":\"https:\\\/\\\/www.tcsl.fr\\\/\"},{\"@type\":\"ListItem\",\"position\":2,\"name\":\"EDEN\"}]},{\"@type\":\"WebSite\",\"@id\":\"https:\\\/\\\/www.tcsl.fr\\\/#website\",\"url\":\"https:\\\/\\\/www.tcsl.fr\\\/\",\"name\":\"TCSL\",\"description\":\"Le site du Tir Club Stade Laurentin\",\"publisher\":{\"@id\":\"https:\\\/\\\/www.tcsl.fr\\\/#organization\"},\"potentialAction\":[{\"@type\":\"SearchAction\",\"target\":{\"@type\":\"EntryPoint\",\"urlTemplate\":\"https:\\\/\\\/www.tcsl.fr\\\/?s={search_term_string}\"},\"query-input\":{\"@type\":\"PropertyValueSpecification\",\"valueRequired\":true,\"valueName\":\"search_term_string\"}}],\"inLanguage\":\"fr-FR\"},{\"@type\":\"Organization\",\"@id\":\"https:\\\/\\\/www.tcsl.fr\\\/#organization\",\"name\":\"TCSL\",\"url\":\"https:\\\/\\\/www.tcsl.fr\\\/\",\"logo\":{\"@type\":\"ImageObject\",\"inLanguage\":\"fr-FR\",\"@id\":\"https:\\\/\\\/www.tcsl.fr\\\/#\\\/schema\\\/logo\\\/image\\\/\",\"url\":\"https:\\\/\\\/www.tcsl.fr\\\/wp-content\\\/uploads\\\/2024\\\/10\\\/cropped-cropped-cropped-cropped-cropped-logo-lettrage-degrade-rouge-et-blanc-fond-bleu-300x123-1.jpg\",\"contentUrl\":\"https:\\\/\\\/www.tcsl.fr\\\/wp-content\\\/uploads\\\/2024\\\/10\\\/cropped-cropped-cropped-cropped-cropped-logo-lettrage-degrade-rouge-et-blanc-fond-bleu-300x123-1.jpg\",\"width\":240,\"height\":98,\"caption\":\"TCSL\"},\"image\":{\"@id\":\"https:\\\/\\\/www.tcsl.fr\\\/#\\\/schema\\\/logo\\\/image\\\/\"}}]}<\/script>\n<!-- \/ Yoast SEO plugin. -->","yoast_head_json":{"title":"EDEN - TCSL","robots":{"index":"index","follow":"follow","max-snippet":"max-snippet:-1","max-image-preview":"max-image-preview:large","max-video-preview":"max-video-preview:-1"},"canonical":"https:\/\/www.tcsl.fr\/index.php\/eden\/","og_locale":"fr_FR","og_type":"article","og_title":"EDEN - TCSL","og_description":"Le site EDEN est accessible. &nbsp; Toute la documentation est ICI &nbsp; Le site EDEN est ICI Vous devez vous y connecter et v\u00e9rifier vos informations personnelles. &nbsp; Mettez \u00e0 jour :&nbsp; Votre num\u00e9ro de t\u00e9l\u00e9phoneVotre adresseVotre mailVotre certificat m\u00e9dical 2022\/2023 sinon pas de validation de la licence par le clubVotre photo pour pouvoir r\u00e9cup\u00e9rer [&hellip;]","og_url":"https:\/\/www.tcsl.fr\/index.php\/eden\/","og_site_name":"TCSL","article_modified_time":"2024-06-06T06:09:15+00:00","twitter_card":"summary_large_image","twitter_misc":{"Dur\u00e9e de lecture estim\u00e9e":"1 minute"},"schema":{"@context":"https:\/\/schema.org","@graph":[{"@type":"WebPage","@id":"https:\/\/www.tcsl.fr\/index.php\/eden\/","url":"https:\/\/www.tcsl.fr\/index.php\/eden\/","name":"EDEN - TCSL","isPartOf":{"@id":"https:\/\/www.tcsl.fr\/#website"},"datePublished":"2022-07-02T06:49:13+00:00","dateModified":"2024-06-06T06:09:15+00:00","breadcrumb":{"@id":"https:\/\/www.tcsl.fr\/index.php\/eden\/#breadcrumb"},"inLanguage":"fr-FR","potentialAction":[{"@type":"ReadAction","target":["https:\/\/www.tcsl.fr\/index.php\/eden\/"]}]},{"@type":"BreadcrumbList","@id":"https:\/\/www.tcsl.fr\/index.php\/eden\/#breadcrumb","itemListElement":[{"@type":"ListItem","position":1,"name":"Accueil","item":"https:\/\/www.tcsl.fr\/"},{"@type":"ListItem","position":2,"name":"EDEN"}]},{"@type":"WebSite","@id":"https:\/\/www.tcsl.fr\/#website","url":"https:\/\/www.tcsl.fr\/","name":"TCSL","description":"Le site du Tir Club Stade Laurentin","publisher":{"@id":"https:\/\/www.tcsl.fr\/#organization"},"potentialAction":[{"@type":"SearchAction","target":{"@type":"EntryPoint","urlTemplate":"https:\/\/www.tcsl.fr\/?s={search_term_string}"},"query-input":{"@type":"PropertyValueSpecification","valueRequired":true,"valueName":"search_term_string"}}],"inLanguage":"fr-FR"},{"@type":"Organization","@id":"https:\/\/www.tcsl.fr\/#organization","name":"TCSL","url":"https:\/\/www.tcsl.fr\/","logo":{"@type":"ImageObject","inLanguage":"fr-FR","@id":"https:\/\/www.tcsl.fr\/#\/schema\/logo\/image\/","url":"https:\/\/www.tcsl.fr\/wp-content\/uploads\/2024\/10\/cropped-cropped-cropped-cropped-cropped-logo-lettrage-degrade-rouge-et-blanc-fond-bleu-300x123-1.jpg","contentUrl":"https:\/\/www.tcsl.fr\/wp-content\/uploads\/2024\/10\/cropped-cropped-cropped-cropped-cropped-logo-lettrage-degrade-rouge-et-blanc-fond-bleu-300x123-1.jpg","width":240,"height":98,"caption":"TCSL"},"image":{"@id":"https:\/\/www.tcsl.fr\/#\/schema\/logo\/image\/"}}]}},"_links":{"self":[{"href":"https:\/\/www.tcsl.fr\/index.php\/wp-json\/wp\/v2\/pages\/6897","targetHints":{"allow":["GET"]}}],"collection":[{"href":"https:\/\/www.tcsl.fr\/index.php\/wp-json\/wp\/v2\/pages"}],"about":[{"href":"https:\/\/www.tcsl.fr\/index.php\/wp-json\/wp\/v2\/types\/page"}],"author":[{"embeddable":true,"href":"https:\/\/www.tcsl.fr\/index.php\/wp-json\/wp\/v2\/users\/1"}],"replies":[{"embeddable":true,"href":"https:\/\/www.tcsl.fr\/index.php\/wp-json\/wp\/v2\/comments?post=6897"}],"version-history":[{"count":8,"href":"https:\/\/www.tcsl.fr\/index.php\/wp-json\/wp\/v2\/pages\/6897\/revisions"}],"predecessor-version":[{"id":7494,"href":"https:\/\/www.tcsl.fr\/index.php\/wp-json\/wp\/v2\/pages\/6897\/revisions\/7494"}],"wp:attachment":[{"href":"https:\/\/www.tcsl.fr\/index.php\/wp-json\/wp\/v2\/media?parent=6897"}],"curies":[{"name":"wp","href":"https:\/\/api.w.org\/{rel}","templated":true}]}}