{"id":869,"date":"2016-10-04T11:49:14","date_gmt":"2016-10-04T09:49:14","guid":{"rendered":"http:\/\/www.tcsl.fr\/?page_id=869"},"modified":"2016-10-04T16:45:08","modified_gmt":"2016-10-04T14:45:08","slug":"la-poudre-noire","status":"publish","type":"page","link":"https:\/\/www.tcsl.fr\/index.php\/les-installations\/la-poudre-noire\/","title":{"rendered":"La Poudre Noire"},"content":{"rendered":"<p>&nbsp;<\/p>\n<p style=\"text-align: center;\"><a href=\"http:\/\/www.tcsl.fr\/wp-content\/uploads\/2016\/10\/PN-Cibles.jpg\" target=\"_blank\"><img loading=\"lazy\" decoding=\"async\" class=\"wp-image-814 size-large aligncenter\" src=\"http:\/\/www.tcsl.fr\/wp-content\/uploads\/2016\/10\/PN-Cibles-1024x681.jpg\" alt=\"pn-cibles\" width=\"640\" height=\"426\" srcset=\"https:\/\/www.tcsl.fr\/wp-content\/uploads\/2016\/10\/PN-Cibles-1024x681.jpg 1024w, https:\/\/www.tcsl.fr\/wp-content\/uploads\/2016\/10\/PN-Cibles-300x200.jpg 300w, https:\/\/www.tcsl.fr\/wp-content\/uploads\/2016\/10\/PN-Cibles-768x511.jpg 768w, https:\/\/www.tcsl.fr\/wp-content\/uploads\/2016\/10\/PN-Cibles.jpg 1623w\" sizes=\"auto, (max-width: 640px) 100vw, 640px\" \/><\/a>Le pas-de-tir 25 m Poudre Noire est \u00e9quip\u00e9 de 9 postes avec mise en place des cibles \u00e0 pieds.<\/p>\n<p style=\"text-align: center;\"><a href=\"http:\/\/www.tcsl.fr\/wp-content\/uploads\/2016\/10\/PN-Postes-de-tir.jpg\" target=\"_blank\"><img loading=\"lazy\" decoding=\"async\" class=\"aligncenter wp-image-819 size-large\" src=\"http:\/\/www.tcsl.fr\/wp-content\/uploads\/2016\/10\/PN-Postes-de-tir-1024x681.jpg\" alt=\"pn-postes-de-tir\" width=\"640\" height=\"426\" srcset=\"https:\/\/www.tcsl.fr\/wp-content\/uploads\/2016\/10\/PN-Postes-de-tir-1024x681.jpg 1024w, https:\/\/www.tcsl.fr\/wp-content\/uploads\/2016\/10\/PN-Postes-de-tir-300x200.jpg 300w, https:\/\/www.tcsl.fr\/wp-content\/uploads\/2016\/10\/PN-Postes-de-tir-768x511.jpg 768w, https:\/\/www.tcsl.fr\/wp-content\/uploads\/2016\/10\/PN-Postes-de-tir.jpg 1623w\" sizes=\"auto, (max-width: 640px) 100vw, 640px\" \/><\/a><\/p>\n<p style=\"text-align: center;\"><a href=\"http:\/\/www.tcsl.fr\/wp-content\/uploads\/2016\/10\/PN-nettoyage-2.jpg\" target=\"_blank\"><img loading=\"lazy\" decoding=\"async\" class=\"wp-image-818 size-large aligncenter\" src=\"http:\/\/www.tcsl.fr\/wp-content\/uploads\/2016\/10\/PN-nettoyage-2-1024x681.jpg\" alt=\"pn-nettoyage-2\" width=\"640\" height=\"426\" srcset=\"https:\/\/www.tcsl.fr\/wp-content\/uploads\/2016\/10\/PN-nettoyage-2-1024x681.jpg 1024w, https:\/\/www.tcsl.fr\/wp-content\/uploads\/2016\/10\/PN-nettoyage-2-300x200.jpg 300w, https:\/\/www.tcsl.fr\/wp-content\/uploads\/2016\/10\/PN-nettoyage-2-768x511.jpg 768w, https:\/\/www.tcsl.fr\/wp-content\/uploads\/2016\/10\/PN-nettoyage-2.jpg 1623w\" sizes=\"auto, (max-width: 640px) 100vw, 640px\" \/><\/a>Le stand Poudre Noire met \u00e0 votre disposition une pi\u00e8ce pour nettoyer vos armes comprenant deux \u00e9viers avec eau chaude et un compresseur permettant le s\u00e9chage des armes<\/p>\n<p>&nbsp;<\/p>\n<p><a href=\"http:\/\/www.tcsl.fr\/wp-content\/uploads\/2016\/10\/PN-Gongs-1.jpg\" target=\"_blank\"><img loading=\"lazy\" decoding=\"async\" class=\"aligncenter wp-image-815 size-large\" src=\"http:\/\/www.tcsl.fr\/wp-content\/uploads\/2016\/10\/PN-Gongs-1-1024x681.jpg\" alt=\"pn-gongs-1\" width=\"640\" height=\"426\" srcset=\"https:\/\/www.tcsl.fr\/wp-content\/uploads\/2016\/10\/PN-Gongs-1-1024x681.jpg 1024w, https:\/\/www.tcsl.fr\/wp-content\/uploads\/2016\/10\/PN-Gongs-1-300x200.jpg 300w, https:\/\/www.tcsl.fr\/wp-content\/uploads\/2016\/10\/PN-Gongs-1-768x511.jpg 768w, https:\/\/www.tcsl.fr\/wp-content\/uploads\/2016\/10\/PN-Gongs-1.jpg 1623w\" sizes=\"auto, (max-width: 640px) 100vw, 640px\" \/><\/a><\/p>\n<p style=\"text-align: center;\"><span style=\"color: #ff0000;\"><b>Le stand Poudre Noire dispose \u00e9galement d\u2019une ciblerie de 5 gongs basculants dont l\u2019usage est r\u00e9serv\u00e9 uniquement \u00e0 l\u2019entra\u00eenement des Comp\u00e9titeurs T.A.R. en pr\u00e9sence d\u2019un Responsable (BFE1, Entra\u00eeneur)<\/b><b><br \/>\n<\/b><\/span><\/p>\n<p><a href=\"http:\/\/www.tcsl.fr\/wp-content\/uploads\/2016\/10\/PN-Gongs-2.jpg\" target=\"_blank\"><img loading=\"lazy\" decoding=\"async\" class=\"aligncenter wp-image-816 size-large\" src=\"http:\/\/www.tcsl.fr\/wp-content\/uploads\/2016\/10\/PN-Gongs-2-1024x681.jpg\" alt=\"pn-gongs-2\" width=\"640\" height=\"426\" srcset=\"https:\/\/www.tcsl.fr\/wp-content\/uploads\/2016\/10\/PN-Gongs-2-1024x681.jpg 1024w, https:\/\/www.tcsl.fr\/wp-content\/uploads\/2016\/10\/PN-Gongs-2-300x200.jpg 300w, https:\/\/www.tcsl.fr\/wp-content\/uploads\/2016\/10\/PN-Gongs-2-768x511.jpg 768w, https:\/\/www.tcsl.fr\/wp-content\/uploads\/2016\/10\/PN-Gongs-2.jpg 1623w\" sizes=\"auto, (max-width: 640px) 100vw, 640px\" \/><\/a><\/p>\n","protected":false},"excerpt":{"rendered":"<p>&nbsp; Le pas-de-tir 25 m Poudre Noire est \u00e9quip\u00e9 de 9 postes avec mise en place des cibles \u00e0 pieds. Le stand Poudre Noire met \u00e0 votre disposition une pi\u00e8ce pour nettoyer vos armes comprenant deux \u00e9viers avec eau chaude et un compresseur permettant le s\u00e9chage des armes &nbsp; Le stand Poudre Noire dispose \u00e9galement [&hellip;]<\/p>\n","protected":false},"author":1,"featured_media":0,"parent":859,"menu_order":0,"comment_status":"closed","ping_status":"closed","template":"","meta":{"footnotes":""},"class_list":["post-869","page","type-page","status-publish","hentry"],"yoast_head":"<!-- This site is optimized with the Yoast SEO plugin v27.4 - https:\/\/yoast.com\/product\/yoast-seo-wordpress\/ -->\n<title>La Poudre Noire - TCSL<\/title>\n<meta name=\"robots\" content=\"index, follow, max-snippet:-1, max-image-preview:large, max-video-preview:-1\" \/>\n<link rel=\"canonical\" href=\"http:\/\/www.tcsl.fr\/index.php\/les-installations\/la-poudre-noire\/\" \/>\n<meta property=\"og:locale\" content=\"fr_FR\" \/>\n<meta property=\"og:type\" content=\"article\" \/>\n<meta property=\"og:title\" content=\"La Poudre Noire - TCSL\" \/>\n<meta property=\"og:description\" content=\"&nbsp; Le pas-de-tir 25 m Poudre Noire est \u00e9quip\u00e9 de 9 postes avec mise en place des cibles \u00e0 pieds. Le stand Poudre Noire met \u00e0 votre disposition une pi\u00e8ce pour nettoyer vos armes comprenant deux \u00e9viers avec eau chaude et un compresseur permettant le s\u00e9chage des armes &nbsp; Le stand Poudre Noire dispose \u00e9galement [&hellip;]\" \/>\n<meta property=\"og:url\" content=\"http:\/\/www.tcsl.fr\/index.php\/les-installations\/la-poudre-noire\/\" \/>\n<meta property=\"og:site_name\" content=\"TCSL\" \/>\n<meta property=\"article:modified_time\" content=\"2016-10-04T14:45:08+00:00\" \/>\n<meta property=\"og:image\" content=\"http:\/\/www.tcsl.fr\/wp-content\/uploads\/2016\/10\/PN-Cibles-1024x681.jpg\" \/>\n<meta name=\"twitter:card\" content=\"summary_large_image\" \/>\n<script type=\"application\/ld+json\" class=\"yoast-schema-graph\">{\"@context\":\"https:\\\/\\\/schema.org\",\"@graph\":[{\"@type\":\"WebPage\",\"@id\":\"http:\\\/\\\/www.tcsl.fr\\\/index.php\\\/les-installations\\\/la-poudre-noire\\\/\",\"url\":\"http:\\\/\\\/www.tcsl.fr\\\/index.php\\\/les-installations\\\/la-poudre-noire\\\/\",\"name\":\"La Poudre Noire - TCSL\",\"isPartOf\":{\"@id\":\"https:\\\/\\\/www.tcsl.fr\\\/#website\"},\"primaryImageOfPage\":{\"@id\":\"http:\\\/\\\/www.tcsl.fr\\\/index.php\\\/les-installations\\\/la-poudre-noire\\\/#primaryimage\"},\"image\":{\"@id\":\"http:\\\/\\\/www.tcsl.fr\\\/index.php\\\/les-installations\\\/la-poudre-noire\\\/#primaryimage\"},\"thumbnailUrl\":\"http:\\\/\\\/www.tcsl.fr\\\/wp-content\\\/uploads\\\/2016\\\/10\\\/PN-Cibles-1024x681.jpg\",\"datePublished\":\"2016-10-04T09:49:14+00:00\",\"dateModified\":\"2016-10-04T14:45:08+00:00\",\"breadcrumb\":{\"@id\":\"http:\\\/\\\/www.tcsl.fr\\\/index.php\\\/les-installations\\\/la-poudre-noire\\\/#breadcrumb\"},\"inLanguage\":\"fr-FR\",\"potentialAction\":[{\"@type\":\"ReadAction\",\"target\":[\"http:\\\/\\\/www.tcsl.fr\\\/index.php\\\/les-installations\\\/la-poudre-noire\\\/\"]}]},{\"@type\":\"ImageObject\",\"inLanguage\":\"fr-FR\",\"@id\":\"http:\\\/\\\/www.tcsl.fr\\\/index.php\\\/les-installations\\\/la-poudre-noire\\\/#primaryimage\",\"url\":\"https:\\\/\\\/www.tcsl.fr\\\/wp-content\\\/uploads\\\/2016\\\/10\\\/PN-Cibles.jpg\",\"contentUrl\":\"https:\\\/\\\/www.tcsl.fr\\\/wp-content\\\/uploads\\\/2016\\\/10\\\/PN-Cibles.jpg\",\"width\":1623,\"height\":1080},{\"@type\":\"BreadcrumbList\",\"@id\":\"http:\\\/\\\/www.tcsl.fr\\\/index.php\\\/les-installations\\\/la-poudre-noire\\\/#breadcrumb\",\"itemListElement\":[{\"@type\":\"ListItem\",\"position\":1,\"name\":\"Accueil\",\"item\":\"https:\\\/\\\/www.tcsl.fr\\\/\"},{\"@type\":\"ListItem\",\"position\":2,\"name\":\"Les Installations\",\"item\":\"http:\\\/\\\/www.tcsl.fr\\\/index.php\\\/les-installations\\\/\"},{\"@type\":\"ListItem\",\"position\":3,\"name\":\"La Poudre Noire\"}]},{\"@type\":\"WebSite\",\"@id\":\"https:\\\/\\\/www.tcsl.fr\\\/#website\",\"url\":\"https:\\\/\\\/www.tcsl.fr\\\/\",\"name\":\"TCSL\",\"description\":\"Le site du Tir Club Stade Laurentin\",\"publisher\":{\"@id\":\"https:\\\/\\\/www.tcsl.fr\\\/#organization\"},\"potentialAction\":[{\"@type\":\"SearchAction\",\"target\":{\"@type\":\"EntryPoint\",\"urlTemplate\":\"https:\\\/\\\/www.tcsl.fr\\\/?s={search_term_string}\"},\"query-input\":{\"@type\":\"PropertyValueSpecification\",\"valueRequired\":true,\"valueName\":\"search_term_string\"}}],\"inLanguage\":\"fr-FR\"},{\"@type\":\"Organization\",\"@id\":\"https:\\\/\\\/www.tcsl.fr\\\/#organization\",\"name\":\"TCSL\",\"url\":\"https:\\\/\\\/www.tcsl.fr\\\/\",\"logo\":{\"@type\":\"ImageObject\",\"inLanguage\":\"fr-FR\",\"@id\":\"https:\\\/\\\/www.tcsl.fr\\\/#\\\/schema\\\/logo\\\/image\\\/\",\"url\":\"https:\\\/\\\/www.tcsl.fr\\\/wp-content\\\/uploads\\\/2024\\\/10\\\/cropped-cropped-cropped-cropped-cropped-logo-lettrage-degrade-rouge-et-blanc-fond-bleu-300x123-1.jpg\",\"contentUrl\":\"https:\\\/\\\/www.tcsl.fr\\\/wp-content\\\/uploads\\\/2024\\\/10\\\/cropped-cropped-cropped-cropped-cropped-logo-lettrage-degrade-rouge-et-blanc-fond-bleu-300x123-1.jpg\",\"width\":240,\"height\":98,\"caption\":\"TCSL\"},\"image\":{\"@id\":\"https:\\\/\\\/www.tcsl.fr\\\/#\\\/schema\\\/logo\\\/image\\\/\"}}]}<\/script>\n<!-- \/ Yoast SEO plugin. -->","yoast_head_json":{"title":"La Poudre Noire - TCSL","robots":{"index":"index","follow":"follow","max-snippet":"max-snippet:-1","max-image-preview":"max-image-preview:large","max-video-preview":"max-video-preview:-1"},"canonical":"http:\/\/www.tcsl.fr\/index.php\/les-installations\/la-poudre-noire\/","og_locale":"fr_FR","og_type":"article","og_title":"La Poudre Noire - TCSL","og_description":"&nbsp; Le pas-de-tir 25 m Poudre Noire est \u00e9quip\u00e9 de 9 postes avec mise en place des cibles \u00e0 pieds. Le stand Poudre Noire met \u00e0 votre disposition une pi\u00e8ce pour nettoyer vos armes comprenant deux \u00e9viers avec eau chaude et un compresseur permettant le s\u00e9chage des armes &nbsp; Le stand Poudre Noire dispose \u00e9galement [&hellip;]","og_url":"http:\/\/www.tcsl.fr\/index.php\/les-installations\/la-poudre-noire\/","og_site_name":"TCSL","article_modified_time":"2016-10-04T14:45:08+00:00","og_image":[{"url":"http:\/\/www.tcsl.fr\/wp-content\/uploads\/2016\/10\/PN-Cibles-1024x681.jpg","type":"","width":"","height":""}],"twitter_card":"summary_large_image","schema":{"@context":"https:\/\/schema.org","@graph":[{"@type":"WebPage","@id":"http:\/\/www.tcsl.fr\/index.php\/les-installations\/la-poudre-noire\/","url":"http:\/\/www.tcsl.fr\/index.php\/les-installations\/la-poudre-noire\/","name":"La Poudre Noire - TCSL","isPartOf":{"@id":"https:\/\/www.tcsl.fr\/#website"},"primaryImageOfPage":{"@id":"http:\/\/www.tcsl.fr\/index.php\/les-installations\/la-poudre-noire\/#primaryimage"},"image":{"@id":"http:\/\/www.tcsl.fr\/index.php\/les-installations\/la-poudre-noire\/#primaryimage"},"thumbnailUrl":"http:\/\/www.tcsl.fr\/wp-content\/uploads\/2016\/10\/PN-Cibles-1024x681.jpg","datePublished":"2016-10-04T09:49:14+00:00","dateModified":"2016-10-04T14:45:08+00:00","breadcrumb":{"@id":"http:\/\/www.tcsl.fr\/index.php\/les-installations\/la-poudre-noire\/#breadcrumb"},"inLanguage":"fr-FR","potentialAction":[{"@type":"ReadAction","target":["http:\/\/www.tcsl.fr\/index.php\/les-installations\/la-poudre-noire\/"]}]},{"@type":"ImageObject","inLanguage":"fr-FR","@id":"http:\/\/www.tcsl.fr\/index.php\/les-installations\/la-poudre-noire\/#primaryimage","url":"https:\/\/www.tcsl.fr\/wp-content\/uploads\/2016\/10\/PN-Cibles.jpg","contentUrl":"https:\/\/www.tcsl.fr\/wp-content\/uploads\/2016\/10\/PN-Cibles.jpg","width":1623,"height":1080},{"@type":"BreadcrumbList","@id":"http:\/\/www.tcsl.fr\/index.php\/les-installations\/la-poudre-noire\/#breadcrumb","itemListElement":[{"@type":"ListItem","position":1,"name":"Accueil","item":"https:\/\/www.tcsl.fr\/"},{"@type":"ListItem","position":2,"name":"Les Installations","item":"http:\/\/www.tcsl.fr\/index.php\/les-installations\/"},{"@type":"ListItem","position":3,"name":"La Poudre Noire"}]},{"@type":"WebSite","@id":"https:\/\/www.tcsl.fr\/#website","url":"https:\/\/www.tcsl.fr\/","name":"TCSL","description":"Le site du Tir Club Stade Laurentin","publisher":{"@id":"https:\/\/www.tcsl.fr\/#organization"},"potentialAction":[{"@type":"SearchAction","target":{"@type":"EntryPoint","urlTemplate":"https:\/\/www.tcsl.fr\/?s={search_term_string}"},"query-input":{"@type":"PropertyValueSpecification","valueRequired":true,"valueName":"search_term_string"}}],"inLanguage":"fr-FR"},{"@type":"Organization","@id":"https:\/\/www.tcsl.fr\/#organization","name":"TCSL","url":"https:\/\/www.tcsl.fr\/","logo":{"@type":"ImageObject","inLanguage":"fr-FR","@id":"https:\/\/www.tcsl.fr\/#\/schema\/logo\/image\/","url":"https:\/\/www.tcsl.fr\/wp-content\/uploads\/2024\/10\/cropped-cropped-cropped-cropped-cropped-logo-lettrage-degrade-rouge-et-blanc-fond-bleu-300x123-1.jpg","contentUrl":"https:\/\/www.tcsl.fr\/wp-content\/uploads\/2024\/10\/cropped-cropped-cropped-cropped-cropped-logo-lettrage-degrade-rouge-et-blanc-fond-bleu-300x123-1.jpg","width":240,"height":98,"caption":"TCSL"},"image":{"@id":"https:\/\/www.tcsl.fr\/#\/schema\/logo\/image\/"}}]}},"_links":{"self":[{"href":"https:\/\/www.tcsl.fr\/index.php\/wp-json\/wp\/v2\/pages\/869","targetHints":{"allow":["GET"]}}],"collection":[{"href":"https:\/\/www.tcsl.fr\/index.php\/wp-json\/wp\/v2\/pages"}],"about":[{"href":"https:\/\/www.tcsl.fr\/index.php\/wp-json\/wp\/v2\/types\/page"}],"author":[{"embeddable":true,"href":"https:\/\/www.tcsl.fr\/index.php\/wp-json\/wp\/v2\/users\/1"}],"replies":[{"embeddable":true,"href":"https:\/\/www.tcsl.fr\/index.php\/wp-json\/wp\/v2\/comments?post=869"}],"version-history":[{"count":4,"href":"https:\/\/www.tcsl.fr\/index.php\/wp-json\/wp\/v2\/pages\/869\/revisions"}],"predecessor-version":[{"id":916,"href":"https:\/\/www.tcsl.fr\/index.php\/wp-json\/wp\/v2\/pages\/869\/revisions\/916"}],"up":[{"embeddable":true,"href":"https:\/\/www.tcsl.fr\/index.php\/wp-json\/wp\/v2\/pages\/859"}],"wp:attachment":[{"href":"https:\/\/www.tcsl.fr\/index.php\/wp-json\/wp\/v2\/media?parent=869"}],"curies":[{"name":"wp","href":"https:\/\/api.w.org\/{rel}","templated":true}]}}