{"id":871,"date":"2016-10-04T11:49:31","date_gmt":"2016-10-04T09:49:31","guid":{"rendered":"http:\/\/www.tcsl.fr\/?page_id=871"},"modified":"2016-10-04T16:45:08","modified_gmt":"2016-10-04T14:45:08","slug":"le-sanglier-courant","status":"publish","type":"page","link":"https:\/\/www.tcsl.fr\/index.php\/les-installations\/le-sanglier-courant\/","title":{"rendered":"Le Sanglier Courant"},"content":{"rendered":"<p>&nbsp;<\/p>\n<p style=\"text-align: center;\"><a href=\"http:\/\/www.tcsl.fr\/wp-content\/uploads\/2016\/10\/Sanglier-courant-3.jpg\" target=\"_blank\"><img loading=\"lazy\" decoding=\"async\" class=\"aligncenter wp-image-822 size-large\" src=\"http:\/\/www.tcsl.fr\/wp-content\/uploads\/2016\/10\/Sanglier-courant-3-1024x681.jpg\" alt=\"sanglier-courant-3\" width=\"640\" height=\"426\" srcset=\"https:\/\/www.tcsl.fr\/wp-content\/uploads\/2016\/10\/Sanglier-courant-3-1024x681.jpg 1024w, https:\/\/www.tcsl.fr\/wp-content\/uploads\/2016\/10\/Sanglier-courant-3-300x200.jpg 300w, https:\/\/www.tcsl.fr\/wp-content\/uploads\/2016\/10\/Sanglier-courant-3-768x511.jpg 768w, https:\/\/www.tcsl.fr\/wp-content\/uploads\/2016\/10\/Sanglier-courant-3.jpg 1623w\" sizes=\"auto, (max-width: 640px) 100vw, 640px\" \/><\/a><span style=\"color: #ff0000;\"><strong>R\u00e9serv\u00e9 uniquement aux adh\u00e9rents du TCSL<\/strong><\/span><\/p>\n<p style=\"text-align: center;\">\n<p style=\"text-align: center;\"><a href=\"http:\/\/www.tcsl.fr\/wp-content\/uploads\/2016\/10\/Sanglier-courant-2.jpg\" target=\"_blank\"><img loading=\"lazy\" decoding=\"async\" class=\"aligncenter wp-image-821 size-large\" src=\"http:\/\/www.tcsl.fr\/wp-content\/uploads\/2016\/10\/Sanglier-courant-2-1024x681.jpg\" alt=\"sanglier-courant-2\" width=\"640\" height=\"426\" srcset=\"https:\/\/www.tcsl.fr\/wp-content\/uploads\/2016\/10\/Sanglier-courant-2-1024x681.jpg 1024w, https:\/\/www.tcsl.fr\/wp-content\/uploads\/2016\/10\/Sanglier-courant-2-300x200.jpg 300w, https:\/\/www.tcsl.fr\/wp-content\/uploads\/2016\/10\/Sanglier-courant-2-768x511.jpg 768w, https:\/\/www.tcsl.fr\/wp-content\/uploads\/2016\/10\/Sanglier-courant-2.jpg 1623w\" sizes=\"auto, (max-width: 640px) 100vw, 640px\" \/><\/a><\/p>\n<p style=\"text-align: center;\"><a href=\"http:\/\/www.tcsl.fr\/wp-content\/uploads\/2016\/10\/Sanglier-Courant-1.jpg\" target=\"_blank\"><img loading=\"lazy\" decoding=\"async\" class=\"aligncenter wp-image-820 size-large\" src=\"http:\/\/www.tcsl.fr\/wp-content\/uploads\/2016\/10\/Sanglier-Courant-1-1024x681.jpg\" alt=\"sanglier-courant-1\" width=\"640\" height=\"426\" srcset=\"https:\/\/www.tcsl.fr\/wp-content\/uploads\/2016\/10\/Sanglier-Courant-1-1024x681.jpg 1024w, https:\/\/www.tcsl.fr\/wp-content\/uploads\/2016\/10\/Sanglier-Courant-1-300x200.jpg 300w, https:\/\/www.tcsl.fr\/wp-content\/uploads\/2016\/10\/Sanglier-Courant-1-768x511.jpg 768w, https:\/\/www.tcsl.fr\/wp-content\/uploads\/2016\/10\/Sanglier-Courant-1.jpg 1623w\" sizes=\"auto, (max-width: 640px) 100vw, 640px\" \/><\/a><\/p>\n","protected":false},"excerpt":{"rendered":"<p>&nbsp; R\u00e9serv\u00e9 uniquement aux adh\u00e9rents du TCSL<\/p>\n","protected":false},"author":1,"featured_media":0,"parent":859,"menu_order":0,"comment_status":"closed","ping_status":"closed","template":"","meta":{"footnotes":""},"class_list":["post-871","page","type-page","status-publish","hentry"],"yoast_head":"<!-- This site is optimized with the Yoast SEO plugin v27.5 - https:\/\/yoast.com\/product\/yoast-seo-wordpress\/ -->\n<title>Le Sanglier Courant - TCSL<\/title>\n<meta name=\"robots\" content=\"index, follow, max-snippet:-1, max-image-preview:large, max-video-preview:-1\" \/>\n<link rel=\"canonical\" href=\"https:\/\/www.tcsl.fr\/index.php\/les-installations\/le-sanglier-courant\/\" \/>\n<meta property=\"og:locale\" content=\"fr_FR\" \/>\n<meta property=\"og:type\" content=\"article\" \/>\n<meta property=\"og:title\" content=\"Le Sanglier Courant - TCSL\" \/>\n<meta property=\"og:description\" content=\"&nbsp; R\u00e9serv\u00e9 uniquement aux adh\u00e9rents du TCSL\" \/>\n<meta property=\"og:url\" content=\"https:\/\/www.tcsl.fr\/index.php\/les-installations\/le-sanglier-courant\/\" \/>\n<meta property=\"og:site_name\" content=\"TCSL\" \/>\n<meta property=\"article:modified_time\" content=\"2016-10-04T14:45:08+00:00\" \/>\n<meta property=\"og:image\" content=\"http:\/\/www.tcsl.fr\/wp-content\/uploads\/2016\/10\/Sanglier-courant-3-1024x681.jpg\" \/>\n<meta name=\"twitter:card\" content=\"summary_large_image\" \/>\n<script type=\"application\/ld+json\" class=\"yoast-schema-graph\">{\"@context\":\"https:\\\/\\\/schema.org\",\"@graph\":[{\"@type\":\"WebPage\",\"@id\":\"https:\\\/\\\/www.tcsl.fr\\\/index.php\\\/les-installations\\\/le-sanglier-courant\\\/\",\"url\":\"https:\\\/\\\/www.tcsl.fr\\\/index.php\\\/les-installations\\\/le-sanglier-courant\\\/\",\"name\":\"Le Sanglier Courant - TCSL\",\"isPartOf\":{\"@id\":\"https:\\\/\\\/www.tcsl.fr\\\/#website\"},\"primaryImageOfPage\":{\"@id\":\"https:\\\/\\\/www.tcsl.fr\\\/index.php\\\/les-installations\\\/le-sanglier-courant\\\/#primaryimage\"},\"image\":{\"@id\":\"https:\\\/\\\/www.tcsl.fr\\\/index.php\\\/les-installations\\\/le-sanglier-courant\\\/#primaryimage\"},\"thumbnailUrl\":\"http:\\\/\\\/www.tcsl.fr\\\/wp-content\\\/uploads\\\/2016\\\/10\\\/Sanglier-courant-3-1024x681.jpg\",\"datePublished\":\"2016-10-04T09:49:31+00:00\",\"dateModified\":\"2016-10-04T14:45:08+00:00\",\"breadcrumb\":{\"@id\":\"https:\\\/\\\/www.tcsl.fr\\\/index.php\\\/les-installations\\\/le-sanglier-courant\\\/#breadcrumb\"},\"inLanguage\":\"fr-FR\",\"potentialAction\":[{\"@type\":\"ReadAction\",\"target\":[\"https:\\\/\\\/www.tcsl.fr\\\/index.php\\\/les-installations\\\/le-sanglier-courant\\\/\"]}]},{\"@type\":\"ImageObject\",\"inLanguage\":\"fr-FR\",\"@id\":\"https:\\\/\\\/www.tcsl.fr\\\/index.php\\\/les-installations\\\/le-sanglier-courant\\\/#primaryimage\",\"url\":\"https:\\\/\\\/www.tcsl.fr\\\/wp-content\\\/uploads\\\/2016\\\/10\\\/Sanglier-courant-3.jpg\",\"contentUrl\":\"https:\\\/\\\/www.tcsl.fr\\\/wp-content\\\/uploads\\\/2016\\\/10\\\/Sanglier-courant-3.jpg\",\"width\":1623,\"height\":1080},{\"@type\":\"BreadcrumbList\",\"@id\":\"https:\\\/\\\/www.tcsl.fr\\\/index.php\\\/les-installations\\\/le-sanglier-courant\\\/#breadcrumb\",\"itemListElement\":[{\"@type\":\"ListItem\",\"position\":1,\"name\":\"Accueil\",\"item\":\"https:\\\/\\\/www.tcsl.fr\\\/\"},{\"@type\":\"ListItem\",\"position\":2,\"name\":\"Les Installations\",\"item\":\"https:\\\/\\\/www.tcsl.fr\\\/index.php\\\/les-installations\\\/\"},{\"@type\":\"ListItem\",\"position\":3,\"name\":\"Le Sanglier Courant\"}]},{\"@type\":\"WebSite\",\"@id\":\"https:\\\/\\\/www.tcsl.fr\\\/#website\",\"url\":\"https:\\\/\\\/www.tcsl.fr\\\/\",\"name\":\"TCSL\",\"description\":\"Le site du Tir Club Stade Laurentin\",\"publisher\":{\"@id\":\"https:\\\/\\\/www.tcsl.fr\\\/#organization\"},\"potentialAction\":[{\"@type\":\"SearchAction\",\"target\":{\"@type\":\"EntryPoint\",\"urlTemplate\":\"https:\\\/\\\/www.tcsl.fr\\\/?s={search_term_string}\"},\"query-input\":{\"@type\":\"PropertyValueSpecification\",\"valueRequired\":true,\"valueName\":\"search_term_string\"}}],\"inLanguage\":\"fr-FR\"},{\"@type\":\"Organization\",\"@id\":\"https:\\\/\\\/www.tcsl.fr\\\/#organization\",\"name\":\"TCSL\",\"url\":\"https:\\\/\\\/www.tcsl.fr\\\/\",\"logo\":{\"@type\":\"ImageObject\",\"inLanguage\":\"fr-FR\",\"@id\":\"https:\\\/\\\/www.tcsl.fr\\\/#\\\/schema\\\/logo\\\/image\\\/\",\"url\":\"https:\\\/\\\/www.tcsl.fr\\\/wp-content\\\/uploads\\\/2024\\\/10\\\/cropped-cropped-cropped-cropped-cropped-logo-lettrage-degrade-rouge-et-blanc-fond-bleu-300x123-1.jpg\",\"contentUrl\":\"https:\\\/\\\/www.tcsl.fr\\\/wp-content\\\/uploads\\\/2024\\\/10\\\/cropped-cropped-cropped-cropped-cropped-logo-lettrage-degrade-rouge-et-blanc-fond-bleu-300x123-1.jpg\",\"width\":240,\"height\":98,\"caption\":\"TCSL\"},\"image\":{\"@id\":\"https:\\\/\\\/www.tcsl.fr\\\/#\\\/schema\\\/logo\\\/image\\\/\"}}]}<\/script>\n<!-- \/ Yoast SEO plugin. -->","yoast_head_json":{"title":"Le Sanglier Courant - TCSL","robots":{"index":"index","follow":"follow","max-snippet":"max-snippet:-1","max-image-preview":"max-image-preview:large","max-video-preview":"max-video-preview:-1"},"canonical":"https:\/\/www.tcsl.fr\/index.php\/les-installations\/le-sanglier-courant\/","og_locale":"fr_FR","og_type":"article","og_title":"Le Sanglier Courant - TCSL","og_description":"&nbsp; R\u00e9serv\u00e9 uniquement aux adh\u00e9rents du TCSL","og_url":"https:\/\/www.tcsl.fr\/index.php\/les-installations\/le-sanglier-courant\/","og_site_name":"TCSL","article_modified_time":"2016-10-04T14:45:08+00:00","og_image":[{"url":"http:\/\/www.tcsl.fr\/wp-content\/uploads\/2016\/10\/Sanglier-courant-3-1024x681.jpg","type":"","width":"","height":""}],"twitter_card":"summary_large_image","schema":{"@context":"https:\/\/schema.org","@graph":[{"@type":"WebPage","@id":"https:\/\/www.tcsl.fr\/index.php\/les-installations\/le-sanglier-courant\/","url":"https:\/\/www.tcsl.fr\/index.php\/les-installations\/le-sanglier-courant\/","name":"Le Sanglier Courant - TCSL","isPartOf":{"@id":"https:\/\/www.tcsl.fr\/#website"},"primaryImageOfPage":{"@id":"https:\/\/www.tcsl.fr\/index.php\/les-installations\/le-sanglier-courant\/#primaryimage"},"image":{"@id":"https:\/\/www.tcsl.fr\/index.php\/les-installations\/le-sanglier-courant\/#primaryimage"},"thumbnailUrl":"http:\/\/www.tcsl.fr\/wp-content\/uploads\/2016\/10\/Sanglier-courant-3-1024x681.jpg","datePublished":"2016-10-04T09:49:31+00:00","dateModified":"2016-10-04T14:45:08+00:00","breadcrumb":{"@id":"https:\/\/www.tcsl.fr\/index.php\/les-installations\/le-sanglier-courant\/#breadcrumb"},"inLanguage":"fr-FR","potentialAction":[{"@type":"ReadAction","target":["https:\/\/www.tcsl.fr\/index.php\/les-installations\/le-sanglier-courant\/"]}]},{"@type":"ImageObject","inLanguage":"fr-FR","@id":"https:\/\/www.tcsl.fr\/index.php\/les-installations\/le-sanglier-courant\/#primaryimage","url":"https:\/\/www.tcsl.fr\/wp-content\/uploads\/2016\/10\/Sanglier-courant-3.jpg","contentUrl":"https:\/\/www.tcsl.fr\/wp-content\/uploads\/2016\/10\/Sanglier-courant-3.jpg","width":1623,"height":1080},{"@type":"BreadcrumbList","@id":"https:\/\/www.tcsl.fr\/index.php\/les-installations\/le-sanglier-courant\/#breadcrumb","itemListElement":[{"@type":"ListItem","position":1,"name":"Accueil","item":"https:\/\/www.tcsl.fr\/"},{"@type":"ListItem","position":2,"name":"Les Installations","item":"https:\/\/www.tcsl.fr\/index.php\/les-installations\/"},{"@type":"ListItem","position":3,"name":"Le Sanglier Courant"}]},{"@type":"WebSite","@id":"https:\/\/www.tcsl.fr\/#website","url":"https:\/\/www.tcsl.fr\/","name":"TCSL","description":"Le site du Tir Club Stade Laurentin","publisher":{"@id":"https:\/\/www.tcsl.fr\/#organization"},"potentialAction":[{"@type":"SearchAction","target":{"@type":"EntryPoint","urlTemplate":"https:\/\/www.tcsl.fr\/?s={search_term_string}"},"query-input":{"@type":"PropertyValueSpecification","valueRequired":true,"valueName":"search_term_string"}}],"inLanguage":"fr-FR"},{"@type":"Organization","@id":"https:\/\/www.tcsl.fr\/#organization","name":"TCSL","url":"https:\/\/www.tcsl.fr\/","logo":{"@type":"ImageObject","inLanguage":"fr-FR","@id":"https:\/\/www.tcsl.fr\/#\/schema\/logo\/image\/","url":"https:\/\/www.tcsl.fr\/wp-content\/uploads\/2024\/10\/cropped-cropped-cropped-cropped-cropped-logo-lettrage-degrade-rouge-et-blanc-fond-bleu-300x123-1.jpg","contentUrl":"https:\/\/www.tcsl.fr\/wp-content\/uploads\/2024\/10\/cropped-cropped-cropped-cropped-cropped-logo-lettrage-degrade-rouge-et-blanc-fond-bleu-300x123-1.jpg","width":240,"height":98,"caption":"TCSL"},"image":{"@id":"https:\/\/www.tcsl.fr\/#\/schema\/logo\/image\/"}}]}},"_links":{"self":[{"href":"https:\/\/www.tcsl.fr\/index.php\/wp-json\/wp\/v2\/pages\/871","targetHints":{"allow":["GET"]}}],"collection":[{"href":"https:\/\/www.tcsl.fr\/index.php\/wp-json\/wp\/v2\/pages"}],"about":[{"href":"https:\/\/www.tcsl.fr\/index.php\/wp-json\/wp\/v2\/types\/page"}],"author":[{"embeddable":true,"href":"https:\/\/www.tcsl.fr\/index.php\/wp-json\/wp\/v2\/users\/1"}],"replies":[{"embeddable":true,"href":"https:\/\/www.tcsl.fr\/index.php\/wp-json\/wp\/v2\/comments?post=871"}],"version-history":[{"count":3,"href":"https:\/\/www.tcsl.fr\/index.php\/wp-json\/wp\/v2\/pages\/871\/revisions"}],"predecessor-version":[{"id":915,"href":"https:\/\/www.tcsl.fr\/index.php\/wp-json\/wp\/v2\/pages\/871\/revisions\/915"}],"up":[{"embeddable":true,"href":"https:\/\/www.tcsl.fr\/index.php\/wp-json\/wp\/v2\/pages\/859"}],"wp:attachment":[{"href":"https:\/\/www.tcsl.fr\/index.php\/wp-json\/wp\/v2\/media?parent=871"}],"curies":[{"name":"wp","href":"https:\/\/api.w.org\/{rel}","templated":true}]}}